{"id":80,"date":"2022-03-23T22:08:49","date_gmt":"2022-03-23T22:08:49","guid":{"rendered":"https:\/\/wordpress.ft.unicamp.br\/magic\/outros-programas-relacionados-7\/"},"modified":"2022-03-23T22:08:49","modified_gmt":"2022-03-23T22:08:49","slug":"outros-programas-relacionados-7","status":"publish","type":"page","link":"https:\/\/wordpress.ft.unicamp.br\/magic\/outros-programas-relacionados-7\/","title":{"rendered":"Outros Programas Relacionados"},"content":{"rendered":"<p>&#013;<\/p>\n<div class=\"NAVHEADER\">&#013;<\/p>\n<table cellspacing=\"0\" cellpadding=\"0\" width=\"100%\" border=\"0\">&#013;<\/p>\n<tbody>&#013;<\/p>\n<tr>&#013;<\/p>\n<th align=\"middle\" colspan=\"3\">Introdu\u00e7\u00e3o \u00e0 computa\u00e7\u00e3o gr\u00e1fica com &#013;<br \/>\nOpenGL<\/th>\n<\/tr>\n<p>&#013;<\/p>\n<tr>&#013;<\/p>\n<td valign=\"bottom\" align=\"left\" width=\"10%\"><a href=\"transformacoes-braco.html\">Prev<\/a><\/td>\n<p>&#013;<\/p>\n<td valign=\"bottom\" align=\"middle\" width=\"80%\">Cap\u00edtulo 4. Transforma\u00e7\u00f5es &#013;<br \/>\n      geom\u00e9tricas <\/td>\n<p>&#013;<\/p>\n<td valign=\"bottom\" align=\"right\" width=\"10%\"><a href=\"transformacoes-exercicios.html\">Next<\/a><\/td>\n<\/tr>\n<\/tbody>\n<\/table>\n<p>&#013;<\/p>\n<hr align=\"left\" width=\"100%\" \/>&#013;\n<\/div>\n<p>&#013;<\/p>\n<div class=\"SECT1\">&#013;<\/p>\n<h1 class=\"SECT1\"><a name=\"PREENCHIMENTO-OUTROS\">4.3. Outros programas &#013;<br \/>\nrelacionados<\/a><\/h1>\n<p>&#013;<\/p>\n<p \/>&#013;<\/p>\n<ol type=\"1\">&#013;<\/p>\n<li>&#013;\n<p><a href=\"planets.c\" target=\"_top\" rel=\"noopener\"><tt class=\"FILENAME\">planets.c<\/tt><\/a>. Desenha um planeta e seu movimento em torno &#013;<br \/>\n  do sol.<\/p>\n<p>&#013;<\/p>\n<div class=\"FIGURE\">&#013;<\/p>\n<p><b><a name=\"FIG-LINES\">Programa <i>planets.c<\/i><\/a><\/b><\/p>\n<p>&#013;<\/p>\n<p><img decoding=\"async\" src=\"planeta.jpg\" \/><\/p>\n<\/div>\n<p>&#013;\n  <\/li>\n<li>&#013;\n<p><a href=\"cubo.c\" target=\"_top\" rel=\"noopener\"><tt class=\"FILENAME\">cubo.c<\/tt><\/a>. Desenha quatro cubos na tela. Rotaciona em 25 &#013;<br \/>\n  graus somente o segundo cubo a ser desenhado.<\/p>\n<p>&#013;<\/p>\n<div class=\"FIGURE\">&#013;<\/p>\n<p><b><a name=\"FIG-PRIM\">Programa <i>cubo.c<\/i><\/a><\/b><\/p>\n<p>&#013;<\/p>\n<p><img decoding=\"async\" src=\"cubo.jpg\" \/><\/p>\n<\/div>\n<p>&#013;\n  <\/li>\n<li>&#013;\n<p><a href=\"objects.c\" target=\"_top\" rel=\"noopener\"><tt class=\"FILENAME\">objects.c<\/tt><\/a>. Desenha um cubo, esfera, &#013;<br \/>\n  torus e um octaedro (flat e wire).<\/p>\n<p>&#013;<\/p>\n<div class=\"FIGURE\">&#013;<\/p>\n<p><b><a name=\"FIG-PRIM\">Programa <i>objects.c<\/i><\/a><\/b><\/p>\n<p>&#013;<\/p>\n<p><img decoding=\"async\" src=\"objects.jpg\" \/><\/p>\n<\/div>\n<\/li>\n<\/ol>\n<\/div>\n<p>&#013;<\/p>\n<div class=\"NAVFOOTER\">&#013;<\/p>\n<hr align=\"left\" width=\"100%\" \/>&#013;<br \/>\n&#013;<\/p>\n<table cellspacing=\"0\" cellpadding=\"0\" width=\"100%\" border=\"0\">&#013;<\/p>\n<tbody>&#013;<\/p>\n<tr>&#013;<\/p>\n<td valign=\"top\" align=\"left\" width=\"33%\"><a href=\"transformacoes-braco.html\">Prev<\/a><\/td>\n<p>&#013;<\/p>\n<td valign=\"top\" align=\"middle\" width=\"34%\"><a href=\"index2006.html\">Home<\/a><\/td>\n<p>&#013;<\/p>\n<td valign=\"top\" align=\"right\" width=\"33%\"><a href=\"transformacoes-exercicios.html\">Next<\/a><\/td>\n<\/tr>\n<p>&#013;<\/p>\n<tr>&#013;<\/p>\n<td valign=\"top\" align=\"left\" width=\"33%\">Transforma\u00e7\u00f5es geom\u00e9tricas &#8211; braco rob\u00f3tico<\/td>\n<p>&#013;<\/p>\n<td valign=\"top\" align=\"middle\" width=\"34%\"><a href=\"transformacoes.html\">Up<\/a><\/td>\n<p>&#013;<\/p>\n<td valign=\"top\" align=\"right\" width=\"33%\">Exerc\u00edcios<\/td>\n<\/tr>\n<\/tbody>\n<\/table>\n<\/div>\n","protected":false},"excerpt":{"rendered":"<p>&#013; &#013; &#013; &#013; &#013; Introdu\u00e7\u00e3o \u00e0 computa\u00e7\u00e3o gr\u00e1fica com &#013; OpenGL &#013; &#013; Prev &#013; Cap\u00edtulo 4. Transforma\u00e7\u00f5es &#013; geom\u00e9tricas &#013; Next &#013; &#013; &#013; &#013; 4.3. Outros programas &#013; relacionados &#013; &#013; &#013; &#013; planets.c. Desenha um planeta e seu movimento em torno &#013; do sol. &#013; &#013; Programa planets.c &#013; &#013; &#013; &hellip; <a href=\"https:\/\/wordpress.ft.unicamp.br\/magic\/outros-programas-relacionados-7\/\" class=\"more-link\">Continuar lendo <span class=\"screen-reader-text\">Outros Programas Relacionados<\/span><\/a><\/p>\n","protected":false},"author":48,"featured_media":0,"parent":0,"menu_order":0,"comment_status":"closed","ping_status":"closed","template":"","meta":{"footnotes":""},"class_list":["post-80","page","type-page","status-publish","hentry"],"yoast_head":"<!-- This site is optimized with the Yoast SEO plugin v27.2 - https:\/\/yoast.com\/product\/yoast-seo-wordpress\/ -->\n<title>Outros Programas Relacionados - Marco Antonio Garcia de Carvalho, PhD<\/title>\n<meta name=\"robots\" content=\"index, follow, max-snippet:-1, max-image-preview:large, max-video-preview:-1\" \/>\n<link rel=\"canonical\" href=\"https:\/\/wordpress.ft.unicamp.br\/magic\/outros-programas-relacionados-7\/\" \/>\n<meta property=\"og:locale\" content=\"pt_BR\" \/>\n<meta property=\"og:type\" content=\"article\" \/>\n<meta property=\"og:title\" content=\"Outros Programas Relacionados - Marco Antonio Garcia de Carvalho, PhD\" \/>\n<meta property=\"og:description\" content=\"&#013; &#013; &#013; &#013; &#013; Introdu\u00e7\u00e3o \u00e0 computa\u00e7\u00e3o gr\u00e1fica com &#013; OpenGL &#013; &#013; Prev &#013; Cap\u00edtulo 4. Transforma\u00e7\u00f5es &#013; geom\u00e9tricas &#013; Next &#013; &#013; &#013; &#013; 4.3. Outros programas &#013; relacionados &#013; &#013; &#013; &#013; planets.c. Desenha um planeta e seu movimento em torno &#013; do sol. &#013; &#013; Programa planets.c &#013; &#013; &#013; &hellip; Continuar lendo Outros Programas Relacionados\" \/>\n<meta property=\"og:url\" content=\"https:\/\/wordpress.ft.unicamp.br\/magic\/outros-programas-relacionados-7\/\" \/>\n<meta property=\"og:site_name\" content=\"Marco Antonio Garcia de Carvalho, PhD\" \/>\n<meta property=\"og:image\" content=\"http:\/\/planeta.jpg\" \/>\n<meta name=\"twitter:card\" content=\"summary_large_image\" \/>\n<script type=\"application\/ld+json\" class=\"yoast-schema-graph\">{\"@context\":\"https:\/\/schema.org\",\"@graph\":[{\"@type\":\"WebPage\",\"@id\":\"https:\/\/wordpress.ft.unicamp.br\/magic\/outros-programas-relacionados-7\/\",\"url\":\"https:\/\/wordpress.ft.unicamp.br\/magic\/outros-programas-relacionados-7\/\",\"name\":\"Outros Programas Relacionados - Marco Antonio Garcia de Carvalho, PhD\",\"isPartOf\":{\"@id\":\"https:\/\/wordpress.ft.unicamp.br\/magic\/#website\"},\"datePublished\":\"2022-03-23T22:08:49+00:00\",\"breadcrumb\":{\"@id\":\"https:\/\/wordpress.ft.unicamp.br\/magic\/outros-programas-relacionados-7\/#breadcrumb\"},\"inLanguage\":\"pt-BR\",\"potentialAction\":[{\"@type\":\"ReadAction\",\"target\":[\"https:\/\/wordpress.ft.unicamp.br\/magic\/outros-programas-relacionados-7\/\"]}]},{\"@type\":\"BreadcrumbList\",\"@id\":\"https:\/\/wordpress.ft.unicamp.br\/magic\/outros-programas-relacionados-7\/#breadcrumb\",\"itemListElement\":[{\"@type\":\"ListItem\",\"position\":1,\"name\":\"Home\",\"item\":\"https:\/\/wordpress.ft.unicamp.br\/magic\/\"},{\"@type\":\"ListItem\",\"position\":2,\"name\":\"Outros Programas Relacionados\"}]},{\"@type\":\"WebSite\",\"@id\":\"https:\/\/wordpress.ft.unicamp.br\/magic\/#website\",\"url\":\"https:\/\/wordpress.ft.unicamp.br\/magic\/\",\"name\":\"Marco Antonio Garcia de Carvalho, PhD\",\"description\":\"\",\"potentialAction\":[{\"@type\":\"SearchAction\",\"target\":{\"@type\":\"EntryPoint\",\"urlTemplate\":\"https:\/\/wordpress.ft.unicamp.br\/magic\/?s={search_term_string}\"},\"query-input\":{\"@type\":\"PropertyValueSpecification\",\"valueRequired\":true,\"valueName\":\"search_term_string\"}}],\"inLanguage\":\"pt-BR\"}]}<\/script>\n<!-- \/ Yoast SEO plugin. -->","yoast_head_json":{"title":"Outros Programas Relacionados - Marco Antonio Garcia de Carvalho, PhD","robots":{"index":"index","follow":"follow","max-snippet":"max-snippet:-1","max-image-preview":"max-image-preview:large","max-video-preview":"max-video-preview:-1"},"canonical":"https:\/\/wordpress.ft.unicamp.br\/magic\/outros-programas-relacionados-7\/","og_locale":"pt_BR","og_type":"article","og_title":"Outros Programas Relacionados - Marco Antonio Garcia de Carvalho, PhD","og_description":"&#013; &#013; &#013; &#013; &#013; Introdu\u00e7\u00e3o \u00e0 computa\u00e7\u00e3o gr\u00e1fica com &#013; OpenGL &#013; &#013; Prev &#013; Cap\u00edtulo 4. Transforma\u00e7\u00f5es &#013; geom\u00e9tricas &#013; Next &#013; &#013; &#013; &#013; 4.3. Outros programas &#013; relacionados &#013; &#013; &#013; &#013; planets.c. Desenha um planeta e seu movimento em torno &#013; do sol. &#013; &#013; Programa planets.c &#013; &#013; &#013; &hellip; Continuar lendo Outros Programas Relacionados","og_url":"https:\/\/wordpress.ft.unicamp.br\/magic\/outros-programas-relacionados-7\/","og_site_name":"Marco Antonio Garcia de Carvalho, PhD","og_image":[{"url":"planeta.jpg","type":"","width":"","height":""}],"twitter_card":"summary_large_image","schema":{"@context":"https:\/\/schema.org","@graph":[{"@type":"WebPage","@id":"https:\/\/wordpress.ft.unicamp.br\/magic\/outros-programas-relacionados-7\/","url":"https:\/\/wordpress.ft.unicamp.br\/magic\/outros-programas-relacionados-7\/","name":"Outros Programas Relacionados - Marco Antonio Garcia de Carvalho, PhD","isPartOf":{"@id":"https:\/\/wordpress.ft.unicamp.br\/magic\/#website"},"datePublished":"2022-03-23T22:08:49+00:00","breadcrumb":{"@id":"https:\/\/wordpress.ft.unicamp.br\/magic\/outros-programas-relacionados-7\/#breadcrumb"},"inLanguage":"pt-BR","potentialAction":[{"@type":"ReadAction","target":["https:\/\/wordpress.ft.unicamp.br\/magic\/outros-programas-relacionados-7\/"]}]},{"@type":"BreadcrumbList","@id":"https:\/\/wordpress.ft.unicamp.br\/magic\/outros-programas-relacionados-7\/#breadcrumb","itemListElement":[{"@type":"ListItem","position":1,"name":"Home","item":"https:\/\/wordpress.ft.unicamp.br\/magic\/"},{"@type":"ListItem","position":2,"name":"Outros Programas Relacionados"}]},{"@type":"WebSite","@id":"https:\/\/wordpress.ft.unicamp.br\/magic\/#website","url":"https:\/\/wordpress.ft.unicamp.br\/magic\/","name":"Marco Antonio Garcia de Carvalho, PhD","description":"","potentialAction":[{"@type":"SearchAction","target":{"@type":"EntryPoint","urlTemplate":"https:\/\/wordpress.ft.unicamp.br\/magic\/?s={search_term_string}"},"query-input":{"@type":"PropertyValueSpecification","valueRequired":true,"valueName":"search_term_string"}}],"inLanguage":"pt-BR"}]}},"_links":{"self":[{"href":"https:\/\/wordpress.ft.unicamp.br\/magic\/wp-json\/wp\/v2\/pages\/80","targetHints":{"allow":["GET"]}}],"collection":[{"href":"https:\/\/wordpress.ft.unicamp.br\/magic\/wp-json\/wp\/v2\/pages"}],"about":[{"href":"https:\/\/wordpress.ft.unicamp.br\/magic\/wp-json\/wp\/v2\/types\/page"}],"author":[{"embeddable":true,"href":"https:\/\/wordpress.ft.unicamp.br\/magic\/wp-json\/wp\/v2\/users\/48"}],"replies":[{"embeddable":true,"href":"https:\/\/wordpress.ft.unicamp.br\/magic\/wp-json\/wp\/v2\/comments?post=80"}],"version-history":[{"count":0,"href":"https:\/\/wordpress.ft.unicamp.br\/magic\/wp-json\/wp\/v2\/pages\/80\/revisions"}],"wp:attachment":[{"href":"https:\/\/wordpress.ft.unicamp.br\/magic\/wp-json\/wp\/v2\/media?parent=80"}],"curies":[{"name":"wp","href":"https:\/\/api.w.org\/{rel}","templated":true}]}}