{"id":10,"date":"2017-05-15T14:31:52","date_gmt":"2017-05-15T14:31:52","guid":{"rendered":"http:\/\/wordpress.ft.unicamp.br\/residuoseconstrucao\/?page_id=10"},"modified":"2021-11-22T21:28:30","modified_gmt":"2021-11-22T21:28:30","slug":"o-grupo","status":"publish","type":"page","link":"https:\/\/wordpress.ft.unicamp.br\/mats\/o-grupo\/","title":{"rendered":"PROJETOS EM ANDAMENTO E LINHAS DE PESQUISA"},"content":{"rendered":"\n<p class=\"has-medium-font-size\"><strong><em>LINHAS DE PESQUISA<\/em><\/strong><\/p>\n\n\n\n<p class=\"has-medium-font-size\">1. Desenvolvimento de materiais sustent\u00e1veis com res\u00edduos s\u00f3lidos: propriedades f\u00edsico-qu\u00edmicas e mec\u00e2nicas, an\u00e1lises ambientais e durabilidade;<\/p>\n\n\n\n<p class=\"has-medium-font-size\">2. Ensaios de ultrassom aplicados na caracteriza\u00e7\u00e3o de materiais ciment\u00edcios e solo compactado;<\/p>\n\n\n\n<p class=\"has-medium-font-size\">3. Ensaios de ultrassom aplicados na inspe\u00e7\u00e3o de constru\u00e7\u00f5es em concreto e solo compactado.<\/p>\n\n\n\n<p class=\"has-medium-font-size\"><strong><em>PROJETOS MAIS RECENTES<\/em><\/strong><\/p>\n\n\n\n<p class=\"has-medium-font-size\">Caracteriza\u00e7\u00e3o de solos compactados com ensaios de ultrassom;<\/p>\n\n\n\n<p class=\"has-medium-font-size\">An\u00e1lises de danos em elementos de concreto armado, causados pela exposi\u00e7\u00e3o \u00e0s condi\u00e7\u00f5es de inc\u00eandio;<\/p>\n\n\n\n<p class=\"has-medium-font-size\">Caracteriza\u00e7\u00e3o mec\u00e2nica de concretos expostos \u00e0s condi\u00e7\u00f5es de inc\u00eandio;<\/p>\n\n\n\n<p class=\"has-medium-font-size\">Uso da esc\u00f3ria de forno panela em materiais ciment\u00edcios;<\/p>\n\n\n\n<p class=\"has-medium-font-size\">Uso da areia descartada de fundi\u00e7\u00e3o na estabiliza\u00e7\u00e3o granulom\u00e9trica de solos argilosos para fins geot\u00e9cnicos;<\/p>\n\n\n\n<p class=\"has-medium-font-size\">Uso da areia descartada de fundi\u00e7\u00e3o como agregado mi\u00fado em materiais ciment\u00edcios.<\/p>\n\n\n\n<p><\/p>\n","protected":false},"excerpt":{"rendered":"<p>LINHAS DE PESQUISA 1. Desenvolvimento de materiais sustent\u00e1veis com res\u00edduos s\u00f3lidos: propriedades f\u00edsico-qu\u00edmicas e mec\u00e2nicas, an\u00e1lises ambientais e durabilidade; 2. Ensaios de ultrassom aplicados na caracteriza\u00e7\u00e3o de materiais ciment\u00edcios e solo compactado; 3. Ensaios de ultrassom aplicados na inspe\u00e7\u00e3o de constru\u00e7\u00f5es em concreto e solo compactado. PROJETOS MAIS RECENTES Caracteriza\u00e7\u00e3o de solos compactados com ensaios <a href=\"https:\/\/wordpress.ft.unicamp.br\/mats\/o-grupo\/\" rel=\"nofollow\"><span class=\"sr-only\">Leia mais sobrePROJETOS EM ANDAMENTO E LINHAS DE PESQUISA<\/span>[&hellip;]<\/a><\/p>\n","protected":false},"author":21,"featured_media":0,"parent":0,"menu_order":0,"comment_status":"closed","ping_status":"closed","template":"","meta":{"footnotes":""},"class_list":["post-10","page","type-page","status-publish","hentry"],"yoast_head":"<!-- This site is optimized with the Yoast SEO plugin v27.3 - https:\/\/yoast.com\/product\/yoast-seo-wordpress\/ -->\n<title>PROJETOS EM ANDAMENTO E LINHAS DE PESQUISA - MATS \u2013 Materiais e Tecnologias Sustent\u00e1veis<\/title>\n<meta name=\"robots\" content=\"index, follow, max-snippet:-1, max-image-preview:large, max-video-preview:-1\" \/>\n<link rel=\"canonical\" href=\"https:\/\/wordpress.ft.unicamp.br\/mats\/o-grupo\/\" \/>\n<meta property=\"og:locale\" content=\"pt_BR\" \/>\n<meta property=\"og:type\" content=\"article\" \/>\n<meta property=\"og:title\" content=\"PROJETOS EM ANDAMENTO E LINHAS DE PESQUISA - MATS \u2013 Materiais e Tecnologias Sustent\u00e1veis\" \/>\n<meta property=\"og:description\" content=\"LINHAS DE PESQUISA 1. Desenvolvimento de materiais sustent\u00e1veis com res\u00edduos s\u00f3lidos: propriedades f\u00edsico-qu\u00edmicas e mec\u00e2nicas, an\u00e1lises ambientais e durabilidade; 2. Ensaios de ultrassom aplicados na caracteriza\u00e7\u00e3o de materiais ciment\u00edcios e solo compactado; 3. Ensaios de ultrassom aplicados na inspe\u00e7\u00e3o de constru\u00e7\u00f5es em concreto e solo compactado. PROJETOS MAIS RECENTES Caracteriza\u00e7\u00e3o de solos compactados com ensaios Leia mais sobrePROJETOS EM ANDAMENTO E LINHAS DE PESQUISA[&hellip;]\" \/>\n<meta property=\"og:url\" content=\"https:\/\/wordpress.ft.unicamp.br\/mats\/o-grupo\/\" \/>\n<meta property=\"og:site_name\" content=\"MATS \u2013 Materiais e Tecnologias Sustent\u00e1veis\" \/>\n<meta property=\"article:modified_time\" content=\"2021-11-22T21:28:30+00:00\" \/>\n<meta name=\"twitter:card\" content=\"summary_large_image\" \/>\n<meta name=\"twitter:label1\" content=\"Est. tempo de leitura\" \/>\n\t<meta name=\"twitter:data1\" content=\"1 minuto\" \/>\n<script type=\"application\/ld+json\" class=\"yoast-schema-graph\">{\"@context\":\"https:\\\/\\\/schema.org\",\"@graph\":[{\"@type\":\"WebPage\",\"@id\":\"https:\\\/\\\/wordpress.ft.unicamp.br\\\/mats\\\/o-grupo\\\/\",\"url\":\"https:\\\/\\\/wordpress.ft.unicamp.br\\\/mats\\\/o-grupo\\\/\",\"name\":\"PROJETOS EM ANDAMENTO E LINHAS DE PESQUISA - MATS \u2013 Materiais e Tecnologias Sustent\u00e1veis\",\"isPartOf\":{\"@id\":\"https:\\\/\\\/wordpress.ft.unicamp.br\\\/mats\\\/#website\"},\"datePublished\":\"2017-05-15T14:31:52+00:00\",\"dateModified\":\"2021-11-22T21:28:30+00:00\",\"breadcrumb\":{\"@id\":\"https:\\\/\\\/wordpress.ft.unicamp.br\\\/mats\\\/o-grupo\\\/#breadcrumb\"},\"inLanguage\":\"pt-BR\",\"potentialAction\":[{\"@type\":\"ReadAction\",\"target\":[\"https:\\\/\\\/wordpress.ft.unicamp.br\\\/mats\\\/o-grupo\\\/\"]}]},{\"@type\":\"BreadcrumbList\",\"@id\":\"https:\\\/\\\/wordpress.ft.unicamp.br\\\/mats\\\/o-grupo\\\/#breadcrumb\",\"itemListElement\":[{\"@type\":\"ListItem\",\"position\":1,\"name\":\"Home\",\"item\":\"https:\\\/\\\/wordpress.ft.unicamp.br\\\/mats\\\/\"},{\"@type\":\"ListItem\",\"position\":2,\"name\":\"PROJETOS EM ANDAMENTO E LINHAS DE PESQUISA\"}]},{\"@type\":\"WebSite\",\"@id\":\"https:\\\/\\\/wordpress.ft.unicamp.br\\\/mats\\\/#website\",\"url\":\"https:\\\/\\\/wordpress.ft.unicamp.br\\\/mats\\\/\",\"name\":\"MATS \u2013 Materiais e Tecnologias Sustent\u00e1veis\",\"description\":\"\",\"publisher\":{\"@id\":\"https:\\\/\\\/wordpress.ft.unicamp.br\\\/mats\\\/#organization\"},\"potentialAction\":[{\"@type\":\"SearchAction\",\"target\":{\"@type\":\"EntryPoint\",\"urlTemplate\":\"https:\\\/\\\/wordpress.ft.unicamp.br\\\/mats\\\/?s={search_term_string}\"},\"query-input\":{\"@type\":\"PropertyValueSpecification\",\"valueRequired\":true,\"valueName\":\"search_term_string\"}}],\"inLanguage\":\"pt-BR\"},{\"@type\":\"Organization\",\"@id\":\"https:\\\/\\\/wordpress.ft.unicamp.br\\\/mats\\\/#organization\",\"name\":\"MATS \u2013 Materiais e Tecnologias Sustent\u00e1veis\",\"url\":\"https:\\\/\\\/wordpress.ft.unicamp.br\\\/mats\\\/\",\"logo\":{\"@type\":\"ImageObject\",\"inLanguage\":\"pt-BR\",\"@id\":\"https:\\\/\\\/wordpress.ft.unicamp.br\\\/mats\\\/#\\\/schema\\\/logo\\\/image\\\/\",\"url\":\"https:\\\/\\\/wordpress.ft.unicamp.br\\\/mats\\\/wp-content\\\/uploads\\\/sites\\\/29\\\/2021\\\/05\\\/cropped-facebook_cover_photo_1-2.png\",\"contentUrl\":\"https:\\\/\\\/wordpress.ft.unicamp.br\\\/mats\\\/wp-content\\\/uploads\\\/sites\\\/29\\\/2021\\\/05\\\/cropped-facebook_cover_photo_1-2.png\",\"width\":682,\"height\":413,\"caption\":\"MATS \u2013 Materiais e Tecnologias Sustent\u00e1veis\"},\"image\":{\"@id\":\"https:\\\/\\\/wordpress.ft.unicamp.br\\\/mats\\\/#\\\/schema\\\/logo\\\/image\\\/\"}}]}<\/script>\n<!-- \/ Yoast SEO plugin. -->","yoast_head_json":{"title":"PROJETOS EM ANDAMENTO E LINHAS DE PESQUISA - MATS \u2013 Materiais e Tecnologias Sustent\u00e1veis","robots":{"index":"index","follow":"follow","max-snippet":"max-snippet:-1","max-image-preview":"max-image-preview:large","max-video-preview":"max-video-preview:-1"},"canonical":"https:\/\/wordpress.ft.unicamp.br\/mats\/o-grupo\/","og_locale":"pt_BR","og_type":"article","og_title":"PROJETOS EM ANDAMENTO E LINHAS DE PESQUISA - MATS \u2013 Materiais e Tecnologias Sustent\u00e1veis","og_description":"LINHAS DE PESQUISA 1. Desenvolvimento de materiais sustent\u00e1veis com res\u00edduos s\u00f3lidos: propriedades f\u00edsico-qu\u00edmicas e mec\u00e2nicas, an\u00e1lises ambientais e durabilidade; 2. Ensaios de ultrassom aplicados na caracteriza\u00e7\u00e3o de materiais ciment\u00edcios e solo compactado; 3. Ensaios de ultrassom aplicados na inspe\u00e7\u00e3o de constru\u00e7\u00f5es em concreto e solo compactado. PROJETOS MAIS RECENTES Caracteriza\u00e7\u00e3o de solos compactados com ensaios Leia mais sobrePROJETOS EM ANDAMENTO E LINHAS DE PESQUISA[&hellip;]","og_url":"https:\/\/wordpress.ft.unicamp.br\/mats\/o-grupo\/","og_site_name":"MATS \u2013 Materiais e Tecnologias Sustent\u00e1veis","article_modified_time":"2021-11-22T21:28:30+00:00","twitter_card":"summary_large_image","twitter_misc":{"Est. tempo de leitura":"1 minuto"},"schema":{"@context":"https:\/\/schema.org","@graph":[{"@type":"WebPage","@id":"https:\/\/wordpress.ft.unicamp.br\/mats\/o-grupo\/","url":"https:\/\/wordpress.ft.unicamp.br\/mats\/o-grupo\/","name":"PROJETOS EM ANDAMENTO E LINHAS DE PESQUISA - MATS \u2013 Materiais e Tecnologias Sustent\u00e1veis","isPartOf":{"@id":"https:\/\/wordpress.ft.unicamp.br\/mats\/#website"},"datePublished":"2017-05-15T14:31:52+00:00","dateModified":"2021-11-22T21:28:30+00:00","breadcrumb":{"@id":"https:\/\/wordpress.ft.unicamp.br\/mats\/o-grupo\/#breadcrumb"},"inLanguage":"pt-BR","potentialAction":[{"@type":"ReadAction","target":["https:\/\/wordpress.ft.unicamp.br\/mats\/o-grupo\/"]}]},{"@type":"BreadcrumbList","@id":"https:\/\/wordpress.ft.unicamp.br\/mats\/o-grupo\/#breadcrumb","itemListElement":[{"@type":"ListItem","position":1,"name":"Home","item":"https:\/\/wordpress.ft.unicamp.br\/mats\/"},{"@type":"ListItem","position":2,"name":"PROJETOS EM ANDAMENTO E LINHAS DE PESQUISA"}]},{"@type":"WebSite","@id":"https:\/\/wordpress.ft.unicamp.br\/mats\/#website","url":"https:\/\/wordpress.ft.unicamp.br\/mats\/","name":"MATS \u2013 Materiais e Tecnologias Sustent\u00e1veis","description":"","publisher":{"@id":"https:\/\/wordpress.ft.unicamp.br\/mats\/#organization"},"potentialAction":[{"@type":"SearchAction","target":{"@type":"EntryPoint","urlTemplate":"https:\/\/wordpress.ft.unicamp.br\/mats\/?s={search_term_string}"},"query-input":{"@type":"PropertyValueSpecification","valueRequired":true,"valueName":"search_term_string"}}],"inLanguage":"pt-BR"},{"@type":"Organization","@id":"https:\/\/wordpress.ft.unicamp.br\/mats\/#organization","name":"MATS \u2013 Materiais e Tecnologias Sustent\u00e1veis","url":"https:\/\/wordpress.ft.unicamp.br\/mats\/","logo":{"@type":"ImageObject","inLanguage":"pt-BR","@id":"https:\/\/wordpress.ft.unicamp.br\/mats\/#\/schema\/logo\/image\/","url":"https:\/\/wordpress.ft.unicamp.br\/mats\/wp-content\/uploads\/sites\/29\/2021\/05\/cropped-facebook_cover_photo_1-2.png","contentUrl":"https:\/\/wordpress.ft.unicamp.br\/mats\/wp-content\/uploads\/sites\/29\/2021\/05\/cropped-facebook_cover_photo_1-2.png","width":682,"height":413,"caption":"MATS \u2013 Materiais e Tecnologias Sustent\u00e1veis"},"image":{"@id":"https:\/\/wordpress.ft.unicamp.br\/mats\/#\/schema\/logo\/image\/"}}]}},"_links":{"self":[{"href":"https:\/\/wordpress.ft.unicamp.br\/mats\/wp-json\/wp\/v2\/pages\/10","targetHints":{"allow":["GET"]}}],"collection":[{"href":"https:\/\/wordpress.ft.unicamp.br\/mats\/wp-json\/wp\/v2\/pages"}],"about":[{"href":"https:\/\/wordpress.ft.unicamp.br\/mats\/wp-json\/wp\/v2\/types\/page"}],"author":[{"embeddable":true,"href":"https:\/\/wordpress.ft.unicamp.br\/mats\/wp-json\/wp\/v2\/users\/21"}],"replies":[{"embeddable":true,"href":"https:\/\/wordpress.ft.unicamp.br\/mats\/wp-json\/wp\/v2\/comments?post=10"}],"version-history":[{"count":20,"href":"https:\/\/wordpress.ft.unicamp.br\/mats\/wp-json\/wp\/v2\/pages\/10\/revisions"}],"predecessor-version":[{"id":391,"href":"https:\/\/wordpress.ft.unicamp.br\/mats\/wp-json\/wp\/v2\/pages\/10\/revisions\/391"}],"wp:attachment":[{"href":"https:\/\/wordpress.ft.unicamp.br\/mats\/wp-json\/wp\/v2\/media?parent=10"}],"curies":[{"name":"wp","href":"https:\/\/api.w.org\/{rel}","templated":true}]}}