{"id":19,"date":"2017-05-15T14:35:55","date_gmt":"2017-05-15T14:35:55","guid":{"rendered":"http:\/\/wordpress.ft.unicamp.br\/residuoseconstrucao\/?page_id=19"},"modified":"2021-11-22T21:28:30","modified_gmt":"2021-11-22T21:28:30","slug":"bem-vindos-ao-mats","status":"publish","type":"page","link":"https:\/\/wordpress.ft.unicamp.br\/mats\/","title":{"rendered":"HOME"},"content":{"rendered":"\n<p><strong>BEM VINDO AO MATS &#8211; MATERIAIS E TECNOLOGIA SUSTENT\u00c1VEIS <\/strong><\/p>\n","protected":false},"excerpt":{"rendered":"<p>BEM VINDO AO MATS &#8211; MATERIAIS E TECNOLOGIA SUSTENT\u00c1VEIS<\/p>\n","protected":false},"author":1,"featured_media":254,"parent":0,"menu_order":0,"comment_status":"closed","ping_status":"closed","template":"","meta":{"footnotes":""},"class_list":["post-19","page","type-page","status-publish","has-post-thumbnail","hentry"],"yoast_head":"<!-- This site is optimized with the Yoast SEO plugin v27.3 - https:\/\/yoast.com\/product\/yoast-seo-wordpress\/ -->\n<title>HOME - MATS \u2013 Materiais e Tecnologias Sustent\u00e1veis<\/title>\n<meta name=\"description\" content=\"O Grupo de Pesquisa MATS teve in\u00edcio em 2012, quando a profa. Dra. Gisleiva Ferreira iniciou as suas orienta\u00e7\u00f5es de p\u00f3s-gradua\u00e7\u00e3o e inicia\u00e7\u00e3o cient\u00edfica na Faculdade de Tecnologia da Unicamp. Os primeiros estudos foram sobre o uso de um res\u00edduo industrial, a areia descartada de fundi\u00e7\u00e3o (ADF). Depois iniciamos estudo sobre outros res\u00edduos s\u00f3lidos, sempre aplicados como mat\u00e9ria-prima de materiais de constru\u00e7\u00e3o. Atualmente, os principais res\u00edduos estudados s\u00e3o: esc\u00f3rias de alto forno, esc\u00f3rias de aciaria (esc\u00f3ria de forno panela), res\u00edduos de biomassa (cinzas e biochar),res\u00edduos de constru\u00e7\u00e3o e demoli\u00e7\u00e3o (RCD).Em conjunto aos estudos citados, iniciamos pesquisas sobre o uso do ensaio de ultrassom, t\u00e9cnica n\u00e3o destrutiva, aplicada \u00e0 caracteriza\u00e7\u00e3o e classifica\u00e7\u00e3o de materiais de constru\u00e7\u00e3o, al\u00e9m de ferramenta utilizada no monitoramento e inspe\u00e7\u00e3o de estruturas. Atualmente, as atividades s\u00e3o desenvolvidas nos Laborat\u00f3rios de Materiais de Constru\u00e7\u00e3o, Solos e Transportes, Ensaios Destrutivos e Ensaios n\u00e3o destrutivos da FT-Unicamp. Al\u00e9m disso, temos pesquisas em parceria com pesquisadores de outras unidades da Unicamp (FEC e Feagri). %\" \/>\n<meta name=\"robots\" content=\"index, follow, max-snippet:-1, max-image-preview:large, max-video-preview:-1\" \/>\n<link rel=\"canonical\" href=\"https:\/\/wordpress.ft.unicamp.br\/mats\/\" \/>\n<meta property=\"og:locale\" content=\"pt_BR\" \/>\n<meta property=\"og:type\" content=\"article\" \/>\n<meta property=\"og:title\" content=\"HOME - MATS \u2013 Materiais e Tecnologias Sustent\u00e1veis\" \/>\n<meta property=\"og:description\" content=\"O Grupo de Pesquisa MATS teve in\u00edcio em 2012, quando a profa. Dra. Gisleiva Ferreira iniciou as suas orienta\u00e7\u00f5es de p\u00f3s-gradua\u00e7\u00e3o e inicia\u00e7\u00e3o cient\u00edfica na Faculdade de Tecnologia da Unicamp. Os primeiros estudos foram sobre o uso de um res\u00edduo industrial, a areia descartada de fundi\u00e7\u00e3o (ADF). Depois iniciamos estudo sobre outros res\u00edduos s\u00f3lidos, sempre aplicados como mat\u00e9ria-prima de materiais de constru\u00e7\u00e3o. Atualmente, os principais res\u00edduos estudados s\u00e3o: esc\u00f3rias de alto forno, esc\u00f3rias de aciaria (esc\u00f3ria de forno panela), res\u00edduos de biomassa (cinzas e biochar),res\u00edduos de constru\u00e7\u00e3o e demoli\u00e7\u00e3o (RCD).Em conjunto aos estudos citados, iniciamos pesquisas sobre o uso do ensaio de ultrassom, t\u00e9cnica n\u00e3o destrutiva, aplicada \u00e0 caracteriza\u00e7\u00e3o e classifica\u00e7\u00e3o de materiais de constru\u00e7\u00e3o, al\u00e9m de ferramenta utilizada no monitoramento e inspe\u00e7\u00e3o de estruturas. Atualmente, as atividades s\u00e3o desenvolvidas nos Laborat\u00f3rios de Materiais de Constru\u00e7\u00e3o, Solos e Transportes, Ensaios Destrutivos e Ensaios n\u00e3o destrutivos da FT-Unicamp. Al\u00e9m disso, temos pesquisas em parceria com pesquisadores de outras unidades da Unicamp (FEC e Feagri). %\" \/>\n<meta property=\"og:url\" content=\"https:\/\/wordpress.ft.unicamp.br\/mats\/\" \/>\n<meta property=\"og:site_name\" content=\"MATS \u2013 Materiais e Tecnologias Sustent\u00e1veis\" \/>\n<meta property=\"article:modified_time\" content=\"2021-11-22T21:28:30+00:00\" \/>\n<meta property=\"og:image\" content=\"http:\/\/wordpress.ft.unicamp.br\/mats\/wp-content\/uploads\/sites\/29\/2021\/03\/a219ac_db0e63d47c874aa6824d4d7ea0857902_mv2_d_4288_2848_s_4_2-1.jpg\" \/>\n\t<meta property=\"og:image:width\" content=\"980\" \/>\n\t<meta property=\"og:image:height\" content=\"651\" \/>\n\t<meta property=\"og:image:type\" content=\"image\/jpeg\" \/>\n<meta name=\"twitter:card\" content=\"summary_large_image\" \/>\n<meta name=\"twitter:label1\" content=\"Est. tempo de leitura\" \/>\n\t<meta name=\"twitter:data1\" content=\"1 minuto\" \/>\n<script type=\"application\/ld+json\" class=\"yoast-schema-graph\">{\"@context\":\"https:\\\/\\\/schema.org\",\"@graph\":[{\"@type\":\"WebPage\",\"@id\":\"https:\\\/\\\/wordpress.ft.unicamp.br\\\/mats\\\/\",\"url\":\"https:\\\/\\\/wordpress.ft.unicamp.br\\\/mats\\\/\",\"name\":\"HOME - MATS \u2013 Materiais e Tecnologias Sustent\u00e1veis\",\"isPartOf\":{\"@id\":\"https:\\\/\\\/wordpress.ft.unicamp.br\\\/mats\\\/#website\"},\"primaryImageOfPage\":{\"@id\":\"https:\\\/\\\/wordpress.ft.unicamp.br\\\/mats\\\/#primaryimage\"},\"image\":{\"@id\":\"https:\\\/\\\/wordpress.ft.unicamp.br\\\/mats\\\/#primaryimage\"},\"thumbnailUrl\":\"https:\\\/\\\/wordpress.ft.unicamp.br\\\/mats\\\/wp-content\\\/uploads\\\/sites\\\/29\\\/2021\\\/03\\\/a219ac_db0e63d47c874aa6824d4d7ea0857902_mv2_d_4288_2848_s_4_2-1.jpg\",\"datePublished\":\"2017-05-15T14:35:55+00:00\",\"dateModified\":\"2021-11-22T21:28:30+00:00\",\"description\":\"O Grupo de Pesquisa MATS teve in\u00edcio em 2012, quando a profa. Dra. Gisleiva Ferreira iniciou as suas orienta\u00e7\u00f5es de p\u00f3s-gradua\u00e7\u00e3o e inicia\u00e7\u00e3o cient\u00edfica na Faculdade de Tecnologia da Unicamp. Os primeiros estudos foram sobre o uso de um res\u00edduo industrial, a areia descartada de fundi\u00e7\u00e3o (ADF). Depois iniciamos estudo sobre outros res\u00edduos s\u00f3lidos, sempre aplicados como mat\u00e9ria-prima de materiais de constru\u00e7\u00e3o. Atualmente, os principais res\u00edduos estudados s\u00e3o: esc\u00f3rias de alto forno, esc\u00f3rias de aciaria (esc\u00f3ria de forno panela), res\u00edduos de biomassa (cinzas e biochar),res\u00edduos de constru\u00e7\u00e3o e demoli\u00e7\u00e3o (RCD).Em conjunto aos estudos citados, iniciamos pesquisas sobre o uso do ensaio de ultrassom, t\u00e9cnica n\u00e3o destrutiva, aplicada \u00e0 caracteriza\u00e7\u00e3o e classifica\u00e7\u00e3o de materiais de constru\u00e7\u00e3o, al\u00e9m de ferramenta utilizada no monitoramento e inspe\u00e7\u00e3o de estruturas. Atualmente, as atividades s\u00e3o desenvolvidas nos Laborat\u00f3rios de Materiais de Constru\u00e7\u00e3o, Solos e Transportes, Ensaios Destrutivos e Ensaios n\u00e3o destrutivos da FT-Unicamp. Al\u00e9m disso, temos pesquisas em parceria com pesquisadores de outras unidades da Unicamp (FEC e Feagri). %\",\"breadcrumb\":{\"@id\":\"https:\\\/\\\/wordpress.ft.unicamp.br\\\/mats\\\/#breadcrumb\"},\"inLanguage\":\"pt-BR\",\"potentialAction\":[{\"@type\":\"ReadAction\",\"target\":[\"https:\\\/\\\/wordpress.ft.unicamp.br\\\/mats\\\/\"]}]},{\"@type\":\"ImageObject\",\"inLanguage\":\"pt-BR\",\"@id\":\"https:\\\/\\\/wordpress.ft.unicamp.br\\\/mats\\\/#primaryimage\",\"url\":\"https:\\\/\\\/wordpress.ft.unicamp.br\\\/mats\\\/wp-content\\\/uploads\\\/sites\\\/29\\\/2021\\\/03\\\/a219ac_db0e63d47c874aa6824d4d7ea0857902_mv2_d_4288_2848_s_4_2-1.jpg\",\"contentUrl\":\"https:\\\/\\\/wordpress.ft.unicamp.br\\\/mats\\\/wp-content\\\/uploads\\\/sites\\\/29\\\/2021\\\/03\\\/a219ac_db0e63d47c874aa6824d4d7ea0857902_mv2_d_4288_2848_s_4_2-1.jpg\",\"width\":980,\"height\":651},{\"@type\":\"BreadcrumbList\",\"@id\":\"https:\\\/\\\/wordpress.ft.unicamp.br\\\/mats\\\/#breadcrumb\",\"itemListElement\":[{\"@type\":\"ListItem\",\"position\":1,\"name\":\"Home\",\"item\":\"https:\\\/\\\/wordpress.ft.unicamp.br\\\/mats\\\/\"},{\"@type\":\"ListItem\",\"position\":2,\"name\":\"HOME\"}]},{\"@type\":\"WebSite\",\"@id\":\"https:\\\/\\\/wordpress.ft.unicamp.br\\\/mats\\\/#website\",\"url\":\"https:\\\/\\\/wordpress.ft.unicamp.br\\\/mats\\\/\",\"name\":\"MATS \u2013 Materiais e Tecnologias Sustent\u00e1veis\",\"description\":\"\",\"publisher\":{\"@id\":\"https:\\\/\\\/wordpress.ft.unicamp.br\\\/mats\\\/#organization\"},\"potentialAction\":[{\"@type\":\"SearchAction\",\"target\":{\"@type\":\"EntryPoint\",\"urlTemplate\":\"https:\\\/\\\/wordpress.ft.unicamp.br\\\/mats\\\/?s={search_term_string}\"},\"query-input\":{\"@type\":\"PropertyValueSpecification\",\"valueRequired\":true,\"valueName\":\"search_term_string\"}}],\"inLanguage\":\"pt-BR\"},{\"@type\":\"Organization\",\"@id\":\"https:\\\/\\\/wordpress.ft.unicamp.br\\\/mats\\\/#organization\",\"name\":\"MATS \u2013 Materiais e Tecnologias Sustent\u00e1veis\",\"url\":\"https:\\\/\\\/wordpress.ft.unicamp.br\\\/mats\\\/\",\"logo\":{\"@type\":\"ImageObject\",\"inLanguage\":\"pt-BR\",\"@id\":\"https:\\\/\\\/wordpress.ft.unicamp.br\\\/mats\\\/#\\\/schema\\\/logo\\\/image\\\/\",\"url\":\"https:\\\/\\\/wordpress.ft.unicamp.br\\\/mats\\\/wp-content\\\/uploads\\\/sites\\\/29\\\/2021\\\/05\\\/cropped-facebook_cover_photo_1-2.png\",\"contentUrl\":\"https:\\\/\\\/wordpress.ft.unicamp.br\\\/mats\\\/wp-content\\\/uploads\\\/sites\\\/29\\\/2021\\\/05\\\/cropped-facebook_cover_photo_1-2.png\",\"width\":682,\"height\":413,\"caption\":\"MATS \u2013 Materiais e Tecnologias Sustent\u00e1veis\"},\"image\":{\"@id\":\"https:\\\/\\\/wordpress.ft.unicamp.br\\\/mats\\\/#\\\/schema\\\/logo\\\/image\\\/\"}}]}<\/script>\n<!-- \/ Yoast SEO plugin. -->","yoast_head_json":{"title":"HOME - MATS \u2013 Materiais e Tecnologias Sustent\u00e1veis","description":"O Grupo de Pesquisa MATS teve in\u00edcio em 2012, quando a profa. Dra. Gisleiva Ferreira iniciou as suas orienta\u00e7\u00f5es de p\u00f3s-gradua\u00e7\u00e3o e inicia\u00e7\u00e3o cient\u00edfica na Faculdade de Tecnologia da Unicamp. Os primeiros estudos foram sobre o uso de um res\u00edduo industrial, a areia descartada de fundi\u00e7\u00e3o (ADF). Depois iniciamos estudo sobre outros res\u00edduos s\u00f3lidos, sempre aplicados como mat\u00e9ria-prima de materiais de constru\u00e7\u00e3o. Atualmente, os principais res\u00edduos estudados s\u00e3o: esc\u00f3rias de alto forno, esc\u00f3rias de aciaria (esc\u00f3ria de forno panela), res\u00edduos de biomassa (cinzas e biochar),res\u00edduos de constru\u00e7\u00e3o e demoli\u00e7\u00e3o (RCD).Em conjunto aos estudos citados, iniciamos pesquisas sobre o uso do ensaio de ultrassom, t\u00e9cnica n\u00e3o destrutiva, aplicada \u00e0 caracteriza\u00e7\u00e3o e classifica\u00e7\u00e3o de materiais de constru\u00e7\u00e3o, al\u00e9m de ferramenta utilizada no monitoramento e inspe\u00e7\u00e3o de estruturas. Atualmente, as atividades s\u00e3o desenvolvidas nos Laborat\u00f3rios de Materiais de Constru\u00e7\u00e3o, Solos e Transportes, Ensaios Destrutivos e Ensaios n\u00e3o destrutivos da FT-Unicamp. Al\u00e9m disso, temos pesquisas em parceria com pesquisadores de outras unidades da Unicamp (FEC e Feagri). %","robots":{"index":"index","follow":"follow","max-snippet":"max-snippet:-1","max-image-preview":"max-image-preview:large","max-video-preview":"max-video-preview:-1"},"canonical":"https:\/\/wordpress.ft.unicamp.br\/mats\/","og_locale":"pt_BR","og_type":"article","og_title":"HOME - MATS \u2013 Materiais e Tecnologias Sustent\u00e1veis","og_description":"O Grupo de Pesquisa MATS teve in\u00edcio em 2012, quando a profa. Dra. Gisleiva Ferreira iniciou as suas orienta\u00e7\u00f5es de p\u00f3s-gradua\u00e7\u00e3o e inicia\u00e7\u00e3o cient\u00edfica na Faculdade de Tecnologia da Unicamp. Os primeiros estudos foram sobre o uso de um res\u00edduo industrial, a areia descartada de fundi\u00e7\u00e3o (ADF). Depois iniciamos estudo sobre outros res\u00edduos s\u00f3lidos, sempre aplicados como mat\u00e9ria-prima de materiais de constru\u00e7\u00e3o. Atualmente, os principais res\u00edduos estudados s\u00e3o: esc\u00f3rias de alto forno, esc\u00f3rias de aciaria (esc\u00f3ria de forno panela), res\u00edduos de biomassa (cinzas e biochar),res\u00edduos de constru\u00e7\u00e3o e demoli\u00e7\u00e3o (RCD).Em conjunto aos estudos citados, iniciamos pesquisas sobre o uso do ensaio de ultrassom, t\u00e9cnica n\u00e3o destrutiva, aplicada \u00e0 caracteriza\u00e7\u00e3o e classifica\u00e7\u00e3o de materiais de constru\u00e7\u00e3o, al\u00e9m de ferramenta utilizada no monitoramento e inspe\u00e7\u00e3o de estruturas. Atualmente, as atividades s\u00e3o desenvolvidas nos Laborat\u00f3rios de Materiais de Constru\u00e7\u00e3o, Solos e Transportes, Ensaios Destrutivos e Ensaios n\u00e3o destrutivos da FT-Unicamp. Al\u00e9m disso, temos pesquisas em parceria com pesquisadores de outras unidades da Unicamp (FEC e Feagri). %","og_url":"https:\/\/wordpress.ft.unicamp.br\/mats\/","og_site_name":"MATS \u2013 Materiais e Tecnologias Sustent\u00e1veis","article_modified_time":"2021-11-22T21:28:30+00:00","og_image":[{"width":980,"height":651,"url":"http:\/\/wordpress.ft.unicamp.br\/mats\/wp-content\/uploads\/sites\/29\/2021\/03\/a219ac_db0e63d47c874aa6824d4d7ea0857902_mv2_d_4288_2848_s_4_2-1.jpg","type":"image\/jpeg"}],"twitter_card":"summary_large_image","twitter_misc":{"Est. tempo de leitura":"1 minuto"},"schema":{"@context":"https:\/\/schema.org","@graph":[{"@type":"WebPage","@id":"https:\/\/wordpress.ft.unicamp.br\/mats\/","url":"https:\/\/wordpress.ft.unicamp.br\/mats\/","name":"HOME - MATS \u2013 Materiais e Tecnologias Sustent\u00e1veis","isPartOf":{"@id":"https:\/\/wordpress.ft.unicamp.br\/mats\/#website"},"primaryImageOfPage":{"@id":"https:\/\/wordpress.ft.unicamp.br\/mats\/#primaryimage"},"image":{"@id":"https:\/\/wordpress.ft.unicamp.br\/mats\/#primaryimage"},"thumbnailUrl":"https:\/\/wordpress.ft.unicamp.br\/mats\/wp-content\/uploads\/sites\/29\/2021\/03\/a219ac_db0e63d47c874aa6824d4d7ea0857902_mv2_d_4288_2848_s_4_2-1.jpg","datePublished":"2017-05-15T14:35:55+00:00","dateModified":"2021-11-22T21:28:30+00:00","description":"O Grupo de Pesquisa MATS teve in\u00edcio em 2012, quando a profa. Dra. Gisleiva Ferreira iniciou as suas orienta\u00e7\u00f5es de p\u00f3s-gradua\u00e7\u00e3o e inicia\u00e7\u00e3o cient\u00edfica na Faculdade de Tecnologia da Unicamp. Os primeiros estudos foram sobre o uso de um res\u00edduo industrial, a areia descartada de fundi\u00e7\u00e3o (ADF). Depois iniciamos estudo sobre outros res\u00edduos s\u00f3lidos, sempre aplicados como mat\u00e9ria-prima de materiais de constru\u00e7\u00e3o. Atualmente, os principais res\u00edduos estudados s\u00e3o: esc\u00f3rias de alto forno, esc\u00f3rias de aciaria (esc\u00f3ria de forno panela), res\u00edduos de biomassa (cinzas e biochar),res\u00edduos de constru\u00e7\u00e3o e demoli\u00e7\u00e3o (RCD).Em conjunto aos estudos citados, iniciamos pesquisas sobre o uso do ensaio de ultrassom, t\u00e9cnica n\u00e3o destrutiva, aplicada \u00e0 caracteriza\u00e7\u00e3o e classifica\u00e7\u00e3o de materiais de constru\u00e7\u00e3o, al\u00e9m de ferramenta utilizada no monitoramento e inspe\u00e7\u00e3o de estruturas. Atualmente, as atividades s\u00e3o desenvolvidas nos Laborat\u00f3rios de Materiais de Constru\u00e7\u00e3o, Solos e Transportes, Ensaios Destrutivos e Ensaios n\u00e3o destrutivos da FT-Unicamp. Al\u00e9m disso, temos pesquisas em parceria com pesquisadores de outras unidades da Unicamp (FEC e Feagri). %","breadcrumb":{"@id":"https:\/\/wordpress.ft.unicamp.br\/mats\/#breadcrumb"},"inLanguage":"pt-BR","potentialAction":[{"@type":"ReadAction","target":["https:\/\/wordpress.ft.unicamp.br\/mats\/"]}]},{"@type":"ImageObject","inLanguage":"pt-BR","@id":"https:\/\/wordpress.ft.unicamp.br\/mats\/#primaryimage","url":"https:\/\/wordpress.ft.unicamp.br\/mats\/wp-content\/uploads\/sites\/29\/2021\/03\/a219ac_db0e63d47c874aa6824d4d7ea0857902_mv2_d_4288_2848_s_4_2-1.jpg","contentUrl":"https:\/\/wordpress.ft.unicamp.br\/mats\/wp-content\/uploads\/sites\/29\/2021\/03\/a219ac_db0e63d47c874aa6824d4d7ea0857902_mv2_d_4288_2848_s_4_2-1.jpg","width":980,"height":651},{"@type":"BreadcrumbList","@id":"https:\/\/wordpress.ft.unicamp.br\/mats\/#breadcrumb","itemListElement":[{"@type":"ListItem","position":1,"name":"Home","item":"https:\/\/wordpress.ft.unicamp.br\/mats\/"},{"@type":"ListItem","position":2,"name":"HOME"}]},{"@type":"WebSite","@id":"https:\/\/wordpress.ft.unicamp.br\/mats\/#website","url":"https:\/\/wordpress.ft.unicamp.br\/mats\/","name":"MATS \u2013 Materiais e Tecnologias Sustent\u00e1veis","description":"","publisher":{"@id":"https:\/\/wordpress.ft.unicamp.br\/mats\/#organization"},"potentialAction":[{"@type":"SearchAction","target":{"@type":"EntryPoint","urlTemplate":"https:\/\/wordpress.ft.unicamp.br\/mats\/?s={search_term_string}"},"query-input":{"@type":"PropertyValueSpecification","valueRequired":true,"valueName":"search_term_string"}}],"inLanguage":"pt-BR"},{"@type":"Organization","@id":"https:\/\/wordpress.ft.unicamp.br\/mats\/#organization","name":"MATS \u2013 Materiais e Tecnologias Sustent\u00e1veis","url":"https:\/\/wordpress.ft.unicamp.br\/mats\/","logo":{"@type":"ImageObject","inLanguage":"pt-BR","@id":"https:\/\/wordpress.ft.unicamp.br\/mats\/#\/schema\/logo\/image\/","url":"https:\/\/wordpress.ft.unicamp.br\/mats\/wp-content\/uploads\/sites\/29\/2021\/05\/cropped-facebook_cover_photo_1-2.png","contentUrl":"https:\/\/wordpress.ft.unicamp.br\/mats\/wp-content\/uploads\/sites\/29\/2021\/05\/cropped-facebook_cover_photo_1-2.png","width":682,"height":413,"caption":"MATS \u2013 Materiais e Tecnologias Sustent\u00e1veis"},"image":{"@id":"https:\/\/wordpress.ft.unicamp.br\/mats\/#\/schema\/logo\/image\/"}}]}},"_links":{"self":[{"href":"https:\/\/wordpress.ft.unicamp.br\/mats\/wp-json\/wp\/v2\/pages\/19","targetHints":{"allow":["GET"]}}],"collection":[{"href":"https:\/\/wordpress.ft.unicamp.br\/mats\/wp-json\/wp\/v2\/pages"}],"about":[{"href":"https:\/\/wordpress.ft.unicamp.br\/mats\/wp-json\/wp\/v2\/types\/page"}],"author":[{"embeddable":true,"href":"https:\/\/wordpress.ft.unicamp.br\/mats\/wp-json\/wp\/v2\/users\/1"}],"replies":[{"embeddable":true,"href":"https:\/\/wordpress.ft.unicamp.br\/mats\/wp-json\/wp\/v2\/comments?post=19"}],"version-history":[{"count":3,"href":"https:\/\/wordpress.ft.unicamp.br\/mats\/wp-json\/wp\/v2\/pages\/19\/revisions"}],"predecessor-version":[{"id":244,"href":"https:\/\/wordpress.ft.unicamp.br\/mats\/wp-json\/wp\/v2\/pages\/19\/revisions\/244"}],"wp:featuredmedia":[{"embeddable":true,"href":"https:\/\/wordpress.ft.unicamp.br\/mats\/wp-json\/wp\/v2\/media\/254"}],"wp:attachment":[{"href":"https:\/\/wordpress.ft.unicamp.br\/mats\/wp-json\/wp\/v2\/media?parent=19"}],"curies":[{"name":"wp","href":"https:\/\/api.w.org\/{rel}","templated":true}]}}