{"id":46,"date":"2017-05-26T16:25:06","date_gmt":"2017-05-26T16:25:06","guid":{"rendered":"http:\/\/wordpress.ft.unicamp.br\/residuoseconstrucao\/?page_id=46"},"modified":"2022-04-29T14:23:32","modified_gmt":"2022-04-29T14:23:32","slug":"projetos","status":"publish","type":"page","link":"https:\/\/wordpress.ft.unicamp.br\/mats\/projetos\/","title":{"rendered":"O GRUPO"},"content":{"rendered":"\n<div class=\"wp-block-group\"><div class=\"wp-block-group__inner-container is-layout-flow wp-block-group-is-layout-flow\">\n<div class=\"wp-block-columns is-layout-flex wp-container-core-columns-is-layout-9d6595d7 wp-block-columns-is-layout-flex\">\n<div class=\"wp-block-column is-layout-flow wp-block-column-is-layout-flow\"><\/div>\n\n\n\n<div class=\"wp-block-column is-layout-flow wp-block-column-is-layout-flow\"><\/div>\n<\/div>\n<\/div><\/div>\n\n\n\n<p class=\"has-medium-font-size\"><a href=\"https:\/\/www.ft.unicamp.br\/pt-br\/pessoas\/docentes\/gisleiva\">Respons\u00e1vel: PROF\u00aa DR\u00aa GISLEIVA CRISTINA DOS SANTOS FERREIRA<\/a><\/p>\n\n\n\n<p class=\"has-medium-font-size\">Atualmente, o MATS \u00e9 composto pelos seguintes membros:<\/p>\n\n\n\n<p class=\"has-medium-font-size\"><strong>Tecn\u00f3logo de laborat\u00f3rio<\/strong>:<\/p>\n\n\n\n<p class=\"has-medium-font-size\">Diego Leandro Tomaz <br>Emerson Verzegnassi<br>Reginaldo Ferreira<\/p>\n\n\n\n<p class=\"has-medium-font-size\">Ivonei Teixeira <\/p>\n\n\n\n<p><\/p>\n\n\n\n<p class=\"has-medium-font-size\"><\/p>\n\n\n\n<p class=\"has-medium-font-size\"><strong>Alunos de p\u00f3s-gradua\u00e7\u00e3o:<\/strong><\/p>\n\n\n\n<p class=\"has-medium-font-size\"><em><strong>Doutorado:&nbsp;<\/strong><\/em><\/p>\n\n\n\n<p class=\"has-medium-font-size\">Marinara Moura (PPGFEC\/UNICAMP)<\/p>\n\n\n\n<p class=\"has-medium-font-size\">Projeto: O uso de ensaios de ultrassom para identificar a degrada\u00e7\u00e3o do concreto ap\u00f3s situa\u00e7\u00e3o de inc\u00eandio.<\/p>\n\n\n\n<p><\/p>\n\n\n\n<p class=\"has-medium-font-size\">Everton de Freitas Cordova de Souza (PPGFEC\/UNICAMP)<\/p>\n\n\n\n<p class=\"has-medium-font-size\">Projeto: Durabilidade de argamassas com esc\u00f3ria de forno panela.<\/p>\n\n\n\n<p><\/p>\n\n\n\n<p class=\"has-medium-font-size\">W\u00e9lida de Sousa Sarro<\/p>\n\n\n\n<p class=\"has-medium-font-size\">Projeto: A t\u00e9cnica de ultrassom na caracteriza\u00e7\u00e3o do solo compactado<\/p>\n\n\n\n<p><\/p>\n\n\n\n<p class=\"has-medium-font-size\">Adriana Galletto<\/p>\n\n\n\n<p class=\"has-medium-font-size\">Projeto: M\u00e9todo SONREB para estimativa da resist\u00eancia \u00e1 compress\u00e3o do concreto<\/p>\n\n\n\n<p><\/p>\n\n\n\n<p class=\"has-medium-font-size\"><strong><em>Mestrado:<\/em><\/strong><\/p>\n\n\n\n<p class=\"has-medium-font-size\">Thiago Drozdowski Priosta(PPGFEC\/UNICAMP)<\/p>\n\n\n\n<p class=\"has-medium-font-size\">Projeto: o uso do ultrassom para a obten\u00e7\u00e3o das constantes el\u00e1sticas de concretos submetidos a altas temperaturas.<\/p>\n\n\n\n<p class=\"has-medium-font-size\"><strong><em>Alunos de inicia\u00e7\u00e3o cient\u00edfica:<\/em><\/strong><\/p>\n\n\n\n<p class=\"has-medium-font-size\">Mylena Alves de Castro.<\/p>\n\n\n\n<p class=\"has-medium-font-size\">Projeto: Argamassas com esc\u00f3ria de forno panela. Inicia\u00e7\u00e3o Cient\u00edfica Volunt\u00e1ria.<\/p>\n\n\n\n<p><\/p>\n\n\n\n<p class=\"has-medium-font-size\">Talles Gomes de Lima<\/p>\n\n\n\n<p class=\"has-medium-font-size\">Projeto: Desempenho de argamassas com areia descartada de fundi\u00e7\u00e3o. Bolsa: SAE\/Unicamp. In\u00edcio: set\/2020.<\/p>\n\n\n\n<p class=\"has-medium-font-size\"><strong><em>Trabalho de Conclus\u00e3o de Curso <\/em><\/strong><\/p>\n\n\n\n<p class=\"has-medium-font-size\">Cindy hodoyer<\/p>\n\n\n\n<p class=\"has-medium-font-size\">Projeto: ADF e Ultrassom<\/p>\n\n\n\n<p class=\"has-medium-font-size\"><strong>Bolsistas SAE (2021\/2022)<\/strong><\/p>\n\n\n\n<p>Isadora Roatt<\/p>\n\n\n\n<p class=\"has-medium-font-size\">Luciel Aparecido de Souza Filho &#8211;  Graduando em Engenharia de transportes<\/p>\n\n\n\n<p>Mylena Alves de Castro<\/p>\n\n\n\n<p class=\"has-medium-font-size\">V\u00edtor Emanuel Gon\u00e7alves Domingues  &#8211; Graduando em Engenharia Ambiental<\/p>\n\n\n\n<p class=\"has-medium-font-size\">Samuel Fernando de Moraes &#8211; Graduando em Engenharia de Produ\u00e7\u00e3o<\/p>\n\n\n\n<p><\/p>\n","protected":false},"excerpt":{"rendered":"<p>Respons\u00e1vel: PROF\u00aa DR\u00aa GISLEIVA CRISTINA DOS SANTOS FERREIRA Atualmente, o MATS \u00e9 composto pelos seguintes membros: Tecn\u00f3logo de laborat\u00f3rio: Diego Leandro Tomaz Emerson VerzegnassiReginaldo Ferreira Ivonei Teixeira Alunos de p\u00f3s-gradua\u00e7\u00e3o: Doutorado:&nbsp; Marinara Moura (PPGFEC\/UNICAMP) Projeto: O uso de ensaios de ultrassom para identificar a degrada\u00e7\u00e3o do concreto ap\u00f3s situa\u00e7\u00e3o de inc\u00eandio. Everton de Freitas Cordova <a href=\"https:\/\/wordpress.ft.unicamp.br\/mats\/projetos\/\" rel=\"nofollow\"><span class=\"sr-only\">Leia mais sobreO GRUPO<\/span>[&hellip;]<\/a><\/p>\n","protected":false},"author":21,"featured_media":0,"parent":0,"menu_order":0,"comment_status":"closed","ping_status":"closed","template":"","meta":{"footnotes":""},"class_list":["post-46","page","type-page","status-publish","hentry"],"yoast_head":"<!-- This site is optimized with the Yoast SEO plugin v27.3 - https:\/\/yoast.com\/product\/yoast-seo-wordpress\/ -->\n<title>O GRUPO - MATS \u2013 Materiais e Tecnologias Sustent\u00e1veis<\/title>\n<meta name=\"robots\" content=\"index, follow, max-snippet:-1, max-image-preview:large, max-video-preview:-1\" \/>\n<link rel=\"canonical\" href=\"https:\/\/wordpress.ft.unicamp.br\/mats\/projetos\/\" \/>\n<meta property=\"og:locale\" content=\"pt_BR\" \/>\n<meta property=\"og:type\" content=\"article\" \/>\n<meta property=\"og:title\" content=\"O GRUPO - MATS \u2013 Materiais e Tecnologias Sustent\u00e1veis\" \/>\n<meta property=\"og:description\" content=\"Respons\u00e1vel: PROF\u00aa DR\u00aa GISLEIVA CRISTINA DOS SANTOS FERREIRA Atualmente, o MATS \u00e9 composto pelos seguintes membros: Tecn\u00f3logo de laborat\u00f3rio: Diego Leandro Tomaz Emerson VerzegnassiReginaldo Ferreira Ivonei Teixeira Alunos de p\u00f3s-gradua\u00e7\u00e3o: Doutorado:&nbsp; Marinara Moura (PPGFEC\/UNICAMP) Projeto: O uso de ensaios de ultrassom para identificar a degrada\u00e7\u00e3o do concreto ap\u00f3s situa\u00e7\u00e3o de inc\u00eandio. Everton de Freitas Cordova Leia mais sobreO GRUPO[&hellip;]\" \/>\n<meta property=\"og:url\" content=\"https:\/\/wordpress.ft.unicamp.br\/mats\/projetos\/\" \/>\n<meta property=\"og:site_name\" content=\"MATS \u2013 Materiais e Tecnologias Sustent\u00e1veis\" \/>\n<meta property=\"article:modified_time\" content=\"2022-04-29T14:23:32+00:00\" \/>\n<meta name=\"twitter:card\" content=\"summary_large_image\" \/>\n<meta name=\"twitter:label1\" content=\"Est. tempo de leitura\" \/>\n\t<meta name=\"twitter:data1\" content=\"2 minutos\" \/>\n<script type=\"application\/ld+json\" class=\"yoast-schema-graph\">{\"@context\":\"https:\\\/\\\/schema.org\",\"@graph\":[{\"@type\":\"WebPage\",\"@id\":\"https:\\\/\\\/wordpress.ft.unicamp.br\\\/mats\\\/projetos\\\/\",\"url\":\"https:\\\/\\\/wordpress.ft.unicamp.br\\\/mats\\\/projetos\\\/\",\"name\":\"O GRUPO - MATS \u2013 Materiais e Tecnologias Sustent\u00e1veis\",\"isPartOf\":{\"@id\":\"https:\\\/\\\/wordpress.ft.unicamp.br\\\/mats\\\/#website\"},\"datePublished\":\"2017-05-26T16:25:06+00:00\",\"dateModified\":\"2022-04-29T14:23:32+00:00\",\"breadcrumb\":{\"@id\":\"https:\\\/\\\/wordpress.ft.unicamp.br\\\/mats\\\/projetos\\\/#breadcrumb\"},\"inLanguage\":\"pt-BR\",\"potentialAction\":[{\"@type\":\"ReadAction\",\"target\":[\"https:\\\/\\\/wordpress.ft.unicamp.br\\\/mats\\\/projetos\\\/\"]}]},{\"@type\":\"BreadcrumbList\",\"@id\":\"https:\\\/\\\/wordpress.ft.unicamp.br\\\/mats\\\/projetos\\\/#breadcrumb\",\"itemListElement\":[{\"@type\":\"ListItem\",\"position\":1,\"name\":\"Home\",\"item\":\"https:\\\/\\\/wordpress.ft.unicamp.br\\\/mats\\\/\"},{\"@type\":\"ListItem\",\"position\":2,\"name\":\"O GRUPO\"}]},{\"@type\":\"WebSite\",\"@id\":\"https:\\\/\\\/wordpress.ft.unicamp.br\\\/mats\\\/#website\",\"url\":\"https:\\\/\\\/wordpress.ft.unicamp.br\\\/mats\\\/\",\"name\":\"MATS \u2013 Materiais e Tecnologias Sustent\u00e1veis\",\"description\":\"\",\"publisher\":{\"@id\":\"https:\\\/\\\/wordpress.ft.unicamp.br\\\/mats\\\/#organization\"},\"potentialAction\":[{\"@type\":\"SearchAction\",\"target\":{\"@type\":\"EntryPoint\",\"urlTemplate\":\"https:\\\/\\\/wordpress.ft.unicamp.br\\\/mats\\\/?s={search_term_string}\"},\"query-input\":{\"@type\":\"PropertyValueSpecification\",\"valueRequired\":true,\"valueName\":\"search_term_string\"}}],\"inLanguage\":\"pt-BR\"},{\"@type\":\"Organization\",\"@id\":\"https:\\\/\\\/wordpress.ft.unicamp.br\\\/mats\\\/#organization\",\"name\":\"MATS \u2013 Materiais e Tecnologias Sustent\u00e1veis\",\"url\":\"https:\\\/\\\/wordpress.ft.unicamp.br\\\/mats\\\/\",\"logo\":{\"@type\":\"ImageObject\",\"inLanguage\":\"pt-BR\",\"@id\":\"https:\\\/\\\/wordpress.ft.unicamp.br\\\/mats\\\/#\\\/schema\\\/logo\\\/image\\\/\",\"url\":\"https:\\\/\\\/wordpress.ft.unicamp.br\\\/mats\\\/wp-content\\\/uploads\\\/sites\\\/29\\\/2021\\\/05\\\/cropped-facebook_cover_photo_1-2.png\",\"contentUrl\":\"https:\\\/\\\/wordpress.ft.unicamp.br\\\/mats\\\/wp-content\\\/uploads\\\/sites\\\/29\\\/2021\\\/05\\\/cropped-facebook_cover_photo_1-2.png\",\"width\":682,\"height\":413,\"caption\":\"MATS \u2013 Materiais e Tecnologias Sustent\u00e1veis\"},\"image\":{\"@id\":\"https:\\\/\\\/wordpress.ft.unicamp.br\\\/mats\\\/#\\\/schema\\\/logo\\\/image\\\/\"}}]}<\/script>\n<!-- \/ Yoast SEO plugin. -->","yoast_head_json":{"title":"O GRUPO - MATS \u2013 Materiais e Tecnologias Sustent\u00e1veis","robots":{"index":"index","follow":"follow","max-snippet":"max-snippet:-1","max-image-preview":"max-image-preview:large","max-video-preview":"max-video-preview:-1"},"canonical":"https:\/\/wordpress.ft.unicamp.br\/mats\/projetos\/","og_locale":"pt_BR","og_type":"article","og_title":"O GRUPO - MATS \u2013 Materiais e Tecnologias Sustent\u00e1veis","og_description":"Respons\u00e1vel: PROF\u00aa DR\u00aa GISLEIVA CRISTINA DOS SANTOS FERREIRA Atualmente, o MATS \u00e9 composto pelos seguintes membros: Tecn\u00f3logo de laborat\u00f3rio: Diego Leandro Tomaz Emerson VerzegnassiReginaldo Ferreira Ivonei Teixeira Alunos de p\u00f3s-gradua\u00e7\u00e3o: Doutorado:&nbsp; Marinara Moura (PPGFEC\/UNICAMP) Projeto: O uso de ensaios de ultrassom para identificar a degrada\u00e7\u00e3o do concreto ap\u00f3s situa\u00e7\u00e3o de inc\u00eandio. Everton de Freitas Cordova Leia mais sobreO GRUPO[&hellip;]","og_url":"https:\/\/wordpress.ft.unicamp.br\/mats\/projetos\/","og_site_name":"MATS \u2013 Materiais e Tecnologias Sustent\u00e1veis","article_modified_time":"2022-04-29T14:23:32+00:00","twitter_card":"summary_large_image","twitter_misc":{"Est. tempo de leitura":"2 minutos"},"schema":{"@context":"https:\/\/schema.org","@graph":[{"@type":"WebPage","@id":"https:\/\/wordpress.ft.unicamp.br\/mats\/projetos\/","url":"https:\/\/wordpress.ft.unicamp.br\/mats\/projetos\/","name":"O GRUPO - MATS \u2013 Materiais e Tecnologias Sustent\u00e1veis","isPartOf":{"@id":"https:\/\/wordpress.ft.unicamp.br\/mats\/#website"},"datePublished":"2017-05-26T16:25:06+00:00","dateModified":"2022-04-29T14:23:32+00:00","breadcrumb":{"@id":"https:\/\/wordpress.ft.unicamp.br\/mats\/projetos\/#breadcrumb"},"inLanguage":"pt-BR","potentialAction":[{"@type":"ReadAction","target":["https:\/\/wordpress.ft.unicamp.br\/mats\/projetos\/"]}]},{"@type":"BreadcrumbList","@id":"https:\/\/wordpress.ft.unicamp.br\/mats\/projetos\/#breadcrumb","itemListElement":[{"@type":"ListItem","position":1,"name":"Home","item":"https:\/\/wordpress.ft.unicamp.br\/mats\/"},{"@type":"ListItem","position":2,"name":"O GRUPO"}]},{"@type":"WebSite","@id":"https:\/\/wordpress.ft.unicamp.br\/mats\/#website","url":"https:\/\/wordpress.ft.unicamp.br\/mats\/","name":"MATS \u2013 Materiais e Tecnologias Sustent\u00e1veis","description":"","publisher":{"@id":"https:\/\/wordpress.ft.unicamp.br\/mats\/#organization"},"potentialAction":[{"@type":"SearchAction","target":{"@type":"EntryPoint","urlTemplate":"https:\/\/wordpress.ft.unicamp.br\/mats\/?s={search_term_string}"},"query-input":{"@type":"PropertyValueSpecification","valueRequired":true,"valueName":"search_term_string"}}],"inLanguage":"pt-BR"},{"@type":"Organization","@id":"https:\/\/wordpress.ft.unicamp.br\/mats\/#organization","name":"MATS \u2013 Materiais e Tecnologias Sustent\u00e1veis","url":"https:\/\/wordpress.ft.unicamp.br\/mats\/","logo":{"@type":"ImageObject","inLanguage":"pt-BR","@id":"https:\/\/wordpress.ft.unicamp.br\/mats\/#\/schema\/logo\/image\/","url":"https:\/\/wordpress.ft.unicamp.br\/mats\/wp-content\/uploads\/sites\/29\/2021\/05\/cropped-facebook_cover_photo_1-2.png","contentUrl":"https:\/\/wordpress.ft.unicamp.br\/mats\/wp-content\/uploads\/sites\/29\/2021\/05\/cropped-facebook_cover_photo_1-2.png","width":682,"height":413,"caption":"MATS \u2013 Materiais e Tecnologias Sustent\u00e1veis"},"image":{"@id":"https:\/\/wordpress.ft.unicamp.br\/mats\/#\/schema\/logo\/image\/"}}]}},"_links":{"self":[{"href":"https:\/\/wordpress.ft.unicamp.br\/mats\/wp-json\/wp\/v2\/pages\/46","targetHints":{"allow":["GET"]}}],"collection":[{"href":"https:\/\/wordpress.ft.unicamp.br\/mats\/wp-json\/wp\/v2\/pages"}],"about":[{"href":"https:\/\/wordpress.ft.unicamp.br\/mats\/wp-json\/wp\/v2\/types\/page"}],"author":[{"embeddable":true,"href":"https:\/\/wordpress.ft.unicamp.br\/mats\/wp-json\/wp\/v2\/users\/21"}],"replies":[{"embeddable":true,"href":"https:\/\/wordpress.ft.unicamp.br\/mats\/wp-json\/wp\/v2\/comments?post=46"}],"version-history":[{"count":25,"href":"https:\/\/wordpress.ft.unicamp.br\/mats\/wp-json\/wp\/v2\/pages\/46\/revisions"}],"predecessor-version":[{"id":648,"href":"https:\/\/wordpress.ft.unicamp.br\/mats\/wp-json\/wp\/v2\/pages\/46\/revisions\/648"}],"wp:attachment":[{"href":"https:\/\/wordpress.ft.unicamp.br\/mats\/wp-json\/wp\/v2\/media?parent=46"}],"curies":[{"name":"wp","href":"https:\/\/api.w.org\/{rel}","templated":true}]}}