{"id":48,"date":"2021-04-29T18:43:13","date_gmt":"2021-04-29T18:43:13","guid":{"rendered":"http:\/\/wordpress.ft.unicamp.br\/residuoseconstrucao\/?page_id=48"},"modified":"2021-11-22T21:28:30","modified_gmt":"2021-11-22T21:28:30","slug":"calendario","status":"publish","type":"page","link":"https:\/\/wordpress.ft.unicamp.br\/mats\/calendario\/","title":{"rendered":"CALEND\u00c1RIO"},"content":{"rendered":"\n<figure class=\"wp-block-image size-large is-resized is-style-default\"><a href=\"https:\/\/www.sympla.com.br\/i-simposio-sobre-ensaios-nao-destrutivos-na-construcao-civil__1057362\"><img fetchpriority=\"high\" decoding=\"async\" src=\"https:\/\/wordpress.ft.unicamp.br\/mats\/wp-content\/uploads\/sites\/29\/2021\/04\/unnamed-1024x536.png\" alt=\"\" class=\"wp-image-401\" width=\"550\" height=\"288\" srcset=\"https:\/\/wordpress.ft.unicamp.br\/mats\/wp-content\/uploads\/sites\/29\/2021\/04\/unnamed-1024x536.png 1024w, https:\/\/wordpress.ft.unicamp.br\/mats\/wp-content\/uploads\/sites\/29\/2021\/04\/unnamed-300x157.png 300w, https:\/\/wordpress.ft.unicamp.br\/mats\/wp-content\/uploads\/sites\/29\/2021\/04\/unnamed-768x402.png 768w, https:\/\/wordpress.ft.unicamp.br\/mats\/wp-content\/uploads\/sites\/29\/2021\/04\/unnamed-1536x804.png 1536w, https:\/\/wordpress.ft.unicamp.br\/mats\/wp-content\/uploads\/sites\/29\/2021\/04\/unnamed.png 1600w\" sizes=\"(max-width: 550px) 100vw, 550px\" \/><\/a><\/figure>\n\n\n\n<p style=\"font-size:30px\"><a href=\"https:\/\/www.sympla.com.br\/i-simposio-sobre-ensaios-nao-destrutivos-na-construcao-civil__1057362\" target=\"_blank\" rel=\"noreferrer noopener\">I SIMP\u00d3SIO SOBRE ENSAIOS N\u00c3O DESTRUTIVOS NA CONSTRU\u00c7\u00c3O CIVIL<\/a><\/p>\n\n\n\n<p class=\"has-medium-font-size\"><strong>Organizado por:<\/strong>&nbsp;Secretaria Acad\u00eamica &#8211; FEC<\/p>\n\n\n\n<p class=\"has-medium-font-size\"><strong>Data:<\/strong>&nbsp;Segunda, 20 de setembro 2021 08h &#8211; Ter\u00e7a, 21 de setembro 2021 18h<\/p>\n\n\n\n<p class=\"has-medium-font-size\"><strong>Local:<\/strong>&nbsp;Rua Saturnino de Brito, 224 Campinas, SP<\/p>\n\n\n\n<p class=\"has-large-font-size\"><a href=\"https:\/\/www.sympla.com.br\/i-simposio-sobre-ensaios-nao-destrutivos-na-construcao-civil__1057362\">INSCRI\u00c7\u00d5ES ABERTAS!<\/a><\/p>\n\n\n\n<p><\/p>\n\n\n\n<p>_<s>____________________________________________________________________________________________________________________________<\/s><\/p>\n\n\n\n<p style=\"font-size:30px\"><a href=\"https:\/\/www.foruns.unicamp.br\/eventos\/forum-permanente-avancos-no-gerenciamento-de-residuos-e-cidades-inteligentes\"><strong>F\u00f3rum Permanente: Avan\u00e7os no gerenciamento de res\u00edduos e cidades inteligentes<\/strong><\/a><\/p>\n\n\n\n<h5 class=\"wp-block-heading\"><\/h5>\n\n\n\n<figure class=\"wp-block-image size-large\"><img decoding=\"async\" width=\"576\" height=\"486\" src=\"http:\/\/wordpress.ft.unicamp.br\/mats\/wp-content\/uploads\/sites\/29\/2021\/05\/download-1-1.jpg\" alt=\"\" class=\"wp-image-444\" srcset=\"https:\/\/wordpress.ft.unicamp.br\/mats\/wp-content\/uploads\/sites\/29\/2021\/05\/download-1-1.jpg 576w, https:\/\/wordpress.ft.unicamp.br\/mats\/wp-content\/uploads\/sites\/29\/2021\/05\/download-1-1-300x253.jpg 300w\" sizes=\"(max-width: 576px) 100vw, 576px\" \/><\/figure>\n\n\n\n<p>F\u00f3rum Permanente: Avan\u00e7os no gerenciamento de res\u00edduos e cidades inteligentes<\/p>\n\n\n\n<h5 class=\"has-medium-font-size wp-block-heading\">Detalhes do evento<\/h5>\n\n\n\n<p class=\"has-medium-font-size\">Per\u00edodo do evento: 07\/06\/2021 a 08\/06\/2021<\/p>\n\n\n\n<p class=\"has-medium-font-size\">Per\u00edodo de inscri\u00e7\u00e3o: 03\/05\/2021 a 07\/06\/2021<\/p>\n\n\n\n<p class=\"has-large-font-size\"><a href=\"https:\/\/sistemas.proec.unicamp.br\/admin\/inscritos\/novo\/575\">INCRI\u00c7\u00d5ES ABERTAS (INSCREVA &#8211; SE AQUI)<\/a><\/p>\n\n\n\n<p><\/p>\n\n\n\n<p><s>______________________________________________________________________________________________________________________________<\/s><\/p>\n\n\n\n<p><\/p>\n\n\n\n<p class=\"has-medium-font-size\"><a href=\"https:\/\/mailchi.mp\/d2cd184111df\/conpat2021-chamada-de-trabalhos-vai-at-o-dia-315?e=7b031491f7\"><strong>CONPAT 2021<\/strong> &#8211; XVI CONGRESSO LATINO &#8211; AMERICANO DE PATOLOGIA DA CONSTRU\u00c7\u00c3O CIVIL E XVIII DE CONSTROLE DA QUALIDADE NA CONSTRU\u00c7\u00c3O<\/a><\/p>\n\n\n\n<p style=\"font-size:25px\"><\/p>\n\n\n\n<figure class=\"wp-block-image size-large\"><img decoding=\"async\" width=\"775\" height=\"495\" src=\"http:\/\/wordpress.ft.unicamp.br\/mats\/wp-content\/uploads\/sites\/29\/2021\/05\/e4c62f97-1799-4659-b095-78a461b564d6.jpg\" alt=\"\" class=\"wp-image-458\" srcset=\"https:\/\/wordpress.ft.unicamp.br\/mats\/wp-content\/uploads\/sites\/29\/2021\/05\/e4c62f97-1799-4659-b095-78a461b564d6.jpg 775w, https:\/\/wordpress.ft.unicamp.br\/mats\/wp-content\/uploads\/sites\/29\/2021\/05\/e4c62f97-1799-4659-b095-78a461b564d6-300x192.jpg 300w, https:\/\/wordpress.ft.unicamp.br\/mats\/wp-content\/uploads\/sites\/29\/2021\/05\/e4c62f97-1799-4659-b095-78a461b564d6-768x491.jpg 768w\" sizes=\"(max-width: 775px) 100vw, 775px\" \/><\/figure>\n\n\n\n<h1 class=\"wp-block-heading\">CHAMADA PARA SUBMISS\u00c3O DE ARTIGOS*<\/h1>\n\n\n\n<p class=\"has-medium-font-size\">Os artigos completos dever\u00e3o ser&nbsp;<strong>enviados at\u00e9 o dia 31 de maio de 2021<\/strong>, atrav\u00e9s do website de submiss\u00e3o de artigos para o evento&nbsp;<a href=\"http:\/\/conpat2021.com\/trabajos.php\" target=\"_blank\" rel=\"noreferrer noopener\">conpat2021.com\/trabajos.php<\/a>.&nbsp;<br>Para acessar a o website geral do evento:&nbsp;<a href=\"https:\/\/conpat2021.com\/\" target=\"_blank\" rel=\"noreferrer noopener\">conpat2021.com<\/a><\/p>\n\n\n\n<p class=\"has-medium-font-size\"><strong>* Obs.: trata\u2014se de uma fase \u00fanica de submiss\u00e3o, n\u00e3o houve fase anterior de submiss\u00e3o de resumos.<\/strong><\/p>\n\n\n\n<p class=\"has-medium-font-size\"><strong>DATAS IMPORTANTES<\/strong>:<\/p>\n\n\n\n<figure class=\"wp-block-image size-large\"><img loading=\"lazy\" decoding=\"async\" width=\"477\" height=\"234\" src=\"http:\/\/wordpress.ft.unicamp.br\/mats\/wp-content\/uploads\/sites\/29\/2021\/05\/b48e8b9f-10d7-43ad-a4fa-608edac2f44f.jpg\" alt=\"\" class=\"wp-image-457\" srcset=\"https:\/\/wordpress.ft.unicamp.br\/mats\/wp-content\/uploads\/sites\/29\/2021\/05\/b48e8b9f-10d7-43ad-a4fa-608edac2f44f.jpg 477w, https:\/\/wordpress.ft.unicamp.br\/mats\/wp-content\/uploads\/sites\/29\/2021\/05\/b48e8b9f-10d7-43ad-a4fa-608edac2f44f-300x147.jpg 300w\" sizes=\"(max-width: 477px) 100vw, 477px\" \/><\/figure>\n\n\n\n<figure class=\"wp-block-table is-style-stripes\"><table><tbody><tr><td><\/td><\/tr><\/tbody><\/table><\/figure>\n\n\n\n<p><\/p>\n\n\n\n<p><\/p>\n","protected":false},"excerpt":{"rendered":"<p>I SIMP\u00d3SIO SOBRE ENSAIOS N\u00c3O DESTRUTIVOS NA CONSTRU\u00c7\u00c3O CIVIL Organizado por:&nbsp;Secretaria Acad\u00eamica &#8211; FEC Data:&nbsp;Segunda, 20 de setembro 2021 08h &#8211; Ter\u00e7a, 21 de setembro 2021 18h Local:&nbsp;Rua Saturnino de Brito, 224 Campinas, SP INSCRI\u00c7\u00d5ES ABERTAS! _____________________________________________________________________________________________________________________________ F\u00f3rum Permanente: Avan\u00e7os no gerenciamento de res\u00edduos e cidades inteligentes F\u00f3rum Permanente: Avan\u00e7os no gerenciamento de res\u00edduos e <a href=\"https:\/\/wordpress.ft.unicamp.br\/mats\/calendario\/\" rel=\"nofollow\"><span class=\"sr-only\">Leia mais sobreCALEND\u00c1RIO<\/span>[&hellip;]<\/a><\/p>\n","protected":false},"author":69,"featured_media":0,"parent":0,"menu_order":0,"comment_status":"closed","ping_status":"closed","template":"","meta":{"footnotes":""},"class_list":["post-48","page","type-page","status-publish","hentry"],"yoast_head":"<!-- This site is optimized with the Yoast SEO plugin v27.3 - https:\/\/yoast.com\/product\/yoast-seo-wordpress\/ -->\n<title>CALEND\u00c1RIO - MATS \u2013 Materiais e Tecnologias Sustent\u00e1veis<\/title>\n<meta name=\"robots\" content=\"index, follow, max-snippet:-1, max-image-preview:large, max-video-preview:-1\" \/>\n<link rel=\"canonical\" href=\"https:\/\/wordpress.ft.unicamp.br\/mats\/calendario\/\" \/>\n<meta property=\"og:locale\" content=\"pt_BR\" \/>\n<meta property=\"og:type\" content=\"article\" \/>\n<meta property=\"og:title\" content=\"CALEND\u00c1RIO - MATS \u2013 Materiais e Tecnologias Sustent\u00e1veis\" \/>\n<meta property=\"og:description\" content=\"I SIMP\u00d3SIO SOBRE ENSAIOS N\u00c3O DESTRUTIVOS NA CONSTRU\u00c7\u00c3O CIVIL Organizado por:&nbsp;Secretaria Acad\u00eamica &#8211; FEC Data:&nbsp;Segunda, 20 de setembro 2021 08h &#8211; Ter\u00e7a, 21 de setembro 2021 18h Local:&nbsp;Rua Saturnino de Brito, 224 Campinas, SP INSCRI\u00c7\u00d5ES ABERTAS! _____________________________________________________________________________________________________________________________ F\u00f3rum Permanente: Avan\u00e7os no gerenciamento de res\u00edduos e cidades inteligentes F\u00f3rum Permanente: Avan\u00e7os no gerenciamento de res\u00edduos e Leia mais sobreCALEND\u00c1RIO[&hellip;]\" \/>\n<meta property=\"og:url\" content=\"https:\/\/wordpress.ft.unicamp.br\/mats\/calendario\/\" \/>\n<meta property=\"og:site_name\" content=\"MATS \u2013 Materiais e Tecnologias Sustent\u00e1veis\" \/>\n<meta property=\"article:modified_time\" content=\"2021-11-22T21:28:30+00:00\" \/>\n<meta property=\"og:image\" content=\"https:\/\/wordpress.ft.unicamp.br\/mats\/wp-content\/uploads\/sites\/29\/2021\/04\/unnamed-1024x536.png\" \/>\n<meta name=\"twitter:card\" content=\"summary_large_image\" \/>\n<meta name=\"twitter:label1\" content=\"Est. tempo de leitura\" \/>\n\t<meta name=\"twitter:data1\" content=\"2 minutos\" \/>\n<script type=\"application\/ld+json\" class=\"yoast-schema-graph\">{\"@context\":\"https:\\\/\\\/schema.org\",\"@graph\":[{\"@type\":\"WebPage\",\"@id\":\"https:\\\/\\\/wordpress.ft.unicamp.br\\\/mats\\\/calendario\\\/\",\"url\":\"https:\\\/\\\/wordpress.ft.unicamp.br\\\/mats\\\/calendario\\\/\",\"name\":\"CALEND\u00c1RIO - MATS \u2013 Materiais e Tecnologias Sustent\u00e1veis\",\"isPartOf\":{\"@id\":\"https:\\\/\\\/wordpress.ft.unicamp.br\\\/mats\\\/#website\"},\"primaryImageOfPage\":{\"@id\":\"https:\\\/\\\/wordpress.ft.unicamp.br\\\/mats\\\/calendario\\\/#primaryimage\"},\"image\":{\"@id\":\"https:\\\/\\\/wordpress.ft.unicamp.br\\\/mats\\\/calendario\\\/#primaryimage\"},\"thumbnailUrl\":\"https:\\\/\\\/wordpress.ft.unicamp.br\\\/mats\\\/wp-content\\\/uploads\\\/sites\\\/29\\\/2021\\\/04\\\/unnamed-1024x536.png\",\"datePublished\":\"2021-04-29T18:43:13+00:00\",\"dateModified\":\"2021-11-22T21:28:30+00:00\",\"breadcrumb\":{\"@id\":\"https:\\\/\\\/wordpress.ft.unicamp.br\\\/mats\\\/calendario\\\/#breadcrumb\"},\"inLanguage\":\"pt-BR\",\"potentialAction\":[{\"@type\":\"ReadAction\",\"target\":[\"https:\\\/\\\/wordpress.ft.unicamp.br\\\/mats\\\/calendario\\\/\"]}]},{\"@type\":\"ImageObject\",\"inLanguage\":\"pt-BR\",\"@id\":\"https:\\\/\\\/wordpress.ft.unicamp.br\\\/mats\\\/calendario\\\/#primaryimage\",\"url\":\"https:\\\/\\\/wordpress.ft.unicamp.br\\\/mats\\\/wp-content\\\/uploads\\\/sites\\\/29\\\/2021\\\/04\\\/unnamed.png\",\"contentUrl\":\"https:\\\/\\\/wordpress.ft.unicamp.br\\\/mats\\\/wp-content\\\/uploads\\\/sites\\\/29\\\/2021\\\/04\\\/unnamed.png\",\"width\":1600,\"height\":838},{\"@type\":\"BreadcrumbList\",\"@id\":\"https:\\\/\\\/wordpress.ft.unicamp.br\\\/mats\\\/calendario\\\/#breadcrumb\",\"itemListElement\":[{\"@type\":\"ListItem\",\"position\":1,\"name\":\"Home\",\"item\":\"https:\\\/\\\/wordpress.ft.unicamp.br\\\/mats\\\/\"},{\"@type\":\"ListItem\",\"position\":2,\"name\":\"CALEND\u00c1RIO\"}]},{\"@type\":\"WebSite\",\"@id\":\"https:\\\/\\\/wordpress.ft.unicamp.br\\\/mats\\\/#website\",\"url\":\"https:\\\/\\\/wordpress.ft.unicamp.br\\\/mats\\\/\",\"name\":\"MATS \u2013 Materiais e Tecnologias Sustent\u00e1veis\",\"description\":\"\",\"publisher\":{\"@id\":\"https:\\\/\\\/wordpress.ft.unicamp.br\\\/mats\\\/#organization\"},\"potentialAction\":[{\"@type\":\"SearchAction\",\"target\":{\"@type\":\"EntryPoint\",\"urlTemplate\":\"https:\\\/\\\/wordpress.ft.unicamp.br\\\/mats\\\/?s={search_term_string}\"},\"query-input\":{\"@type\":\"PropertyValueSpecification\",\"valueRequired\":true,\"valueName\":\"search_term_string\"}}],\"inLanguage\":\"pt-BR\"},{\"@type\":\"Organization\",\"@id\":\"https:\\\/\\\/wordpress.ft.unicamp.br\\\/mats\\\/#organization\",\"name\":\"MATS \u2013 Materiais e Tecnologias Sustent\u00e1veis\",\"url\":\"https:\\\/\\\/wordpress.ft.unicamp.br\\\/mats\\\/\",\"logo\":{\"@type\":\"ImageObject\",\"inLanguage\":\"pt-BR\",\"@id\":\"https:\\\/\\\/wordpress.ft.unicamp.br\\\/mats\\\/#\\\/schema\\\/logo\\\/image\\\/\",\"url\":\"https:\\\/\\\/wordpress.ft.unicamp.br\\\/mats\\\/wp-content\\\/uploads\\\/sites\\\/29\\\/2021\\\/05\\\/cropped-facebook_cover_photo_1-2.png\",\"contentUrl\":\"https:\\\/\\\/wordpress.ft.unicamp.br\\\/mats\\\/wp-content\\\/uploads\\\/sites\\\/29\\\/2021\\\/05\\\/cropped-facebook_cover_photo_1-2.png\",\"width\":682,\"height\":413,\"caption\":\"MATS \u2013 Materiais e Tecnologias Sustent\u00e1veis\"},\"image\":{\"@id\":\"https:\\\/\\\/wordpress.ft.unicamp.br\\\/mats\\\/#\\\/schema\\\/logo\\\/image\\\/\"}}]}<\/script>\n<!-- \/ Yoast SEO plugin. -->","yoast_head_json":{"title":"CALEND\u00c1RIO - MATS \u2013 Materiais e Tecnologias Sustent\u00e1veis","robots":{"index":"index","follow":"follow","max-snippet":"max-snippet:-1","max-image-preview":"max-image-preview:large","max-video-preview":"max-video-preview:-1"},"canonical":"https:\/\/wordpress.ft.unicamp.br\/mats\/calendario\/","og_locale":"pt_BR","og_type":"article","og_title":"CALEND\u00c1RIO - MATS \u2013 Materiais e Tecnologias Sustent\u00e1veis","og_description":"I SIMP\u00d3SIO SOBRE ENSAIOS N\u00c3O DESTRUTIVOS NA CONSTRU\u00c7\u00c3O CIVIL Organizado por:&nbsp;Secretaria Acad\u00eamica &#8211; FEC Data:&nbsp;Segunda, 20 de setembro 2021 08h &#8211; Ter\u00e7a, 21 de setembro 2021 18h Local:&nbsp;Rua Saturnino de Brito, 224 Campinas, SP INSCRI\u00c7\u00d5ES ABERTAS! _____________________________________________________________________________________________________________________________ F\u00f3rum Permanente: Avan\u00e7os no gerenciamento de res\u00edduos e cidades inteligentes F\u00f3rum Permanente: Avan\u00e7os no gerenciamento de res\u00edduos e Leia mais sobreCALEND\u00c1RIO[&hellip;]","og_url":"https:\/\/wordpress.ft.unicamp.br\/mats\/calendario\/","og_site_name":"MATS \u2013 Materiais e Tecnologias Sustent\u00e1veis","article_modified_time":"2021-11-22T21:28:30+00:00","og_image":[{"url":"https:\/\/wordpress.ft.unicamp.br\/mats\/wp-content\/uploads\/sites\/29\/2021\/04\/unnamed-1024x536.png","type":"","width":"","height":""}],"twitter_card":"summary_large_image","twitter_misc":{"Est. tempo de leitura":"2 minutos"},"schema":{"@context":"https:\/\/schema.org","@graph":[{"@type":"WebPage","@id":"https:\/\/wordpress.ft.unicamp.br\/mats\/calendario\/","url":"https:\/\/wordpress.ft.unicamp.br\/mats\/calendario\/","name":"CALEND\u00c1RIO - MATS \u2013 Materiais e Tecnologias Sustent\u00e1veis","isPartOf":{"@id":"https:\/\/wordpress.ft.unicamp.br\/mats\/#website"},"primaryImageOfPage":{"@id":"https:\/\/wordpress.ft.unicamp.br\/mats\/calendario\/#primaryimage"},"image":{"@id":"https:\/\/wordpress.ft.unicamp.br\/mats\/calendario\/#primaryimage"},"thumbnailUrl":"https:\/\/wordpress.ft.unicamp.br\/mats\/wp-content\/uploads\/sites\/29\/2021\/04\/unnamed-1024x536.png","datePublished":"2021-04-29T18:43:13+00:00","dateModified":"2021-11-22T21:28:30+00:00","breadcrumb":{"@id":"https:\/\/wordpress.ft.unicamp.br\/mats\/calendario\/#breadcrumb"},"inLanguage":"pt-BR","potentialAction":[{"@type":"ReadAction","target":["https:\/\/wordpress.ft.unicamp.br\/mats\/calendario\/"]}]},{"@type":"ImageObject","inLanguage":"pt-BR","@id":"https:\/\/wordpress.ft.unicamp.br\/mats\/calendario\/#primaryimage","url":"https:\/\/wordpress.ft.unicamp.br\/mats\/wp-content\/uploads\/sites\/29\/2021\/04\/unnamed.png","contentUrl":"https:\/\/wordpress.ft.unicamp.br\/mats\/wp-content\/uploads\/sites\/29\/2021\/04\/unnamed.png","width":1600,"height":838},{"@type":"BreadcrumbList","@id":"https:\/\/wordpress.ft.unicamp.br\/mats\/calendario\/#breadcrumb","itemListElement":[{"@type":"ListItem","position":1,"name":"Home","item":"https:\/\/wordpress.ft.unicamp.br\/mats\/"},{"@type":"ListItem","position":2,"name":"CALEND\u00c1RIO"}]},{"@type":"WebSite","@id":"https:\/\/wordpress.ft.unicamp.br\/mats\/#website","url":"https:\/\/wordpress.ft.unicamp.br\/mats\/","name":"MATS \u2013 Materiais e Tecnologias Sustent\u00e1veis","description":"","publisher":{"@id":"https:\/\/wordpress.ft.unicamp.br\/mats\/#organization"},"potentialAction":[{"@type":"SearchAction","target":{"@type":"EntryPoint","urlTemplate":"https:\/\/wordpress.ft.unicamp.br\/mats\/?s={search_term_string}"},"query-input":{"@type":"PropertyValueSpecification","valueRequired":true,"valueName":"search_term_string"}}],"inLanguage":"pt-BR"},{"@type":"Organization","@id":"https:\/\/wordpress.ft.unicamp.br\/mats\/#organization","name":"MATS \u2013 Materiais e Tecnologias Sustent\u00e1veis","url":"https:\/\/wordpress.ft.unicamp.br\/mats\/","logo":{"@type":"ImageObject","inLanguage":"pt-BR","@id":"https:\/\/wordpress.ft.unicamp.br\/mats\/#\/schema\/logo\/image\/","url":"https:\/\/wordpress.ft.unicamp.br\/mats\/wp-content\/uploads\/sites\/29\/2021\/05\/cropped-facebook_cover_photo_1-2.png","contentUrl":"https:\/\/wordpress.ft.unicamp.br\/mats\/wp-content\/uploads\/sites\/29\/2021\/05\/cropped-facebook_cover_photo_1-2.png","width":682,"height":413,"caption":"MATS \u2013 Materiais e Tecnologias Sustent\u00e1veis"},"image":{"@id":"https:\/\/wordpress.ft.unicamp.br\/mats\/#\/schema\/logo\/image\/"}}]}},"_links":{"self":[{"href":"https:\/\/wordpress.ft.unicamp.br\/mats\/wp-json\/wp\/v2\/pages\/48","targetHints":{"allow":["GET"]}}],"collection":[{"href":"https:\/\/wordpress.ft.unicamp.br\/mats\/wp-json\/wp\/v2\/pages"}],"about":[{"href":"https:\/\/wordpress.ft.unicamp.br\/mats\/wp-json\/wp\/v2\/types\/page"}],"author":[{"embeddable":true,"href":"https:\/\/wordpress.ft.unicamp.br\/mats\/wp-json\/wp\/v2\/users\/69"}],"replies":[{"embeddable":true,"href":"https:\/\/wordpress.ft.unicamp.br\/mats\/wp-json\/wp\/v2\/comments?post=48"}],"version-history":[{"count":18,"href":"https:\/\/wordpress.ft.unicamp.br\/mats\/wp-json\/wp\/v2\/pages\/48\/revisions"}],"predecessor-version":[{"id":471,"href":"https:\/\/wordpress.ft.unicamp.br\/mats\/wp-json\/wp\/v2\/pages\/48\/revisions\/471"}],"wp:attachment":[{"href":"https:\/\/wordpress.ft.unicamp.br\/mats\/wp-json\/wp\/v2\/media?parent=48"}],"curies":[{"name":"wp","href":"https:\/\/api.w.org\/{rel}","templated":true}]}}