{"id":74,"date":"2025-08-11T22:53:54","date_gmt":"2025-08-11T22:53:54","guid":{"rendered":"https:\/\/wordpress.ft.unicamp.br\/norma29119\/?page_id=74"},"modified":"2025-12-09T22:08:06","modified_gmt":"2025-12-09T22:08:06","slug":"docente","status":"publish","type":"page","link":"https:\/\/wordpress.ft.unicamp.br\/norma29119\/docente\/","title":{"rendered":"Docente"},"content":{"rendered":"\t\t<div data-elementor-type=\"wp-page\" data-elementor-id=\"74\" class=\"elementor elementor-74\">\n\t\t\t\t<div class=\"elementor-element elementor-element-77a07e1 e-flex e-con-boxed e-con e-parent\" data-id=\"77a07e1\" data-element_type=\"container\" data-e-type=\"container\">\n\t\t\t\t\t<div class=\"e-con-inner\">\n\t\t<div class=\"elementor-element elementor-element-ccd3e05 e-con-full e-flex e-con e-child\" data-id=\"ccd3e05\" data-element_type=\"container\" data-e-type=\"container\">\n\t\t\t\t<div class=\"elementor-element elementor-element-d72b595 elementor-widget__width-auto elementor-widget elementor-widget-link-in-bio\" data-id=\"d72b595\" data-element_type=\"widget\" data-e-type=\"widget\" data-widget_type=\"link-in-bio.default\">\n\t\t\t\t<div class=\"elementor-widget-container\">\n\t\t\t\t\t\t\t<div class=\"e-link-in-bio e-link-in-bio\">\n\t\t\t<div class=\"e-link-in-bio__content\">\n\n\t\t\t\t\t\t<div class=\"e-link-in-bio__identity\">\n\t\t\t\t\t\t\t\t\t<div class=\"e-link-in-bio__identity-image e-link-in-bio__identity-image-profile has-style-circle\">\n\t\t\t\t\t\t\t<img fetchpriority=\"high\" decoding=\"async\" width=\"225\" height=\"300\" src=\"https:\/\/wordpress.ft.unicamp.br\/norma29119\/wp-content\/uploads\/sites\/93\/2025\/08\/WhatsApp-Image-2025-08-12-at-14.44.33-225x300.jpeg\" class=\"e-link-in-bio__identity-image-element\" alt=\"\" srcset=\"https:\/\/wordpress.ft.unicamp.br\/norma29119\/wp-content\/uploads\/sites\/93\/2025\/08\/WhatsApp-Image-2025-08-12-at-14.44.33-225x300.jpeg 225w, https:\/\/wordpress.ft.unicamp.br\/norma29119\/wp-content\/uploads\/sites\/93\/2025\/08\/WhatsApp-Image-2025-08-12-at-14.44.33-769x1024.jpeg 769w, https:\/\/wordpress.ft.unicamp.br\/norma29119\/wp-content\/uploads\/sites\/93\/2025\/08\/WhatsApp-Image-2025-08-12-at-14.44.33-768x1022.jpeg 768w, https:\/\/wordpress.ft.unicamp.br\/norma29119\/wp-content\/uploads\/sites\/93\/2025\/08\/WhatsApp-Image-2025-08-12-at-14.44.33-1154x1536.jpeg 1154w, https:\/\/wordpress.ft.unicamp.br\/norma29119\/wp-content\/uploads\/sites\/93\/2025\/08\/WhatsApp-Image-2025-08-12-at-14.44.33.jpeg 1202w\" sizes=\"(max-width: 225px) 100vw, 225px\" \/>\t\t\t\t\t\t\t\t\t\t\t\t\t<\/div>\n\t\t\t\t\t\t\t<\/div>\n\t\t\t\t\t<div class=\"e-link-in-bio__bio\">\n\t\t\t\t<h2 class=\"e-link-in-bio__heading\">Pl\u00ednio Vilela<\/h2>\t\t\t\t<h4 class=\"e-link-in-bio__title\">Professor Doutor - MS3.2<\/h4>\t\t\t\t\t\t\t\t<p class=\"e-link-in-bio__description\">Email: plinio@ft.unicamp.br   \n\nTelefone: (19) 2113-3455<\/p>\t\t\t<\/div>\n\t\t\t\t\t<div class=\"e-link-in-bio__icons has-size-small\">\n\t\t\t\t\t\t\t<div class=\"e-link-in-bio__icon is-size-small\">\n\t\t\t\t\t<a target=\"_blank\" rel=\"noopener \" aria-label=\"Facebook\" class=\"e-link-in-bio__icon-link\" href=\"\">\n\t\t\t\t\t\t<span class=\"e-link-in-bio__icon-svg\">\n\t\t\t\t\t\t\t<svg aria-hidden=\"true\" class=\"e-font-icon-svg e-fab-facebook\" viewBox=\"0 0 512 512\" xmlns=\"http:\/\/www.w3.org\/2000\/svg\"><path d=\"M504 256C504 119 393 8 256 8S8 119 8 256c0 123.78 90.69 226.38 209.25 245V327.69h-63V256h63v-54.64c0-62.15 37-96.48 93.67-96.48 27.14 0 55.52 4.84 55.52 4.84v61h-31.28c-30.8 0-40.41 19.12-40.41 38.73V256h68.78l-11 71.69h-57.78V501C413.31 482.38 504 379.78 504 256z\"><\/path><\/svg>\t\t\t\t\t\t<\/span>\n\t\t\t\t\t\t\t\t\t\t\t<\/a>\n\t\t\t\t<\/div>\n\t\t\t\t\t\t\t<div class=\"e-link-in-bio__icon is-size-small\">\n\t\t\t\t\t<a href=\"https:\/\/www.linkedin.com\/in\/pliniovilela\/\" target=\"_blank\" rel=\"noopener \" aria-label=\"LinkedIn\" class=\"e-link-in-bio__icon-link\">\n\t\t\t\t\t\t<span class=\"e-link-in-bio__icon-svg\">\n\t\t\t\t\t\t\t<svg aria-hidden=\"true\" class=\"e-font-icon-svg e-fab-linkedin-in\" viewBox=\"0 0 448 512\" xmlns=\"http:\/\/www.w3.org\/2000\/svg\"><path d=\"M100.28 448H7.4V148.9h92.88zM53.79 108.1C24.09 108.1 0 83.5 0 53.8a53.79 53.79 0 0 1 107.58 0c0 29.7-24.1 54.3-53.79 54.3zM447.9 448h-92.68V302.4c0-34.7-.7-79.2-48.29-79.2-48.29 0-55.69 37.7-55.69 76.7V448h-92.78V148.9h89.08v40.8h1.3c12.4-23.5 42.69-48.3 87.88-48.3 94 0 111.28 61.9 111.28 142.3V448z\"><\/path><\/svg>\t\t\t\t\t\t<\/span>\n\t\t\t\t\t\t\t\t\t\t\t<\/a>\n\t\t\t\t<\/div>\n\t\t\t\t\t<\/div>\n\t\t\n\t\t<div class=\"e-link-in-bio__ctas has-type-button\">\n\t\t\t\t\t\t\t<a href=\"http:\/\/lattes.cnpq.br\/3674036702112123\" target=\"_blank\" rel=\"noopener \" class=\"e-link-in-bio__cta is-type-button has-corners-rounded\">\n\t\t\t\t\t\t\t\t\t\t<span class=\"e-link-in-bio__cta-text\">\n\t\t\t\t\t\tCurriculo Lattes\t\t\t\t\t<\/span>\n\t\t\t\t<\/a>\n\t\t\t\t\t\t\t<a href=\"https:\/\/www.ft.unicamp.br\/pt-br\/pessoas\/docentes\/plinio\" target=\"_blank\" rel=\"noopener \" class=\"e-link-in-bio__cta is-type-button has-corners-rounded\">\n\t\t\t\t\t\t\t\t\t\t<span class=\"e-link-in-bio__cta-text\">\n\t\t\t\t\t\tPagina Pessoal\t\t\t\t\t<\/span>\n\t\t\t\t<\/a>\n\t\t\t\t\t<\/div>\n\t\t\n\t\t\t<\/div>\n\t\t\t<div class=\"e-link-in-bio__bg\">\n\t\t\t\t<div class=\"e-link-in-bio__bg-overlay\"><\/div>\n\t\t\t<\/div>\n\t\t<\/div>\n\t\t\t\t\t\t<\/div>\n\t\t\t\t<\/div>\n\t\t\t\t<\/div>\n\t\t<div class=\"elementor-element elementor-element-70c6da0 e-con-full e-flex e-con e-child\" data-id=\"70c6da0\" data-element_type=\"container\" data-e-type=\"container\">\n\t\t\t\t<div class=\"elementor-element elementor-element-22dcd74 elementor-widget elementor-widget-text-editor\" data-id=\"22dcd74\" data-element_type=\"widget\" data-e-type=\"widget\" data-widget_type=\"text-editor.default\">\n\t\t\t\t\t\t\t\t\t<h3>Sobre mim:<\/h3><p>Bacharel em Ci\u00eancia da Computa\u00e7\u00e3o pela Universidade de S\u00e3o Paulo (1991), Mestre e Doutor em Engenharia El\u00e9trica (Automa\u00e7\u00e3o) pela Universidade Estadual de Campinas (1994 e 1998), com p\u00f3s-doutorado pela Universidade de S\u00e3o Paulo \u2013 S\u00e3o Carlos. Realizou doutorado sandu\u00edche na Purdue University, EUA (1995-1996). Atuou como Research Scientist na Telcordia Technologies, Inc. (1999-2001), foi docente pesquisador na Univem (at\u00e9 2003) e na Unimep (at\u00e9 2012). Foi docente da ESEG \u2013 Escola Superior de Engenharia e Gest\u00e3o (2008-2012) e da Universidade Anhembi Morumbi (2013). \u00c9 s\u00f3cio-fundador da D2S, empresa voltada para m\u00eddia digital na Internet e para Educa\u00e7\u00e3o a Dist\u00e2ncia. Atualmente \u00e9 professor e pesquisador da Faculdade de Tecnologia da Universidade Estadual de Campinas. Tem experi\u00eancia na \u00e1rea de Ci\u00eancia da Computa\u00e7\u00e3o, com \u00eanfase em Engenharia de Software, atuando principalmente nos seguintes temas: teste de software, processos de desenvolvimento de software, qualidade de software, seguran\u00e7a de software e desenvolvimento de aplicativos m\u00f3veis. Atua tamb\u00e9m como especialista no SC7 \u2013 Subcomit\u00ea de Software e Sistemas da ABNT, contribuindo para a revis\u00e3o e tradu\u00e7\u00e3o da norma ISO\/IEC\/IEEE 29119 (Teste de Software).<\/p>\t\t\t\t\t\t\t\t<\/div>\n\t\t\t\t<\/div>\n\t\t\t\t\t<\/div>\n\t\t\t\t<\/div>\n\t\t\t\t<\/div>\n\t\t","protected":false},"excerpt":{"rendered":"<p>Pl\u00ednio Vilela Professor Doutor &#8211; MS3.2 Email: plinio@ft.unicamp.br Telefone: (19) 2113-3455 Curriculo Lattes Pagina Pessoal Sobre mim: Bacharel em Ci\u00eancia da Computa\u00e7\u00e3o pela Universidade de S\u00e3o Paulo (1991), Mestre e Doutor em Engenharia El\u00e9trica (Automa\u00e7\u00e3o) pela Universidade Estadual de Campinas (1994 e 1998), com p\u00f3s-doutorado pela Universidade de S\u00e3o Paulo \u2013 S\u00e3o Carlos. Realizou doutorado &hellip;<\/p>\n<p class=\"read-more\"> <a class=\"\" href=\"https:\/\/wordpress.ft.unicamp.br\/norma29119\/docente\/\"> <span class=\"screen-reader-text\">Docente<\/span> Read More &raquo;<\/a><\/p>\n","protected":false},"author":135,"featured_media":0,"parent":0,"menu_order":0,"comment_status":"closed","ping_status":"closed","template":"","meta":{"site-sidebar-layout":"no-sidebar","site-content-layout":"page-builder","ast-global-header-display":"","ast-banner-title-visibility":"","ast-main-header-display":"","ast-hfb-above-header-display":"","ast-hfb-below-header-display":"","ast-hfb-mobile-header-display":"","site-post-title":"disabled","ast-breadcrumbs-content":"","ast-featured-img":"disabled","footer-sml-layout":"","theme-transparent-header-meta":"","adv-header-id-meta":"","stick-header-meta":"","header-above-stick-meta":"","header-main-stick-meta":"","header-below-stick-meta":"","footnotes":""},"class_list":["post-74","page","type-page","status-publish","hentry"],"yoast_head":"<!-- This site is optimized with the Yoast SEO plugin v27.3 - https:\/\/yoast.com\/product\/yoast-seo-wordpress\/ -->\n<title>Docente -<\/title>\n<meta name=\"robots\" content=\"index, follow, max-snippet:-1, max-image-preview:large, max-video-preview:-1\" \/>\n<link rel=\"canonical\" href=\"https:\/\/wordpress.ft.unicamp.br\/norma29119\/docente\/\" \/>\n<meta property=\"og:locale\" content=\"pt_BR\" \/>\n<meta property=\"og:type\" content=\"article\" \/>\n<meta property=\"og:title\" content=\"Docente -\" \/>\n<meta property=\"og:description\" content=\"Pl\u00ednio Vilela Professor Doutor &#8211; MS3.2 Email: plinio@ft.unicamp.br Telefone: (19) 2113-3455 Curriculo Lattes Pagina Pessoal Sobre mim: Bacharel em Ci\u00eancia da Computa\u00e7\u00e3o pela Universidade de S\u00e3o Paulo (1991), Mestre e Doutor em Engenharia El\u00e9trica (Automa\u00e7\u00e3o) pela Universidade Estadual de Campinas (1994 e 1998), com p\u00f3s-doutorado pela Universidade de S\u00e3o Paulo \u2013 S\u00e3o Carlos. Realizou doutorado &hellip; Docente Read More &raquo;\" \/>\n<meta property=\"og:url\" content=\"https:\/\/wordpress.ft.unicamp.br\/norma29119\/docente\/\" \/>\n<meta property=\"article:modified_time\" content=\"2025-12-09T22:08:06+00:00\" \/>\n<meta property=\"og:image\" content=\"http:\/\/wordpress.ft.unicamp.br\/norma29119\/wp-content\/uploads\/sites\/93\/2025\/08\/WhatsApp-Image-2025-08-12-at-14.44.33-225x300.jpeg\" \/>\n<meta name=\"twitter:card\" content=\"summary_large_image\" \/>\n<meta name=\"twitter:label1\" content=\"Est. tempo de leitura\" \/>\n\t<meta name=\"twitter:data1\" content=\"1 minuto\" \/>\n<script type=\"application\/ld+json\" class=\"yoast-schema-graph\">{\"@context\":\"https:\\\/\\\/schema.org\",\"@graph\":[{\"@type\":\"WebPage\",\"@id\":\"https:\\\/\\\/wordpress.ft.unicamp.br\\\/norma29119\\\/docente\\\/\",\"url\":\"https:\\\/\\\/wordpress.ft.unicamp.br\\\/norma29119\\\/docente\\\/\",\"name\":\"Docente -\",\"isPartOf\":{\"@id\":\"https:\\\/\\\/wordpress.ft.unicamp.br\\\/norma29119\\\/#website\"},\"primaryImageOfPage\":{\"@id\":\"https:\\\/\\\/wordpress.ft.unicamp.br\\\/norma29119\\\/docente\\\/#primaryimage\"},\"image\":{\"@id\":\"https:\\\/\\\/wordpress.ft.unicamp.br\\\/norma29119\\\/docente\\\/#primaryimage\"},\"thumbnailUrl\":\"http:\\\/\\\/wordpress.ft.unicamp.br\\\/norma29119\\\/wp-content\\\/uploads\\\/sites\\\/93\\\/2025\\\/08\\\/WhatsApp-Image-2025-08-12-at-14.44.33-225x300.jpeg\",\"datePublished\":\"2025-08-11T22:53:54+00:00\",\"dateModified\":\"2025-12-09T22:08:06+00:00\",\"breadcrumb\":{\"@id\":\"https:\\\/\\\/wordpress.ft.unicamp.br\\\/norma29119\\\/docente\\\/#breadcrumb\"},\"inLanguage\":\"pt-BR\",\"potentialAction\":[{\"@type\":\"ReadAction\",\"target\":[\"https:\\\/\\\/wordpress.ft.unicamp.br\\\/norma29119\\\/docente\\\/\"]}]},{\"@type\":\"ImageObject\",\"inLanguage\":\"pt-BR\",\"@id\":\"https:\\\/\\\/wordpress.ft.unicamp.br\\\/norma29119\\\/docente\\\/#primaryimage\",\"url\":\"http:\\\/\\\/wordpress.ft.unicamp.br\\\/norma29119\\\/wp-content\\\/uploads\\\/sites\\\/93\\\/2025\\\/08\\\/WhatsApp-Image-2025-08-12-at-14.44.33-225x300.jpeg\",\"contentUrl\":\"http:\\\/\\\/wordpress.ft.unicamp.br\\\/norma29119\\\/wp-content\\\/uploads\\\/sites\\\/93\\\/2025\\\/08\\\/WhatsApp-Image-2025-08-12-at-14.44.33-225x300.jpeg\"},{\"@type\":\"BreadcrumbList\",\"@id\":\"https:\\\/\\\/wordpress.ft.unicamp.br\\\/norma29119\\\/docente\\\/#breadcrumb\",\"itemListElement\":[{\"@type\":\"ListItem\",\"position\":1,\"name\":\"Home\",\"item\":\"https:\\\/\\\/wordpress.ft.unicamp.br\\\/norma29119\\\/\"},{\"@type\":\"ListItem\",\"position\":2,\"name\":\"Docente\"}]},{\"@type\":\"WebSite\",\"@id\":\"https:\\\/\\\/wordpress.ft.unicamp.br\\\/norma29119\\\/#website\",\"url\":\"https:\\\/\\\/wordpress.ft.unicamp.br\\\/norma29119\\\/\",\"name\":\"\",\"description\":\"\",\"potentialAction\":[{\"@type\":\"SearchAction\",\"target\":{\"@type\":\"EntryPoint\",\"urlTemplate\":\"https:\\\/\\\/wordpress.ft.unicamp.br\\\/norma29119\\\/?s={search_term_string}\"},\"query-input\":{\"@type\":\"PropertyValueSpecification\",\"valueRequired\":true,\"valueName\":\"search_term_string\"}}],\"inLanguage\":\"pt-BR\"}]}<\/script>\n<!-- \/ Yoast SEO plugin. -->","yoast_head_json":{"title":"Docente -","robots":{"index":"index","follow":"follow","max-snippet":"max-snippet:-1","max-image-preview":"max-image-preview:large","max-video-preview":"max-video-preview:-1"},"canonical":"https:\/\/wordpress.ft.unicamp.br\/norma29119\/docente\/","og_locale":"pt_BR","og_type":"article","og_title":"Docente -","og_description":"Pl\u00ednio Vilela Professor Doutor &#8211; MS3.2 Email: plinio@ft.unicamp.br Telefone: (19) 2113-3455 Curriculo Lattes Pagina Pessoal Sobre mim: Bacharel em Ci\u00eancia da Computa\u00e7\u00e3o pela Universidade de S\u00e3o Paulo (1991), Mestre e Doutor em Engenharia El\u00e9trica (Automa\u00e7\u00e3o) pela Universidade Estadual de Campinas (1994 e 1998), com p\u00f3s-doutorado pela Universidade de S\u00e3o Paulo \u2013 S\u00e3o Carlos. Realizou doutorado &hellip; Docente Read More &raquo;","og_url":"https:\/\/wordpress.ft.unicamp.br\/norma29119\/docente\/","article_modified_time":"2025-12-09T22:08:06+00:00","og_image":[{"url":"http:\/\/wordpress.ft.unicamp.br\/norma29119\/wp-content\/uploads\/sites\/93\/2025\/08\/WhatsApp-Image-2025-08-12-at-14.44.33-225x300.jpeg","type":"","width":"","height":""}],"twitter_card":"summary_large_image","twitter_misc":{"Est. tempo de leitura":"1 minuto"},"schema":{"@context":"https:\/\/schema.org","@graph":[{"@type":"WebPage","@id":"https:\/\/wordpress.ft.unicamp.br\/norma29119\/docente\/","url":"https:\/\/wordpress.ft.unicamp.br\/norma29119\/docente\/","name":"Docente -","isPartOf":{"@id":"https:\/\/wordpress.ft.unicamp.br\/norma29119\/#website"},"primaryImageOfPage":{"@id":"https:\/\/wordpress.ft.unicamp.br\/norma29119\/docente\/#primaryimage"},"image":{"@id":"https:\/\/wordpress.ft.unicamp.br\/norma29119\/docente\/#primaryimage"},"thumbnailUrl":"http:\/\/wordpress.ft.unicamp.br\/norma29119\/wp-content\/uploads\/sites\/93\/2025\/08\/WhatsApp-Image-2025-08-12-at-14.44.33-225x300.jpeg","datePublished":"2025-08-11T22:53:54+00:00","dateModified":"2025-12-09T22:08:06+00:00","breadcrumb":{"@id":"https:\/\/wordpress.ft.unicamp.br\/norma29119\/docente\/#breadcrumb"},"inLanguage":"pt-BR","potentialAction":[{"@type":"ReadAction","target":["https:\/\/wordpress.ft.unicamp.br\/norma29119\/docente\/"]}]},{"@type":"ImageObject","inLanguage":"pt-BR","@id":"https:\/\/wordpress.ft.unicamp.br\/norma29119\/docente\/#primaryimage","url":"http:\/\/wordpress.ft.unicamp.br\/norma29119\/wp-content\/uploads\/sites\/93\/2025\/08\/WhatsApp-Image-2025-08-12-at-14.44.33-225x300.jpeg","contentUrl":"http:\/\/wordpress.ft.unicamp.br\/norma29119\/wp-content\/uploads\/sites\/93\/2025\/08\/WhatsApp-Image-2025-08-12-at-14.44.33-225x300.jpeg"},{"@type":"BreadcrumbList","@id":"https:\/\/wordpress.ft.unicamp.br\/norma29119\/docente\/#breadcrumb","itemListElement":[{"@type":"ListItem","position":1,"name":"Home","item":"https:\/\/wordpress.ft.unicamp.br\/norma29119\/"},{"@type":"ListItem","position":2,"name":"Docente"}]},{"@type":"WebSite","@id":"https:\/\/wordpress.ft.unicamp.br\/norma29119\/#website","url":"https:\/\/wordpress.ft.unicamp.br\/norma29119\/","name":"","description":"","potentialAction":[{"@type":"SearchAction","target":{"@type":"EntryPoint","urlTemplate":"https:\/\/wordpress.ft.unicamp.br\/norma29119\/?s={search_term_string}"},"query-input":{"@type":"PropertyValueSpecification","valueRequired":true,"valueName":"search_term_string"}}],"inLanguage":"pt-BR"}]}},"_links":{"self":[{"href":"https:\/\/wordpress.ft.unicamp.br\/norma29119\/wp-json\/wp\/v2\/pages\/74","targetHints":{"allow":["GET"]}}],"collection":[{"href":"https:\/\/wordpress.ft.unicamp.br\/norma29119\/wp-json\/wp\/v2\/pages"}],"about":[{"href":"https:\/\/wordpress.ft.unicamp.br\/norma29119\/wp-json\/wp\/v2\/types\/page"}],"author":[{"embeddable":true,"href":"https:\/\/wordpress.ft.unicamp.br\/norma29119\/wp-json\/wp\/v2\/users\/135"}],"replies":[{"embeddable":true,"href":"https:\/\/wordpress.ft.unicamp.br\/norma29119\/wp-json\/wp\/v2\/comments?post=74"}],"version-history":[{"count":22,"href":"https:\/\/wordpress.ft.unicamp.br\/norma29119\/wp-json\/wp\/v2\/pages\/74\/revisions"}],"predecessor-version":[{"id":265,"href":"https:\/\/wordpress.ft.unicamp.br\/norma29119\/wp-json\/wp\/v2\/pages\/74\/revisions\/265"}],"wp:attachment":[{"href":"https:\/\/wordpress.ft.unicamp.br\/norma29119\/wp-json\/wp\/v2\/media?parent=74"}],"curies":[{"name":"wp","href":"https:\/\/api.w.org\/{rel}","templated":true}]}}