{"id":11,"date":"2015-08-31T19:56:14","date_gmt":"2015-08-31T19:56:14","guid":{"rendered":"http:\/\/www.ft.unicamp.br\/psp\/?page_id=11"},"modified":"2015-08-31T19:56:14","modified_gmt":"2015-08-31T19:56:14","slug":"sponsors","status":"publish","type":"page","link":"https:\/\/wordpress.ft.unicamp.br\/psp\/sponsors\/","title":{"rendered":"Sponsors"},"content":{"rendered":"<p><em>These are Brazilian agencies and companies that have already supported the researches of PSP group\u2019s members.<\/em><\/p>\n<p>&nbsp;<\/p>\n<p><strong><u>Agencies for Research<\/u><\/strong><br \/>\n\u2022 FAEPEX &#8211; Fundo de Apoio ao Ensino, \u00e0 Pesquisa e \u00e0 Extens\u00e3o da Unicamp<br \/>\n\u2022 FAPESP &#8211; Funda\u00e7\u00e3o de Amparo \u00e0 Pesquisa do Estado de S\u00e3o Paulo<br \/>\n\u2022 CNPq &#8211; Conselho Nacional de Desenvolvimento Cient\u00edfico e Tecnol\u00f3gico<br \/>\n\u2022 CAPES &#8211; Coordena\u00e7\u00e3o de Aperfei\u00e7oamento de Pessoal de N\u00edvel Superior<\/p>\n<p><strong><u>Companies of Energy<\/u><\/strong><br \/>\n\u2022 ONS &#8211; Operador Nacional do Sistema El\u00e9trico<br \/>\n\u2022 CESP &#8211; Companhia Energ\u00e9tica de S\u00e3o Paulo<br \/>\n\u2022 Duke Energy Brazil<br \/>\n\u2022 AES Tiet\u00ea<br \/>\n\u2022 ANEEL &#8211; Ag\u00eancia Nacional de Energia El\u00e9trica<\/p>\n","protected":false},"excerpt":{"rendered":"<p>These are Brazilian agencies and companies that have already supported the researches of PSP group\u2019s members. &nbsp; Agencies for Research \u2022 FAEPEX &#8211; Fundo de Apoio ao Ensino, \u00e0 Pesquisa e \u00e0 Extens\u00e3o da Unicamp \u2022 FAPESP &#8211; Funda\u00e7\u00e3o de Amparo \u00e0 Pesquisa do Estado de S\u00e3o Paulo \u2022 CNPq &#8211; Conselho Nacional de Desenvolvimento [&hellip;]<\/p>\n","protected":false},"author":1,"featured_media":0,"parent":0,"menu_order":0,"comment_status":"closed","ping_status":"closed","template":"","meta":{"footnotes":""},"class_list":["post-11","page","type-page","status-publish","hentry"],"yoast_head":"<!-- This site is optimized with the Yoast SEO plugin v27.3 - https:\/\/yoast.com\/product\/yoast-seo-wordpress\/ -->\n<title>Sponsors - Production Systems Planning<\/title>\n<meta name=\"robots\" content=\"index, follow, max-snippet:-1, max-image-preview:large, max-video-preview:-1\" \/>\n<link rel=\"canonical\" href=\"https:\/\/wordpress.ft.unicamp.br\/psp\/sponsors\/\" \/>\n<meta property=\"og:locale\" content=\"pt_BR\" \/>\n<meta property=\"og:type\" content=\"article\" \/>\n<meta property=\"og:title\" content=\"Sponsors - Production Systems Planning\" \/>\n<meta property=\"og:description\" content=\"These are Brazilian agencies and companies that have already supported the researches of PSP group\u2019s members. &nbsp; Agencies for Research \u2022 FAEPEX &#8211; Fundo de Apoio ao Ensino, \u00e0 Pesquisa e \u00e0 Extens\u00e3o da Unicamp \u2022 FAPESP &#8211; Funda\u00e7\u00e3o de Amparo \u00e0 Pesquisa do Estado de S\u00e3o Paulo \u2022 CNPq &#8211; Conselho Nacional de Desenvolvimento [&hellip;]\" \/>\n<meta property=\"og:url\" content=\"https:\/\/wordpress.ft.unicamp.br\/psp\/sponsors\/\" \/>\n<meta property=\"og:site_name\" content=\"Production Systems Planning\" \/>\n<meta name=\"twitter:card\" content=\"summary_large_image\" \/>\n<meta name=\"twitter:label1\" content=\"Est. tempo de leitura\" \/>\n\t<meta name=\"twitter:data1\" content=\"1 minuto\" \/>\n<script type=\"application\/ld+json\" class=\"yoast-schema-graph\">{\"@context\":\"https:\\\/\\\/schema.org\",\"@graph\":[{\"@type\":\"WebPage\",\"@id\":\"https:\\\/\\\/wordpress.ft.unicamp.br\\\/psp\\\/sponsors\\\/\",\"url\":\"https:\\\/\\\/wordpress.ft.unicamp.br\\\/psp\\\/sponsors\\\/\",\"name\":\"Sponsors - Production Systems Planning\",\"isPartOf\":{\"@id\":\"https:\\\/\\\/wordpress.ft.unicamp.br\\\/psp\\\/#website\"},\"datePublished\":\"2015-08-31T19:56:14+00:00\",\"breadcrumb\":{\"@id\":\"https:\\\/\\\/wordpress.ft.unicamp.br\\\/psp\\\/sponsors\\\/#breadcrumb\"},\"inLanguage\":\"pt-BR\",\"potentialAction\":[{\"@type\":\"ReadAction\",\"target\":[\"https:\\\/\\\/wordpress.ft.unicamp.br\\\/psp\\\/sponsors\\\/\"]}]},{\"@type\":\"BreadcrumbList\",\"@id\":\"https:\\\/\\\/wordpress.ft.unicamp.br\\\/psp\\\/sponsors\\\/#breadcrumb\",\"itemListElement\":[{\"@type\":\"ListItem\",\"position\":1,\"name\":\"Home\",\"item\":\"https:\\\/\\\/wordpress.ft.unicamp.br\\\/psp\\\/\"},{\"@type\":\"ListItem\",\"position\":2,\"name\":\"Sponsors\"}]},{\"@type\":\"WebSite\",\"@id\":\"https:\\\/\\\/wordpress.ft.unicamp.br\\\/psp\\\/#website\",\"url\":\"https:\\\/\\\/wordpress.ft.unicamp.br\\\/psp\\\/\",\"name\":\"Production Systems Planning\",\"description\":\"\",\"potentialAction\":[{\"@type\":\"SearchAction\",\"target\":{\"@type\":\"EntryPoint\",\"urlTemplate\":\"https:\\\/\\\/wordpress.ft.unicamp.br\\\/psp\\\/?s={search_term_string}\"},\"query-input\":{\"@type\":\"PropertyValueSpecification\",\"valueRequired\":true,\"valueName\":\"search_term_string\"}}],\"inLanguage\":\"pt-BR\"}]}<\/script>\n<!-- \/ Yoast SEO plugin. -->","yoast_head_json":{"title":"Sponsors - Production Systems Planning","robots":{"index":"index","follow":"follow","max-snippet":"max-snippet:-1","max-image-preview":"max-image-preview:large","max-video-preview":"max-video-preview:-1"},"canonical":"https:\/\/wordpress.ft.unicamp.br\/psp\/sponsors\/","og_locale":"pt_BR","og_type":"article","og_title":"Sponsors - Production Systems Planning","og_description":"These are Brazilian agencies and companies that have already supported the researches of PSP group\u2019s members. &nbsp; Agencies for Research \u2022 FAEPEX &#8211; Fundo de Apoio ao Ensino, \u00e0 Pesquisa e \u00e0 Extens\u00e3o da Unicamp \u2022 FAPESP &#8211; Funda\u00e7\u00e3o de Amparo \u00e0 Pesquisa do Estado de S\u00e3o Paulo \u2022 CNPq &#8211; Conselho Nacional de Desenvolvimento [&hellip;]","og_url":"https:\/\/wordpress.ft.unicamp.br\/psp\/sponsors\/","og_site_name":"Production Systems Planning","twitter_card":"summary_large_image","twitter_misc":{"Est. tempo de leitura":"1 minuto"},"schema":{"@context":"https:\/\/schema.org","@graph":[{"@type":"WebPage","@id":"https:\/\/wordpress.ft.unicamp.br\/psp\/sponsors\/","url":"https:\/\/wordpress.ft.unicamp.br\/psp\/sponsors\/","name":"Sponsors - Production Systems Planning","isPartOf":{"@id":"https:\/\/wordpress.ft.unicamp.br\/psp\/#website"},"datePublished":"2015-08-31T19:56:14+00:00","breadcrumb":{"@id":"https:\/\/wordpress.ft.unicamp.br\/psp\/sponsors\/#breadcrumb"},"inLanguage":"pt-BR","potentialAction":[{"@type":"ReadAction","target":["https:\/\/wordpress.ft.unicamp.br\/psp\/sponsors\/"]}]},{"@type":"BreadcrumbList","@id":"https:\/\/wordpress.ft.unicamp.br\/psp\/sponsors\/#breadcrumb","itemListElement":[{"@type":"ListItem","position":1,"name":"Home","item":"https:\/\/wordpress.ft.unicamp.br\/psp\/"},{"@type":"ListItem","position":2,"name":"Sponsors"}]},{"@type":"WebSite","@id":"https:\/\/wordpress.ft.unicamp.br\/psp\/#website","url":"https:\/\/wordpress.ft.unicamp.br\/psp\/","name":"Production Systems Planning","description":"","potentialAction":[{"@type":"SearchAction","target":{"@type":"EntryPoint","urlTemplate":"https:\/\/wordpress.ft.unicamp.br\/psp\/?s={search_term_string}"},"query-input":{"@type":"PropertyValueSpecification","valueRequired":true,"valueName":"search_term_string"}}],"inLanguage":"pt-BR"}]}},"_links":{"self":[{"href":"https:\/\/wordpress.ft.unicamp.br\/psp\/wp-json\/wp\/v2\/pages\/11","targetHints":{"allow":["GET"]}}],"collection":[{"href":"https:\/\/wordpress.ft.unicamp.br\/psp\/wp-json\/wp\/v2\/pages"}],"about":[{"href":"https:\/\/wordpress.ft.unicamp.br\/psp\/wp-json\/wp\/v2\/types\/page"}],"author":[{"embeddable":true,"href":"https:\/\/wordpress.ft.unicamp.br\/psp\/wp-json\/wp\/v2\/users\/1"}],"replies":[{"embeddable":true,"href":"https:\/\/wordpress.ft.unicamp.br\/psp\/wp-json\/wp\/v2\/comments?post=11"}],"version-history":[{"count":0,"href":"https:\/\/wordpress.ft.unicamp.br\/psp\/wp-json\/wp\/v2\/pages\/11\/revisions"}],"wp:attachment":[{"href":"https:\/\/wordpress.ft.unicamp.br\/psp\/wp-json\/wp\/v2\/media?parent=11"}],"curies":[{"name":"wp","href":"https:\/\/api.w.org\/{rel}","templated":true}]}}