{"id":13,"date":"2015-08-31T19:56:58","date_gmt":"2015-08-31T19:56:58","guid":{"rendered":"http:\/\/www.ft.unicamp.br\/psp\/?page_id=13"},"modified":"2015-08-31T19:56:58","modified_gmt":"2015-08-31T19:56:58","slug":"opportunities","status":"publish","type":"page","link":"https:\/\/wordpress.ft.unicamp.br\/psp\/opportunities\/","title":{"rendered":"Opportunities"},"content":{"rendered":"<p><strong><u>For master and doctorate students<\/u><\/strong><br \/>\nYou are welcome to join us for achieving your M.S. or Ph.D. degree in:<\/p>\n<p>\u2022 Energy Systems Planning<br \/>\n<u><a href=\"http:\/\/web2.fem.unicamp.br\/~hpcpg\/mostrar.php?n=index&amp;dep=planejamento_sistemas_energeticos\" target=\"_blank\">Information &#8211; Graduation Program<\/a><br \/>\n<a href=\"http:\/\/odyssey.fem.unicamp.br\/AlunoReg\/\" target=\"_blank\">How to apply &#8211;\u00a0Application System<\/a><\/u><\/p>\n<p>\u2022 Technology and Innovation &#8211;\u00a0Environment<br \/>\n<u><a href=\"http:\/\/www.ft.unicamp.br\/pos\" target=\"_blank\">Information &#8211; Graduation Program<\/a><br \/>\n<a href=\"http:\/\/www.ft.unicamp.br\/posgraduacao\/processoseletivo\" target=\"_blank\">How to apply &#8211;\u00a0Application System<\/a><\/u><\/p>\n<p>&nbsp;<\/p>\n<p><strong><u>For professors and researchers who\u00a0have already completed doctorate studies<\/u><\/strong><br \/>\nYou are welcome to join us as post-doctoral researcher for up to one year.<\/p>\n<p>Go to:<br \/>\n<u><a href=\"http:\/\/www.cnpq.br\/web\/guest\/view\/-\/journal_content\/56_INSTANCE_0oED\/10157\/100343#16063\" target=\"_blank\">Conselho Nacional de Desenvolvimento Cient\u00edfico e Tecnol\u00f3gico<\/a><\/u><br \/>\nor<br \/>\n<u><a href=\"http:\/\/www.fapesp.br\/147#1\" target=\"_blank\">Funda\u00e7\u00e3o de Amparo \u00e0 Pesquisa do Estado de S\u00e3o Paulo<\/a><\/u><\/p>\n","protected":false},"excerpt":{"rendered":"<p>For master and doctorate students You are welcome to join us for achieving your M.S. or Ph.D. degree in: \u2022 Energy Systems Planning Information &#8211; Graduation Program How to apply &#8211;\u00a0Application System \u2022 Technology and Innovation &#8211;\u00a0Environment Information &#8211; Graduation Program How to apply &#8211;\u00a0Application System &nbsp; For professors and researchers who\u00a0have already completed doctorate [&hellip;]<\/p>\n","protected":false},"author":1,"featured_media":0,"parent":0,"menu_order":0,"comment_status":"closed","ping_status":"closed","template":"","meta":{"footnotes":""},"class_list":["post-13","page","type-page","status-publish","hentry"],"yoast_head":"<!-- This site is optimized with the Yoast SEO plugin v27.3 - https:\/\/yoast.com\/product\/yoast-seo-wordpress\/ -->\n<title>Opportunities - Production Systems Planning<\/title>\n<meta name=\"robots\" content=\"index, follow, max-snippet:-1, max-image-preview:large, max-video-preview:-1\" \/>\n<link rel=\"canonical\" href=\"https:\/\/wordpress.ft.unicamp.br\/psp\/opportunities\/\" \/>\n<meta property=\"og:locale\" content=\"pt_BR\" \/>\n<meta property=\"og:type\" content=\"article\" \/>\n<meta property=\"og:title\" content=\"Opportunities - Production Systems Planning\" \/>\n<meta property=\"og:description\" content=\"For master and doctorate students You are welcome to join us for achieving your M.S. or Ph.D. degree in: \u2022 Energy Systems Planning Information &#8211; Graduation Program How to apply &#8211;\u00a0Application System \u2022 Technology and Innovation &#8211;\u00a0Environment Information &#8211; Graduation Program How to apply &#8211;\u00a0Application System &nbsp; For professors and researchers who\u00a0have already completed doctorate [&hellip;]\" \/>\n<meta property=\"og:url\" content=\"https:\/\/wordpress.ft.unicamp.br\/psp\/opportunities\/\" \/>\n<meta property=\"og:site_name\" content=\"Production Systems Planning\" \/>\n<meta name=\"twitter:card\" content=\"summary_large_image\" \/>\n<script type=\"application\/ld+json\" class=\"yoast-schema-graph\">{\"@context\":\"https:\\\/\\\/schema.org\",\"@graph\":[{\"@type\":\"WebPage\",\"@id\":\"https:\\\/\\\/wordpress.ft.unicamp.br\\\/psp\\\/opportunities\\\/\",\"url\":\"https:\\\/\\\/wordpress.ft.unicamp.br\\\/psp\\\/opportunities\\\/\",\"name\":\"Opportunities - Production Systems Planning\",\"isPartOf\":{\"@id\":\"https:\\\/\\\/wordpress.ft.unicamp.br\\\/psp\\\/#website\"},\"datePublished\":\"2015-08-31T19:56:58+00:00\",\"breadcrumb\":{\"@id\":\"https:\\\/\\\/wordpress.ft.unicamp.br\\\/psp\\\/opportunities\\\/#breadcrumb\"},\"inLanguage\":\"pt-BR\",\"potentialAction\":[{\"@type\":\"ReadAction\",\"target\":[\"https:\\\/\\\/wordpress.ft.unicamp.br\\\/psp\\\/opportunities\\\/\"]}]},{\"@type\":\"BreadcrumbList\",\"@id\":\"https:\\\/\\\/wordpress.ft.unicamp.br\\\/psp\\\/opportunities\\\/#breadcrumb\",\"itemListElement\":[{\"@type\":\"ListItem\",\"position\":1,\"name\":\"Home\",\"item\":\"https:\\\/\\\/wordpress.ft.unicamp.br\\\/psp\\\/\"},{\"@type\":\"ListItem\",\"position\":2,\"name\":\"Opportunities\"}]},{\"@type\":\"WebSite\",\"@id\":\"https:\\\/\\\/wordpress.ft.unicamp.br\\\/psp\\\/#website\",\"url\":\"https:\\\/\\\/wordpress.ft.unicamp.br\\\/psp\\\/\",\"name\":\"Production Systems Planning\",\"description\":\"\",\"potentialAction\":[{\"@type\":\"SearchAction\",\"target\":{\"@type\":\"EntryPoint\",\"urlTemplate\":\"https:\\\/\\\/wordpress.ft.unicamp.br\\\/psp\\\/?s={search_term_string}\"},\"query-input\":{\"@type\":\"PropertyValueSpecification\",\"valueRequired\":true,\"valueName\":\"search_term_string\"}}],\"inLanguage\":\"pt-BR\"}]}<\/script>\n<!-- \/ Yoast SEO plugin. -->","yoast_head_json":{"title":"Opportunities - Production Systems Planning","robots":{"index":"index","follow":"follow","max-snippet":"max-snippet:-1","max-image-preview":"max-image-preview:large","max-video-preview":"max-video-preview:-1"},"canonical":"https:\/\/wordpress.ft.unicamp.br\/psp\/opportunities\/","og_locale":"pt_BR","og_type":"article","og_title":"Opportunities - Production Systems Planning","og_description":"For master and doctorate students You are welcome to join us for achieving your M.S. or Ph.D. degree in: \u2022 Energy Systems Planning Information &#8211; Graduation Program How to apply &#8211;\u00a0Application System \u2022 Technology and Innovation &#8211;\u00a0Environment Information &#8211; Graduation Program How to apply &#8211;\u00a0Application System &nbsp; For professors and researchers who\u00a0have already completed doctorate [&hellip;]","og_url":"https:\/\/wordpress.ft.unicamp.br\/psp\/opportunities\/","og_site_name":"Production Systems Planning","twitter_card":"summary_large_image","schema":{"@context":"https:\/\/schema.org","@graph":[{"@type":"WebPage","@id":"https:\/\/wordpress.ft.unicamp.br\/psp\/opportunities\/","url":"https:\/\/wordpress.ft.unicamp.br\/psp\/opportunities\/","name":"Opportunities - Production Systems Planning","isPartOf":{"@id":"https:\/\/wordpress.ft.unicamp.br\/psp\/#website"},"datePublished":"2015-08-31T19:56:58+00:00","breadcrumb":{"@id":"https:\/\/wordpress.ft.unicamp.br\/psp\/opportunities\/#breadcrumb"},"inLanguage":"pt-BR","potentialAction":[{"@type":"ReadAction","target":["https:\/\/wordpress.ft.unicamp.br\/psp\/opportunities\/"]}]},{"@type":"BreadcrumbList","@id":"https:\/\/wordpress.ft.unicamp.br\/psp\/opportunities\/#breadcrumb","itemListElement":[{"@type":"ListItem","position":1,"name":"Home","item":"https:\/\/wordpress.ft.unicamp.br\/psp\/"},{"@type":"ListItem","position":2,"name":"Opportunities"}]},{"@type":"WebSite","@id":"https:\/\/wordpress.ft.unicamp.br\/psp\/#website","url":"https:\/\/wordpress.ft.unicamp.br\/psp\/","name":"Production Systems Planning","description":"","potentialAction":[{"@type":"SearchAction","target":{"@type":"EntryPoint","urlTemplate":"https:\/\/wordpress.ft.unicamp.br\/psp\/?s={search_term_string}"},"query-input":{"@type":"PropertyValueSpecification","valueRequired":true,"valueName":"search_term_string"}}],"inLanguage":"pt-BR"}]}},"_links":{"self":[{"href":"https:\/\/wordpress.ft.unicamp.br\/psp\/wp-json\/wp\/v2\/pages\/13","targetHints":{"allow":["GET"]}}],"collection":[{"href":"https:\/\/wordpress.ft.unicamp.br\/psp\/wp-json\/wp\/v2\/pages"}],"about":[{"href":"https:\/\/wordpress.ft.unicamp.br\/psp\/wp-json\/wp\/v2\/types\/page"}],"author":[{"embeddable":true,"href":"https:\/\/wordpress.ft.unicamp.br\/psp\/wp-json\/wp\/v2\/users\/1"}],"replies":[{"embeddable":true,"href":"https:\/\/wordpress.ft.unicamp.br\/psp\/wp-json\/wp\/v2\/comments?post=13"}],"version-history":[{"count":0,"href":"https:\/\/wordpress.ft.unicamp.br\/psp\/wp-json\/wp\/v2\/pages\/13\/revisions"}],"wp:attachment":[{"href":"https:\/\/wordpress.ft.unicamp.br\/psp\/wp-json\/wp\/v2\/media?parent=13"}],"curies":[{"name":"wp","href":"https:\/\/api.w.org\/{rel}","templated":true}]}}