{"id":17,"date":"2015-08-31T19:57:48","date_gmt":"2015-08-31T19:57:48","guid":{"rendered":"http:\/\/www.ft.unicamp.br\/psp\/?page_id=17"},"modified":"2015-08-31T19:57:48","modified_gmt":"2015-08-31T19:57:48","slug":"contact","status":"publish","type":"page","link":"https:\/\/wordpress.ft.unicamp.br\/psp\/contact\/","title":{"rendered":"Contact"},"content":{"rendered":"<p><em><strong>Ieda Geriberto Hidalgo<\/strong><\/em><\/p>\n<p><strong>Email:\u00a0<\/strong><span style=\"color: #7a9cad\"><span style=\"text-decoration: underline\">iedahidalgo@ft.unicamp.br<\/span>\u00a0<\/span>or\u00a0<span style=\"text-decoration: underline\"><span style=\"color: #7a9cad;text-decoration: underline\">iedahidalgo@gmail.com<\/span><\/span><\/p>\n<p><strong>Phone:<\/strong> +55 (19) 3521-3276<\/p>\n<p>&nbsp;<\/p>\n<p><strong>Mailing Address:<\/strong><br \/>\nUniversidade Estadual de Campinas<br \/>\nFaculdade de Engenharia Mec\u00e2nica<br \/>\nDepartamento de Energia<br \/>\nRua Mendeleyev, no 200<br \/>\nBar\u00e3o Geraldo &#8211; Campinas, S\u00e3o Paulo, Brasil<br \/>\nCEP: 13083-860<\/p>\n","protected":false},"excerpt":{"rendered":"<p>Ieda Geriberto Hidalgo Email:\u00a0iedahidalgo@ft.unicamp.br\u00a0or\u00a0iedahidalgo@gmail.com Phone: +55 (19) 3521-3276 &nbsp; Mailing Address: Universidade Estadual de Campinas Faculdade de Engenharia Mec\u00e2nica Departamento de Energia Rua Mendeleyev, no 200 Bar\u00e3o Geraldo &#8211; Campinas, S\u00e3o Paulo, Brasil CEP: 13083-860<\/p>\n","protected":false},"author":1,"featured_media":0,"parent":0,"menu_order":0,"comment_status":"closed","ping_status":"closed","template":"","meta":{"footnotes":""},"class_list":["post-17","page","type-page","status-publish","hentry"],"yoast_head":"<!-- This site is optimized with the Yoast SEO plugin v27.3 - https:\/\/yoast.com\/product\/yoast-seo-wordpress\/ -->\n<title>Contact - Production Systems Planning<\/title>\n<meta name=\"robots\" content=\"index, follow, max-snippet:-1, max-image-preview:large, max-video-preview:-1\" \/>\n<link rel=\"canonical\" href=\"https:\/\/wordpress.ft.unicamp.br\/psp\/contact\/\" \/>\n<meta property=\"og:locale\" content=\"pt_BR\" \/>\n<meta property=\"og:type\" content=\"article\" \/>\n<meta property=\"og:title\" content=\"Contact - Production Systems Planning\" \/>\n<meta property=\"og:description\" content=\"Ieda Geriberto Hidalgo Email:\u00a0iedahidalgo@ft.unicamp.br\u00a0or\u00a0iedahidalgo@gmail.com Phone: +55 (19) 3521-3276 &nbsp; Mailing Address: Universidade Estadual de Campinas Faculdade de Engenharia Mec\u00e2nica Departamento de Energia Rua Mendeleyev, no 200 Bar\u00e3o Geraldo &#8211; Campinas, S\u00e3o Paulo, Brasil CEP: 13083-860\" \/>\n<meta property=\"og:url\" content=\"https:\/\/wordpress.ft.unicamp.br\/psp\/contact\/\" \/>\n<meta property=\"og:site_name\" content=\"Production Systems Planning\" \/>\n<meta name=\"twitter:card\" content=\"summary_large_image\" \/>\n<script type=\"application\/ld+json\" class=\"yoast-schema-graph\">{\"@context\":\"https:\\\/\\\/schema.org\",\"@graph\":[{\"@type\":\"WebPage\",\"@id\":\"https:\\\/\\\/wordpress.ft.unicamp.br\\\/psp\\\/contact\\\/\",\"url\":\"https:\\\/\\\/wordpress.ft.unicamp.br\\\/psp\\\/contact\\\/\",\"name\":\"Contact - Production Systems Planning\",\"isPartOf\":{\"@id\":\"https:\\\/\\\/wordpress.ft.unicamp.br\\\/psp\\\/#website\"},\"datePublished\":\"2015-08-31T19:57:48+00:00\",\"breadcrumb\":{\"@id\":\"https:\\\/\\\/wordpress.ft.unicamp.br\\\/psp\\\/contact\\\/#breadcrumb\"},\"inLanguage\":\"pt-BR\",\"potentialAction\":[{\"@type\":\"ReadAction\",\"target\":[\"https:\\\/\\\/wordpress.ft.unicamp.br\\\/psp\\\/contact\\\/\"]}]},{\"@type\":\"BreadcrumbList\",\"@id\":\"https:\\\/\\\/wordpress.ft.unicamp.br\\\/psp\\\/contact\\\/#breadcrumb\",\"itemListElement\":[{\"@type\":\"ListItem\",\"position\":1,\"name\":\"Home\",\"item\":\"https:\\\/\\\/wordpress.ft.unicamp.br\\\/psp\\\/\"},{\"@type\":\"ListItem\",\"position\":2,\"name\":\"Contact\"}]},{\"@type\":\"WebSite\",\"@id\":\"https:\\\/\\\/wordpress.ft.unicamp.br\\\/psp\\\/#website\",\"url\":\"https:\\\/\\\/wordpress.ft.unicamp.br\\\/psp\\\/\",\"name\":\"Production Systems Planning\",\"description\":\"\",\"potentialAction\":[{\"@type\":\"SearchAction\",\"target\":{\"@type\":\"EntryPoint\",\"urlTemplate\":\"https:\\\/\\\/wordpress.ft.unicamp.br\\\/psp\\\/?s={search_term_string}\"},\"query-input\":{\"@type\":\"PropertyValueSpecification\",\"valueRequired\":true,\"valueName\":\"search_term_string\"}}],\"inLanguage\":\"pt-BR\"}]}<\/script>\n<!-- \/ Yoast SEO plugin. -->","yoast_head_json":{"title":"Contact - Production Systems Planning","robots":{"index":"index","follow":"follow","max-snippet":"max-snippet:-1","max-image-preview":"max-image-preview:large","max-video-preview":"max-video-preview:-1"},"canonical":"https:\/\/wordpress.ft.unicamp.br\/psp\/contact\/","og_locale":"pt_BR","og_type":"article","og_title":"Contact - Production Systems Planning","og_description":"Ieda Geriberto Hidalgo Email:\u00a0iedahidalgo@ft.unicamp.br\u00a0or\u00a0iedahidalgo@gmail.com Phone: +55 (19) 3521-3276 &nbsp; Mailing Address: Universidade Estadual de Campinas Faculdade de Engenharia Mec\u00e2nica Departamento de Energia Rua Mendeleyev, no 200 Bar\u00e3o Geraldo &#8211; Campinas, S\u00e3o Paulo, Brasil CEP: 13083-860","og_url":"https:\/\/wordpress.ft.unicamp.br\/psp\/contact\/","og_site_name":"Production Systems Planning","twitter_card":"summary_large_image","schema":{"@context":"https:\/\/schema.org","@graph":[{"@type":"WebPage","@id":"https:\/\/wordpress.ft.unicamp.br\/psp\/contact\/","url":"https:\/\/wordpress.ft.unicamp.br\/psp\/contact\/","name":"Contact - Production Systems Planning","isPartOf":{"@id":"https:\/\/wordpress.ft.unicamp.br\/psp\/#website"},"datePublished":"2015-08-31T19:57:48+00:00","breadcrumb":{"@id":"https:\/\/wordpress.ft.unicamp.br\/psp\/contact\/#breadcrumb"},"inLanguage":"pt-BR","potentialAction":[{"@type":"ReadAction","target":["https:\/\/wordpress.ft.unicamp.br\/psp\/contact\/"]}]},{"@type":"BreadcrumbList","@id":"https:\/\/wordpress.ft.unicamp.br\/psp\/contact\/#breadcrumb","itemListElement":[{"@type":"ListItem","position":1,"name":"Home","item":"https:\/\/wordpress.ft.unicamp.br\/psp\/"},{"@type":"ListItem","position":2,"name":"Contact"}]},{"@type":"WebSite","@id":"https:\/\/wordpress.ft.unicamp.br\/psp\/#website","url":"https:\/\/wordpress.ft.unicamp.br\/psp\/","name":"Production Systems Planning","description":"","potentialAction":[{"@type":"SearchAction","target":{"@type":"EntryPoint","urlTemplate":"https:\/\/wordpress.ft.unicamp.br\/psp\/?s={search_term_string}"},"query-input":{"@type":"PropertyValueSpecification","valueRequired":true,"valueName":"search_term_string"}}],"inLanguage":"pt-BR"}]}},"_links":{"self":[{"href":"https:\/\/wordpress.ft.unicamp.br\/psp\/wp-json\/wp\/v2\/pages\/17","targetHints":{"allow":["GET"]}}],"collection":[{"href":"https:\/\/wordpress.ft.unicamp.br\/psp\/wp-json\/wp\/v2\/pages"}],"about":[{"href":"https:\/\/wordpress.ft.unicamp.br\/psp\/wp-json\/wp\/v2\/types\/page"}],"author":[{"embeddable":true,"href":"https:\/\/wordpress.ft.unicamp.br\/psp\/wp-json\/wp\/v2\/users\/1"}],"replies":[{"embeddable":true,"href":"https:\/\/wordpress.ft.unicamp.br\/psp\/wp-json\/wp\/v2\/comments?post=17"}],"version-history":[{"count":1,"href":"https:\/\/wordpress.ft.unicamp.br\/psp\/wp-json\/wp\/v2\/pages\/17\/revisions"}],"predecessor-version":[{"id":187,"href":"https:\/\/wordpress.ft.unicamp.br\/psp\/wp-json\/wp\/v2\/pages\/17\/revisions\/187"}],"wp:attachment":[{"href":"https:\/\/wordpress.ft.unicamp.br\/psp\/wp-json\/wp\/v2\/media?parent=17"}],"curies":[{"name":"wp","href":"https:\/\/api.w.org\/{rel}","templated":true}]}}