{"id":46,"date":"2015-02-25T12:53:23","date_gmt":"2015-02-25T12:53:23","guid":{"rendered":"http:\/\/www.ft.unicamp.br\/docentes\/renatofalcaod\/?page_id=46"},"modified":"2020-09-27T15:24:41","modified_gmt":"2020-09-27T15:24:41","slug":"research-group","status":"publish","type":"page","link":"https:\/\/wordpress.ft.unicamp.br\/renatofalcaod\/en\/research-group\/","title":{"rendered":"Research Group"},"content":{"rendered":"<p><!--:en--><strong>Ph.D Students<\/strong><\/p>\n<ul>\n<li>Jacqueline Malvestiti<\/li>\n<li>Mariana Granzoto<\/li>\n<li>Regis Fernando Spadotim<\/li>\n<li>Tauany Figueiredo Neves<\/li>\n<\/ul>\n<p><strong>Master students \u00a0<\/strong><\/p>\n<ul>\n<li>Jos\u00e9 Paulo Diogo Junior<\/li>\n<li>Ivna Maria Seara<\/li>\n<li>M\u00e1rcio Jos\u00e9 Silva de Oliveira<\/li>\n<\/ul>\n<p><strong>Undergraduate students<\/strong><\/p>\n<ul>\n<li>Eric Barbosa<\/li>\n<li>Igor Santos<\/li>\n<li>R\u00fabia Rufino<\/li>\n<li>Fernanda Tiemi<\/li>\n<\/ul>\n<p><!--:--><\/p>\n","protected":false},"excerpt":{"rendered":"<p>Ph.D Students Jacqueline Malvestiti Mariana Granzoto Regis Fernando Spadotim Tauany Figueiredo Neves Master students \u00a0 Jos\u00e9 Paulo Diogo Junior Ivna Maria Seara M\u00e1rcio Jos\u00e9 Silva de Oliveira Undergraduate students Eric Barbosa Igor Santos R\u00fabia Rufino Fernanda Tiemi<\/p>\n","protected":false},"author":6,"featured_media":0,"parent":0,"menu_order":0,"comment_status":"closed","ping_status":"closed","template":"","meta":{"footnotes":""},"class_list":["post-46","page","type-page","status-publish","hentry"],"yoast_head":"<!-- This site is optimized with the Yoast SEO plugin v27.3 - https:\/\/yoast.com\/product\/yoast-seo-wordpress\/ -->\n<title>Research Group - Prof. Renato Falc\u00e3o Dantas<\/title>\n<meta name=\"robots\" content=\"index, follow, max-snippet:-1, max-image-preview:large, max-video-preview:-1\" \/>\n<link rel=\"canonical\" href=\"https:\/\/wordpress.ft.unicamp.br\/renatofalcaod\/en\/research-group\/\" \/>\n<meta property=\"og:locale\" content=\"pt_BR\" \/>\n<meta property=\"og:type\" content=\"article\" \/>\n<meta property=\"og:title\" content=\"Research Group - Prof. Renato Falc\u00e3o Dantas\" \/>\n<meta property=\"og:description\" content=\"Ph.D Students Jacqueline Malvestiti Mariana Granzoto Regis Fernando Spadotim Tauany Figueiredo Neves Master students \u00a0 Jos\u00e9 Paulo Diogo Junior Ivna Maria Seara M\u00e1rcio Jos\u00e9 Silva de Oliveira Undergraduate students Eric Barbosa Igor Santos R\u00fabia Rufino Fernanda Tiemi\" \/>\n<meta property=\"og:url\" content=\"https:\/\/wordpress.ft.unicamp.br\/renatofalcaod\/en\/research-group\/\" \/>\n<meta property=\"og:site_name\" content=\"Prof. Renato Falc\u00e3o Dantas\" \/>\n<meta property=\"article:modified_time\" content=\"2020-09-27T15:24:41+00:00\" \/>\n<meta name=\"twitter:card\" content=\"summary_large_image\" \/>\n<script type=\"application\/ld+json\" class=\"yoast-schema-graph\">{\"@context\":\"https:\\\/\\\/schema.org\",\"@graph\":[{\"@type\":\"WebPage\",\"@id\":\"https:\\\/\\\/wordpress.ft.unicamp.br\\\/renatofalcaod\\\/en\\\/research-group\\\/\",\"url\":\"https:\\\/\\\/wordpress.ft.unicamp.br\\\/renatofalcaod\\\/en\\\/research-group\\\/\",\"name\":\"Research Group - Prof. Renato Falc\u00e3o Dantas\",\"isPartOf\":{\"@id\":\"https:\\\/\\\/wordpress.ft.unicamp.br\\\/renatofalcaod\\\/#website\"},\"datePublished\":\"2015-02-25T12:53:23+00:00\",\"dateModified\":\"2020-09-27T15:24:41+00:00\",\"breadcrumb\":{\"@id\":\"https:\\\/\\\/wordpress.ft.unicamp.br\\\/renatofalcaod\\\/en\\\/research-group\\\/#breadcrumb\"},\"inLanguage\":\"pt-BR\",\"potentialAction\":[{\"@type\":\"ReadAction\",\"target\":[\"https:\\\/\\\/wordpress.ft.unicamp.br\\\/renatofalcaod\\\/en\\\/research-group\\\/\"]}]},{\"@type\":\"BreadcrumbList\",\"@id\":\"https:\\\/\\\/wordpress.ft.unicamp.br\\\/renatofalcaod\\\/en\\\/research-group\\\/#breadcrumb\",\"itemListElement\":[{\"@type\":\"ListItem\",\"position\":1,\"name\":\"Home\",\"item\":\"https:\\\/\\\/wordpress.ft.unicamp.br\\\/renatofalcaod\\\/pt\\\/home\\\/\"},{\"@type\":\"ListItem\",\"position\":2,\"name\":\"Research Group\"}]},{\"@type\":\"WebSite\",\"@id\":\"https:\\\/\\\/wordpress.ft.unicamp.br\\\/renatofalcaod\\\/#website\",\"url\":\"https:\\\/\\\/wordpress.ft.unicamp.br\\\/renatofalcaod\\\/\",\"name\":\"Prof. Renato Falc\u00e3o Dantas\",\"description\":\"Research interest: Advanced Oxidation Processes\",\"potentialAction\":[{\"@type\":\"SearchAction\",\"target\":{\"@type\":\"EntryPoint\",\"urlTemplate\":\"https:\\\/\\\/wordpress.ft.unicamp.br\\\/renatofalcaod\\\/?s={search_term_string}\"},\"query-input\":{\"@type\":\"PropertyValueSpecification\",\"valueRequired\":true,\"valueName\":\"search_term_string\"}}],\"inLanguage\":\"pt-BR\"}]}<\/script>\n<!-- \/ Yoast SEO plugin. -->","yoast_head_json":{"title":"Research Group - Prof. Renato Falc\u00e3o Dantas","robots":{"index":"index","follow":"follow","max-snippet":"max-snippet:-1","max-image-preview":"max-image-preview:large","max-video-preview":"max-video-preview:-1"},"canonical":"https:\/\/wordpress.ft.unicamp.br\/renatofalcaod\/en\/research-group\/","og_locale":"pt_BR","og_type":"article","og_title":"Research Group - Prof. Renato Falc\u00e3o Dantas","og_description":"Ph.D Students Jacqueline Malvestiti Mariana Granzoto Regis Fernando Spadotim Tauany Figueiredo Neves Master students \u00a0 Jos\u00e9 Paulo Diogo Junior Ivna Maria Seara M\u00e1rcio Jos\u00e9 Silva de Oliveira Undergraduate students Eric Barbosa Igor Santos R\u00fabia Rufino Fernanda Tiemi","og_url":"https:\/\/wordpress.ft.unicamp.br\/renatofalcaod\/en\/research-group\/","og_site_name":"Prof. Renato Falc\u00e3o Dantas","article_modified_time":"2020-09-27T15:24:41+00:00","twitter_card":"summary_large_image","schema":{"@context":"https:\/\/schema.org","@graph":[{"@type":"WebPage","@id":"https:\/\/wordpress.ft.unicamp.br\/renatofalcaod\/en\/research-group\/","url":"https:\/\/wordpress.ft.unicamp.br\/renatofalcaod\/en\/research-group\/","name":"Research Group - Prof. Renato Falc\u00e3o Dantas","isPartOf":{"@id":"https:\/\/wordpress.ft.unicamp.br\/renatofalcaod\/#website"},"datePublished":"2015-02-25T12:53:23+00:00","dateModified":"2020-09-27T15:24:41+00:00","breadcrumb":{"@id":"https:\/\/wordpress.ft.unicamp.br\/renatofalcaod\/en\/research-group\/#breadcrumb"},"inLanguage":"pt-BR","potentialAction":[{"@type":"ReadAction","target":["https:\/\/wordpress.ft.unicamp.br\/renatofalcaod\/en\/research-group\/"]}]},{"@type":"BreadcrumbList","@id":"https:\/\/wordpress.ft.unicamp.br\/renatofalcaod\/en\/research-group\/#breadcrumb","itemListElement":[{"@type":"ListItem","position":1,"name":"Home","item":"https:\/\/wordpress.ft.unicamp.br\/renatofalcaod\/pt\/home\/"},{"@type":"ListItem","position":2,"name":"Research Group"}]},{"@type":"WebSite","@id":"https:\/\/wordpress.ft.unicamp.br\/renatofalcaod\/#website","url":"https:\/\/wordpress.ft.unicamp.br\/renatofalcaod\/","name":"Prof. Renato Falc\u00e3o Dantas","description":"Research interest: Advanced Oxidation Processes","potentialAction":[{"@type":"SearchAction","target":{"@type":"EntryPoint","urlTemplate":"https:\/\/wordpress.ft.unicamp.br\/renatofalcaod\/?s={search_term_string}"},"query-input":{"@type":"PropertyValueSpecification","valueRequired":true,"valueName":"search_term_string"}}],"inLanguage":"pt-BR"}]}},"_links":{"self":[{"href":"https:\/\/wordpress.ft.unicamp.br\/renatofalcaod\/wp-json\/wp\/v2\/pages\/46","targetHints":{"allow":["GET"]}}],"collection":[{"href":"https:\/\/wordpress.ft.unicamp.br\/renatofalcaod\/wp-json\/wp\/v2\/pages"}],"about":[{"href":"https:\/\/wordpress.ft.unicamp.br\/renatofalcaod\/wp-json\/wp\/v2\/types\/page"}],"author":[{"embeddable":true,"href":"https:\/\/wordpress.ft.unicamp.br\/renatofalcaod\/wp-json\/wp\/v2\/users\/6"}],"replies":[{"embeddable":true,"href":"https:\/\/wordpress.ft.unicamp.br\/renatofalcaod\/wp-json\/wp\/v2\/comments?post=46"}],"version-history":[{"count":7,"href":"https:\/\/wordpress.ft.unicamp.br\/renatofalcaod\/wp-json\/wp\/v2\/pages\/46\/revisions"}],"predecessor-version":[{"id":259,"href":"https:\/\/wordpress.ft.unicamp.br\/renatofalcaod\/wp-json\/wp\/v2\/pages\/46\/revisions\/259"}],"wp:attachment":[{"href":"https:\/\/wordpress.ft.unicamp.br\/renatofalcaod\/wp-json\/wp\/v2\/media?parent=46"}],"curies":[{"name":"wp","href":"https:\/\/api.w.org\/{rel}","templated":true}]}}