{"id":161,"date":"2023-11-27T13:31:48","date_gmt":"2023-11-27T13:31:48","guid":{"rendered":"http:\/\/localhost\/SAD\/?page_id=9"},"modified":"2025-10-29T17:53:42","modified_gmt":"2025-10-29T17:53:42","slug":"teoria-da-decisao-de-simon","status":"publish","type":"page","link":"https:\/\/wordpress.ft.unicamp.br\/revisa\/teoria-da-decisao-de-simon\/","title":{"rendered":"Teoria da Decis\u00e3o de Simon"},"content":{"rendered":"\t\t<div data-elementor-type=\"wp-page\" data-elementor-id=\"161\" class=\"elementor elementor-161\">\n\t\t\t\t<div class=\"elementor-element elementor-element-175f18b8 e-flex e-con-boxed e-con e-parent\" data-id=\"175f18b8\" data-element_type=\"container\" data-e-type=\"container\">\n\t\t\t\t\t<div class=\"e-con-inner\">\n\t\t\t\t<div class=\"elementor-element elementor-element-2cfd2cb1 elementor-widget elementor-widget-text-editor\" data-id=\"2cfd2cb1\" data-element_type=\"widget\" data-e-type=\"widget\" data-widget_type=\"text-editor.default\">\n\t\t\t\t<div class=\"elementor-widget-container\">\n\t\t\t\t\t\t\t\t\t<hr class=\"wp-block-separator has-alpha-channel-opacity\" \/>\n<h2 class=\"wp-block-heading\"><strong>1. Quem foi Herbert Simon?<\/strong><\/h2>\n<div class=\"wp-block-image\">\n<figure class=\"aligncenter size-full is-resized\"><img decoding=\"async\" width=\"177\" height=\"264\" class=\"wp-image-349\" style=\"width: 255px;height: auto\" src=\"https:\/\/wordpress.ft.unicamp.br\/revisa\/wp-content\/uploads\/sites\/86\/2023\/12\/herbertsimon2-1.jpg\" alt=\"\" \/>\n<figcaption class=\"wp-element-caption\">Herbet Simon. Fonte: Wikipedia.<\/figcaption>\n<\/figure>\n<\/div>\n<p class=\"has-text-align-left has-medium-font-size\">Herbert Simon (1916-2001) foi um renomado cientista social, economista, psic\u00f3logo e fil\u00f3sofo norte-americano. Nasceu em Milwaukee, Wisconsin e se destacou por suas contribui\u00e7\u00f5es interdisciplinares para diversas \u00e1reas do conhecimento.\u00a0 Simon recebeu seu doutorado em ci\u00eancias pol\u00edticas pela Universidade de Chicago em 1943. Sua obra abrangeu campos t\u00e3o diversos como economia, ci\u00eancia da computa\u00e7\u00e3o, psicologia cognitiva e teoria da administra\u00e7\u00e3o. Em 1978 recebeu o Pr\u00eamio Nobel de Economia, juntamente com seu colega, por seu trabalho pioneiro em teoria da decis\u00e3o. Fora isso, Recebeu ainda a Medalha Nacional de Ci\u00eancia, em 1986 e o Award for Outstanding Lifetime Contributions to Psychology, da APA, em 1993.<\/p>\n\n<p class=\"has-text-align-left has-medium-font-size\">De 1950 a 1955, Simon estudou economia matem\u00e1tica e, com David Hawkins, descobriu e provou o teorema de Hawkins-Simon sobre as &#8220;condi\u00e7\u00f5es para a exist\u00eancia de vetores positivos de solu\u00e7\u00e3o para matrizes de entrada-sa\u00edda&#8221;. Ele tamb\u00e9m desenvolveu teoremas em near-decomposability e agrega\u00e7\u00e3o. Tendo come\u00e7ado a aplicar estes teoremas em organiza\u00e7\u00f5es, Simon determinou, por volta de 1954, que a melhor maneira de estudar resolu\u00e7\u00e3o de problemas seria por simula\u00e7\u00f5es usando softwares, que levou ao seu interesse por simula\u00e7\u00e3o computacional da cogni\u00e7\u00e3o humana.<\/p>\n\n<h2 class=\"wp-block-heading\"><strong>2. Introdu\u00e7\u00e3o a Teoria da Decis\u00e3o<\/strong><\/h2>\n\n<p class=\"has-medium-font-size\">A teoria da decis\u00e3o de Simon, concebida pelo economista e psic\u00f3logo Herbert Simon, oferece uma perspectiva sobre como os seres humanos enfrentam o desafio constante de tomar decis\u00f5es em um mundo complexo e cheio de incertezas. Simon introduziu o conceito de &#8220;racionalidade limitada&#8221;, reconhecendo as restri\u00e7\u00f5es inerentes \u00e0s capacidades cognitivas e ao ambiente em constante mudan\u00e7a que influenciam nossas escolhas.<\/p>\n\n<p class=\"has-medium-font-size\">A ess\u00eancia da teoria reside na ideia de que, diante da vasta gama de informa\u00e7\u00f5es e alternativas dispon\u00edveis, os tomadores de decis\u00e3o n\u00e3o podem analisar exaustivamente todas as op\u00e7\u00f5es. Assim, em vez de buscar a decis\u00e3o \u00f3tima, os indiv\u00edduos muitas vezes adotam estrat\u00e9gias simplificadas, chamadas de &#8220;heur\u00edsticas&#8221;, para encontrar solu\u00e7\u00f5es satisfat\u00f3rias.<\/p>\n<div class=\"wp-block-image\">\n<figure class=\"aligncenter size-full is-resized\"><img fetchpriority=\"high\" decoding=\"async\" width=\"604\" height=\"404\" class=\"wp-image-351\" style=\"width: 644px;height: auto\" src=\"https:\/\/wordpress.ft.unicamp.br\/revisa\/wp-content\/uploads\/sites\/86\/2023\/12\/simon.png\" alt=\"\" srcset=\"https:\/\/wordpress.ft.unicamp.br\/revisa\/wp-content\/uploads\/sites\/86\/2023\/12\/simon.png 604w, https:\/\/wordpress.ft.unicamp.br\/revisa\/wp-content\/uploads\/sites\/86\/2023\/12\/simon-300x201.png 300w\" sizes=\"(max-width: 604px) 100vw, 604px\" \/><\/figure>\n<\/div>\n<figure class=\"wp-block-gallery has-nested-images columns-default is-cropped wp-block-gallery-2 is-layout-flex wp-block-gallery-is-layout-flex\">\n<figure class=\"wp-block-image size-large\"><img decoding=\"async\" data-id=\"22\" class=\"wp-image-22\" src=\"http:\/\/localhost\/SAD\/wp-content\/uploads\/2023\/11\/simon.png\" alt=\"\" \/><\/figure>\n<\/figure>\n\n<p>A teoria da decis\u00e3o de Herbert Simon \u00e9 frequentemente dividida em quatro fases, que descrevem o processo de tomada de decis\u00e3o. Estas fases s\u00e3o:<\/p>\n\n<h3 class=\"wp-block-heading\">1. <strong>Fase de Intelig\u00eancia:<\/strong><\/h3>\n\n<p>Nesta fase inicial, o tomador de decis\u00e3o identifica e reconhece o problema ou a necessidade de tomar uma decis\u00e3o. Envolve a coleta de informa\u00e7\u00f5es relevantes, compreens\u00e3o do contexto e defini\u00e7\u00e3o clara do problema a ser resolvido.<\/p>\n\n<h3 class=\"wp-block-heading\">2. <strong>Fase de Projeto:<\/strong><\/h3>\n\n<p>Ap\u00f3s a identifica\u00e7\u00e3o do problema, segue-se a fase de projeto, onde s\u00e3o geradas alternativas poss\u00edveis para resolver ou lidar com o problema identificado. Aqui, o tomador de decis\u00e3o gera diferentes solu\u00e7\u00f5es, avalia suas vantagens e desvantagens, e formula estrat\u00e9gias ou cursos de a\u00e7\u00e3o.<\/p>\n\n<h3 class=\"wp-block-heading\">3. <strong>Fase de Escolha:<\/strong><\/h3>\n\n<p>Nesta fase crucial, o tomador de decis\u00e3o avalia as alternativas geradas na fase anterior e seleciona a melhor op\u00e7\u00e3o poss\u00edvel, com base em crit\u00e9rios pr\u00e9-definidos. \u00c9 importante notar que, devido \u00e0 racionalidade limitada, nem sempre se busca a melhor op\u00e7\u00e3o absoluta, mas sim uma solu\u00e7\u00e3o satisfat\u00f3ria.<\/p>\n\n<h3 class=\"wp-block-heading\">4. <strong>Fase de Implementa\u00e7\u00e3o:<\/strong><\/h3>\n\n<p>Ap\u00f3s a escolha da alternativa, segue-se a implementa\u00e7\u00e3o da decis\u00e3o. Esta fase envolve a execu\u00e7\u00e3o do plano escolhido e o acompanhamento dos resultados para garantir que a decis\u00e3o tomada seja aplicada corretamente e alcance os resultados desejados.<\/p>\n<hr class=\"wp-block-separator has-alpha-channel-opacity is-style-dots\" \/>\n<h2 class=\"wp-block-heading\">3. <strong>A Racionalidade Limitad<\/strong>a<\/h2>\n\n<p class=\"has-text-align-left has-medium-font-size\">Na teoria econ\u00f4mica moderna \u00e9 pressuposto que indiv\u00edduos v\u00e3o naturalmente tomar as decis\u00f5es mais satisfat\u00f3rias poss\u00edveis para chegarem a determinado resultado.\u00a0 A no\u00e7\u00e3o desenvolvida por Herbert, a de racionalidade limitada, \u00e9 a nega\u00e7\u00e3o do pressuposto original, ou seja, indiv\u00edduos n\u00e3o s\u00e3o capazes de tomar as melhores decis\u00f5es sempre por falta de acesso ou limita\u00e7\u00f5es na capacidade de processamento de recursos em v\u00e1rias dimens\u00f5es:<\/p>\n\n<ul class=\"wp-block-list\">\n<li class=\"has-medium-font-size\"><strong>Limita\u00e7\u00f5es Cognitivas:<\/strong> As pessoas t\u00eam capacidades cognitivas finitas, o que significa que n\u00e3o podem processar todas as informa\u00e7\u00f5es dispon\u00edveis. Isso leva a simplifica\u00e7\u00f5es e generaliza\u00e7\u00f5es na tomada de decis\u00f5es.<\/li>\n\n<li class=\"has-medium-font-size\"><strong>Limita\u00e7\u00f5es de Informa\u00e7\u00e3o:<\/strong> A obten\u00e7\u00e3o de informa\u00e7\u00f5es completas e precisas pode ser dif\u00edcil ou imposs\u00edvel em muitas situa\u00e7\u00f5es. Os agentes muitas vezes tomam decis\u00f5es com base em informa\u00e7\u00f5es incompletas.<\/li>\n\n<li class=\"has-medium-font-size\"><strong>Limita\u00e7\u00f5es Temporais:<\/strong> O tempo dispon\u00edvel para tomar uma decis\u00e3o \u00e9 muitas vezes limitado. Isso pode levar a escolhas que s\u00e3o mais r\u00e1pidas, mas n\u00e3o necessariamente mais ponderadas.<\/li>\n\n<li class=\"has-medium-font-size\"><strong>Limita\u00e7\u00f5es de Recursos:<\/strong> Os recursos, como dinheiro e energia mental, s\u00e3o limitados. As pessoas n\u00e3o podem dedicar todos os seus recursos \u00e0 resolu\u00e7\u00e3o de um \u00fanico problema, o que influencia a qualidade das decis\u00f5es tomadas.<\/li>\n<\/ul>\n\n<p class=\"has-medium-font-size\">Tendo em mente essas limita\u00e7\u00f5es, o indiv\u00edduo utiliza heur\u00edsticas para chegar a uma decis\u00e3o satisfat\u00f3ria, embora n\u00e3o necessariamente a melhor. Heur\u00edsticas costumam incluir regras simples baseadas em experi\u00eancias, influ\u00eancias sociais e bibliografia. Elas permitem a <strong>economia de processamento mental humano<\/strong>, permitindo que as pessoas cheguem a uma decis\u00e3o satisfat\u00f3ria sem a necessidade de analisar todas as informa\u00e7\u00f5es dispon\u00edveis de maneira detalhada.<\/p>\n<div class=\"wp-block-image\">\n<figure class=\"aligncenter size-full is-resized\"><img decoding=\"async\" width=\"315\" height=\"160\" class=\"wp-image-352\" style=\"width: 491px;height: auto\" src=\"https:\/\/wordpress.ft.unicamp.br\/revisa\/wp-content\/uploads\/sites\/86\/2023\/12\/download.jpeg\" alt=\"\" srcset=\"https:\/\/wordpress.ft.unicamp.br\/revisa\/wp-content\/uploads\/sites\/86\/2023\/12\/download.jpeg 315w, https:\/\/wordpress.ft.unicamp.br\/revisa\/wp-content\/uploads\/sites\/86\/2023\/12\/download-300x152.jpeg 300w\" sizes=\"(max-width: 315px) 100vw, 315px\" \/><\/figure>\n<\/div>\n<p class=\"has-medium-font-size\">Embora a teoria de racionalidade limitada e as heur\u00edsticas sejam uma ferramenta \u00fatil, elas tamb\u00e9m podem levar a vieses cognitivos e decis\u00f5es n\u00e3o t\u00e3o boas. Os vieses cognitivos ocorrem quando as heur\u00edsticas levam a desvios sistem\u00e1ticos do racioc\u00ednio l\u00f3gico, influenciando a interpreta\u00e7\u00e3o de informa\u00e7\u00f5es e afetando o julgamento.<\/p>\n\n<h2 class=\"wp-block-heading\"><strong>4. Estudos de Caso<\/strong><\/h2>\n\n<p class=\"has-medium-font-size\">Estrat\u00e9gia satisfat\u00f3ria<\/p>\n\n<p class=\"has-medium-font-size\">Caso 1: um indiv\u00edduo \u00e0 procura de um emprego, aceita a primeira oferta de emprego que recebe ao inv\u00e9s de esperar por uma vaga potencialmente melhor.<\/p>\n\n<p class=\"has-medium-font-size\">Caso 2: um casal compra uma casa que atende \u00e0 maioria dos seus crit\u00e9rios, em vez de continuar uma longa busca pela casa \u201cperfeita\u201d<\/p>\n\n<p class=\"has-medium-font-size\">Racionalidade limitada<\/p>\n\n<p class=\"has-medium-font-size\">Caso 1: compras: devido \u00e0 sobrecarga cognitiva decorrente de in\u00fameras escolhas, um comprador compra uma marca popular de cereal em vez de comparar o valor nutricional de cada op\u00e7\u00e3o.<\/p>\n\n<p class=\"has-medium-font-size\">Caso 2: vota\u00e7\u00e3o: O eleitor escolhe um candidato com base na filia\u00e7\u00e3o partid\u00e1ria, em vez de pesquisar a fundo as pol\u00edticas de cada candidato.<\/p>\n\n<h2 class=\"wp-block-heading\"><strong>5. Aplica\u00e7\u00f5es Pr\u00e1ticas <\/strong><\/h2>\n\n<p class=\"has-medium-font-size\">Na vida cotidiana, a teoria da decis\u00e3o de Herbert Simon, com seu conceito de racionalidade limitada, desempenha um papel crucial em diversas situa\u00e7\u00f5es. Ao realizar compras, por exemplo, a sobrecarga cognitiva muitas vezes leva os consumidores a optarem por marcas populares em vez de analisar minuciosamente as op\u00e7\u00f5es dispon\u00edveis, destacando a influ\u00eancia direta das limita\u00e7\u00f5es cognitivas.<\/p>\n\n<p class=\"has-medium-font-size\">Outro cen\u00e1rio comum \u00e9 a escolha de empregos, onde a press\u00e3o temporal muitas vezes leva os candidatos a aceitar a primeira oferta que recebem, em vez de aguardar por oportunidades potencialmente melhores. Este caso ilustra como as limita\u00e7\u00f5es de tempo impactam as decis\u00f5es, levando a escolhas que podem ser satisfat\u00f3rias, mas n\u00e3o necessariamente otimizadas.<\/p>\n\n<p class=\"has-medium-font-size\">Ao explorar essas situa\u00e7\u00f5es do dia a dia, \u00e9 poss\u00edvel compreender como a teoria da decis\u00e3o de Simon oferece insights valiosos sobre como as pessoas lidam com a complexidade das escolhas, muitas vezes recorrendo a estrat\u00e9gias simplificadas para alcan\u00e7ar resultados satisfat\u00f3rios. Essas aplica\u00e7\u00f5es pr\u00e1ticas ressaltam a relev\u00e2ncia cont\u00ednua da teoria da decis\u00e3o na compreens\u00e3o do comportamento humano em face das restri\u00e7\u00f5es cognitivas e temporais.<\/p>\n\n<p class=\"has-medium-font-size\">Uma pesquisa interessante que aplicou a teoria da decis\u00e3o de Simon na \u00e1rea cont\u00e1bil foi realizada por Macedo, Dantas e Oliveira (2011), que analisaram o comportamento decis\u00f3rio de profissionais de contabilidade sob a perspectiva da racionalidade limitada. Os autores utilizaram a Teoria dos Prospectos e as Heur\u00edsticas de Julgamento para estudar os vieses de decis\u00e3o que afetam o processo de tomada de decis\u00e3o dos contadores.<\/p>\n\n<p class=\"has-medium-font-size\">A Teoria dos Prospectos prop\u00f5e que as pessoas avaliam as alternativas de decis\u00e3o de forma diferente, dependendo de como elas s\u00e3o apresentadas, e que elas tendem a ser mais avessas ao risco quando as alternativas envolvem ganhos, e mais propensas ao risco quando envolvem perdas. As Heur\u00edsticas de Julgamento s\u00e3o atalhos mentais que as pessoas usam para simplificar o processo de decis\u00e3o, mas que podem levar a erros sistem\u00e1ticos, como a fal\u00e1cia da conjun\u00e7\u00e3o, a concep\u00e7\u00e3o err\u00f4nea do acaso e a tend\u00eancia a ignorar informa\u00e7\u00f5es.<\/p>\n\n<p class=\"has-medium-font-size\">Os resultados da pesquisa mostraram que os profissionais de contabilidade da amostra contrariam o princ\u00edpio da invari\u00e2ncia, que afirma que as prefer\u00eancias entre as alternativas n\u00e3o devem mudar dependendo de como elas s\u00e3o descritas. Al\u00e9m disso, eles demonstraram os vieses decorrentes do uso das heur\u00edsticas de julgamento, indicando que as limita\u00e7\u00f5es cognitivas afetam o comportamento decis\u00f3rio dos contadores.<\/p>\n\n<p class=\"has-medium-font-size\">Essa pesquisa ilustra como a teoria da decis\u00e3o de Simon pode ser aplicada em um contexto espec\u00edfico, e como ela pode contribuir para a compreens\u00e3o dos fatores que influenciam as decis\u00f5es dos profissionais de contabilidade. Esses fatores podem ter implica\u00e7\u00f5es importantes para a qualidade e a confiabilidade das informa\u00e7\u00f5es cont\u00e1beis, bem como para a \u00e9tica e a responsabilidade dos contadores.<\/p>\n\n<h2 class=\"wp-block-heading\">6. <strong>Refer\u00eancias<\/strong><\/h2>\n\n<p>SIMON, H. <em>A racionalidade do processo decis\u00f3rio em empresas.<\/em> Rio de Janeiro: Multipl. v. 1, n. 1, 1980<\/p>\n\n<p><em>Bounded Rationality &#8211; The Decision Lab<\/em>. (n.d.). The Decision Lab. https:\/\/thedecisionlab.com\/biases\/bounded-rationality<\/p>\n\n<p><em>Bounded Rationality (Stanford Encyclopedia of Philosophy)<\/em>. 2018. https:\/\/plato.stanford.edu\/entries\/bounded-rationality\/<\/p>\n\n<p><a href=\"https:\/\/atena.org.br\/revista\/ojs-2.2.3-08\/index.php\/Ambiente\/article\/viewArticle\/1268\">https:\/\/atena.org.br\/revista\/ojs-2.2.3-08\/index.php\/Ambiente\/article\/viewArticle\/1268<\/a><\/p>\n\t\t\t\t\t\t\t\t<\/div>\n\t\t\t\t<\/div>\n\t\t\t\t\t<\/div>\n\t\t\t\t<\/div>\n\t\t\t\t<\/div>\n\t\t","protected":false},"excerpt":{"rendered":"<p>1. Quem foi Herbert Simon? Herbert Simon (1916-2001) foi um renomado cientista social, economista, psic\u00f3logo e fil\u00f3sofo norte-americano. Nasceu em Milwaukee, Wisconsin e se destacou [&hellip;]<\/p>\n","protected":false},"author":113,"featured_media":0,"parent":0,"menu_order":0,"comment_status":"closed","ping_status":"closed","template":"","meta":{"footnotes":""},"class_list":["post-161","page","type-page","status-publish","hentry"],"yoast_head":"<!-- This site is optimized with the Yoast SEO plugin v27.3 - https:\/\/yoast.com\/product\/yoast-seo-wordpress\/ -->\n<title>Teoria da Decis\u00e3o de Simon - REVISA<\/title>\n<meta name=\"robots\" content=\"index, follow, max-snippet:-1, max-image-preview:large, max-video-preview:-1\" \/>\n<link rel=\"canonical\" href=\"https:\/\/wordpress.ft.unicamp.br\/revisa\/teoria-da-decisao-de-simon\/\" \/>\n<meta property=\"og:locale\" content=\"pt_BR\" \/>\n<meta property=\"og:type\" content=\"article\" \/>\n<meta property=\"og:title\" content=\"Teoria da Decis\u00e3o de Simon - REVISA\" \/>\n<meta property=\"og:description\" content=\"1. Quem foi Herbert Simon? Herbert Simon (1916-2001) foi um renomado cientista social, economista, psic\u00f3logo e fil\u00f3sofo norte-americano. Nasceu em Milwaukee, Wisconsin e se destacou [&hellip;]\" \/>\n<meta property=\"og:url\" content=\"https:\/\/wordpress.ft.unicamp.br\/revisa\/teoria-da-decisao-de-simon\/\" \/>\n<meta property=\"og:site_name\" content=\"REVISA\" \/>\n<meta property=\"article:modified_time\" content=\"2025-10-29T17:53:42+00:00\" \/>\n<meta property=\"og:image\" content=\"https:\/\/wordpress.ft.unicamp.br\/revisa\/wp-content\/uploads\/sites\/86\/2023\/12\/herbertsimon2-1.jpg\" \/>\n\t<meta property=\"og:image:width\" content=\"177\" \/>\n\t<meta property=\"og:image:height\" content=\"264\" \/>\n\t<meta property=\"og:image:type\" content=\"image\/jpeg\" \/>\n<meta name=\"twitter:card\" content=\"summary_large_image\" \/>\n<meta name=\"twitter:label1\" content=\"Est. tempo de leitura\" \/>\n\t<meta name=\"twitter:data1\" content=\"9 minutos\" \/>\n<script type=\"application\/ld+json\" class=\"yoast-schema-graph\">{\"@context\":\"https:\\\/\\\/schema.org\",\"@graph\":[{\"@type\":\"WebPage\",\"@id\":\"https:\\\/\\\/wordpress.ft.unicamp.br\\\/revisa\\\/teoria-da-decisao-de-simon\\\/\",\"url\":\"https:\\\/\\\/wordpress.ft.unicamp.br\\\/revisa\\\/teoria-da-decisao-de-simon\\\/\",\"name\":\"Teoria da Decis\u00e3o de Simon - REVISA\",\"isPartOf\":{\"@id\":\"https:\\\/\\\/wordpress.ft.unicamp.br\\\/revisa\\\/#website\"},\"primaryImageOfPage\":{\"@id\":\"https:\\\/\\\/wordpress.ft.unicamp.br\\\/revisa\\\/teoria-da-decisao-de-simon\\\/#primaryimage\"},\"image\":{\"@id\":\"https:\\\/\\\/wordpress.ft.unicamp.br\\\/revisa\\\/teoria-da-decisao-de-simon\\\/#primaryimage\"},\"thumbnailUrl\":\"https:\\\/\\\/wordpress.ft.unicamp.br\\\/revisa\\\/wp-content\\\/uploads\\\/sites\\\/86\\\/2023\\\/12\\\/herbertsimon2-1.jpg\",\"datePublished\":\"2023-11-27T13:31:48+00:00\",\"dateModified\":\"2025-10-29T17:53:42+00:00\",\"breadcrumb\":{\"@id\":\"https:\\\/\\\/wordpress.ft.unicamp.br\\\/revisa\\\/teoria-da-decisao-de-simon\\\/#breadcrumb\"},\"inLanguage\":\"pt-BR\",\"potentialAction\":[{\"@type\":\"ReadAction\",\"target\":[\"https:\\\/\\\/wordpress.ft.unicamp.br\\\/revisa\\\/teoria-da-decisao-de-simon\\\/\"]}]},{\"@type\":\"ImageObject\",\"inLanguage\":\"pt-BR\",\"@id\":\"https:\\\/\\\/wordpress.ft.unicamp.br\\\/revisa\\\/teoria-da-decisao-de-simon\\\/#primaryimage\",\"url\":\"https:\\\/\\\/wordpress.ft.unicamp.br\\\/revisa\\\/wp-content\\\/uploads\\\/sites\\\/86\\\/2023\\\/12\\\/herbertsimon2-1.jpg\",\"contentUrl\":\"https:\\\/\\\/wordpress.ft.unicamp.br\\\/revisa\\\/wp-content\\\/uploads\\\/sites\\\/86\\\/2023\\\/12\\\/herbertsimon2-1.jpg\",\"width\":177,\"height\":264},{\"@type\":\"BreadcrumbList\",\"@id\":\"https:\\\/\\\/wordpress.ft.unicamp.br\\\/revisa\\\/teoria-da-decisao-de-simon\\\/#breadcrumb\",\"itemListElement\":[{\"@type\":\"ListItem\",\"position\":1,\"name\":\"Home\",\"item\":\"https:\\\/\\\/wordpress.ft.unicamp.br\\\/revisa\\\/\"},{\"@type\":\"ListItem\",\"position\":2,\"name\":\"Teoria da Decis\u00e3o de Simon\"}]},{\"@type\":\"WebSite\",\"@id\":\"https:\\\/\\\/wordpress.ft.unicamp.br\\\/revisa\\\/#website\",\"url\":\"https:\\\/\\\/wordpress.ft.unicamp.br\\\/revisa\\\/\",\"name\":\"REVISA\",\"description\":\"A REvista VIrtual de Sistemas de Apoio a decis\u00e3o \u00e9 escrita por alunos de Sistemas de Apoio \u00e0 Decis\u00e3o da FT\\\/UNICAMP e estende a excel\u00eancia da gradua\u00e7\u00e3o para toda comunidade.\",\"potentialAction\":[{\"@type\":\"SearchAction\",\"target\":{\"@type\":\"EntryPoint\",\"urlTemplate\":\"https:\\\/\\\/wordpress.ft.unicamp.br\\\/revisa\\\/?s={search_term_string}\"},\"query-input\":{\"@type\":\"PropertyValueSpecification\",\"valueRequired\":true,\"valueName\":\"search_term_string\"}}],\"inLanguage\":\"pt-BR\"}]}<\/script>\n<!-- \/ Yoast SEO plugin. -->","yoast_head_json":{"title":"Teoria da Decis\u00e3o de Simon - REVISA","robots":{"index":"index","follow":"follow","max-snippet":"max-snippet:-1","max-image-preview":"max-image-preview:large","max-video-preview":"max-video-preview:-1"},"canonical":"https:\/\/wordpress.ft.unicamp.br\/revisa\/teoria-da-decisao-de-simon\/","og_locale":"pt_BR","og_type":"article","og_title":"Teoria da Decis\u00e3o de Simon - REVISA","og_description":"1. Quem foi Herbert Simon? Herbert Simon (1916-2001) foi um renomado cientista social, economista, psic\u00f3logo e fil\u00f3sofo norte-americano. Nasceu em Milwaukee, Wisconsin e se destacou [&hellip;]","og_url":"https:\/\/wordpress.ft.unicamp.br\/revisa\/teoria-da-decisao-de-simon\/","og_site_name":"REVISA","article_modified_time":"2025-10-29T17:53:42+00:00","og_image":[{"width":177,"height":264,"url":"https:\/\/wordpress.ft.unicamp.br\/revisa\/wp-content\/uploads\/sites\/86\/2023\/12\/herbertsimon2-1.jpg","type":"image\/jpeg"}],"twitter_card":"summary_large_image","twitter_misc":{"Est. tempo de leitura":"9 minutos"},"schema":{"@context":"https:\/\/schema.org","@graph":[{"@type":"WebPage","@id":"https:\/\/wordpress.ft.unicamp.br\/revisa\/teoria-da-decisao-de-simon\/","url":"https:\/\/wordpress.ft.unicamp.br\/revisa\/teoria-da-decisao-de-simon\/","name":"Teoria da Decis\u00e3o de Simon - REVISA","isPartOf":{"@id":"https:\/\/wordpress.ft.unicamp.br\/revisa\/#website"},"primaryImageOfPage":{"@id":"https:\/\/wordpress.ft.unicamp.br\/revisa\/teoria-da-decisao-de-simon\/#primaryimage"},"image":{"@id":"https:\/\/wordpress.ft.unicamp.br\/revisa\/teoria-da-decisao-de-simon\/#primaryimage"},"thumbnailUrl":"https:\/\/wordpress.ft.unicamp.br\/revisa\/wp-content\/uploads\/sites\/86\/2023\/12\/herbertsimon2-1.jpg","datePublished":"2023-11-27T13:31:48+00:00","dateModified":"2025-10-29T17:53:42+00:00","breadcrumb":{"@id":"https:\/\/wordpress.ft.unicamp.br\/revisa\/teoria-da-decisao-de-simon\/#breadcrumb"},"inLanguage":"pt-BR","potentialAction":[{"@type":"ReadAction","target":["https:\/\/wordpress.ft.unicamp.br\/revisa\/teoria-da-decisao-de-simon\/"]}]},{"@type":"ImageObject","inLanguage":"pt-BR","@id":"https:\/\/wordpress.ft.unicamp.br\/revisa\/teoria-da-decisao-de-simon\/#primaryimage","url":"https:\/\/wordpress.ft.unicamp.br\/revisa\/wp-content\/uploads\/sites\/86\/2023\/12\/herbertsimon2-1.jpg","contentUrl":"https:\/\/wordpress.ft.unicamp.br\/revisa\/wp-content\/uploads\/sites\/86\/2023\/12\/herbertsimon2-1.jpg","width":177,"height":264},{"@type":"BreadcrumbList","@id":"https:\/\/wordpress.ft.unicamp.br\/revisa\/teoria-da-decisao-de-simon\/#breadcrumb","itemListElement":[{"@type":"ListItem","position":1,"name":"Home","item":"https:\/\/wordpress.ft.unicamp.br\/revisa\/"},{"@type":"ListItem","position":2,"name":"Teoria da Decis\u00e3o de Simon"}]},{"@type":"WebSite","@id":"https:\/\/wordpress.ft.unicamp.br\/revisa\/#website","url":"https:\/\/wordpress.ft.unicamp.br\/revisa\/","name":"REVISA","description":"A REvista VIrtual de Sistemas de Apoio a decis\u00e3o \u00e9 escrita por alunos de Sistemas de Apoio \u00e0 Decis\u00e3o da FT\/UNICAMP e estende a excel\u00eancia da gradua\u00e7\u00e3o para toda comunidade.","potentialAction":[{"@type":"SearchAction","target":{"@type":"EntryPoint","urlTemplate":"https:\/\/wordpress.ft.unicamp.br\/revisa\/?s={search_term_string}"},"query-input":{"@type":"PropertyValueSpecification","valueRequired":true,"valueName":"search_term_string"}}],"inLanguage":"pt-BR"}]}},"_links":{"self":[{"href":"https:\/\/wordpress.ft.unicamp.br\/revisa\/wp-json\/wp\/v2\/pages\/161","targetHints":{"allow":["GET"]}}],"collection":[{"href":"https:\/\/wordpress.ft.unicamp.br\/revisa\/wp-json\/wp\/v2\/pages"}],"about":[{"href":"https:\/\/wordpress.ft.unicamp.br\/revisa\/wp-json\/wp\/v2\/types\/page"}],"author":[{"embeddable":true,"href":"https:\/\/wordpress.ft.unicamp.br\/revisa\/wp-json\/wp\/v2\/users\/113"}],"replies":[{"embeddable":true,"href":"https:\/\/wordpress.ft.unicamp.br\/revisa\/wp-json\/wp\/v2\/comments?post=161"}],"version-history":[{"count":6,"href":"https:\/\/wordpress.ft.unicamp.br\/revisa\/wp-json\/wp\/v2\/pages\/161\/revisions"}],"predecessor-version":[{"id":701,"href":"https:\/\/wordpress.ft.unicamp.br\/revisa\/wp-json\/wp\/v2\/pages\/161\/revisions\/701"}],"wp:attachment":[{"href":"https:\/\/wordpress.ft.unicamp.br\/revisa\/wp-json\/wp\/v2\/media?parent=161"}],"curies":[{"name":"wp","href":"https:\/\/api.w.org\/{rel}","templated":true}]}}