{"id":11,"date":"2015-05-07T19:06:05","date_gmt":"2015-05-07T19:06:05","guid":{"rendered":"http:\/\/www.ft.unicamp.br\/docentes\/ricarte\/?page_id=11"},"modified":"2021-03-02T11:40:28","modified_gmt":"2021-03-02T11:40:28","slug":"ensino","status":"publish","type":"page","link":"https:\/\/wordpress.ft.unicamp.br\/ricarte\/ensino\/","title":{"rendered":"Ensino"},"content":{"rendered":"<div id=\"main\" class=\"clearfix\">\n<section id=\"post-content\">\n<div class=\"region region-content\">\n<div id=\"block-system-main\" class=\"block block-system\">\n<div class=\"content\">\n<div class=\"content\">\n<div class=\"field field-name-body field-type-text-with-summary field-label-hidden\">\n<div class=\"field-items\">\n<div class=\"field-item even\">\n<p>Atividades de ensino de:<\/p>\n<ul>\n<li>Gradua\u00e7\u00e3o\n<ul>\n<li><a href=\"http:\/\/wordpress.ft.unicamp.br\/ricarte\/ensino\/historico-grad-ft\/\">Na Faculdade de Tecnologia da UNICAMP<\/a><\/li>\n<li><a href=\"http:\/\/wordpress.ft.unicamp.br\/ricarte\/ensino\/historico-grad-feec\/\">Na Faculdade de Engenharia El\u00e9trica e de Computa\u00e7\u00e3o da UNICAMP<\/a><\/li>\n<\/ul>\n<\/li>\n<li>P\u00f3s-gradua\u00e7\u00e3o\n<ul>\n<li><a href=\"http:\/\/wordpress.ft.unicamp.br\/ricarte\/ensino\/pos-graduacao-na-ft-unicamp\/\">No Programa de P\u00f3s-gradua\u00e7\u00e3o em Tecnologia (FT-UNICAMP)<\/a><\/li>\n<li><a href=\"http:\/\/wordpress.ft.unicamp.br\/ricarte\/ensino\/pos-graduacao-na-feec-unicamp\/\">No Programa de P\u00f3s-Gradua\u00e7\u00e3o em Engenharia El\u00e9trica (FEEC-UNICAMP)<\/a><\/li>\n<li><a href=\"http:\/\/wordpress.ft.unicamp.br\/ricarte\/ensino\/pos-graduacao-no-ipt-sp\/\">No Programa de Mestrado Profissionalizante em Engenharia de Software (IPT-SP)<\/a><\/li>\n<\/ul>\n<\/li>\n<li>Extens\u00e3o\n<ul>\n<li><a href=\"http:\/\/wordpress.ft.unicamp.br\/ricarte\/extensao\/\">Pela Escola de Extens\u00e3o da UNICAMP<\/a><\/li>\n<\/ul>\n<\/li>\n<\/ul>\n<\/div>\n<\/div>\n<\/div>\n<\/div>\n<footer><\/footer>\n<\/div>\n<\/div>\n<\/div>\n<\/section>\n<\/div>\n","protected":false},"excerpt":{"rendered":"<p>Atividades de ensino de: Gradua\u00e7\u00e3o Na Faculdade de Tecnologia da UNICAMP Na Faculdade de Engenharia El\u00e9trica e de Computa\u00e7\u00e3o da UNICAMP P\u00f3s-gradua\u00e7\u00e3o No Programa de P\u00f3s-gradua\u00e7\u00e3o em Tecnologia (FT-UNICAMP) No Programa de P\u00f3s-Gradua\u00e7\u00e3o em Engenharia El\u00e9trica (FEEC-UNICAMP) No Programa de Mestrado Profissionalizante em Engenharia de Software (IPT-SP) Extens\u00e3o Pela Escola de Extens\u00e3o da UNICAMP<\/p>\n","protected":false},"author":1,"featured_media":0,"parent":0,"menu_order":2,"comment_status":"closed","ping_status":"open","template":"","meta":{"footnotes":""},"class_list":["post-11","page","type-page","status-publish","hentry"],"yoast_head":"<!-- This site is optimized with the Yoast SEO plugin v27.3 - https:\/\/yoast.com\/product\/yoast-seo-wordpress\/ -->\n<title>Ensino - Prof. Ivan Ricarte<\/title>\n<meta name=\"robots\" content=\"index, follow, max-snippet:-1, max-image-preview:large, max-video-preview:-1\" \/>\n<link rel=\"canonical\" href=\"https:\/\/wordpress.ft.unicamp.br\/ricarte\/ensino\/\" \/>\n<meta property=\"og:locale\" content=\"pt_BR\" \/>\n<meta property=\"og:type\" content=\"article\" \/>\n<meta property=\"og:title\" content=\"Ensino - Prof. Ivan Ricarte\" \/>\n<meta property=\"og:description\" content=\"Atividades de ensino de: Gradua\u00e7\u00e3o Na Faculdade de Tecnologia da UNICAMP Na Faculdade de Engenharia El\u00e9trica e de Computa\u00e7\u00e3o da UNICAMP P\u00f3s-gradua\u00e7\u00e3o No Programa de P\u00f3s-gradua\u00e7\u00e3o em Tecnologia (FT-UNICAMP) No Programa de P\u00f3s-Gradua\u00e7\u00e3o em Engenharia El\u00e9trica (FEEC-UNICAMP) No Programa de Mestrado Profissionalizante em Engenharia de Software (IPT-SP) Extens\u00e3o Pela Escola de Extens\u00e3o da UNICAMP\" \/>\n<meta property=\"og:url\" content=\"https:\/\/wordpress.ft.unicamp.br\/ricarte\/ensino\/\" \/>\n<meta property=\"og:site_name\" content=\"Prof. Ivan Ricarte\" \/>\n<meta property=\"article:modified_time\" content=\"2021-03-02T11:40:28+00:00\" \/>\n<meta name=\"twitter:card\" content=\"summary_large_image\" \/>\n<meta name=\"twitter:label1\" content=\"Est. tempo de leitura\" \/>\n\t<meta name=\"twitter:data1\" content=\"1 minuto\" \/>\n<script type=\"application\/ld+json\" class=\"yoast-schema-graph\">{\"@context\":\"https:\\\/\\\/schema.org\",\"@graph\":[{\"@type\":\"WebPage\",\"@id\":\"https:\\\/\\\/wordpress.ft.unicamp.br\\\/ricarte\\\/ensino\\\/\",\"url\":\"https:\\\/\\\/wordpress.ft.unicamp.br\\\/ricarte\\\/ensino\\\/\",\"name\":\"Ensino - Prof. Ivan Ricarte\",\"isPartOf\":{\"@id\":\"https:\\\/\\\/wordpress.ft.unicamp.br\\\/ricarte\\\/#website\"},\"datePublished\":\"2015-05-07T19:06:05+00:00\",\"dateModified\":\"2021-03-02T11:40:28+00:00\",\"breadcrumb\":{\"@id\":\"https:\\\/\\\/wordpress.ft.unicamp.br\\\/ricarte\\\/ensino\\\/#breadcrumb\"},\"inLanguage\":\"pt-BR\",\"potentialAction\":[{\"@type\":\"ReadAction\",\"target\":[\"https:\\\/\\\/wordpress.ft.unicamp.br\\\/ricarte\\\/ensino\\\/\"]}]},{\"@type\":\"BreadcrumbList\",\"@id\":\"https:\\\/\\\/wordpress.ft.unicamp.br\\\/ricarte\\\/ensino\\\/#breadcrumb\",\"itemListElement\":[{\"@type\":\"ListItem\",\"position\":1,\"name\":\"Home\",\"item\":\"https:\\\/\\\/wordpress.ft.unicamp.br\\\/ricarte\\\/\"},{\"@type\":\"ListItem\",\"position\":2,\"name\":\"Ensino\"}]},{\"@type\":\"WebSite\",\"@id\":\"https:\\\/\\\/wordpress.ft.unicamp.br\\\/ricarte\\\/#website\",\"url\":\"https:\\\/\\\/wordpress.ft.unicamp.br\\\/ricarte\\\/\",\"name\":\"Prof. Ivan Ricarte\",\"description\":\"P\u00e1gina Pessoal do Prof. Ivan Ricarte\",\"potentialAction\":[{\"@type\":\"SearchAction\",\"target\":{\"@type\":\"EntryPoint\",\"urlTemplate\":\"https:\\\/\\\/wordpress.ft.unicamp.br\\\/ricarte\\\/?s={search_term_string}\"},\"query-input\":{\"@type\":\"PropertyValueSpecification\",\"valueRequired\":true,\"valueName\":\"search_term_string\"}}],\"inLanguage\":\"pt-BR\"}]}<\/script>\n<!-- \/ Yoast SEO plugin. -->","yoast_head_json":{"title":"Ensino - Prof. Ivan Ricarte","robots":{"index":"index","follow":"follow","max-snippet":"max-snippet:-1","max-image-preview":"max-image-preview:large","max-video-preview":"max-video-preview:-1"},"canonical":"https:\/\/wordpress.ft.unicamp.br\/ricarte\/ensino\/","og_locale":"pt_BR","og_type":"article","og_title":"Ensino - Prof. Ivan Ricarte","og_description":"Atividades de ensino de: Gradua\u00e7\u00e3o Na Faculdade de Tecnologia da UNICAMP Na Faculdade de Engenharia El\u00e9trica e de Computa\u00e7\u00e3o da UNICAMP P\u00f3s-gradua\u00e7\u00e3o No Programa de P\u00f3s-gradua\u00e7\u00e3o em Tecnologia (FT-UNICAMP) No Programa de P\u00f3s-Gradua\u00e7\u00e3o em Engenharia El\u00e9trica (FEEC-UNICAMP) No Programa de Mestrado Profissionalizante em Engenharia de Software (IPT-SP) Extens\u00e3o Pela Escola de Extens\u00e3o da UNICAMP","og_url":"https:\/\/wordpress.ft.unicamp.br\/ricarte\/ensino\/","og_site_name":"Prof. Ivan Ricarte","article_modified_time":"2021-03-02T11:40:28+00:00","twitter_card":"summary_large_image","twitter_misc":{"Est. tempo de leitura":"1 minuto"},"schema":{"@context":"https:\/\/schema.org","@graph":[{"@type":"WebPage","@id":"https:\/\/wordpress.ft.unicamp.br\/ricarte\/ensino\/","url":"https:\/\/wordpress.ft.unicamp.br\/ricarte\/ensino\/","name":"Ensino - Prof. Ivan Ricarte","isPartOf":{"@id":"https:\/\/wordpress.ft.unicamp.br\/ricarte\/#website"},"datePublished":"2015-05-07T19:06:05+00:00","dateModified":"2021-03-02T11:40:28+00:00","breadcrumb":{"@id":"https:\/\/wordpress.ft.unicamp.br\/ricarte\/ensino\/#breadcrumb"},"inLanguage":"pt-BR","potentialAction":[{"@type":"ReadAction","target":["https:\/\/wordpress.ft.unicamp.br\/ricarte\/ensino\/"]}]},{"@type":"BreadcrumbList","@id":"https:\/\/wordpress.ft.unicamp.br\/ricarte\/ensino\/#breadcrumb","itemListElement":[{"@type":"ListItem","position":1,"name":"Home","item":"https:\/\/wordpress.ft.unicamp.br\/ricarte\/"},{"@type":"ListItem","position":2,"name":"Ensino"}]},{"@type":"WebSite","@id":"https:\/\/wordpress.ft.unicamp.br\/ricarte\/#website","url":"https:\/\/wordpress.ft.unicamp.br\/ricarte\/","name":"Prof. Ivan Ricarte","description":"P\u00e1gina Pessoal do Prof. Ivan Ricarte","potentialAction":[{"@type":"SearchAction","target":{"@type":"EntryPoint","urlTemplate":"https:\/\/wordpress.ft.unicamp.br\/ricarte\/?s={search_term_string}"},"query-input":{"@type":"PropertyValueSpecification","valueRequired":true,"valueName":"search_term_string"}}],"inLanguage":"pt-BR"}]}},"_links":{"self":[{"href":"https:\/\/wordpress.ft.unicamp.br\/ricarte\/wp-json\/wp\/v2\/pages\/11","targetHints":{"allow":["GET"]}}],"collection":[{"href":"https:\/\/wordpress.ft.unicamp.br\/ricarte\/wp-json\/wp\/v2\/pages"}],"about":[{"href":"https:\/\/wordpress.ft.unicamp.br\/ricarte\/wp-json\/wp\/v2\/types\/page"}],"author":[{"embeddable":true,"href":"https:\/\/wordpress.ft.unicamp.br\/ricarte\/wp-json\/wp\/v2\/users\/1"}],"replies":[{"embeddable":true,"href":"https:\/\/wordpress.ft.unicamp.br\/ricarte\/wp-json\/wp\/v2\/comments?post=11"}],"version-history":[{"count":1,"href":"https:\/\/wordpress.ft.unicamp.br\/ricarte\/wp-json\/wp\/v2\/pages\/11\/revisions"}],"predecessor-version":[{"id":340,"href":"https:\/\/wordpress.ft.unicamp.br\/ricarte\/wp-json\/wp\/v2\/pages\/11\/revisions\/340"}],"wp:attachment":[{"href":"https:\/\/wordpress.ft.unicamp.br\/ricarte\/wp-json\/wp\/v2\/media?parent=11"}],"curies":[{"name":"wp","href":"https:\/\/api.w.org\/{rel}","templated":true}]}}