{"id":144,"date":"2015-06-22T18:31:27","date_gmt":"2015-06-22T18:31:27","guid":{"rendered":"http:\/\/www.ft.unicamp.br\/docentes\/ricarte\/?page_id=144"},"modified":"2015-06-22T18:31:27","modified_gmt":"2015-06-22T18:31:27","slug":"extensao","status":"publish","type":"page","link":"https:\/\/wordpress.ft.unicamp.br\/ricarte\/extensao\/","title":{"rendered":"Extens\u00e3o"},"content":{"rendered":"<p>Pela Escola de Extens\u00e3o da UNICAMP (Extecamp), o Prof. Dr. Ivan Luiz Marques Ricarte j\u00e1 ministrou as disciplinas:<\/p>\n<ol>\n<li>FEE-0150 &#8211; An\u00e1lise e projetos de software orientado a objetos para aplica\u00e7\u00f5es em Engenharia<\/li>\n<\/ol>\n<p>Foram tamb\u00e9m ministrados cursos espec\u00edficos para empresas nos temas de:<\/p>\n<ol>\n<li>Fundamentos de Web e Internet (Embratel)<\/li>\n<li>Programa\u00e7\u00e3o C++ (Instituto Genius)<\/li>\n<li>Programa\u00e7\u00e3o Java (Nortel, Lucent)<\/li>\n<li>Plataforma J2EE (Nortel)<\/li>\n<\/ol>\n","protected":false},"excerpt":{"rendered":"<p>Pela Escola de Extens\u00e3o da UNICAMP (Extecamp), o Prof. Dr. Ivan Luiz Marques Ricarte j\u00e1 ministrou as disciplinas: FEE-0150 &#8211; An\u00e1lise e projetos de software orientado a objetos para aplica\u00e7\u00f5es em Engenharia Foram tamb\u00e9m ministrados cursos espec\u00edficos para empresas nos temas de: Fundamentos de Web e Internet (Embratel) Programa\u00e7\u00e3o C++ (Instituto Genius) Programa\u00e7\u00e3o Java (Nortel, [&hellip;]<\/p>\n","protected":false},"author":7,"featured_media":0,"parent":0,"menu_order":6,"comment_status":"closed","ping_status":"open","template":"","meta":{"footnotes":""},"class_list":["post-144","page","type-page","status-publish","hentry"],"yoast_head":"<!-- This site is optimized with the Yoast SEO plugin v27.3 - https:\/\/yoast.com\/product\/yoast-seo-wordpress\/ -->\n<title>Extens\u00e3o - Prof. Ivan Ricarte<\/title>\n<meta name=\"robots\" content=\"index, follow, max-snippet:-1, max-image-preview:large, max-video-preview:-1\" \/>\n<link rel=\"canonical\" href=\"https:\/\/wordpress.ft.unicamp.br\/ricarte\/extensao\/\" \/>\n<meta property=\"og:locale\" content=\"pt_BR\" \/>\n<meta property=\"og:type\" content=\"article\" \/>\n<meta property=\"og:title\" content=\"Extens\u00e3o - Prof. Ivan Ricarte\" \/>\n<meta property=\"og:description\" content=\"Pela Escola de Extens\u00e3o da UNICAMP (Extecamp), o Prof. Dr. Ivan Luiz Marques Ricarte j\u00e1 ministrou as disciplinas: FEE-0150 &#8211; An\u00e1lise e projetos de software orientado a objetos para aplica\u00e7\u00f5es em Engenharia Foram tamb\u00e9m ministrados cursos espec\u00edficos para empresas nos temas de: Fundamentos de Web e Internet (Embratel) Programa\u00e7\u00e3o C++ (Instituto Genius) Programa\u00e7\u00e3o Java (Nortel, [&hellip;]\" \/>\n<meta property=\"og:url\" content=\"https:\/\/wordpress.ft.unicamp.br\/ricarte\/extensao\/\" \/>\n<meta property=\"og:site_name\" content=\"Prof. Ivan Ricarte\" \/>\n<meta name=\"twitter:card\" content=\"summary_large_image\" \/>\n<script type=\"application\/ld+json\" class=\"yoast-schema-graph\">{\"@context\":\"https:\\\/\\\/schema.org\",\"@graph\":[{\"@type\":\"WebPage\",\"@id\":\"https:\\\/\\\/wordpress.ft.unicamp.br\\\/ricarte\\\/extensao\\\/\",\"url\":\"https:\\\/\\\/wordpress.ft.unicamp.br\\\/ricarte\\\/extensao\\\/\",\"name\":\"Extens\u00e3o - Prof. Ivan Ricarte\",\"isPartOf\":{\"@id\":\"https:\\\/\\\/wordpress.ft.unicamp.br\\\/ricarte\\\/#website\"},\"datePublished\":\"2015-06-22T18:31:27+00:00\",\"breadcrumb\":{\"@id\":\"https:\\\/\\\/wordpress.ft.unicamp.br\\\/ricarte\\\/extensao\\\/#breadcrumb\"},\"inLanguage\":\"pt-BR\",\"potentialAction\":[{\"@type\":\"ReadAction\",\"target\":[\"https:\\\/\\\/wordpress.ft.unicamp.br\\\/ricarte\\\/extensao\\\/\"]}]},{\"@type\":\"BreadcrumbList\",\"@id\":\"https:\\\/\\\/wordpress.ft.unicamp.br\\\/ricarte\\\/extensao\\\/#breadcrumb\",\"itemListElement\":[{\"@type\":\"ListItem\",\"position\":1,\"name\":\"Home\",\"item\":\"https:\\\/\\\/wordpress.ft.unicamp.br\\\/ricarte\\\/\"},{\"@type\":\"ListItem\",\"position\":2,\"name\":\"Extens\u00e3o\"}]},{\"@type\":\"WebSite\",\"@id\":\"https:\\\/\\\/wordpress.ft.unicamp.br\\\/ricarte\\\/#website\",\"url\":\"https:\\\/\\\/wordpress.ft.unicamp.br\\\/ricarte\\\/\",\"name\":\"Prof. Ivan Ricarte\",\"description\":\"P\u00e1gina Pessoal do Prof. Ivan Ricarte\",\"potentialAction\":[{\"@type\":\"SearchAction\",\"target\":{\"@type\":\"EntryPoint\",\"urlTemplate\":\"https:\\\/\\\/wordpress.ft.unicamp.br\\\/ricarte\\\/?s={search_term_string}\"},\"query-input\":{\"@type\":\"PropertyValueSpecification\",\"valueRequired\":true,\"valueName\":\"search_term_string\"}}],\"inLanguage\":\"pt-BR\"}]}<\/script>\n<!-- \/ Yoast SEO plugin. -->","yoast_head_json":{"title":"Extens\u00e3o - Prof. Ivan Ricarte","robots":{"index":"index","follow":"follow","max-snippet":"max-snippet:-1","max-image-preview":"max-image-preview:large","max-video-preview":"max-video-preview:-1"},"canonical":"https:\/\/wordpress.ft.unicamp.br\/ricarte\/extensao\/","og_locale":"pt_BR","og_type":"article","og_title":"Extens\u00e3o - Prof. Ivan Ricarte","og_description":"Pela Escola de Extens\u00e3o da UNICAMP (Extecamp), o Prof. Dr. Ivan Luiz Marques Ricarte j\u00e1 ministrou as disciplinas: FEE-0150 &#8211; An\u00e1lise e projetos de software orientado a objetos para aplica\u00e7\u00f5es em Engenharia Foram tamb\u00e9m ministrados cursos espec\u00edficos para empresas nos temas de: Fundamentos de Web e Internet (Embratel) Programa\u00e7\u00e3o C++ (Instituto Genius) Programa\u00e7\u00e3o Java (Nortel, [&hellip;]","og_url":"https:\/\/wordpress.ft.unicamp.br\/ricarte\/extensao\/","og_site_name":"Prof. Ivan Ricarte","twitter_card":"summary_large_image","schema":{"@context":"https:\/\/schema.org","@graph":[{"@type":"WebPage","@id":"https:\/\/wordpress.ft.unicamp.br\/ricarte\/extensao\/","url":"https:\/\/wordpress.ft.unicamp.br\/ricarte\/extensao\/","name":"Extens\u00e3o - Prof. Ivan Ricarte","isPartOf":{"@id":"https:\/\/wordpress.ft.unicamp.br\/ricarte\/#website"},"datePublished":"2015-06-22T18:31:27+00:00","breadcrumb":{"@id":"https:\/\/wordpress.ft.unicamp.br\/ricarte\/extensao\/#breadcrumb"},"inLanguage":"pt-BR","potentialAction":[{"@type":"ReadAction","target":["https:\/\/wordpress.ft.unicamp.br\/ricarte\/extensao\/"]}]},{"@type":"BreadcrumbList","@id":"https:\/\/wordpress.ft.unicamp.br\/ricarte\/extensao\/#breadcrumb","itemListElement":[{"@type":"ListItem","position":1,"name":"Home","item":"https:\/\/wordpress.ft.unicamp.br\/ricarte\/"},{"@type":"ListItem","position":2,"name":"Extens\u00e3o"}]},{"@type":"WebSite","@id":"https:\/\/wordpress.ft.unicamp.br\/ricarte\/#website","url":"https:\/\/wordpress.ft.unicamp.br\/ricarte\/","name":"Prof. Ivan Ricarte","description":"P\u00e1gina Pessoal do Prof. Ivan Ricarte","potentialAction":[{"@type":"SearchAction","target":{"@type":"EntryPoint","urlTemplate":"https:\/\/wordpress.ft.unicamp.br\/ricarte\/?s={search_term_string}"},"query-input":{"@type":"PropertyValueSpecification","valueRequired":true,"valueName":"search_term_string"}}],"inLanguage":"pt-BR"}]}},"_links":{"self":[{"href":"https:\/\/wordpress.ft.unicamp.br\/ricarte\/wp-json\/wp\/v2\/pages\/144","targetHints":{"allow":["GET"]}}],"collection":[{"href":"https:\/\/wordpress.ft.unicamp.br\/ricarte\/wp-json\/wp\/v2\/pages"}],"about":[{"href":"https:\/\/wordpress.ft.unicamp.br\/ricarte\/wp-json\/wp\/v2\/types\/page"}],"author":[{"embeddable":true,"href":"https:\/\/wordpress.ft.unicamp.br\/ricarte\/wp-json\/wp\/v2\/users\/7"}],"replies":[{"embeddable":true,"href":"https:\/\/wordpress.ft.unicamp.br\/ricarte\/wp-json\/wp\/v2\/comments?post=144"}],"version-history":[{"count":0,"href":"https:\/\/wordpress.ft.unicamp.br\/ricarte\/wp-json\/wp\/v2\/pages\/144\/revisions"}],"wp:attachment":[{"href":"https:\/\/wordpress.ft.unicamp.br\/ricarte\/wp-json\/wp\/v2\/media?parent=144"}],"curies":[{"name":"wp","href":"https:\/\/api.w.org\/{rel}","templated":true}]}}