{"id":149,"date":"2015-06-22T18:38:13","date_gmt":"2015-06-22T18:38:13","guid":{"rendered":"http:\/\/www.ft.unicamp.br\/docentes\/ricarte\/?page_id=149"},"modified":"2015-06-22T18:38:13","modified_gmt":"2015-06-22T18:38:13","slug":"univesp-informatica","status":"publish","type":"page","link":"https:\/\/wordpress.ft.unicamp.br\/ricarte\/videos\/univesp-informatica\/","title":{"rendered":"UNIVESP &#8211; Inform\u00e1tica"},"content":{"rendered":"<p>V\u00eddeos produzidos para o Curso de\u00a0Engenharia\u00a0da Universidade Virtual do Estado de S\u00e3o Paulo (UNIVESP):<\/p>\n<ol>\n<li><a href=\"https:\/\/www.youtube.com\/watch?v=zu5QvPHGU3Q\" target=\"_blank\">A evolu\u00e7\u00e3o dos computadores<\/a>\n<\/li>\n<li><a href=\"https:\/\/www.youtube.com\/watch?v=qQpXmzJHm8I\" target=\"_blank\">Elementos da organiza\u00e7\u00e3o de computadores<\/a>\n<\/li>\n<li><a href=\"https:\/\/www.youtube.com\/watch?v=hjYehF3lFdQ\" target=\"_blank\">Computadores: hardware<\/a>\n<\/li>\n<li><a href=\"https:\/\/www.youtube.com\/watch?v=WruRR-8aPF0\" target=\"_blank\">Sistemas operacionais<\/a>\n<\/li>\n<li><a href=\"https:\/\/www.youtube.com\/watch?v=qfmg6e-nqK4\" target=\"_blank\">Software: aplicativos<\/a>\n<\/li>\n<li><a href=\"https:\/\/www.youtube.com\/watch?v=H2hwR2XKYbw\" target=\"_blank\">A l\u00f3gica dos aplicativos<\/a>\n<\/li>\n<li><a href=\"https:\/\/www.youtube.com\/watch?v=Bg8qMUSvu-w\" target=\"_blank\">Planilhas para Engenharia<\/a>\n<\/li>\n<li><a href=\"https:\/\/www.youtube.com\/watch?v=HrJGc2rCbCA\" target=\"_blank\">Planilhas: tend\u00eancias e proje\u00e7\u00f5es<\/a>\n<\/li>\n<li><a href=\"https:\/\/www.youtube.com\/watch?v=Invn77D4Prs\" target=\"_blank\">Aplicativos para computa\u00e7\u00e3o num\u00e9rica<\/a>\n<\/li>\n<li><a href=\"https:\/\/www.youtube.com\/watch?v=488-NbFbUtY\" target=\"_blank\">Aplicativos para computa\u00e7\u00e3o simb\u00f3lica<\/a>\n<\/li>\n<li><a href=\"https:\/\/www.youtube.com\/watch?v=UjspOpmQPGE\" target=\"_blank\">O software na elabora\u00e7\u00e3o de texto t\u00e9cnico-cient\u00edfico<\/a>\n<\/li>\n<\/ol>\n<p>&nbsp;<\/p>\n","protected":false},"excerpt":{"rendered":"<p>V\u00eddeos produzidos para o Curso de\u00a0Engenharia\u00a0da Universidade Virtual do Estado de S\u00e3o Paulo (UNIVESP): A evolu\u00e7\u00e3o dos computadores Elementos da organiza\u00e7\u00e3o de computadores Computadores: hardware Sistemas operacionais Software: aplicativos A l\u00f3gica dos aplicativos Planilhas para Engenharia Planilhas: tend\u00eancias e proje\u00e7\u00f5es Aplicativos para computa\u00e7\u00e3o num\u00e9rica Aplicativos para computa\u00e7\u00e3o simb\u00f3lica O software na elabora\u00e7\u00e3o de texto t\u00e9cnico-cient\u00edfico [&hellip;]<\/p>\n","protected":false},"author":7,"featured_media":0,"parent":105,"menu_order":3,"comment_status":"closed","ping_status":"open","template":"","meta":{"footnotes":""},"class_list":["post-149","page","type-page","status-publish","hentry"],"yoast_head":"<!-- This site is optimized with the Yoast SEO plugin v27.5 - https:\/\/yoast.com\/product\/yoast-seo-wordpress\/ -->\n<title>UNIVESP - Inform\u00e1tica - Prof. Ivan Ricarte<\/title>\n<meta name=\"robots\" content=\"index, follow, max-snippet:-1, max-image-preview:large, max-video-preview:-1\" \/>\n<link rel=\"canonical\" href=\"https:\/\/wordpress.ft.unicamp.br\/ricarte\/videos\/univesp-informatica\/\" \/>\n<meta property=\"og:locale\" content=\"pt_BR\" \/>\n<meta property=\"og:type\" content=\"article\" \/>\n<meta property=\"og:title\" content=\"UNIVESP - Inform\u00e1tica - Prof. Ivan Ricarte\" \/>\n<meta property=\"og:description\" content=\"V\u00eddeos produzidos para o Curso de\u00a0Engenharia\u00a0da Universidade Virtual do Estado de S\u00e3o Paulo (UNIVESP): A evolu\u00e7\u00e3o dos computadores Elementos da organiza\u00e7\u00e3o de computadores Computadores: hardware Sistemas operacionais Software: aplicativos A l\u00f3gica dos aplicativos Planilhas para Engenharia Planilhas: tend\u00eancias e proje\u00e7\u00f5es Aplicativos para computa\u00e7\u00e3o num\u00e9rica Aplicativos para computa\u00e7\u00e3o simb\u00f3lica O software na elabora\u00e7\u00e3o de texto t\u00e9cnico-cient\u00edfico [&hellip;]\" \/>\n<meta property=\"og:url\" content=\"https:\/\/wordpress.ft.unicamp.br\/ricarte\/videos\/univesp-informatica\/\" \/>\n<meta property=\"og:site_name\" content=\"Prof. Ivan Ricarte\" \/>\n<meta name=\"twitter:card\" content=\"summary_large_image\" \/>\n<script type=\"application\/ld+json\" class=\"yoast-schema-graph\">{\"@context\":\"https:\\\/\\\/schema.org\",\"@graph\":[{\"@type\":\"WebPage\",\"@id\":\"https:\\\/\\\/wordpress.ft.unicamp.br\\\/ricarte\\\/videos\\\/univesp-informatica\\\/\",\"url\":\"https:\\\/\\\/wordpress.ft.unicamp.br\\\/ricarte\\\/videos\\\/univesp-informatica\\\/\",\"name\":\"UNIVESP - Inform\u00e1tica - Prof. Ivan Ricarte\",\"isPartOf\":{\"@id\":\"https:\\\/\\\/wordpress.ft.unicamp.br\\\/ricarte\\\/#website\"},\"datePublished\":\"2015-06-22T18:38:13+00:00\",\"breadcrumb\":{\"@id\":\"https:\\\/\\\/wordpress.ft.unicamp.br\\\/ricarte\\\/videos\\\/univesp-informatica\\\/#breadcrumb\"},\"inLanguage\":\"pt-BR\",\"potentialAction\":[{\"@type\":\"ReadAction\",\"target\":[\"https:\\\/\\\/wordpress.ft.unicamp.br\\\/ricarte\\\/videos\\\/univesp-informatica\\\/\"]}]},{\"@type\":\"BreadcrumbList\",\"@id\":\"https:\\\/\\\/wordpress.ft.unicamp.br\\\/ricarte\\\/videos\\\/univesp-informatica\\\/#breadcrumb\",\"itemListElement\":[{\"@type\":\"ListItem\",\"position\":1,\"name\":\"Home\",\"item\":\"https:\\\/\\\/wordpress.ft.unicamp.br\\\/ricarte\\\/\"},{\"@type\":\"ListItem\",\"position\":2,\"name\":\"V\u00eddeos\",\"item\":\"https:\\\/\\\/wordpress.ft.unicamp.br\\\/ricarte\\\/videos\\\/\"},{\"@type\":\"ListItem\",\"position\":3,\"name\":\"UNIVESP &#8211; Inform\u00e1tica\"}]},{\"@type\":\"WebSite\",\"@id\":\"https:\\\/\\\/wordpress.ft.unicamp.br\\\/ricarte\\\/#website\",\"url\":\"https:\\\/\\\/wordpress.ft.unicamp.br\\\/ricarte\\\/\",\"name\":\"Prof. Ivan Ricarte\",\"description\":\"P\u00e1gina Pessoal do Prof. Ivan Ricarte\",\"potentialAction\":[{\"@type\":\"SearchAction\",\"target\":{\"@type\":\"EntryPoint\",\"urlTemplate\":\"https:\\\/\\\/wordpress.ft.unicamp.br\\\/ricarte\\\/?s={search_term_string}\"},\"query-input\":{\"@type\":\"PropertyValueSpecification\",\"valueRequired\":true,\"valueName\":\"search_term_string\"}}],\"inLanguage\":\"pt-BR\"}]}<\/script>\n<!-- \/ Yoast SEO plugin. -->","yoast_head_json":{"title":"UNIVESP - Inform\u00e1tica - Prof. Ivan Ricarte","robots":{"index":"index","follow":"follow","max-snippet":"max-snippet:-1","max-image-preview":"max-image-preview:large","max-video-preview":"max-video-preview:-1"},"canonical":"https:\/\/wordpress.ft.unicamp.br\/ricarte\/videos\/univesp-informatica\/","og_locale":"pt_BR","og_type":"article","og_title":"UNIVESP - Inform\u00e1tica - Prof. Ivan Ricarte","og_description":"V\u00eddeos produzidos para o Curso de\u00a0Engenharia\u00a0da Universidade Virtual do Estado de S\u00e3o Paulo (UNIVESP): A evolu\u00e7\u00e3o dos computadores Elementos da organiza\u00e7\u00e3o de computadores Computadores: hardware Sistemas operacionais Software: aplicativos A l\u00f3gica dos aplicativos Planilhas para Engenharia Planilhas: tend\u00eancias e proje\u00e7\u00f5es Aplicativos para computa\u00e7\u00e3o num\u00e9rica Aplicativos para computa\u00e7\u00e3o simb\u00f3lica O software na elabora\u00e7\u00e3o de texto t\u00e9cnico-cient\u00edfico [&hellip;]","og_url":"https:\/\/wordpress.ft.unicamp.br\/ricarte\/videos\/univesp-informatica\/","og_site_name":"Prof. Ivan Ricarte","twitter_card":"summary_large_image","schema":{"@context":"https:\/\/schema.org","@graph":[{"@type":"WebPage","@id":"https:\/\/wordpress.ft.unicamp.br\/ricarte\/videos\/univesp-informatica\/","url":"https:\/\/wordpress.ft.unicamp.br\/ricarte\/videos\/univesp-informatica\/","name":"UNIVESP - Inform\u00e1tica - Prof. Ivan Ricarte","isPartOf":{"@id":"https:\/\/wordpress.ft.unicamp.br\/ricarte\/#website"},"datePublished":"2015-06-22T18:38:13+00:00","breadcrumb":{"@id":"https:\/\/wordpress.ft.unicamp.br\/ricarte\/videos\/univesp-informatica\/#breadcrumb"},"inLanguage":"pt-BR","potentialAction":[{"@type":"ReadAction","target":["https:\/\/wordpress.ft.unicamp.br\/ricarte\/videos\/univesp-informatica\/"]}]},{"@type":"BreadcrumbList","@id":"https:\/\/wordpress.ft.unicamp.br\/ricarte\/videos\/univesp-informatica\/#breadcrumb","itemListElement":[{"@type":"ListItem","position":1,"name":"Home","item":"https:\/\/wordpress.ft.unicamp.br\/ricarte\/"},{"@type":"ListItem","position":2,"name":"V\u00eddeos","item":"https:\/\/wordpress.ft.unicamp.br\/ricarte\/videos\/"},{"@type":"ListItem","position":3,"name":"UNIVESP &#8211; Inform\u00e1tica"}]},{"@type":"WebSite","@id":"https:\/\/wordpress.ft.unicamp.br\/ricarte\/#website","url":"https:\/\/wordpress.ft.unicamp.br\/ricarte\/","name":"Prof. Ivan Ricarte","description":"P\u00e1gina Pessoal do Prof. Ivan Ricarte","potentialAction":[{"@type":"SearchAction","target":{"@type":"EntryPoint","urlTemplate":"https:\/\/wordpress.ft.unicamp.br\/ricarte\/?s={search_term_string}"},"query-input":{"@type":"PropertyValueSpecification","valueRequired":true,"valueName":"search_term_string"}}],"inLanguage":"pt-BR"}]}},"_links":{"self":[{"href":"https:\/\/wordpress.ft.unicamp.br\/ricarte\/wp-json\/wp\/v2\/pages\/149","targetHints":{"allow":["GET"]}}],"collection":[{"href":"https:\/\/wordpress.ft.unicamp.br\/ricarte\/wp-json\/wp\/v2\/pages"}],"about":[{"href":"https:\/\/wordpress.ft.unicamp.br\/ricarte\/wp-json\/wp\/v2\/types\/page"}],"author":[{"embeddable":true,"href":"https:\/\/wordpress.ft.unicamp.br\/ricarte\/wp-json\/wp\/v2\/users\/7"}],"replies":[{"embeddable":true,"href":"https:\/\/wordpress.ft.unicamp.br\/ricarte\/wp-json\/wp\/v2\/comments?post=149"}],"version-history":[{"count":0,"href":"https:\/\/wordpress.ft.unicamp.br\/ricarte\/wp-json\/wp\/v2\/pages\/149\/revisions"}],"up":[{"embeddable":true,"href":"https:\/\/wordpress.ft.unicamp.br\/ricarte\/wp-json\/wp\/v2\/pages\/105"}],"wp:attachment":[{"href":"https:\/\/wordpress.ft.unicamp.br\/ricarte\/wp-json\/wp\/v2\/media?parent=149"}],"curies":[{"name":"wp","href":"https:\/\/api.w.org\/{rel}","templated":true}]}}