{"id":151,"date":"2015-06-22T18:39:14","date_gmt":"2015-06-22T18:39:14","guid":{"rendered":"http:\/\/www.ft.unicamp.br\/docentes\/ricarte\/?page_id=151"},"modified":"2021-03-02T14:08:11","modified_gmt":"2021-03-02T14:08:11","slug":"palestras","status":"publish","type":"page","link":"https:\/\/wordpress.ft.unicamp.br\/ricarte\/videos\/palestras\/","title":{"rendered":"Palestras"},"content":{"rendered":"<p><a href=\"https:\/\/www.youtube.com\/watch?v=rrP40ta4kwE\">De blogs a dados abertos: um estudo de caso na dissemina\u00e7\u00e3o de informa\u00e7\u00e3o em sa\u00fade<\/a>. Trabalho apresentado nas XIV Jornadas APDIS, em outubro de 2020. Apresenta\u00e7\u00e3o tem in\u00edcio aos 42 minutos do v\u00eddeo.<\/p>\n<p><a href=\"https:\/\/www.youtube.com\/watch?v=rgCr6haNrKA\">Cita\u00e7\u00f5es e fator de impacto n\u00e3o refletem a relev\u00e2ncia cl\u00ednica da informa\u00e7\u00e3o.<\/a> Grava\u00e7\u00e3o da apresenta\u00e7\u00e3o do trabalho nas XII Jornadas APDIS, em 21 de abril de 2016. Vencedor do <a href=\"http:\/\/apdis.pt\/jornada\/xii-jornadas\/?pagina=premio-lucilia-paiva\" target=\"_blank\" rel=\"noopener\">Pr\u00eamio Luc\u00edlia Paiva<\/a> de melhor apresenta\u00e7\u00e3o oral do evento.<\/p>\n<p><a href=\"https:\/\/www.youtube.com\/watch?v=Hu6mKsEpbis\" target=\"_blank\" rel=\"noopener\">Aplica\u00e7\u00f5es da Web Sem\u00e2ntica em Sa\u00fade<\/a>.\u00a0Grava\u00e7\u00e3o da palestra ministrada no IV Ciclo de Semin\u00e1rios On-Line de Tecnologias de Informa\u00e7\u00e3o em Sa\u00fade, promovido pela Diretoria de Educa\u00e7\u00e3o e Capacita\u00e7\u00e3o Profissional da Sociedade Brasileira de Inform\u00e1tica em Sa\u00fade (SBIS).<\/p>\n","protected":false},"excerpt":{"rendered":"<p>De blogs a dados abertos: um estudo de caso na dissemina\u00e7\u00e3o de informa\u00e7\u00e3o em sa\u00fade. Trabalho apresentado nas XIV Jornadas APDIS, em outubro de 2020. Apresenta\u00e7\u00e3o tem in\u00edcio aos 42 minutos do v\u00eddeo. Cita\u00e7\u00f5es e fator de impacto n\u00e3o refletem a relev\u00e2ncia cl\u00ednica da informa\u00e7\u00e3o. Grava\u00e7\u00e3o da apresenta\u00e7\u00e3o do trabalho nas XII Jornadas APDIS, em [&hellip;]<\/p>\n","protected":false},"author":7,"featured_media":0,"parent":105,"menu_order":1,"comment_status":"closed","ping_status":"open","template":"","meta":{"footnotes":""},"class_list":["post-151","page","type-page","status-publish","hentry"],"yoast_head":"<!-- This site is optimized with the Yoast SEO plugin v27.5 - https:\/\/yoast.com\/product\/yoast-seo-wordpress\/ -->\n<title>Palestras - Prof. Ivan Ricarte<\/title>\n<meta name=\"robots\" content=\"index, follow, max-snippet:-1, max-image-preview:large, max-video-preview:-1\" \/>\n<link rel=\"canonical\" href=\"https:\/\/wordpress.ft.unicamp.br\/ricarte\/videos\/palestras\/\" \/>\n<meta property=\"og:locale\" content=\"pt_BR\" \/>\n<meta property=\"og:type\" content=\"article\" \/>\n<meta property=\"og:title\" content=\"Palestras - Prof. Ivan Ricarte\" \/>\n<meta property=\"og:description\" content=\"De blogs a dados abertos: um estudo de caso na dissemina\u00e7\u00e3o de informa\u00e7\u00e3o em sa\u00fade. Trabalho apresentado nas XIV Jornadas APDIS, em outubro de 2020. Apresenta\u00e7\u00e3o tem in\u00edcio aos 42 minutos do v\u00eddeo. Cita\u00e7\u00f5es e fator de impacto n\u00e3o refletem a relev\u00e2ncia cl\u00ednica da informa\u00e7\u00e3o. Grava\u00e7\u00e3o da apresenta\u00e7\u00e3o do trabalho nas XII Jornadas APDIS, em [&hellip;]\" \/>\n<meta property=\"og:url\" content=\"https:\/\/wordpress.ft.unicamp.br\/ricarte\/videos\/palestras\/\" \/>\n<meta property=\"og:site_name\" content=\"Prof. Ivan Ricarte\" \/>\n<meta property=\"article:modified_time\" content=\"2021-03-02T14:08:11+00:00\" \/>\n<meta name=\"twitter:card\" content=\"summary_large_image\" \/>\n<meta name=\"twitter:label1\" content=\"Est. tempo de leitura\" \/>\n\t<meta name=\"twitter:data1\" content=\"1 minuto\" \/>\n<script type=\"application\/ld+json\" class=\"yoast-schema-graph\">{\"@context\":\"https:\\\/\\\/schema.org\",\"@graph\":[{\"@type\":\"WebPage\",\"@id\":\"https:\\\/\\\/wordpress.ft.unicamp.br\\\/ricarte\\\/videos\\\/palestras\\\/\",\"url\":\"https:\\\/\\\/wordpress.ft.unicamp.br\\\/ricarte\\\/videos\\\/palestras\\\/\",\"name\":\"Palestras - Prof. Ivan Ricarte\",\"isPartOf\":{\"@id\":\"https:\\\/\\\/wordpress.ft.unicamp.br\\\/ricarte\\\/#website\"},\"datePublished\":\"2015-06-22T18:39:14+00:00\",\"dateModified\":\"2021-03-02T14:08:11+00:00\",\"breadcrumb\":{\"@id\":\"https:\\\/\\\/wordpress.ft.unicamp.br\\\/ricarte\\\/videos\\\/palestras\\\/#breadcrumb\"},\"inLanguage\":\"pt-BR\",\"potentialAction\":[{\"@type\":\"ReadAction\",\"target\":[\"https:\\\/\\\/wordpress.ft.unicamp.br\\\/ricarte\\\/videos\\\/palestras\\\/\"]}]},{\"@type\":\"BreadcrumbList\",\"@id\":\"https:\\\/\\\/wordpress.ft.unicamp.br\\\/ricarte\\\/videos\\\/palestras\\\/#breadcrumb\",\"itemListElement\":[{\"@type\":\"ListItem\",\"position\":1,\"name\":\"Home\",\"item\":\"https:\\\/\\\/wordpress.ft.unicamp.br\\\/ricarte\\\/\"},{\"@type\":\"ListItem\",\"position\":2,\"name\":\"V\u00eddeos\",\"item\":\"https:\\\/\\\/wordpress.ft.unicamp.br\\\/ricarte\\\/videos\\\/\"},{\"@type\":\"ListItem\",\"position\":3,\"name\":\"Palestras\"}]},{\"@type\":\"WebSite\",\"@id\":\"https:\\\/\\\/wordpress.ft.unicamp.br\\\/ricarte\\\/#website\",\"url\":\"https:\\\/\\\/wordpress.ft.unicamp.br\\\/ricarte\\\/\",\"name\":\"Prof. Ivan Ricarte\",\"description\":\"P\u00e1gina Pessoal do Prof. Ivan Ricarte\",\"potentialAction\":[{\"@type\":\"SearchAction\",\"target\":{\"@type\":\"EntryPoint\",\"urlTemplate\":\"https:\\\/\\\/wordpress.ft.unicamp.br\\\/ricarte\\\/?s={search_term_string}\"},\"query-input\":{\"@type\":\"PropertyValueSpecification\",\"valueRequired\":true,\"valueName\":\"search_term_string\"}}],\"inLanguage\":\"pt-BR\"}]}<\/script>\n<!-- \/ Yoast SEO plugin. -->","yoast_head_json":{"title":"Palestras - Prof. Ivan Ricarte","robots":{"index":"index","follow":"follow","max-snippet":"max-snippet:-1","max-image-preview":"max-image-preview:large","max-video-preview":"max-video-preview:-1"},"canonical":"https:\/\/wordpress.ft.unicamp.br\/ricarte\/videos\/palestras\/","og_locale":"pt_BR","og_type":"article","og_title":"Palestras - Prof. Ivan Ricarte","og_description":"De blogs a dados abertos: um estudo de caso na dissemina\u00e7\u00e3o de informa\u00e7\u00e3o em sa\u00fade. Trabalho apresentado nas XIV Jornadas APDIS, em outubro de 2020. Apresenta\u00e7\u00e3o tem in\u00edcio aos 42 minutos do v\u00eddeo. Cita\u00e7\u00f5es e fator de impacto n\u00e3o refletem a relev\u00e2ncia cl\u00ednica da informa\u00e7\u00e3o. Grava\u00e7\u00e3o da apresenta\u00e7\u00e3o do trabalho nas XII Jornadas APDIS, em [&hellip;]","og_url":"https:\/\/wordpress.ft.unicamp.br\/ricarte\/videos\/palestras\/","og_site_name":"Prof. Ivan Ricarte","article_modified_time":"2021-03-02T14:08:11+00:00","twitter_card":"summary_large_image","twitter_misc":{"Est. tempo de leitura":"1 minuto"},"schema":{"@context":"https:\/\/schema.org","@graph":[{"@type":"WebPage","@id":"https:\/\/wordpress.ft.unicamp.br\/ricarte\/videos\/palestras\/","url":"https:\/\/wordpress.ft.unicamp.br\/ricarte\/videos\/palestras\/","name":"Palestras - Prof. Ivan Ricarte","isPartOf":{"@id":"https:\/\/wordpress.ft.unicamp.br\/ricarte\/#website"},"datePublished":"2015-06-22T18:39:14+00:00","dateModified":"2021-03-02T14:08:11+00:00","breadcrumb":{"@id":"https:\/\/wordpress.ft.unicamp.br\/ricarte\/videos\/palestras\/#breadcrumb"},"inLanguage":"pt-BR","potentialAction":[{"@type":"ReadAction","target":["https:\/\/wordpress.ft.unicamp.br\/ricarte\/videos\/palestras\/"]}]},{"@type":"BreadcrumbList","@id":"https:\/\/wordpress.ft.unicamp.br\/ricarte\/videos\/palestras\/#breadcrumb","itemListElement":[{"@type":"ListItem","position":1,"name":"Home","item":"https:\/\/wordpress.ft.unicamp.br\/ricarte\/"},{"@type":"ListItem","position":2,"name":"V\u00eddeos","item":"https:\/\/wordpress.ft.unicamp.br\/ricarte\/videos\/"},{"@type":"ListItem","position":3,"name":"Palestras"}]},{"@type":"WebSite","@id":"https:\/\/wordpress.ft.unicamp.br\/ricarte\/#website","url":"https:\/\/wordpress.ft.unicamp.br\/ricarte\/","name":"Prof. Ivan Ricarte","description":"P\u00e1gina Pessoal do Prof. Ivan Ricarte","potentialAction":[{"@type":"SearchAction","target":{"@type":"EntryPoint","urlTemplate":"https:\/\/wordpress.ft.unicamp.br\/ricarte\/?s={search_term_string}"},"query-input":{"@type":"PropertyValueSpecification","valueRequired":true,"valueName":"search_term_string"}}],"inLanguage":"pt-BR"}]}},"_links":{"self":[{"href":"https:\/\/wordpress.ft.unicamp.br\/ricarte\/wp-json\/wp\/v2\/pages\/151","targetHints":{"allow":["GET"]}}],"collection":[{"href":"https:\/\/wordpress.ft.unicamp.br\/ricarte\/wp-json\/wp\/v2\/pages"}],"about":[{"href":"https:\/\/wordpress.ft.unicamp.br\/ricarte\/wp-json\/wp\/v2\/types\/page"}],"author":[{"embeddable":true,"href":"https:\/\/wordpress.ft.unicamp.br\/ricarte\/wp-json\/wp\/v2\/users\/7"}],"replies":[{"embeddable":true,"href":"https:\/\/wordpress.ft.unicamp.br\/ricarte\/wp-json\/wp\/v2\/comments?post=151"}],"version-history":[{"count":1,"href":"https:\/\/wordpress.ft.unicamp.br\/ricarte\/wp-json\/wp\/v2\/pages\/151\/revisions"}],"predecessor-version":[{"id":357,"href":"https:\/\/wordpress.ft.unicamp.br\/ricarte\/wp-json\/wp\/v2\/pages\/151\/revisions\/357"}],"up":[{"embeddable":true,"href":"https:\/\/wordpress.ft.unicamp.br\/ricarte\/wp-json\/wp\/v2\/pages\/105"}],"wp:attachment":[{"href":"https:\/\/wordpress.ft.unicamp.br\/ricarte\/wp-json\/wp\/v2\/media?parent=151"}],"curies":[{"name":"wp","href":"https:\/\/api.w.org\/{rel}","templated":true}]}}