{"id":17,"date":"2015-05-07T19:33:33","date_gmt":"2015-05-07T19:33:33","guid":{"rendered":"http:\/\/www.ft.unicamp.br\/docentes\/ricarte\/?page_id=17"},"modified":"2022-08-16T12:03:46","modified_gmt":"2022-08-16T12:03:46","slug":"inicio-ivan-ricarte","status":"publish","type":"page","link":"https:\/\/wordpress.ft.unicamp.br\/ricarte\/","title":{"rendered":"In\u00edcio"},"content":{"rendered":"<div id=\"main\" class=\"clearfix\">\n<section id=\"post-content\">\n<div id=\"breadcrumbs\">\n<h2 class=\"title\">Prof. Dr. Ivan Luiz Marques Ricarte<\/h2>\n<\/div>\n<div class=\"region region-content\">\n<div id=\"block-system-main\" class=\"block block-system\">\n<div class=\"content\">\n<article id=\"node-1\" class=\"node node-page node-promoted node-teaser clearfix\">\n<div class=\"content\">\n<div class=\"field field-name-body field-type-text-with-summary field-label-hidden\">\n<div class=\"field-items\">\n<div class=\"field-item even\">\n<p>Professor Titular, aposentado, <a href=\"http:\/\/www.ft.unicamp.br\" target=\"_blank\" rel=\"noopener\">Faculdade de Tecnologia<\/a>, <a href=\"http:\/\/www.unicamp.br\" target=\"_blank\" rel=\"noopener\">UNICAMP<\/a><\/p>\n<p>P\u00f3s-doutorado (2011-2012), <a href=\"http:\/\/www.mcgill.ca\/medicine\/\" target=\"_blank\" rel=\"noopener\">Faculty of Medicine<\/a>, <a href=\"http:\/\/www.mcgill.ca\/\" target=\"_blank\" rel=\"noopener\">McGill University<\/a><br \/>\nLivre-docente (2001), <a href=\"http:\/\/www.fee.unicamp.br\" target=\"_blank\" rel=\"noopener\">Faculdade de Engenharia El\u00e9trica e de Computa\u00e7\u00e3o<\/a>, <a href=\"http:\/\/www.unicamp.br\" target=\"_blank\" rel=\"noopener\">UNICAMP<\/a><br \/>\nPh.D. (1994), <a href=\"http:\/\/www.ece.umd.edu\/\" target=\"_blank\" rel=\"noopener\">A. James Clark School of Engineering<\/a>, <a href=\"http:\/\/www.umd.edu\/\" target=\"_blank\" rel=\"noopener\">University of Maryland at College Park<\/a><\/p>\n<p>Mestre (1987), <a href=\"http:\/\/www.fee.unicamp.br\" target=\"_blank\" rel=\"noopener\">Faculdade de Engenharia El\u00e9trica<\/a>, <a href=\"http:\/\/www.unicamp.br\" target=\"_blank\" rel=\"noopener\">UNICAMP<\/a><br \/>\nEngenheiro Eletricista (1984), <a href=\"http:\/\/www.fee.unicamp.br\" target=\"_blank\" rel=\"noopener\">Faculdade de Engenharia de Campinas<\/a>, <a href=\"http:\/\/www.unicamp.br\" target=\"_blank\" rel=\"noopener\">UNICAMP<\/a><\/p>\n<\/div>\n<\/div>\n<\/div>\n<\/div>\n<\/article>\n<\/div>\n<\/div>\n<\/div>\n<\/section>\n<\/div>\n","protected":false},"excerpt":{"rendered":"<p>Prof. Dr. Ivan Luiz Marques Ricarte Professor Titular, aposentado, Faculdade de Tecnologia, UNICAMP P\u00f3s-doutorado (2011-2012), Faculty of Medicine, McGill University Livre-docente (2001), Faculdade de Engenharia El\u00e9trica e de Computa\u00e7\u00e3o, UNICAMP Ph.D. (1994), A. James Clark School of Engineering, University of Maryland at College Park Mestre (1987), Faculdade de Engenharia El\u00e9trica, UNICAMP Engenheiro Eletricista (1984), Faculdade [&hellip;]<\/p>\n","protected":false},"author":1,"featured_media":0,"parent":0,"menu_order":0,"comment_status":"closed","ping_status":"open","template":"","meta":{"footnotes":""},"class_list":["post-17","page","type-page","status-publish","hentry"],"yoast_head":"<!-- This site is optimized with the Yoast SEO plugin v27.3 - https:\/\/yoast.com\/product\/yoast-seo-wordpress\/ -->\n<title>In\u00edcio - Prof. Ivan Ricarte<\/title>\n<meta name=\"description\" content=\"P\u00e1gina pessoal do Prof. Ivan Luiz Marques Ricarte, Professor Titular aposentado da FT-UNICAMP, na \u00e1rea de Sistemas de Informa\u00e7\u00e3o.\" \/>\n<meta name=\"robots\" content=\"index, follow, max-snippet:-1, max-image-preview:large, max-video-preview:-1\" \/>\n<link rel=\"canonical\" href=\"https:\/\/wordpress.ft.unicamp.br\/ricarte\/\" \/>\n<meta property=\"og:locale\" content=\"pt_BR\" \/>\n<meta property=\"og:type\" content=\"article\" \/>\n<meta property=\"og:title\" content=\"In\u00edcio - Prof. Ivan Ricarte\" \/>\n<meta property=\"og:description\" content=\"P\u00e1gina pessoal do Prof. Ivan Luiz Marques Ricarte, Professor Titular aposentado da FT-UNICAMP, na \u00e1rea de Sistemas de Informa\u00e7\u00e3o.\" \/>\n<meta property=\"og:url\" content=\"https:\/\/wordpress.ft.unicamp.br\/ricarte\/\" \/>\n<meta property=\"og:site_name\" content=\"Prof. Ivan Ricarte\" \/>\n<meta property=\"article:modified_time\" content=\"2022-08-16T12:03:46+00:00\" \/>\n<meta name=\"twitter:card\" content=\"summary_large_image\" \/>\n<meta name=\"twitter:label1\" content=\"Est. tempo de leitura\" \/>\n\t<meta name=\"twitter:data1\" content=\"1 minuto\" \/>\n<script type=\"application\/ld+json\" class=\"yoast-schema-graph\">{\"@context\":\"https:\\\/\\\/schema.org\",\"@graph\":[{\"@type\":\"WebPage\",\"@id\":\"https:\\\/\\\/wordpress.ft.unicamp.br\\\/ricarte\\\/\",\"url\":\"https:\\\/\\\/wordpress.ft.unicamp.br\\\/ricarte\\\/\",\"name\":\"In\u00edcio - Prof. Ivan Ricarte\",\"isPartOf\":{\"@id\":\"https:\\\/\\\/wordpress.ft.unicamp.br\\\/ricarte\\\/#website\"},\"datePublished\":\"2015-05-07T19:33:33+00:00\",\"dateModified\":\"2022-08-16T12:03:46+00:00\",\"description\":\"P\u00e1gina pessoal do Prof. Ivan Luiz Marques Ricarte, Professor Titular aposentado da FT-UNICAMP, na \u00e1rea de Sistemas de Informa\u00e7\u00e3o.\",\"breadcrumb\":{\"@id\":\"https:\\\/\\\/wordpress.ft.unicamp.br\\\/ricarte\\\/#breadcrumb\"},\"inLanguage\":\"pt-BR\",\"potentialAction\":[{\"@type\":\"ReadAction\",\"target\":[\"https:\\\/\\\/wordpress.ft.unicamp.br\\\/ricarte\\\/\"]}]},{\"@type\":\"BreadcrumbList\",\"@id\":\"https:\\\/\\\/wordpress.ft.unicamp.br\\\/ricarte\\\/#breadcrumb\",\"itemListElement\":[{\"@type\":\"ListItem\",\"position\":1,\"name\":\"Home\",\"item\":\"https:\\\/\\\/wordpress.ft.unicamp.br\\\/ricarte\\\/\"},{\"@type\":\"ListItem\",\"position\":2,\"name\":\"In\u00edcio\"}]},{\"@type\":\"WebSite\",\"@id\":\"https:\\\/\\\/wordpress.ft.unicamp.br\\\/ricarte\\\/#website\",\"url\":\"https:\\\/\\\/wordpress.ft.unicamp.br\\\/ricarte\\\/\",\"name\":\"Prof. Ivan Ricarte\",\"description\":\"P\u00e1gina Pessoal do Prof. Ivan Ricarte\",\"potentialAction\":[{\"@type\":\"SearchAction\",\"target\":{\"@type\":\"EntryPoint\",\"urlTemplate\":\"https:\\\/\\\/wordpress.ft.unicamp.br\\\/ricarte\\\/?s={search_term_string}\"},\"query-input\":{\"@type\":\"PropertyValueSpecification\",\"valueRequired\":true,\"valueName\":\"search_term_string\"}}],\"inLanguage\":\"pt-BR\"}]}<\/script>\n<!-- \/ Yoast SEO plugin. -->","yoast_head_json":{"title":"In\u00edcio - Prof. Ivan Ricarte","description":"P\u00e1gina pessoal do Prof. Ivan Luiz Marques Ricarte, Professor Titular aposentado da FT-UNICAMP, na \u00e1rea de Sistemas de Informa\u00e7\u00e3o.","robots":{"index":"index","follow":"follow","max-snippet":"max-snippet:-1","max-image-preview":"max-image-preview:large","max-video-preview":"max-video-preview:-1"},"canonical":"https:\/\/wordpress.ft.unicamp.br\/ricarte\/","og_locale":"pt_BR","og_type":"article","og_title":"In\u00edcio - Prof. Ivan Ricarte","og_description":"P\u00e1gina pessoal do Prof. Ivan Luiz Marques Ricarte, Professor Titular aposentado da FT-UNICAMP, na \u00e1rea de Sistemas de Informa\u00e7\u00e3o.","og_url":"https:\/\/wordpress.ft.unicamp.br\/ricarte\/","og_site_name":"Prof. Ivan Ricarte","article_modified_time":"2022-08-16T12:03:46+00:00","twitter_card":"summary_large_image","twitter_misc":{"Est. tempo de leitura":"1 minuto"},"schema":{"@context":"https:\/\/schema.org","@graph":[{"@type":"WebPage","@id":"https:\/\/wordpress.ft.unicamp.br\/ricarte\/","url":"https:\/\/wordpress.ft.unicamp.br\/ricarte\/","name":"In\u00edcio - Prof. Ivan Ricarte","isPartOf":{"@id":"https:\/\/wordpress.ft.unicamp.br\/ricarte\/#website"},"datePublished":"2015-05-07T19:33:33+00:00","dateModified":"2022-08-16T12:03:46+00:00","description":"P\u00e1gina pessoal do Prof. Ivan Luiz Marques Ricarte, Professor Titular aposentado da FT-UNICAMP, na \u00e1rea de Sistemas de Informa\u00e7\u00e3o.","breadcrumb":{"@id":"https:\/\/wordpress.ft.unicamp.br\/ricarte\/#breadcrumb"},"inLanguage":"pt-BR","potentialAction":[{"@type":"ReadAction","target":["https:\/\/wordpress.ft.unicamp.br\/ricarte\/"]}]},{"@type":"BreadcrumbList","@id":"https:\/\/wordpress.ft.unicamp.br\/ricarte\/#breadcrumb","itemListElement":[{"@type":"ListItem","position":1,"name":"Home","item":"https:\/\/wordpress.ft.unicamp.br\/ricarte\/"},{"@type":"ListItem","position":2,"name":"In\u00edcio"}]},{"@type":"WebSite","@id":"https:\/\/wordpress.ft.unicamp.br\/ricarte\/#website","url":"https:\/\/wordpress.ft.unicamp.br\/ricarte\/","name":"Prof. Ivan Ricarte","description":"P\u00e1gina Pessoal do Prof. Ivan Ricarte","potentialAction":[{"@type":"SearchAction","target":{"@type":"EntryPoint","urlTemplate":"https:\/\/wordpress.ft.unicamp.br\/ricarte\/?s={search_term_string}"},"query-input":{"@type":"PropertyValueSpecification","valueRequired":true,"valueName":"search_term_string"}}],"inLanguage":"pt-BR"}]}},"_links":{"self":[{"href":"https:\/\/wordpress.ft.unicamp.br\/ricarte\/wp-json\/wp\/v2\/pages\/17","targetHints":{"allow":["GET"]}}],"collection":[{"href":"https:\/\/wordpress.ft.unicamp.br\/ricarte\/wp-json\/wp\/v2\/pages"}],"about":[{"href":"https:\/\/wordpress.ft.unicamp.br\/ricarte\/wp-json\/wp\/v2\/types\/page"}],"author":[{"embeddable":true,"href":"https:\/\/wordpress.ft.unicamp.br\/ricarte\/wp-json\/wp\/v2\/users\/1"}],"replies":[{"embeddable":true,"href":"https:\/\/wordpress.ft.unicamp.br\/ricarte\/wp-json\/wp\/v2\/comments?post=17"}],"version-history":[{"count":3,"href":"https:\/\/wordpress.ft.unicamp.br\/ricarte\/wp-json\/wp\/v2\/pages\/17\/revisions"}],"predecessor-version":[{"id":383,"href":"https:\/\/wordpress.ft.unicamp.br\/ricarte\/wp-json\/wp\/v2\/pages\/17\/revisions\/383"}],"wp:attachment":[{"href":"https:\/\/wordpress.ft.unicamp.br\/ricarte\/wp-json\/wp\/v2\/media?parent=17"}],"curies":[{"name":"wp","href":"https:\/\/api.w.org\/{rel}","templated":true}]}}