{"id":311,"date":"2019-11-21T21:28:13","date_gmt":"2019-11-21T21:28:13","guid":{"rendered":"http:\/\/wordpress.ft.unicamp.br\/ricarte\/?page_id=311"},"modified":"2021-03-02T21:18:27","modified_gmt":"2021-03-02T21:18:27","slug":"notas-didaticas","status":"publish","type":"page","link":"https:\/\/wordpress.ft.unicamp.br\/ricarte\/livros\/notas-didaticas\/","title":{"rendered":"Notas did\u00e1ticas"},"content":{"rendered":"\n<p><strong>Programa\u00e7\u00e3o para a Web Sem\u00e2ntica<\/strong>, 2019. DOI:&nbsp;<a href=\"https:\/\/www.researchgate.net\/publication\/337428068_Programacao_para_a_Web_Semantica\">10.13140\/RG.2.2.31538.15046<\/a><\/p>\n\n\n\n<p><strong>Programa\u00e7\u00e3o orientada a objetos:<\/strong> uma abordagem com Java, 2001.<br>DOI: <a href=\"http:\/\/dx.doi.org\/10.13140\/RG.2.2.25947.92963\">10.13140\/RG.2.2.25947.92963<\/a><\/p>\n\n\n\n<p><strong>Organiza\u00e7\u00e3o de Computadores<\/strong>, 1999. <br>DOI: <a href=\"http:\/\/dx.doi.org\/10.13140\/RG.2.2.30981.09448\">10.13140\/RG.2.2.30981.09448<\/a><\/p>\n\n\n\n<p><strong>Sistemas de banco de dados orientados a objetos<\/strong>, 1998.<br>Dispon\u00edvel em <a href=\"https:\/\/www.researchgate.net\/publication\/228807782_Sistemas_de_Bancos_de_Dados_Orientados_a_Objetos\" target=\"_blank\" rel=\"noreferrer noopener\">ResearchGate<\/a><\/p>\n\n\n\n<p><strong>Programa\u00e7\u00e3o orientada a objetos com C++<\/strong>, 1995.<br>DOI: <a href=\"http:\/\/dx.doi.org\/10.13140\/RG.2.2.29303.37289\">10.13140\/RG.2.2.29303.37289<\/a><\/p>\n\n\n\n<p><\/p>\n","protected":false},"excerpt":{"rendered":"<p>Programa\u00e7\u00e3o para a Web Sem\u00e2ntica, 2019. DOI:&nbsp;10.13140\/RG.2.2.31538.15046 Programa\u00e7\u00e3o orientada a objetos: uma abordagem com Java, 2001.DOI: 10.13140\/RG.2.2.25947.92963 Organiza\u00e7\u00e3o de Computadores, 1999. DOI: 10.13140\/RG.2.2.30981.09448 Sistemas de banco de dados orientados a objetos, 1998.Dispon\u00edvel em ResearchGate Programa\u00e7\u00e3o orientada a objetos com C++, 1995.DOI: 10.13140\/RG.2.2.29303.37289<\/p>\n","protected":false},"author":7,"featured_media":0,"parent":54,"menu_order":5,"comment_status":"closed","ping_status":"closed","template":"","meta":{"footnotes":""},"class_list":["post-311","page","type-page","status-publish","hentry"],"yoast_head":"<!-- This site is optimized with the Yoast SEO plugin v27.5 - https:\/\/yoast.com\/product\/yoast-seo-wordpress\/ -->\n<title>Notas did\u00e1ticas - Prof. Ivan Ricarte<\/title>\n<meta name=\"robots\" content=\"index, follow, max-snippet:-1, max-image-preview:large, max-video-preview:-1\" \/>\n<link rel=\"canonical\" href=\"https:\/\/wordpress.ft.unicamp.br\/ricarte\/livros\/notas-didaticas\/\" \/>\n<meta property=\"og:locale\" content=\"pt_BR\" \/>\n<meta property=\"og:type\" content=\"article\" \/>\n<meta property=\"og:title\" content=\"Notas did\u00e1ticas - Prof. Ivan Ricarte\" \/>\n<meta property=\"og:description\" content=\"Programa\u00e7\u00e3o para a Web Sem\u00e2ntica, 2019. DOI:&nbsp;10.13140\/RG.2.2.31538.15046 Programa\u00e7\u00e3o orientada a objetos: uma abordagem com Java, 2001.DOI: 10.13140\/RG.2.2.25947.92963 Organiza\u00e7\u00e3o de Computadores, 1999. DOI: 10.13140\/RG.2.2.30981.09448 Sistemas de banco de dados orientados a objetos, 1998.Dispon\u00edvel em ResearchGate Programa\u00e7\u00e3o orientada a objetos com C++, 1995.DOI: 10.13140\/RG.2.2.29303.37289\" \/>\n<meta property=\"og:url\" content=\"https:\/\/wordpress.ft.unicamp.br\/ricarte\/livros\/notas-didaticas\/\" \/>\n<meta property=\"og:site_name\" content=\"Prof. Ivan Ricarte\" \/>\n<meta property=\"article:modified_time\" content=\"2021-03-02T21:18:27+00:00\" \/>\n<meta name=\"twitter:card\" content=\"summary_large_image\" \/>\n<meta name=\"twitter:label1\" content=\"Est. tempo de leitura\" \/>\n\t<meta name=\"twitter:data1\" content=\"1 minuto\" \/>\n<script type=\"application\/ld+json\" class=\"yoast-schema-graph\">{\"@context\":\"https:\\\/\\\/schema.org\",\"@graph\":[{\"@type\":\"WebPage\",\"@id\":\"https:\\\/\\\/wordpress.ft.unicamp.br\\\/ricarte\\\/livros\\\/notas-didaticas\\\/\",\"url\":\"https:\\\/\\\/wordpress.ft.unicamp.br\\\/ricarte\\\/livros\\\/notas-didaticas\\\/\",\"name\":\"Notas did\u00e1ticas - Prof. Ivan Ricarte\",\"isPartOf\":{\"@id\":\"https:\\\/\\\/wordpress.ft.unicamp.br\\\/ricarte\\\/#website\"},\"datePublished\":\"2019-11-21T21:28:13+00:00\",\"dateModified\":\"2021-03-02T21:18:27+00:00\",\"breadcrumb\":{\"@id\":\"https:\\\/\\\/wordpress.ft.unicamp.br\\\/ricarte\\\/livros\\\/notas-didaticas\\\/#breadcrumb\"},\"inLanguage\":\"pt-BR\",\"potentialAction\":[{\"@type\":\"ReadAction\",\"target\":[\"https:\\\/\\\/wordpress.ft.unicamp.br\\\/ricarte\\\/livros\\\/notas-didaticas\\\/\"]}]},{\"@type\":\"BreadcrumbList\",\"@id\":\"https:\\\/\\\/wordpress.ft.unicamp.br\\\/ricarte\\\/livros\\\/notas-didaticas\\\/#breadcrumb\",\"itemListElement\":[{\"@type\":\"ListItem\",\"position\":1,\"name\":\"Home\",\"item\":\"https:\\\/\\\/wordpress.ft.unicamp.br\\\/ricarte\\\/\"},{\"@type\":\"ListItem\",\"position\":2,\"name\":\"Livros\",\"item\":\"https:\\\/\\\/wordpress.ft.unicamp.br\\\/ricarte\\\/livros\\\/\"},{\"@type\":\"ListItem\",\"position\":3,\"name\":\"Notas did\u00e1ticas\"}]},{\"@type\":\"WebSite\",\"@id\":\"https:\\\/\\\/wordpress.ft.unicamp.br\\\/ricarte\\\/#website\",\"url\":\"https:\\\/\\\/wordpress.ft.unicamp.br\\\/ricarte\\\/\",\"name\":\"Prof. Ivan Ricarte\",\"description\":\"P\u00e1gina Pessoal do Prof. Ivan Ricarte\",\"potentialAction\":[{\"@type\":\"SearchAction\",\"target\":{\"@type\":\"EntryPoint\",\"urlTemplate\":\"https:\\\/\\\/wordpress.ft.unicamp.br\\\/ricarte\\\/?s={search_term_string}\"},\"query-input\":{\"@type\":\"PropertyValueSpecification\",\"valueRequired\":true,\"valueName\":\"search_term_string\"}}],\"inLanguage\":\"pt-BR\"}]}<\/script>\n<!-- \/ Yoast SEO plugin. -->","yoast_head_json":{"title":"Notas did\u00e1ticas - Prof. Ivan Ricarte","robots":{"index":"index","follow":"follow","max-snippet":"max-snippet:-1","max-image-preview":"max-image-preview:large","max-video-preview":"max-video-preview:-1"},"canonical":"https:\/\/wordpress.ft.unicamp.br\/ricarte\/livros\/notas-didaticas\/","og_locale":"pt_BR","og_type":"article","og_title":"Notas did\u00e1ticas - Prof. Ivan Ricarte","og_description":"Programa\u00e7\u00e3o para a Web Sem\u00e2ntica, 2019. DOI:&nbsp;10.13140\/RG.2.2.31538.15046 Programa\u00e7\u00e3o orientada a objetos: uma abordagem com Java, 2001.DOI: 10.13140\/RG.2.2.25947.92963 Organiza\u00e7\u00e3o de Computadores, 1999. DOI: 10.13140\/RG.2.2.30981.09448 Sistemas de banco de dados orientados a objetos, 1998.Dispon\u00edvel em ResearchGate Programa\u00e7\u00e3o orientada a objetos com C++, 1995.DOI: 10.13140\/RG.2.2.29303.37289","og_url":"https:\/\/wordpress.ft.unicamp.br\/ricarte\/livros\/notas-didaticas\/","og_site_name":"Prof. Ivan Ricarte","article_modified_time":"2021-03-02T21:18:27+00:00","twitter_card":"summary_large_image","twitter_misc":{"Est. tempo de leitura":"1 minuto"},"schema":{"@context":"https:\/\/schema.org","@graph":[{"@type":"WebPage","@id":"https:\/\/wordpress.ft.unicamp.br\/ricarte\/livros\/notas-didaticas\/","url":"https:\/\/wordpress.ft.unicamp.br\/ricarte\/livros\/notas-didaticas\/","name":"Notas did\u00e1ticas - Prof. Ivan Ricarte","isPartOf":{"@id":"https:\/\/wordpress.ft.unicamp.br\/ricarte\/#website"},"datePublished":"2019-11-21T21:28:13+00:00","dateModified":"2021-03-02T21:18:27+00:00","breadcrumb":{"@id":"https:\/\/wordpress.ft.unicamp.br\/ricarte\/livros\/notas-didaticas\/#breadcrumb"},"inLanguage":"pt-BR","potentialAction":[{"@type":"ReadAction","target":["https:\/\/wordpress.ft.unicamp.br\/ricarte\/livros\/notas-didaticas\/"]}]},{"@type":"BreadcrumbList","@id":"https:\/\/wordpress.ft.unicamp.br\/ricarte\/livros\/notas-didaticas\/#breadcrumb","itemListElement":[{"@type":"ListItem","position":1,"name":"Home","item":"https:\/\/wordpress.ft.unicamp.br\/ricarte\/"},{"@type":"ListItem","position":2,"name":"Livros","item":"https:\/\/wordpress.ft.unicamp.br\/ricarte\/livros\/"},{"@type":"ListItem","position":3,"name":"Notas did\u00e1ticas"}]},{"@type":"WebSite","@id":"https:\/\/wordpress.ft.unicamp.br\/ricarte\/#website","url":"https:\/\/wordpress.ft.unicamp.br\/ricarte\/","name":"Prof. Ivan Ricarte","description":"P\u00e1gina Pessoal do Prof. Ivan Ricarte","potentialAction":[{"@type":"SearchAction","target":{"@type":"EntryPoint","urlTemplate":"https:\/\/wordpress.ft.unicamp.br\/ricarte\/?s={search_term_string}"},"query-input":{"@type":"PropertyValueSpecification","valueRequired":true,"valueName":"search_term_string"}}],"inLanguage":"pt-BR"}]}},"_links":{"self":[{"href":"https:\/\/wordpress.ft.unicamp.br\/ricarte\/wp-json\/wp\/v2\/pages\/311","targetHints":{"allow":["GET"]}}],"collection":[{"href":"https:\/\/wordpress.ft.unicamp.br\/ricarte\/wp-json\/wp\/v2\/pages"}],"about":[{"href":"https:\/\/wordpress.ft.unicamp.br\/ricarte\/wp-json\/wp\/v2\/types\/page"}],"author":[{"embeddable":true,"href":"https:\/\/wordpress.ft.unicamp.br\/ricarte\/wp-json\/wp\/v2\/users\/7"}],"replies":[{"embeddable":true,"href":"https:\/\/wordpress.ft.unicamp.br\/ricarte\/wp-json\/wp\/v2\/comments?post=311"}],"version-history":[{"count":7,"href":"https:\/\/wordpress.ft.unicamp.br\/ricarte\/wp-json\/wp\/v2\/pages\/311\/revisions"}],"predecessor-version":[{"id":368,"href":"https:\/\/wordpress.ft.unicamp.br\/ricarte\/wp-json\/wp\/v2\/pages\/311\/revisions\/368"}],"up":[{"embeddable":true,"href":"https:\/\/wordpress.ft.unicamp.br\/ricarte\/wp-json\/wp\/v2\/pages\/54"}],"wp:attachment":[{"href":"https:\/\/wordpress.ft.unicamp.br\/ricarte\/wp-json\/wp\/v2\/media?parent=311"}],"curies":[{"name":"wp","href":"https:\/\/api.w.org\/{rel}","templated":true}]}}