{"id":358,"date":"2021-03-02T14:24:42","date_gmt":"2021-03-02T14:24:42","guid":{"rendered":"http:\/\/wordpress.ft.unicamp.br\/ricarte\/?page_id=358"},"modified":"2021-03-02T14:47:19","modified_gmt":"2021-03-02T14:47:19","slug":"apresentacoes-musicais","status":"publish","type":"page","link":"https:\/\/wordpress.ft.unicamp.br\/ricarte\/apresentacoes-musicais\/","title":{"rendered":"Apresenta\u00e7\u00f5es musicais"},"content":{"rendered":"\n<p>Comemora\u00e7\u00e3o dos 10 anos da Faculdade de Tecnologia (2019),  apresenta\u00e7\u00e3o do grupo <strong>Nota 10afinados<\/strong>, com Vitor Coluci (7 cordas) e Juliana Bueno (voz):<\/p>\n\n\n\n<ul class=\"wp-block-list\"><li><a href=\"https:\/\/www.youtube.com\/watch?v=SIh4SURBXSw\" target=\"_blank\" rel=\"noreferrer noopener\">Isto aqui o que \u00e9 (par\u00f3dia: FT)<\/a><\/li><li><a href=\"https:\/\/www.youtube.com\/watch?v=Y1ZN352CjIs\" target=\"_blank\" rel=\"noreferrer noopener\">De mais ningu\u00e9m<\/a><\/li><li><a href=\"https:\/\/www.youtube.com\/watch?v=frZNEiTqYng\" target=\"_blank\" rel=\"noreferrer noopener\">Tiro ao \u00c1lvaro<\/a><\/li><li><a href=\"https:\/\/www.youtube.com\/watch?v=DH2UhaZjWxU\" target=\"_blank\" rel=\"noreferrer noopener\">Gente humilde<\/a><\/li><li><a href=\"https:\/\/www.youtube.com\/watch?v=IIpco0gxSzY\" target=\"_blank\" rel=\"noreferrer noopener\">A voz do morro<\/a><\/li><\/ul>\n\n\n\n<p>Apresenta\u00e7\u00e3o de alunos da Vila Jazz, no Parque da Cidade de Limeira (2019):<\/p>\n\n\n\n<ul class=\"wp-block-list\"><li><a href=\"https:\/\/www.facebook.com\/ivan.ricarte\/videos\/10157665610848629\" target=\"_blank\" rel=\"noreferrer noopener\">Wave<\/a><\/li><li><a href=\"https:\/\/www.facebook.com\/ivan.ricarte\/videos\/10157663696433629\" target=\"_blank\" rel=\"noreferrer noopener\">I&#8217;ve got you under my skin<\/a><\/li><\/ul>\n\n\n\n<p>Encerramento do II Workshop de Pr\u00e1ticas de Ensino da FT Unicamp (2018), com Paulo Martins (guitarra) e Carl\u00e3ozinho Reginaldo (baixo):<\/p>\n\n\n\n<ul class=\"wp-block-list\"><li><a href=\"https:\/\/www.facebook.com\/ivan.ricarte\/videos\/10156943908808629\" target=\"_blank\" rel=\"noreferrer noopener\">Corcovado<\/a><\/li><\/ul>\n\n\n\n<p><\/p>\n","protected":false},"excerpt":{"rendered":"<p>Comemora\u00e7\u00e3o dos 10 anos da Faculdade de Tecnologia (2019), apresenta\u00e7\u00e3o do grupo Nota 10afinados, com Vitor Coluci (7 cordas) e Juliana Bueno (voz): Isto aqui o que \u00e9 (par\u00f3dia: FT) De mais ningu\u00e9m Tiro ao \u00c1lvaro Gente humilde A voz do morro Apresenta\u00e7\u00e3o de alunos da Vila Jazz, no Parque da Cidade de Limeira (2019): [&hellip;]<\/p>\n","protected":false},"author":7,"featured_media":0,"parent":0,"menu_order":0,"comment_status":"closed","ping_status":"closed","template":"","meta":{"footnotes":""},"class_list":["post-358","page","type-page","status-publish","hentry"],"yoast_head":"<!-- This site is optimized with the Yoast SEO plugin v27.5 - https:\/\/yoast.com\/product\/yoast-seo-wordpress\/ -->\n<title>Apresenta\u00e7\u00f5es musicais - Prof. Ivan Ricarte<\/title>\n<meta name=\"robots\" content=\"index, follow, max-snippet:-1, max-image-preview:large, max-video-preview:-1\" \/>\n<link rel=\"canonical\" href=\"https:\/\/wordpress.ft.unicamp.br\/ricarte\/apresentacoes-musicais\/\" \/>\n<meta property=\"og:locale\" content=\"pt_BR\" \/>\n<meta property=\"og:type\" content=\"article\" \/>\n<meta property=\"og:title\" content=\"Apresenta\u00e7\u00f5es musicais - Prof. Ivan Ricarte\" \/>\n<meta property=\"og:description\" content=\"Comemora\u00e7\u00e3o dos 10 anos da Faculdade de Tecnologia (2019), apresenta\u00e7\u00e3o do grupo Nota 10afinados, com Vitor Coluci (7 cordas) e Juliana Bueno (voz): Isto aqui o que \u00e9 (par\u00f3dia: FT) De mais ningu\u00e9m Tiro ao \u00c1lvaro Gente humilde A voz do morro Apresenta\u00e7\u00e3o de alunos da Vila Jazz, no Parque da Cidade de Limeira (2019): [&hellip;]\" \/>\n<meta property=\"og:url\" content=\"https:\/\/wordpress.ft.unicamp.br\/ricarte\/apresentacoes-musicais\/\" \/>\n<meta property=\"og:site_name\" content=\"Prof. Ivan Ricarte\" \/>\n<meta property=\"article:modified_time\" content=\"2021-03-02T14:47:19+00:00\" \/>\n<meta name=\"twitter:card\" content=\"summary_large_image\" \/>\n<meta name=\"twitter:label1\" content=\"Est. tempo de leitura\" \/>\n\t<meta name=\"twitter:data1\" content=\"1 minuto\" \/>\n<script type=\"application\/ld+json\" class=\"yoast-schema-graph\">{\"@context\":\"https:\\\/\\\/schema.org\",\"@graph\":[{\"@type\":\"WebPage\",\"@id\":\"https:\\\/\\\/wordpress.ft.unicamp.br\\\/ricarte\\\/apresentacoes-musicais\\\/\",\"url\":\"https:\\\/\\\/wordpress.ft.unicamp.br\\\/ricarte\\\/apresentacoes-musicais\\\/\",\"name\":\"Apresenta\u00e7\u00f5es musicais - Prof. Ivan Ricarte\",\"isPartOf\":{\"@id\":\"https:\\\/\\\/wordpress.ft.unicamp.br\\\/ricarte\\\/#website\"},\"datePublished\":\"2021-03-02T14:24:42+00:00\",\"dateModified\":\"2021-03-02T14:47:19+00:00\",\"breadcrumb\":{\"@id\":\"https:\\\/\\\/wordpress.ft.unicamp.br\\\/ricarte\\\/apresentacoes-musicais\\\/#breadcrumb\"},\"inLanguage\":\"pt-BR\",\"potentialAction\":[{\"@type\":\"ReadAction\",\"target\":[\"https:\\\/\\\/wordpress.ft.unicamp.br\\\/ricarte\\\/apresentacoes-musicais\\\/\"]}]},{\"@type\":\"BreadcrumbList\",\"@id\":\"https:\\\/\\\/wordpress.ft.unicamp.br\\\/ricarte\\\/apresentacoes-musicais\\\/#breadcrumb\",\"itemListElement\":[{\"@type\":\"ListItem\",\"position\":1,\"name\":\"Home\",\"item\":\"https:\\\/\\\/wordpress.ft.unicamp.br\\\/ricarte\\\/\"},{\"@type\":\"ListItem\",\"position\":2,\"name\":\"Apresenta\u00e7\u00f5es musicais\"}]},{\"@type\":\"WebSite\",\"@id\":\"https:\\\/\\\/wordpress.ft.unicamp.br\\\/ricarte\\\/#website\",\"url\":\"https:\\\/\\\/wordpress.ft.unicamp.br\\\/ricarte\\\/\",\"name\":\"Prof. Ivan Ricarte\",\"description\":\"P\u00e1gina Pessoal do Prof. Ivan Ricarte\",\"potentialAction\":[{\"@type\":\"SearchAction\",\"target\":{\"@type\":\"EntryPoint\",\"urlTemplate\":\"https:\\\/\\\/wordpress.ft.unicamp.br\\\/ricarte\\\/?s={search_term_string}\"},\"query-input\":{\"@type\":\"PropertyValueSpecification\",\"valueRequired\":true,\"valueName\":\"search_term_string\"}}],\"inLanguage\":\"pt-BR\"}]}<\/script>\n<!-- \/ Yoast SEO plugin. -->","yoast_head_json":{"title":"Apresenta\u00e7\u00f5es musicais - Prof. Ivan Ricarte","robots":{"index":"index","follow":"follow","max-snippet":"max-snippet:-1","max-image-preview":"max-image-preview:large","max-video-preview":"max-video-preview:-1"},"canonical":"https:\/\/wordpress.ft.unicamp.br\/ricarte\/apresentacoes-musicais\/","og_locale":"pt_BR","og_type":"article","og_title":"Apresenta\u00e7\u00f5es musicais - Prof. Ivan Ricarte","og_description":"Comemora\u00e7\u00e3o dos 10 anos da Faculdade de Tecnologia (2019), apresenta\u00e7\u00e3o do grupo Nota 10afinados, com Vitor Coluci (7 cordas) e Juliana Bueno (voz): Isto aqui o que \u00e9 (par\u00f3dia: FT) De mais ningu\u00e9m Tiro ao \u00c1lvaro Gente humilde A voz do morro Apresenta\u00e7\u00e3o de alunos da Vila Jazz, no Parque da Cidade de Limeira (2019): [&hellip;]","og_url":"https:\/\/wordpress.ft.unicamp.br\/ricarte\/apresentacoes-musicais\/","og_site_name":"Prof. Ivan Ricarte","article_modified_time":"2021-03-02T14:47:19+00:00","twitter_card":"summary_large_image","twitter_misc":{"Est. tempo de leitura":"1 minuto"},"schema":{"@context":"https:\/\/schema.org","@graph":[{"@type":"WebPage","@id":"https:\/\/wordpress.ft.unicamp.br\/ricarte\/apresentacoes-musicais\/","url":"https:\/\/wordpress.ft.unicamp.br\/ricarte\/apresentacoes-musicais\/","name":"Apresenta\u00e7\u00f5es musicais - Prof. Ivan Ricarte","isPartOf":{"@id":"https:\/\/wordpress.ft.unicamp.br\/ricarte\/#website"},"datePublished":"2021-03-02T14:24:42+00:00","dateModified":"2021-03-02T14:47:19+00:00","breadcrumb":{"@id":"https:\/\/wordpress.ft.unicamp.br\/ricarte\/apresentacoes-musicais\/#breadcrumb"},"inLanguage":"pt-BR","potentialAction":[{"@type":"ReadAction","target":["https:\/\/wordpress.ft.unicamp.br\/ricarte\/apresentacoes-musicais\/"]}]},{"@type":"BreadcrumbList","@id":"https:\/\/wordpress.ft.unicamp.br\/ricarte\/apresentacoes-musicais\/#breadcrumb","itemListElement":[{"@type":"ListItem","position":1,"name":"Home","item":"https:\/\/wordpress.ft.unicamp.br\/ricarte\/"},{"@type":"ListItem","position":2,"name":"Apresenta\u00e7\u00f5es musicais"}]},{"@type":"WebSite","@id":"https:\/\/wordpress.ft.unicamp.br\/ricarte\/#website","url":"https:\/\/wordpress.ft.unicamp.br\/ricarte\/","name":"Prof. Ivan Ricarte","description":"P\u00e1gina Pessoal do Prof. Ivan Ricarte","potentialAction":[{"@type":"SearchAction","target":{"@type":"EntryPoint","urlTemplate":"https:\/\/wordpress.ft.unicamp.br\/ricarte\/?s={search_term_string}"},"query-input":{"@type":"PropertyValueSpecification","valueRequired":true,"valueName":"search_term_string"}}],"inLanguage":"pt-BR"}]}},"_links":{"self":[{"href":"https:\/\/wordpress.ft.unicamp.br\/ricarte\/wp-json\/wp\/v2\/pages\/358","targetHints":{"allow":["GET"]}}],"collection":[{"href":"https:\/\/wordpress.ft.unicamp.br\/ricarte\/wp-json\/wp\/v2\/pages"}],"about":[{"href":"https:\/\/wordpress.ft.unicamp.br\/ricarte\/wp-json\/wp\/v2\/types\/page"}],"author":[{"embeddable":true,"href":"https:\/\/wordpress.ft.unicamp.br\/ricarte\/wp-json\/wp\/v2\/users\/7"}],"replies":[{"embeddable":true,"href":"https:\/\/wordpress.ft.unicamp.br\/ricarte\/wp-json\/wp\/v2\/comments?post=358"}],"version-history":[{"count":3,"href":"https:\/\/wordpress.ft.unicamp.br\/ricarte\/wp-json\/wp\/v2\/pages\/358\/revisions"}],"predecessor-version":[{"id":366,"href":"https:\/\/wordpress.ft.unicamp.br\/ricarte\/wp-json\/wp\/v2\/pages\/358\/revisions\/366"}],"wp:attachment":[{"href":"https:\/\/wordpress.ft.unicamp.br\/ricarte\/wp-json\/wp\/v2\/media?parent=358"}],"curies":[{"name":"wp","href":"https:\/\/api.w.org\/{rel}","templated":true}]}}