{"id":39,"date":"2015-05-08T17:51:20","date_gmt":"2015-05-08T17:51:20","guid":{"rendered":"http:\/\/www.ft.unicamp.br\/docentes\/ricarte\/?page_id=39"},"modified":"2021-03-02T11:37:03","modified_gmt":"2021-03-02T11:37:03","slug":"pesquisa","status":"publish","type":"page","link":"https:\/\/wordpress.ft.unicamp.br\/ricarte\/pesquisa\/","title":{"rendered":"Pesquisa"},"content":{"rendered":"<p>Os interesses de pesquisa est\u00e3o relacionados principalmente \u00e0 aplica\u00e7\u00e3o de tecnologias da Web Sem\u00e2ntica (ontologias, metadados) na inform\u00e1tica em sa\u00fade e na aprendizagem colaborativa, com \u00eanfase na transla\u00e7\u00e3o do conhecimento.<\/p>\n<ul>\n<li><a href=\"http:\/\/wordpress.ft.unicamp.br\/ricarte\/pesquisa\/grupos-de-pesquisa\/\">Grupos de pesquisa<\/a><\/li>\n<li><a href=\"http:\/\/wordpress.ft.unicamp.br\/ricarte\/pesquisa\/orientados\/\">Orienta\u00e7\u00f5es em andamento<\/a><\/li>\n<li><a href=\"http:\/\/wordpress.ft.unicamp.br\/ricarte\/pesquisa\/orientacoes-concluidas\/\">Orienta\u00e7\u00f5es conclu\u00eddas<\/a><\/li>\n<li><a href=\"http:\/\/wordpress.ft.unicamp.br\/ricarte\/artigos\/\">Artigos publicados<\/a><\/li>\n<\/ul>\n\n\n<p><\/p>\n","protected":false},"excerpt":{"rendered":"<p>Os interesses de pesquisa est\u00e3o relacionados principalmente \u00e0 aplica\u00e7\u00e3o de tecnologias da Web Sem\u00e2ntica (ontologias, metadados) na inform\u00e1tica em sa\u00fade e na aprendizagem colaborativa, com \u00eanfase na transla\u00e7\u00e3o do conhecimento. Grupos de pesquisa Orienta\u00e7\u00f5es em andamento Orienta\u00e7\u00f5es conclu\u00eddas Artigos publicados<\/p>\n","protected":false},"author":1,"featured_media":0,"parent":0,"menu_order":1,"comment_status":"closed","ping_status":"open","template":"","meta":{"footnotes":""},"class_list":["post-39","page","type-page","status-publish","hentry"],"yoast_head":"<!-- This site is optimized with the Yoast SEO plugin v27.3 - https:\/\/yoast.com\/product\/yoast-seo-wordpress\/ -->\n<title>Pesquisa - Prof. Ivan Ricarte<\/title>\n<meta name=\"robots\" content=\"index, follow, max-snippet:-1, max-image-preview:large, max-video-preview:-1\" \/>\n<link rel=\"canonical\" href=\"https:\/\/wordpress.ft.unicamp.br\/ricarte\/pesquisa\/\" \/>\n<meta property=\"og:locale\" content=\"pt_BR\" \/>\n<meta property=\"og:type\" content=\"article\" \/>\n<meta property=\"og:title\" content=\"Pesquisa - Prof. Ivan Ricarte\" \/>\n<meta property=\"og:description\" content=\"Os interesses de pesquisa est\u00e3o relacionados principalmente \u00e0 aplica\u00e7\u00e3o de tecnologias da Web Sem\u00e2ntica (ontologias, metadados) na inform\u00e1tica em sa\u00fade e na aprendizagem colaborativa, com \u00eanfase na transla\u00e7\u00e3o do conhecimento. Grupos de pesquisa Orienta\u00e7\u00f5es em andamento Orienta\u00e7\u00f5es conclu\u00eddas Artigos publicados\" \/>\n<meta property=\"og:url\" content=\"https:\/\/wordpress.ft.unicamp.br\/ricarte\/pesquisa\/\" \/>\n<meta property=\"og:site_name\" content=\"Prof. Ivan Ricarte\" \/>\n<meta property=\"article:modified_time\" content=\"2021-03-02T11:37:03+00:00\" \/>\n<meta name=\"twitter:card\" content=\"summary_large_image\" \/>\n<meta name=\"twitter:label1\" content=\"Est. tempo de leitura\" \/>\n\t<meta name=\"twitter:data1\" content=\"1 minuto\" \/>\n<script type=\"application\/ld+json\" class=\"yoast-schema-graph\">{\"@context\":\"https:\\\/\\\/schema.org\",\"@graph\":[{\"@type\":\"WebPage\",\"@id\":\"https:\\\/\\\/wordpress.ft.unicamp.br\\\/ricarte\\\/pesquisa\\\/\",\"url\":\"https:\\\/\\\/wordpress.ft.unicamp.br\\\/ricarte\\\/pesquisa\\\/\",\"name\":\"Pesquisa - Prof. Ivan Ricarte\",\"isPartOf\":{\"@id\":\"https:\\\/\\\/wordpress.ft.unicamp.br\\\/ricarte\\\/#website\"},\"datePublished\":\"2015-05-08T17:51:20+00:00\",\"dateModified\":\"2021-03-02T11:37:03+00:00\",\"breadcrumb\":{\"@id\":\"https:\\\/\\\/wordpress.ft.unicamp.br\\\/ricarte\\\/pesquisa\\\/#breadcrumb\"},\"inLanguage\":\"pt-BR\",\"potentialAction\":[{\"@type\":\"ReadAction\",\"target\":[\"https:\\\/\\\/wordpress.ft.unicamp.br\\\/ricarte\\\/pesquisa\\\/\"]}]},{\"@type\":\"BreadcrumbList\",\"@id\":\"https:\\\/\\\/wordpress.ft.unicamp.br\\\/ricarte\\\/pesquisa\\\/#breadcrumb\",\"itemListElement\":[{\"@type\":\"ListItem\",\"position\":1,\"name\":\"Home\",\"item\":\"https:\\\/\\\/wordpress.ft.unicamp.br\\\/ricarte\\\/\"},{\"@type\":\"ListItem\",\"position\":2,\"name\":\"Pesquisa\"}]},{\"@type\":\"WebSite\",\"@id\":\"https:\\\/\\\/wordpress.ft.unicamp.br\\\/ricarte\\\/#website\",\"url\":\"https:\\\/\\\/wordpress.ft.unicamp.br\\\/ricarte\\\/\",\"name\":\"Prof. Ivan Ricarte\",\"description\":\"P\u00e1gina Pessoal do Prof. Ivan Ricarte\",\"potentialAction\":[{\"@type\":\"SearchAction\",\"target\":{\"@type\":\"EntryPoint\",\"urlTemplate\":\"https:\\\/\\\/wordpress.ft.unicamp.br\\\/ricarte\\\/?s={search_term_string}\"},\"query-input\":{\"@type\":\"PropertyValueSpecification\",\"valueRequired\":true,\"valueName\":\"search_term_string\"}}],\"inLanguage\":\"pt-BR\"}]}<\/script>\n<!-- \/ Yoast SEO plugin. -->","yoast_head_json":{"title":"Pesquisa - Prof. Ivan Ricarte","robots":{"index":"index","follow":"follow","max-snippet":"max-snippet:-1","max-image-preview":"max-image-preview:large","max-video-preview":"max-video-preview:-1"},"canonical":"https:\/\/wordpress.ft.unicamp.br\/ricarte\/pesquisa\/","og_locale":"pt_BR","og_type":"article","og_title":"Pesquisa - Prof. Ivan Ricarte","og_description":"Os interesses de pesquisa est\u00e3o relacionados principalmente \u00e0 aplica\u00e7\u00e3o de tecnologias da Web Sem\u00e2ntica (ontologias, metadados) na inform\u00e1tica em sa\u00fade e na aprendizagem colaborativa, com \u00eanfase na transla\u00e7\u00e3o do conhecimento. Grupos de pesquisa Orienta\u00e7\u00f5es em andamento Orienta\u00e7\u00f5es conclu\u00eddas Artigos publicados","og_url":"https:\/\/wordpress.ft.unicamp.br\/ricarte\/pesquisa\/","og_site_name":"Prof. Ivan Ricarte","article_modified_time":"2021-03-02T11:37:03+00:00","twitter_card":"summary_large_image","twitter_misc":{"Est. tempo de leitura":"1 minuto"},"schema":{"@context":"https:\/\/schema.org","@graph":[{"@type":"WebPage","@id":"https:\/\/wordpress.ft.unicamp.br\/ricarte\/pesquisa\/","url":"https:\/\/wordpress.ft.unicamp.br\/ricarte\/pesquisa\/","name":"Pesquisa - Prof. Ivan Ricarte","isPartOf":{"@id":"https:\/\/wordpress.ft.unicamp.br\/ricarte\/#website"},"datePublished":"2015-05-08T17:51:20+00:00","dateModified":"2021-03-02T11:37:03+00:00","breadcrumb":{"@id":"https:\/\/wordpress.ft.unicamp.br\/ricarte\/pesquisa\/#breadcrumb"},"inLanguage":"pt-BR","potentialAction":[{"@type":"ReadAction","target":["https:\/\/wordpress.ft.unicamp.br\/ricarte\/pesquisa\/"]}]},{"@type":"BreadcrumbList","@id":"https:\/\/wordpress.ft.unicamp.br\/ricarte\/pesquisa\/#breadcrumb","itemListElement":[{"@type":"ListItem","position":1,"name":"Home","item":"https:\/\/wordpress.ft.unicamp.br\/ricarte\/"},{"@type":"ListItem","position":2,"name":"Pesquisa"}]},{"@type":"WebSite","@id":"https:\/\/wordpress.ft.unicamp.br\/ricarte\/#website","url":"https:\/\/wordpress.ft.unicamp.br\/ricarte\/","name":"Prof. Ivan Ricarte","description":"P\u00e1gina Pessoal do Prof. Ivan Ricarte","potentialAction":[{"@type":"SearchAction","target":{"@type":"EntryPoint","urlTemplate":"https:\/\/wordpress.ft.unicamp.br\/ricarte\/?s={search_term_string}"},"query-input":{"@type":"PropertyValueSpecification","valueRequired":true,"valueName":"search_term_string"}}],"inLanguage":"pt-BR"}]}},"_links":{"self":[{"href":"https:\/\/wordpress.ft.unicamp.br\/ricarte\/wp-json\/wp\/v2\/pages\/39","targetHints":{"allow":["GET"]}}],"collection":[{"href":"https:\/\/wordpress.ft.unicamp.br\/ricarte\/wp-json\/wp\/v2\/pages"}],"about":[{"href":"https:\/\/wordpress.ft.unicamp.br\/ricarte\/wp-json\/wp\/v2\/types\/page"}],"author":[{"embeddable":true,"href":"https:\/\/wordpress.ft.unicamp.br\/ricarte\/wp-json\/wp\/v2\/users\/1"}],"replies":[{"embeddable":true,"href":"https:\/\/wordpress.ft.unicamp.br\/ricarte\/wp-json\/wp\/v2\/comments?post=39"}],"version-history":[{"count":1,"href":"https:\/\/wordpress.ft.unicamp.br\/ricarte\/wp-json\/wp\/v2\/pages\/39\/revisions"}],"predecessor-version":[{"id":338,"href":"https:\/\/wordpress.ft.unicamp.br\/ricarte\/wp-json\/wp\/v2\/pages\/39\/revisions\/338"}],"wp:attachment":[{"href":"https:\/\/wordpress.ft.unicamp.br\/ricarte\/wp-json\/wp\/v2\/media?parent=39"}],"curies":[{"name":"wp","href":"https:\/\/api.w.org\/{rel}","templated":true}]}}