{"id":48,"date":"2015-05-08T18:01:41","date_gmt":"2015-05-08T18:01:41","guid":{"rendered":"http:\/\/www.ft.unicamp.br\/docentes\/ricarte\/?page_id=48"},"modified":"2022-02-10T19:03:22","modified_gmt":"2022-02-10T19:03:22","slug":"orientados","status":"publish","type":"page","link":"https:\/\/wordpress.ft.unicamp.br\/ricarte\/pesquisa\/orientados\/","title":{"rendered":"Orientados"},"content":{"rendered":"<p><strong>Doutorado<\/strong><\/p>\n<ul>\n<li><a href=\"http:\/\/lattes.cnpq.br\/5769042434186463\" target=\"_blank\" rel=\"noopener noreferrer\">Humberto Augusto Piovesana Zanetti<\/a>\u00a0(In\u00edcio: 2016)<br \/>\nOrientador principal: <a href=\"http:\/\/www.ft.unicamp.br\/~marcosborges\" target=\"_blank\" rel=\"noopener noreferrer\">Prof. Dr. Marcos Augusto Francisco Borges<\/a><\/li>\n<\/ul>\n<p><strong>Mestrado<\/strong><\/p>\n<ul>\n<li><a href=\"http:\/\/lattes.cnpq.br\/7736660811863323\">Adalberto Jos\u00e9 Brasaca<\/a> (In\u00edcio: 2018)<br \/>\nCo-orienta\u00e7\u00e3o: <a href=\"http:\/\/lattes.cnpq.br\/1888360760491560\">Prof\u00aa Dr\u00aa Vera L\u00facia Gil da Silva Lopes<\/a><\/li>\n<\/ul>\n<p><strong>Gradua\u00e7\u00e3o<\/strong><\/p>\n","protected":false},"excerpt":{"rendered":"<p>Doutorado Humberto Augusto Piovesana Zanetti\u00a0(In\u00edcio: 2016) Orientador principal: Prof. Dr. Marcos Augusto Francisco Borges Mestrado Adalberto Jos\u00e9 Brasaca (In\u00edcio: 2018) Co-orienta\u00e7\u00e3o: Prof\u00aa Dr\u00aa Vera L\u00facia Gil da Silva Lopes Gradua\u00e7\u00e3o<\/p>\n","protected":false},"author":1,"featured_media":0,"parent":39,"menu_order":2,"comment_status":"closed","ping_status":"open","template":"","meta":{"footnotes":""},"class_list":["post-48","page","type-page","status-publish","hentry"],"yoast_head":"<!-- This site is optimized with the Yoast SEO plugin v27.5 - https:\/\/yoast.com\/product\/yoast-seo-wordpress\/ -->\n<title>Orientados - Prof. Ivan Ricarte<\/title>\n<meta name=\"robots\" content=\"index, follow, max-snippet:-1, max-image-preview:large, max-video-preview:-1\" \/>\n<link rel=\"canonical\" href=\"https:\/\/wordpress.ft.unicamp.br\/ricarte\/pesquisa\/orientados\/\" \/>\n<meta property=\"og:locale\" content=\"pt_BR\" \/>\n<meta property=\"og:type\" content=\"article\" \/>\n<meta property=\"og:title\" content=\"Orientados - Prof. Ivan Ricarte\" \/>\n<meta property=\"og:description\" content=\"Doutorado Humberto Augusto Piovesana Zanetti\u00a0(In\u00edcio: 2016) Orientador principal: Prof. Dr. Marcos Augusto Francisco Borges Mestrado Adalberto Jos\u00e9 Brasaca (In\u00edcio: 2018) Co-orienta\u00e7\u00e3o: Prof\u00aa Dr\u00aa Vera L\u00facia Gil da Silva Lopes Gradua\u00e7\u00e3o\" \/>\n<meta property=\"og:url\" content=\"https:\/\/wordpress.ft.unicamp.br\/ricarte\/pesquisa\/orientados\/\" \/>\n<meta property=\"og:site_name\" content=\"Prof. Ivan Ricarte\" \/>\n<meta property=\"article:modified_time\" content=\"2022-02-10T19:03:22+00:00\" \/>\n<meta name=\"twitter:card\" content=\"summary_large_image\" \/>\n<meta name=\"twitter:label1\" content=\"Est. tempo de leitura\" \/>\n\t<meta name=\"twitter:data1\" content=\"1 minuto\" \/>\n<script type=\"application\/ld+json\" class=\"yoast-schema-graph\">{\"@context\":\"https:\\\/\\\/schema.org\",\"@graph\":[{\"@type\":\"WebPage\",\"@id\":\"https:\\\/\\\/wordpress.ft.unicamp.br\\\/ricarte\\\/pesquisa\\\/orientados\\\/\",\"url\":\"https:\\\/\\\/wordpress.ft.unicamp.br\\\/ricarte\\\/pesquisa\\\/orientados\\\/\",\"name\":\"Orientados - Prof. Ivan Ricarte\",\"isPartOf\":{\"@id\":\"https:\\\/\\\/wordpress.ft.unicamp.br\\\/ricarte\\\/#website\"},\"datePublished\":\"2015-05-08T18:01:41+00:00\",\"dateModified\":\"2022-02-10T19:03:22+00:00\",\"breadcrumb\":{\"@id\":\"https:\\\/\\\/wordpress.ft.unicamp.br\\\/ricarte\\\/pesquisa\\\/orientados\\\/#breadcrumb\"},\"inLanguage\":\"pt-BR\",\"potentialAction\":[{\"@type\":\"ReadAction\",\"target\":[\"https:\\\/\\\/wordpress.ft.unicamp.br\\\/ricarte\\\/pesquisa\\\/orientados\\\/\"]}]},{\"@type\":\"BreadcrumbList\",\"@id\":\"https:\\\/\\\/wordpress.ft.unicamp.br\\\/ricarte\\\/pesquisa\\\/orientados\\\/#breadcrumb\",\"itemListElement\":[{\"@type\":\"ListItem\",\"position\":1,\"name\":\"Home\",\"item\":\"https:\\\/\\\/wordpress.ft.unicamp.br\\\/ricarte\\\/\"},{\"@type\":\"ListItem\",\"position\":2,\"name\":\"Pesquisa\",\"item\":\"https:\\\/\\\/wordpress.ft.unicamp.br\\\/ricarte\\\/pesquisa\\\/\"},{\"@type\":\"ListItem\",\"position\":3,\"name\":\"Orientados\"}]},{\"@type\":\"WebSite\",\"@id\":\"https:\\\/\\\/wordpress.ft.unicamp.br\\\/ricarte\\\/#website\",\"url\":\"https:\\\/\\\/wordpress.ft.unicamp.br\\\/ricarte\\\/\",\"name\":\"Prof. Ivan Ricarte\",\"description\":\"P\u00e1gina Pessoal do Prof. Ivan Ricarte\",\"potentialAction\":[{\"@type\":\"SearchAction\",\"target\":{\"@type\":\"EntryPoint\",\"urlTemplate\":\"https:\\\/\\\/wordpress.ft.unicamp.br\\\/ricarte\\\/?s={search_term_string}\"},\"query-input\":{\"@type\":\"PropertyValueSpecification\",\"valueRequired\":true,\"valueName\":\"search_term_string\"}}],\"inLanguage\":\"pt-BR\"}]}<\/script>\n<!-- \/ Yoast SEO plugin. -->","yoast_head_json":{"title":"Orientados - Prof. Ivan Ricarte","robots":{"index":"index","follow":"follow","max-snippet":"max-snippet:-1","max-image-preview":"max-image-preview:large","max-video-preview":"max-video-preview:-1"},"canonical":"https:\/\/wordpress.ft.unicamp.br\/ricarte\/pesquisa\/orientados\/","og_locale":"pt_BR","og_type":"article","og_title":"Orientados - Prof. Ivan Ricarte","og_description":"Doutorado Humberto Augusto Piovesana Zanetti\u00a0(In\u00edcio: 2016) Orientador principal: Prof. Dr. Marcos Augusto Francisco Borges Mestrado Adalberto Jos\u00e9 Brasaca (In\u00edcio: 2018) Co-orienta\u00e7\u00e3o: Prof\u00aa Dr\u00aa Vera L\u00facia Gil da Silva Lopes Gradua\u00e7\u00e3o","og_url":"https:\/\/wordpress.ft.unicamp.br\/ricarte\/pesquisa\/orientados\/","og_site_name":"Prof. Ivan Ricarte","article_modified_time":"2022-02-10T19:03:22+00:00","twitter_card":"summary_large_image","twitter_misc":{"Est. tempo de leitura":"1 minuto"},"schema":{"@context":"https:\/\/schema.org","@graph":[{"@type":"WebPage","@id":"https:\/\/wordpress.ft.unicamp.br\/ricarte\/pesquisa\/orientados\/","url":"https:\/\/wordpress.ft.unicamp.br\/ricarte\/pesquisa\/orientados\/","name":"Orientados - Prof. Ivan Ricarte","isPartOf":{"@id":"https:\/\/wordpress.ft.unicamp.br\/ricarte\/#website"},"datePublished":"2015-05-08T18:01:41+00:00","dateModified":"2022-02-10T19:03:22+00:00","breadcrumb":{"@id":"https:\/\/wordpress.ft.unicamp.br\/ricarte\/pesquisa\/orientados\/#breadcrumb"},"inLanguage":"pt-BR","potentialAction":[{"@type":"ReadAction","target":["https:\/\/wordpress.ft.unicamp.br\/ricarte\/pesquisa\/orientados\/"]}]},{"@type":"BreadcrumbList","@id":"https:\/\/wordpress.ft.unicamp.br\/ricarte\/pesquisa\/orientados\/#breadcrumb","itemListElement":[{"@type":"ListItem","position":1,"name":"Home","item":"https:\/\/wordpress.ft.unicamp.br\/ricarte\/"},{"@type":"ListItem","position":2,"name":"Pesquisa","item":"https:\/\/wordpress.ft.unicamp.br\/ricarte\/pesquisa\/"},{"@type":"ListItem","position":3,"name":"Orientados"}]},{"@type":"WebSite","@id":"https:\/\/wordpress.ft.unicamp.br\/ricarte\/#website","url":"https:\/\/wordpress.ft.unicamp.br\/ricarte\/","name":"Prof. Ivan Ricarte","description":"P\u00e1gina Pessoal do Prof. Ivan Ricarte","potentialAction":[{"@type":"SearchAction","target":{"@type":"EntryPoint","urlTemplate":"https:\/\/wordpress.ft.unicamp.br\/ricarte\/?s={search_term_string}"},"query-input":{"@type":"PropertyValueSpecification","valueRequired":true,"valueName":"search_term_string"}}],"inLanguage":"pt-BR"}]}},"_links":{"self":[{"href":"https:\/\/wordpress.ft.unicamp.br\/ricarte\/wp-json\/wp\/v2\/pages\/48","targetHints":{"allow":["GET"]}}],"collection":[{"href":"https:\/\/wordpress.ft.unicamp.br\/ricarte\/wp-json\/wp\/v2\/pages"}],"about":[{"href":"https:\/\/wordpress.ft.unicamp.br\/ricarte\/wp-json\/wp\/v2\/types\/page"}],"author":[{"embeddable":true,"href":"https:\/\/wordpress.ft.unicamp.br\/ricarte\/wp-json\/wp\/v2\/users\/1"}],"replies":[{"embeddable":true,"href":"https:\/\/wordpress.ft.unicamp.br\/ricarte\/wp-json\/wp\/v2\/comments?post=48"}],"version-history":[{"count":7,"href":"https:\/\/wordpress.ft.unicamp.br\/ricarte\/wp-json\/wp\/v2\/pages\/48\/revisions"}],"predecessor-version":[{"id":377,"href":"https:\/\/wordpress.ft.unicamp.br\/ricarte\/wp-json\/wp\/v2\/pages\/48\/revisions\/377"}],"up":[{"embeddable":true,"href":"https:\/\/wordpress.ft.unicamp.br\/ricarte\/wp-json\/wp\/v2\/pages\/39"}],"wp:attachment":[{"href":"https:\/\/wordpress.ft.unicamp.br\/ricarte\/wp-json\/wp\/v2\/media?parent=48"}],"curies":[{"name":"wp","href":"https:\/\/api.w.org\/{rel}","templated":true}]}}