{"id":39,"date":"2014-09-17T02:33:59","date_gmt":"2014-09-17T02:33:59","guid":{"rendered":"http:\/\/www.ft.unicamp.br\/rodrigos\/?page_id=39"},"modified":"2014-09-17T02:33:59","modified_gmt":"2014-09-17T02:33:59","slug":"sobre-a-universidade-waterford-institute-of-technology","status":"publish","type":"page","link":"https:\/\/wordpress.ft.unicamp.br\/rodrigos\/sobre-a-universidade-waterford-institute-of-technology\/","title":{"rendered":"Waterford Institute of Technology"},"content":{"rendered":"<p>Waterford Institute of Technology (Irish: Institi\u00faid Teicneola\u00edochta Phort L\u00e1irge) (WIT) \u00e9 uma institui\u00e7\u00e3o de Ensino Superior, situado na cidade de Waterford, na Irlanda. O Instituto tem seis escolas e oferece cursos em Neg\u00f3cios, Engenharia, Ci\u00eancias, Ci\u00eancias da Sa\u00fade, Educa\u00e7\u00e3o e Humanidades.<\/p>\n<p>O instituto foi inaugurado em 1970 como uma Escola T\u00e9cnica Regional e adotou seu nome atual em 7 de maio de 1997. O instituto \u00e9 dirigido atualmente pelo presidente Dr. Ruaidhri Neavyn.<\/p>\n","protected":false},"excerpt":{"rendered":"<p>Waterford Institute of Technology (Irish: Institi\u00faid Teicneola\u00edochta Phort L\u00e1irge) (WIT) \u00e9 uma institui\u00e7\u00e3o de Ensino Superior, situado na cidade de Waterford, na Irlanda. O Instituto tem seis escolas e oferece cursos em Neg\u00f3cios, Engenharia, Ci\u00eancias, Ci\u00eancias da Sa\u00fade, Educa\u00e7\u00e3o e&hellip; <\/p>\n","protected":false},"author":13,"featured_media":0,"parent":0,"menu_order":0,"comment_status":"closed","ping_status":"closed","template":"","meta":{"footnotes":""},"class_list":["post-39","page","type-page","status-publish","hentry"],"yoast_head":"<!-- This site is optimized with the Yoast SEO plugin v27.5 - https:\/\/yoast.com\/product\/yoast-seo-wordpress\/ -->\n<title>Waterford Institute of Technology - Interc\u00e2mbio no Instituto de Tecnologia de Waterford<\/title>\n<meta name=\"robots\" content=\"index, follow, max-snippet:-1, max-image-preview:large, max-video-preview:-1\" \/>\n<link rel=\"canonical\" href=\"https:\/\/wordpress.ft.unicamp.br\/rodrigos\/sobre-a-universidade-waterford-institute-of-technology\/\" \/>\n<meta property=\"og:locale\" content=\"pt_BR\" \/>\n<meta property=\"og:type\" content=\"article\" \/>\n<meta property=\"og:title\" content=\"Waterford Institute of Technology - Interc\u00e2mbio no Instituto de Tecnologia de Waterford\" \/>\n<meta property=\"og:description\" content=\"Waterford Institute of Technology (Irish: Institi\u00faid Teicneola\u00edochta Phort L\u00e1irge) (WIT) \u00e9 uma institui\u00e7\u00e3o de Ensino Superior, situado na cidade de Waterford, na Irlanda. O Instituto tem seis escolas e oferece cursos em Neg\u00f3cios, Engenharia, Ci\u00eancias, Ci\u00eancias da Sa\u00fade, Educa\u00e7\u00e3o e&hellip;\" \/>\n<meta property=\"og:url\" content=\"https:\/\/wordpress.ft.unicamp.br\/rodrigos\/sobre-a-universidade-waterford-institute-of-technology\/\" \/>\n<meta property=\"og:site_name\" content=\"Interc\u00e2mbio no Instituto de Tecnologia de Waterford\" \/>\n<meta name=\"twitter:card\" content=\"summary_large_image\" \/>\n<script type=\"application\/ld+json\" class=\"yoast-schema-graph\">{\"@context\":\"https:\\\/\\\/schema.org\",\"@graph\":[{\"@type\":\"WebPage\",\"@id\":\"https:\\\/\\\/wordpress.ft.unicamp.br\\\/rodrigos\\\/sobre-a-universidade-waterford-institute-of-technology\\\/\",\"url\":\"https:\\\/\\\/wordpress.ft.unicamp.br\\\/rodrigos\\\/sobre-a-universidade-waterford-institute-of-technology\\\/\",\"name\":\"Waterford Institute of Technology - Interc\u00e2mbio no Instituto de Tecnologia de Waterford\",\"isPartOf\":{\"@id\":\"https:\\\/\\\/wordpress.ft.unicamp.br\\\/rodrigos\\\/#website\"},\"datePublished\":\"2014-09-17T02:33:59+00:00\",\"breadcrumb\":{\"@id\":\"https:\\\/\\\/wordpress.ft.unicamp.br\\\/rodrigos\\\/sobre-a-universidade-waterford-institute-of-technology\\\/#breadcrumb\"},\"inLanguage\":\"pt-BR\",\"potentialAction\":[{\"@type\":\"ReadAction\",\"target\":[\"https:\\\/\\\/wordpress.ft.unicamp.br\\\/rodrigos\\\/sobre-a-universidade-waterford-institute-of-technology\\\/\"]}]},{\"@type\":\"BreadcrumbList\",\"@id\":\"https:\\\/\\\/wordpress.ft.unicamp.br\\\/rodrigos\\\/sobre-a-universidade-waterford-institute-of-technology\\\/#breadcrumb\",\"itemListElement\":[{\"@type\":\"ListItem\",\"position\":1,\"name\":\"Home\",\"item\":\"https:\\\/\\\/wordpress.ft.unicamp.br\\\/rodrigos\\\/\"},{\"@type\":\"ListItem\",\"position\":2,\"name\":\"Waterford Institute of Technology\"}]},{\"@type\":\"WebSite\",\"@id\":\"https:\\\/\\\/wordpress.ft.unicamp.br\\\/rodrigos\\\/#website\",\"url\":\"https:\\\/\\\/wordpress.ft.unicamp.br\\\/rodrigos\\\/\",\"name\":\"Interc\u00e2mbio no Instituto de Tecnologia de Waterford\",\"description\":\"Participa\u00e7\u00e3o no programa de mobilidade de funcion\u00e1rios da UNICAMP na Irlanda no per\u00edodo de 19\\\/09 a 06\\\/10 de 2014.\",\"potentialAction\":[{\"@type\":\"SearchAction\",\"target\":{\"@type\":\"EntryPoint\",\"urlTemplate\":\"https:\\\/\\\/wordpress.ft.unicamp.br\\\/rodrigos\\\/?s={search_term_string}\"},\"query-input\":{\"@type\":\"PropertyValueSpecification\",\"valueRequired\":true,\"valueName\":\"search_term_string\"}}],\"inLanguage\":\"pt-BR\"}]}<\/script>\n<!-- \/ Yoast SEO plugin. -->","yoast_head_json":{"title":"Waterford Institute of Technology - Interc\u00e2mbio no Instituto de Tecnologia de Waterford","robots":{"index":"index","follow":"follow","max-snippet":"max-snippet:-1","max-image-preview":"max-image-preview:large","max-video-preview":"max-video-preview:-1"},"canonical":"https:\/\/wordpress.ft.unicamp.br\/rodrigos\/sobre-a-universidade-waterford-institute-of-technology\/","og_locale":"pt_BR","og_type":"article","og_title":"Waterford Institute of Technology - Interc\u00e2mbio no Instituto de Tecnologia de Waterford","og_description":"Waterford Institute of Technology (Irish: Institi\u00faid Teicneola\u00edochta Phort L\u00e1irge) (WIT) \u00e9 uma institui\u00e7\u00e3o de Ensino Superior, situado na cidade de Waterford, na Irlanda. O Instituto tem seis escolas e oferece cursos em Neg\u00f3cios, Engenharia, Ci\u00eancias, Ci\u00eancias da Sa\u00fade, Educa\u00e7\u00e3o e&hellip;","og_url":"https:\/\/wordpress.ft.unicamp.br\/rodrigos\/sobre-a-universidade-waterford-institute-of-technology\/","og_site_name":"Interc\u00e2mbio no Instituto de Tecnologia de Waterford","twitter_card":"summary_large_image","schema":{"@context":"https:\/\/schema.org","@graph":[{"@type":"WebPage","@id":"https:\/\/wordpress.ft.unicamp.br\/rodrigos\/sobre-a-universidade-waterford-institute-of-technology\/","url":"https:\/\/wordpress.ft.unicamp.br\/rodrigos\/sobre-a-universidade-waterford-institute-of-technology\/","name":"Waterford Institute of Technology - Interc\u00e2mbio no Instituto de Tecnologia de Waterford","isPartOf":{"@id":"https:\/\/wordpress.ft.unicamp.br\/rodrigos\/#website"},"datePublished":"2014-09-17T02:33:59+00:00","breadcrumb":{"@id":"https:\/\/wordpress.ft.unicamp.br\/rodrigos\/sobre-a-universidade-waterford-institute-of-technology\/#breadcrumb"},"inLanguage":"pt-BR","potentialAction":[{"@type":"ReadAction","target":["https:\/\/wordpress.ft.unicamp.br\/rodrigos\/sobre-a-universidade-waterford-institute-of-technology\/"]}]},{"@type":"BreadcrumbList","@id":"https:\/\/wordpress.ft.unicamp.br\/rodrigos\/sobre-a-universidade-waterford-institute-of-technology\/#breadcrumb","itemListElement":[{"@type":"ListItem","position":1,"name":"Home","item":"https:\/\/wordpress.ft.unicamp.br\/rodrigos\/"},{"@type":"ListItem","position":2,"name":"Waterford Institute of Technology"}]},{"@type":"WebSite","@id":"https:\/\/wordpress.ft.unicamp.br\/rodrigos\/#website","url":"https:\/\/wordpress.ft.unicamp.br\/rodrigos\/","name":"Interc\u00e2mbio no Instituto de Tecnologia de Waterford","description":"Participa\u00e7\u00e3o no programa de mobilidade de funcion\u00e1rios da UNICAMP na Irlanda no per\u00edodo de 19\/09 a 06\/10 de 2014.","potentialAction":[{"@type":"SearchAction","target":{"@type":"EntryPoint","urlTemplate":"https:\/\/wordpress.ft.unicamp.br\/rodrigos\/?s={search_term_string}"},"query-input":{"@type":"PropertyValueSpecification","valueRequired":true,"valueName":"search_term_string"}}],"inLanguage":"pt-BR"}]}},"_links":{"self":[{"href":"https:\/\/wordpress.ft.unicamp.br\/rodrigos\/wp-json\/wp\/v2\/pages\/39","targetHints":{"allow":["GET"]}}],"collection":[{"href":"https:\/\/wordpress.ft.unicamp.br\/rodrigos\/wp-json\/wp\/v2\/pages"}],"about":[{"href":"https:\/\/wordpress.ft.unicamp.br\/rodrigos\/wp-json\/wp\/v2\/types\/page"}],"author":[{"embeddable":true,"href":"https:\/\/wordpress.ft.unicamp.br\/rodrigos\/wp-json\/wp\/v2\/users\/13"}],"replies":[{"embeddable":true,"href":"https:\/\/wordpress.ft.unicamp.br\/rodrigos\/wp-json\/wp\/v2\/comments?post=39"}],"version-history":[{"count":0,"href":"https:\/\/wordpress.ft.unicamp.br\/rodrigos\/wp-json\/wp\/v2\/pages\/39\/revisions"}],"wp:attachment":[{"href":"https:\/\/wordpress.ft.unicamp.br\/rodrigos\/wp-json\/wp\/v2\/media?parent=39"}],"curies":[{"name":"wp","href":"https:\/\/api.w.org\/{rel}","templated":true}]}}