{"id":53,"date":"2014-09-17T03:09:13","date_gmt":"2014-09-17T03:09:13","guid":{"rendered":"http:\/\/www.ft.unicamp.br\/rodrigos\/?page_id=53"},"modified":"2014-09-17T03:09:13","modified_gmt":"2014-09-17T03:09:13","slug":"sobre-o-projeto-2","status":"publish","type":"page","link":"https:\/\/wordpress.ft.unicamp.br\/rodrigos\/sobre-o-projeto-2\/","title":{"rendered":"Sobre o Projeto"},"content":{"rendered":"<p>Este projeto tem como objetivo:<\/p>\n<p>1)A realiza\u00e7\u00e3o de visita t\u00e9cnica e acad\u00eamico-administrativa a Waterford Institute of Technology (WIT) afim de que seja poss\u00edvel conhecer seus setores administrativos e acad\u00eamicos, seus laborat\u00f3rios, salas de aulas;<\/p>\n<p>2)Acompanhar suas atividades e rotinas administrativas;<\/p>\n<p>3)Estabelecer parceria para troca de informa\u00e7\u00f5es administrativas;<\/p>\n<p>4)Estabelecer par\u00e2metros de compara\u00e7\u00e3o da qualidade das atividades e servi\u00e7os oferecidos pelas \u00e1reas acad\u00eamicas e administrativas da Faculdade de Tecnologia com as atividades desta Universidade.<\/p>\n","protected":false},"excerpt":{"rendered":"<p>Este projeto tem como objetivo: 1)A realiza\u00e7\u00e3o de visita t\u00e9cnica e acad\u00eamico-administrativa a Waterford Institute of Technology (WIT) afim de que seja poss\u00edvel conhecer seus setores administrativos e acad\u00eamicos, seus laborat\u00f3rios, salas de aulas; 2)Acompanhar suas atividades e rotinas administrativas;&hellip; <\/p>\n","protected":false},"author":13,"featured_media":0,"parent":0,"menu_order":0,"comment_status":"closed","ping_status":"closed","template":"","meta":{"footnotes":""},"class_list":["post-53","page","type-page","status-publish","hentry"],"yoast_head":"<!-- This site is optimized with the Yoast SEO plugin v27.3 - https:\/\/yoast.com\/product\/yoast-seo-wordpress\/ -->\n<title>Sobre o Projeto - Interc\u00e2mbio no Instituto de Tecnologia de Waterford<\/title>\n<meta name=\"robots\" content=\"index, follow, max-snippet:-1, max-image-preview:large, max-video-preview:-1\" \/>\n<link rel=\"canonical\" href=\"https:\/\/wordpress.ft.unicamp.br\/rodrigos\/sobre-o-projeto-2\/\" \/>\n<meta property=\"og:locale\" content=\"pt_BR\" \/>\n<meta property=\"og:type\" content=\"article\" \/>\n<meta property=\"og:title\" content=\"Sobre o Projeto - Interc\u00e2mbio no Instituto de Tecnologia de Waterford\" \/>\n<meta property=\"og:description\" content=\"Este projeto tem como objetivo: 1)A realiza\u00e7\u00e3o de visita t\u00e9cnica e acad\u00eamico-administrativa a Waterford Institute of Technology (WIT) afim de que seja poss\u00edvel conhecer seus setores administrativos e acad\u00eamicos, seus laborat\u00f3rios, salas de aulas; 2)Acompanhar suas atividades e rotinas administrativas;&hellip;\" \/>\n<meta property=\"og:url\" content=\"https:\/\/wordpress.ft.unicamp.br\/rodrigos\/sobre-o-projeto-2\/\" \/>\n<meta property=\"og:site_name\" content=\"Interc\u00e2mbio no Instituto de Tecnologia de Waterford\" \/>\n<meta name=\"twitter:card\" content=\"summary_large_image\" \/>\n<script type=\"application\/ld+json\" class=\"yoast-schema-graph\">{\"@context\":\"https:\\\/\\\/schema.org\",\"@graph\":[{\"@type\":\"WebPage\",\"@id\":\"https:\\\/\\\/wordpress.ft.unicamp.br\\\/rodrigos\\\/sobre-o-projeto-2\\\/\",\"url\":\"https:\\\/\\\/wordpress.ft.unicamp.br\\\/rodrigos\\\/sobre-o-projeto-2\\\/\",\"name\":\"Sobre o Projeto - Interc\u00e2mbio no Instituto de Tecnologia de Waterford\",\"isPartOf\":{\"@id\":\"https:\\\/\\\/wordpress.ft.unicamp.br\\\/rodrigos\\\/#website\"},\"datePublished\":\"2014-09-17T03:09:13+00:00\",\"breadcrumb\":{\"@id\":\"https:\\\/\\\/wordpress.ft.unicamp.br\\\/rodrigos\\\/sobre-o-projeto-2\\\/#breadcrumb\"},\"inLanguage\":\"pt-BR\",\"potentialAction\":[{\"@type\":\"ReadAction\",\"target\":[\"https:\\\/\\\/wordpress.ft.unicamp.br\\\/rodrigos\\\/sobre-o-projeto-2\\\/\"]}]},{\"@type\":\"BreadcrumbList\",\"@id\":\"https:\\\/\\\/wordpress.ft.unicamp.br\\\/rodrigos\\\/sobre-o-projeto-2\\\/#breadcrumb\",\"itemListElement\":[{\"@type\":\"ListItem\",\"position\":1,\"name\":\"Home\",\"item\":\"https:\\\/\\\/wordpress.ft.unicamp.br\\\/rodrigos\\\/\"},{\"@type\":\"ListItem\",\"position\":2,\"name\":\"Sobre o Projeto\"}]},{\"@type\":\"WebSite\",\"@id\":\"https:\\\/\\\/wordpress.ft.unicamp.br\\\/rodrigos\\\/#website\",\"url\":\"https:\\\/\\\/wordpress.ft.unicamp.br\\\/rodrigos\\\/\",\"name\":\"Interc\u00e2mbio no Instituto de Tecnologia de Waterford\",\"description\":\"Participa\u00e7\u00e3o no programa de mobilidade de funcion\u00e1rios da UNICAMP na Irlanda no per\u00edodo de 19\\\/09 a 06\\\/10 de 2014.\",\"potentialAction\":[{\"@type\":\"SearchAction\",\"target\":{\"@type\":\"EntryPoint\",\"urlTemplate\":\"https:\\\/\\\/wordpress.ft.unicamp.br\\\/rodrigos\\\/?s={search_term_string}\"},\"query-input\":{\"@type\":\"PropertyValueSpecification\",\"valueRequired\":true,\"valueName\":\"search_term_string\"}}],\"inLanguage\":\"pt-BR\"}]}<\/script>\n<!-- \/ Yoast SEO plugin. -->","yoast_head_json":{"title":"Sobre o Projeto - Interc\u00e2mbio no Instituto de Tecnologia de Waterford","robots":{"index":"index","follow":"follow","max-snippet":"max-snippet:-1","max-image-preview":"max-image-preview:large","max-video-preview":"max-video-preview:-1"},"canonical":"https:\/\/wordpress.ft.unicamp.br\/rodrigos\/sobre-o-projeto-2\/","og_locale":"pt_BR","og_type":"article","og_title":"Sobre o Projeto - Interc\u00e2mbio no Instituto de Tecnologia de Waterford","og_description":"Este projeto tem como objetivo: 1)A realiza\u00e7\u00e3o de visita t\u00e9cnica e acad\u00eamico-administrativa a Waterford Institute of Technology (WIT) afim de que seja poss\u00edvel conhecer seus setores administrativos e acad\u00eamicos, seus laborat\u00f3rios, salas de aulas; 2)Acompanhar suas atividades e rotinas administrativas;&hellip;","og_url":"https:\/\/wordpress.ft.unicamp.br\/rodrigos\/sobre-o-projeto-2\/","og_site_name":"Interc\u00e2mbio no Instituto de Tecnologia de Waterford","twitter_card":"summary_large_image","schema":{"@context":"https:\/\/schema.org","@graph":[{"@type":"WebPage","@id":"https:\/\/wordpress.ft.unicamp.br\/rodrigos\/sobre-o-projeto-2\/","url":"https:\/\/wordpress.ft.unicamp.br\/rodrigos\/sobre-o-projeto-2\/","name":"Sobre o Projeto - Interc\u00e2mbio no Instituto de Tecnologia de Waterford","isPartOf":{"@id":"https:\/\/wordpress.ft.unicamp.br\/rodrigos\/#website"},"datePublished":"2014-09-17T03:09:13+00:00","breadcrumb":{"@id":"https:\/\/wordpress.ft.unicamp.br\/rodrigos\/sobre-o-projeto-2\/#breadcrumb"},"inLanguage":"pt-BR","potentialAction":[{"@type":"ReadAction","target":["https:\/\/wordpress.ft.unicamp.br\/rodrigos\/sobre-o-projeto-2\/"]}]},{"@type":"BreadcrumbList","@id":"https:\/\/wordpress.ft.unicamp.br\/rodrigos\/sobre-o-projeto-2\/#breadcrumb","itemListElement":[{"@type":"ListItem","position":1,"name":"Home","item":"https:\/\/wordpress.ft.unicamp.br\/rodrigos\/"},{"@type":"ListItem","position":2,"name":"Sobre o Projeto"}]},{"@type":"WebSite","@id":"https:\/\/wordpress.ft.unicamp.br\/rodrigos\/#website","url":"https:\/\/wordpress.ft.unicamp.br\/rodrigos\/","name":"Interc\u00e2mbio no Instituto de Tecnologia de Waterford","description":"Participa\u00e7\u00e3o no programa de mobilidade de funcion\u00e1rios da UNICAMP na Irlanda no per\u00edodo de 19\/09 a 06\/10 de 2014.","potentialAction":[{"@type":"SearchAction","target":{"@type":"EntryPoint","urlTemplate":"https:\/\/wordpress.ft.unicamp.br\/rodrigos\/?s={search_term_string}"},"query-input":{"@type":"PropertyValueSpecification","valueRequired":true,"valueName":"search_term_string"}}],"inLanguage":"pt-BR"}]}},"_links":{"self":[{"href":"https:\/\/wordpress.ft.unicamp.br\/rodrigos\/wp-json\/wp\/v2\/pages\/53","targetHints":{"allow":["GET"]}}],"collection":[{"href":"https:\/\/wordpress.ft.unicamp.br\/rodrigos\/wp-json\/wp\/v2\/pages"}],"about":[{"href":"https:\/\/wordpress.ft.unicamp.br\/rodrigos\/wp-json\/wp\/v2\/types\/page"}],"author":[{"embeddable":true,"href":"https:\/\/wordpress.ft.unicamp.br\/rodrigos\/wp-json\/wp\/v2\/users\/13"}],"replies":[{"embeddable":true,"href":"https:\/\/wordpress.ft.unicamp.br\/rodrigos\/wp-json\/wp\/v2\/comments?post=53"}],"version-history":[{"count":0,"href":"https:\/\/wordpress.ft.unicamp.br\/rodrigos\/wp-json\/wp\/v2\/pages\/53\/revisions"}],"wp:attachment":[{"href":"https:\/\/wordpress.ft.unicamp.br\/rodrigos\/wp-json\/wp\/v2\/media?parent=53"}],"curies":[{"name":"wp","href":"https:\/\/api.w.org\/{rel}","templated":true}]}}