{"id":61,"date":"2014-09-17T03:12:57","date_gmt":"2014-09-17T03:12:57","guid":{"rendered":"http:\/\/www.ft.unicamp.br\/rodrigos\/?page_id=61"},"modified":"2014-09-17T03:12:57","modified_gmt":"2014-09-17T03:12:57","slug":"waterford-irlanda","status":"publish","type":"page","link":"https:\/\/wordpress.ft.unicamp.br\/rodrigos\/waterford-irlanda\/","title":{"rendered":"Waterford Irlanda"},"content":{"rendered":"<p>Waterford (P<em>ort L\u00e1irge<\/em> em irland\u00eas) \u00e9 uma cidade da <a href=\"http:\/\/pt.wikipedia.org\/wiki\/Rep%C3%BAblica_da_Irlanda\">Rep\u00fablica da Irlanda<\/a> que fica no <a href=\"http:\/\/pt.wikipedia.org\/wiki\/Condado_de_Waterford\">Condado de Waterford<\/a>, na prov\u00edncia de Munster.<\/p>\n<p>Foi a primeira cidade da Irlanda, e foi fundada no ano de 914, portanto a cidade mais antiga da Irlanda. Hoje \u00e9 a quinta maior cidade da Rep\u00fablica da Irlanda.<\/p>\n","protected":false},"excerpt":{"rendered":"<p>Waterford (Port L\u00e1irge em irland\u00eas) \u00e9 uma cidade da Rep\u00fablica da Irlanda que fica no Condado de Waterford, na prov\u00edncia de Munster. Foi a primeira cidade da Irlanda, e foi fundada no ano de 914, portanto a cidade mais antiga&hellip; <\/p>\n","protected":false},"author":13,"featured_media":0,"parent":0,"menu_order":0,"comment_status":"closed","ping_status":"closed","template":"","meta":{"footnotes":""},"class_list":["post-61","page","type-page","status-publish","hentry"],"yoast_head":"<!-- This site is optimized with the Yoast SEO plugin v27.5 - https:\/\/yoast.com\/product\/yoast-seo-wordpress\/ -->\n<title>Waterford Irlanda - Interc\u00e2mbio no Instituto de Tecnologia de Waterford<\/title>\n<meta name=\"robots\" content=\"index, follow, max-snippet:-1, max-image-preview:large, max-video-preview:-1\" \/>\n<link rel=\"canonical\" href=\"https:\/\/wordpress.ft.unicamp.br\/rodrigos\/waterford-irlanda\/\" \/>\n<meta property=\"og:locale\" content=\"pt_BR\" \/>\n<meta property=\"og:type\" content=\"article\" \/>\n<meta property=\"og:title\" content=\"Waterford Irlanda - Interc\u00e2mbio no Instituto de Tecnologia de Waterford\" \/>\n<meta property=\"og:description\" content=\"Waterford (Port L\u00e1irge em irland\u00eas) \u00e9 uma cidade da Rep\u00fablica da Irlanda que fica no Condado de Waterford, na prov\u00edncia de Munster. Foi a primeira cidade da Irlanda, e foi fundada no ano de 914, portanto a cidade mais antiga&hellip;\" \/>\n<meta property=\"og:url\" content=\"https:\/\/wordpress.ft.unicamp.br\/rodrigos\/waterford-irlanda\/\" \/>\n<meta property=\"og:site_name\" content=\"Interc\u00e2mbio no Instituto de Tecnologia de Waterford\" \/>\n<meta name=\"twitter:card\" content=\"summary_large_image\" \/>\n<script type=\"application\/ld+json\" class=\"yoast-schema-graph\">{\"@context\":\"https:\\\/\\\/schema.org\",\"@graph\":[{\"@type\":\"WebPage\",\"@id\":\"https:\\\/\\\/wordpress.ft.unicamp.br\\\/rodrigos\\\/waterford-irlanda\\\/\",\"url\":\"https:\\\/\\\/wordpress.ft.unicamp.br\\\/rodrigos\\\/waterford-irlanda\\\/\",\"name\":\"Waterford Irlanda - Interc\u00e2mbio no Instituto de Tecnologia de Waterford\",\"isPartOf\":{\"@id\":\"https:\\\/\\\/wordpress.ft.unicamp.br\\\/rodrigos\\\/#website\"},\"datePublished\":\"2014-09-17T03:12:57+00:00\",\"breadcrumb\":{\"@id\":\"https:\\\/\\\/wordpress.ft.unicamp.br\\\/rodrigos\\\/waterford-irlanda\\\/#breadcrumb\"},\"inLanguage\":\"pt-BR\",\"potentialAction\":[{\"@type\":\"ReadAction\",\"target\":[\"https:\\\/\\\/wordpress.ft.unicamp.br\\\/rodrigos\\\/waterford-irlanda\\\/\"]}]},{\"@type\":\"BreadcrumbList\",\"@id\":\"https:\\\/\\\/wordpress.ft.unicamp.br\\\/rodrigos\\\/waterford-irlanda\\\/#breadcrumb\",\"itemListElement\":[{\"@type\":\"ListItem\",\"position\":1,\"name\":\"Home\",\"item\":\"https:\\\/\\\/wordpress.ft.unicamp.br\\\/rodrigos\\\/\"},{\"@type\":\"ListItem\",\"position\":2,\"name\":\"Waterford Irlanda\"}]},{\"@type\":\"WebSite\",\"@id\":\"https:\\\/\\\/wordpress.ft.unicamp.br\\\/rodrigos\\\/#website\",\"url\":\"https:\\\/\\\/wordpress.ft.unicamp.br\\\/rodrigos\\\/\",\"name\":\"Interc\u00e2mbio no Instituto de Tecnologia de Waterford\",\"description\":\"Participa\u00e7\u00e3o no programa de mobilidade de funcion\u00e1rios da UNICAMP na Irlanda no per\u00edodo de 19\\\/09 a 06\\\/10 de 2014.\",\"potentialAction\":[{\"@type\":\"SearchAction\",\"target\":{\"@type\":\"EntryPoint\",\"urlTemplate\":\"https:\\\/\\\/wordpress.ft.unicamp.br\\\/rodrigos\\\/?s={search_term_string}\"},\"query-input\":{\"@type\":\"PropertyValueSpecification\",\"valueRequired\":true,\"valueName\":\"search_term_string\"}}],\"inLanguage\":\"pt-BR\"}]}<\/script>\n<!-- \/ Yoast SEO plugin. -->","yoast_head_json":{"title":"Waterford Irlanda - Interc\u00e2mbio no Instituto de Tecnologia de Waterford","robots":{"index":"index","follow":"follow","max-snippet":"max-snippet:-1","max-image-preview":"max-image-preview:large","max-video-preview":"max-video-preview:-1"},"canonical":"https:\/\/wordpress.ft.unicamp.br\/rodrigos\/waterford-irlanda\/","og_locale":"pt_BR","og_type":"article","og_title":"Waterford Irlanda - Interc\u00e2mbio no Instituto de Tecnologia de Waterford","og_description":"Waterford (Port L\u00e1irge em irland\u00eas) \u00e9 uma cidade da Rep\u00fablica da Irlanda que fica no Condado de Waterford, na prov\u00edncia de Munster. Foi a primeira cidade da Irlanda, e foi fundada no ano de 914, portanto a cidade mais antiga&hellip;","og_url":"https:\/\/wordpress.ft.unicamp.br\/rodrigos\/waterford-irlanda\/","og_site_name":"Interc\u00e2mbio no Instituto de Tecnologia de Waterford","twitter_card":"summary_large_image","schema":{"@context":"https:\/\/schema.org","@graph":[{"@type":"WebPage","@id":"https:\/\/wordpress.ft.unicamp.br\/rodrigos\/waterford-irlanda\/","url":"https:\/\/wordpress.ft.unicamp.br\/rodrigos\/waterford-irlanda\/","name":"Waterford Irlanda - Interc\u00e2mbio no Instituto de Tecnologia de Waterford","isPartOf":{"@id":"https:\/\/wordpress.ft.unicamp.br\/rodrigos\/#website"},"datePublished":"2014-09-17T03:12:57+00:00","breadcrumb":{"@id":"https:\/\/wordpress.ft.unicamp.br\/rodrigos\/waterford-irlanda\/#breadcrumb"},"inLanguage":"pt-BR","potentialAction":[{"@type":"ReadAction","target":["https:\/\/wordpress.ft.unicamp.br\/rodrigos\/waterford-irlanda\/"]}]},{"@type":"BreadcrumbList","@id":"https:\/\/wordpress.ft.unicamp.br\/rodrigos\/waterford-irlanda\/#breadcrumb","itemListElement":[{"@type":"ListItem","position":1,"name":"Home","item":"https:\/\/wordpress.ft.unicamp.br\/rodrigos\/"},{"@type":"ListItem","position":2,"name":"Waterford Irlanda"}]},{"@type":"WebSite","@id":"https:\/\/wordpress.ft.unicamp.br\/rodrigos\/#website","url":"https:\/\/wordpress.ft.unicamp.br\/rodrigos\/","name":"Interc\u00e2mbio no Instituto de Tecnologia de Waterford","description":"Participa\u00e7\u00e3o no programa de mobilidade de funcion\u00e1rios da UNICAMP na Irlanda no per\u00edodo de 19\/09 a 06\/10 de 2014.","potentialAction":[{"@type":"SearchAction","target":{"@type":"EntryPoint","urlTemplate":"https:\/\/wordpress.ft.unicamp.br\/rodrigos\/?s={search_term_string}"},"query-input":{"@type":"PropertyValueSpecification","valueRequired":true,"valueName":"search_term_string"}}],"inLanguage":"pt-BR"}]}},"_links":{"self":[{"href":"https:\/\/wordpress.ft.unicamp.br\/rodrigos\/wp-json\/wp\/v2\/pages\/61","targetHints":{"allow":["GET"]}}],"collection":[{"href":"https:\/\/wordpress.ft.unicamp.br\/rodrigos\/wp-json\/wp\/v2\/pages"}],"about":[{"href":"https:\/\/wordpress.ft.unicamp.br\/rodrigos\/wp-json\/wp\/v2\/types\/page"}],"author":[{"embeddable":true,"href":"https:\/\/wordpress.ft.unicamp.br\/rodrigos\/wp-json\/wp\/v2\/users\/13"}],"replies":[{"embeddable":true,"href":"https:\/\/wordpress.ft.unicamp.br\/rodrigos\/wp-json\/wp\/v2\/comments?post=61"}],"version-history":[{"count":0,"href":"https:\/\/wordpress.ft.unicamp.br\/rodrigos\/wp-json\/wp\/v2\/pages\/61\/revisions"}],"wp:attachment":[{"href":"https:\/\/wordpress.ft.unicamp.br\/rodrigos\/wp-json\/wp\/v2\/media?parent=61"}],"curies":[{"name":"wp","href":"https:\/\/api.w.org\/{rel}","templated":true}]}}