{"id":13,"date":"2020-09-11T20:35:55","date_gmt":"2020-09-11T20:35:55","guid":{"rendered":"http:\/\/wordpress.ft.unicamp.br\/rosacclintz\/?page_id=13"},"modified":"2020-09-11T20:35:55","modified_gmt":"2020-09-11T20:35:55","slug":"publicacoes","status":"publish","type":"page","link":"https:\/\/wordpress.ft.unicamp.br\/rosacclintz\/publicacoes\/","title":{"rendered":"Publica\u00e7\u00f5es"},"content":{"rendered":"\n<p><strong>Apostilas:<\/strong><br>&nbsp;&#8211; Aspectos Tecnol\u00f3gicos de Materiais de Constru\u00e7\u00e3o: Propriedades dos Materiais, 2019 &#8211; Autores: Rog\u00e9rio Durante, Luisa Andr\u00e9ia Gachet, Rosa C. C. Lintz<br>&nbsp;&#8211; Aspectos Tecnol\u00f3gicos de Materiais de Constru\u00e7\u00e3o: Aglomerantes, 2019 &#8211; Autores: Rog\u00e9rio Durante, Luisa Andr\u00e9ia Gachet, Rosa C. C. Lintz<br>&nbsp;&#8211; Aspectos Tecnol\u00f3gicos de Materiais de Constru\u00e7\u00e3o: Agregados, 2019 &#8211; Autores: Rog\u00e9rio Durante, Luisa Andr\u00e9ia Gachet, Rosa C. C. Lintz<br>&nbsp;&#8211; Aspectos Tecnol\u00f3gicos de Materiais de Constru\u00e7\u00e3o: Concreto, 2019 &#8211; Autores: Rog\u00e9rio Durante, Luisa Andr\u00e9ia Gachet, Rosa C. C. Lintz<br>&nbsp;&#8211; Aspectos Tecnol\u00f3gicos de Materiais de Constru\u00e7\u00e3o: A\u00e7o, 2019 &#8211; Autores: Rog\u00e9rio Durante, Luisa Andr\u00e9ia Gachet, Rosa C. C. Lintz<\/p>\n\n\n\n<p><strong>Artigos:<\/strong><br>XAVIER, BEATRIZ C. ; VERZEGNASSI, Emerson ; BORTOLOZO, AUSDINIR D. ; ALVES, SAMIRA M. ; CECCHE LINTZ, ROSA C. ; ANDREIA GACHET, LU\u00cdSA ; OS\u00d3RIO, WISLEI R. . Fresh and Hardened States of Distinctive Self-Compacting Concrete with Marble- and Phyllite-Powder Aggregate Contents. JOURNAL OF MATERIALS IN CIVIL ENGINEERING, v. 32, p. 04020065, 2020.<\/p>\n\n\n\n<p>ANGELIN, ANDRESSA F. ; CECCHE LINTZ, ROSA C. ; OS\u00d3RIO, WISLEI R. ; GACHET, LU\u00cdSA A. . Evaluation of efficiency factor of a self-compacting lightweight concrete with rubber and expanded clay contents. CONSTRUCTION AND BUILDING MATERIALS, v. 257, p. 119573, 2020.<\/p>\n\n\n\n<p>ANGELIN, A.F. ; MIRANDA, E.J.P. ; SANTOS, J.M.C. DOS ; LINTZ, R.C.C. ; GACHET-BARBOSA, L.A. . Rubberized mortar: The influence of aggregate granulometry in mechanical resistances and acoustic behavior. CONSTRUCTION AND BUILDING MATERIALS, v. 200, p. 248-254, 2019.<\/p>\n\n\n\n<p>SILVA, F. M. ; MIRANDA JR., E. J. P. ; SANTOS, J. M. C. DOS ; GACHET-BARBOSA, L. A. ; GOMES, A. E. ; LINTZ, R. C. C. . The use of tire rubber in the production of high-performance concrete. Cer\u00e2mica, v. 65, p. 110-114, 2019.<\/p>\n\n\n\n<p>PENTEADO, CARMENLUCIA SANTOS GIORDANO ; EVANGELISTA, BEATRIZ LE\u00c3O ; FERREIRA, GISLEIVA CRISTINA DOS SANTOS ; BORGES, PEDRO HENRIQUE ANDRADE ; LINTZ, ROSA CRISTINA CECCHE . Use of electric arc furnace slag for producing concrete paving blocks. AMBIENTE CONSTRU\u00cdDO (ONLINE), v. 19, p. 21-32, 2019.<\/p>\n\n\n\n<p>ANGELIN, A. F. ; CECCHE LINTZ, ROSA C. ; GACHET BARBOSA, LUISA ANDR\u00c9IA . Uso da argila expandida e s\u00edlica ativa no melhoramento dos desempenhos mec\u00e2nicos, f\u00edsicos e t\u00e9rmicos de concretos leves estruturais. Materia-Rio de Janeiro, v. 22, p. 1, 2018.<\/p>\n\n\n\n<p>A. F. ANGELIN ; L. A. G. BARBOSA ; LINTZ, ROSA C. C. . Fresh and hardened properties of self-compacting concrete modified with lightweight and recycled aggregates. REVISTA IBRACON DE ESTRUTURAS E MATERIAIS, v. 11, p. 76-94, 2018.<\/p>\n\n\n\n<p>Menezes, Izabella ; Oliveira, Daiana M. de ; Silva, Simone B. da ; Souza, Tauane E. B. ; BARBOSA, Lu\u00edsa Andr\u00e9ia Gachet ; LINTZ, ROSA C.C. . STUDY AND APPLICATION OF MORTAR WITH RESIDUES OF EXPANDED POLYSTYRENE. INTERNATIONAL JOURNAL OF DEVELOPMENT RESEARCH, v. 08, p. 21097-21102, 2018.<\/p>\n\n\n\n<p>ANGELIN,A.F. ; LINTZ, R. C. C. ; GACHET-BARBOSA, L. A. ; OSORIO, W. R. R. . The effects of porosity on mechanical behavior and water absorption of an environmentally friendly cement mortar with recycled rubber. CONSTRUCTION AND BUILDING MATERIALS, v. 151, p. 534-545, 2017.<\/p>\n\n\n\n<p>SILVA, FABIANA MARIA DA ; VAZ, VIVIANE VISNARDI ; BARBOSA, LUISA ANDREIA GACHET ; LINTZ, ROSA CRISTINA CECCHE . Avalia\u00e7\u00e3o da resist\u00eancia mec\u00e2nica de pisos intertravados de concreto sustent\u00e1veis (PICS). Materia-Rio de Janeiro, v. 22, p. e11778, 2017.<\/p>\n\n\n\n<p>ANGELIN, ANDRESSA F. ; DA SILVA, FABIANA M. ; BARBOSA, LU\u00cdSA A.G. ; LINTZ, ROSA C.C. ; DE CARVALHO, MARCO A.G. ; FRANCO, RAMON A.SALINAS. . Voids identification in rubberized mortar digital images using K-Means and Watershed algorithms. JOURNAL OF CLEANER PRODUCTION, v. 164, p. 455-464, 2017.<\/p>\n\n\n\n<p>PENTEADO, CARMENLUCIA SANTOS GIORDANO ; VIVIANI DE CARVALHO, EDUARDO ; LINTZ, ROSA CRISTINA CECCHE . Reusing ceramic tile polishing waste in paving block manufacturing. JOURNAL OF CLEANER PRODUCTION, v. 112, p. 514-520,<br>2016.<\/p>\n\n\n\n<p>PFEIFER, Weila Packer ; LINTZ, ROSA CRISTINA CECCHE ; GACHET-BARBOSA, LU\u00cdSA ANDR\u00c9IA ; BRAVO-ROGER, Leonardo Lorenzo . DETERMINA\u00c7\u00c3O DA CONSTANTE DIEL\u00c9TRICA E DA TANGENTE DE PERDA DA PASTA DE CIMENTO EM FREQUENCIAS DE MICROONDAS. Intellectus. Revista Acad\u00eamica Digital da Faculdade de Jaguari\u00fana, v. 2, p. 114-126, 2016.<\/p>\n\n\n\n<p>JACINTHO, Ana Elisabete P. G. A. ; SILVA, Valdir Pignatta ;&nbsp;<a href=\"http:\/\/lattes.cnpq.br\/2449625191630738\" target=\"_blank\" rel=\"noreferrer noopener\">REQUENA, Jo\u00e3o Alberto Venegas<\/a>&nbsp;;&nbsp;<strong><a href=\"http:\/\/lattes.cnpq.br\/3986122703645318\" target=\"_blank\" rel=\"noreferrer noopener\">LINTZ, R. C. C.<\/a><\/strong>&nbsp;; BARBOSA, Lu\u00edsa Andr\u00e9ia Gachet ;&nbsp;<a href=\"http:\/\/lattes.cnpq.br\/5903115211598895\" target=\"_blank\" rel=\"noreferrer noopener\">PIMENTEL, Lia Lorena<\/a>&nbsp;. Analysis of composite steel and concrete columns at high temperatures. Fire and Materials, v. 40, p. 305-317, 2016.<\/p>\n\n\n\n<p>ANGELIN, ANDRESSA F. ; ANDRADE, MATHEUS F.F. ; BONATTI, RODRIGO ;&nbsp;<strong>CECCHE LINTZ, ROSA C.<\/strong>&nbsp;; GACHET-BARBOSA, LU\u00cdSA A. ; OS\u00d3RIO, WISLEI R. . Effects of spheroid and fiber-like waste-tire rubbers on interrelation of strength-to-porosity in rubberized cement and mortars. Construction &amp; Building Materials, v. 95, p. 525-536, 2015.<\/p>\n\n\n\n<p>DA SILVA, FABIANA MARIA ; GACHET BARBOSA, LUISA ANDR\u00c9IA ;&nbsp;<strong><a href=\"http:\/\/lattes.cnpq.br\/3986122703645318\" target=\"_blank\" rel=\"noreferrer noopener\">LINTZ, R. C. C.<\/a><\/strong>&nbsp;;&nbsp;<a href=\"http:\/\/lattes.cnpq.br\/8531563804368352\" target=\"_blank\" rel=\"noreferrer noopener\">JACINTHO, Ana Elisabete P. G. A.<\/a>&nbsp;. Investigation on the properties of concrete tactile paving blocks made with recycled tire rubber. Construction &amp; Building Materials, v. 91, p. 71-79, 2015.<\/p>\n\n\n\n<p>MOUR\u00c3O, JADE R. ; FREITAS, RAQUEL ; DRAGONI SOBRINHO, GERALDO ; RIBEIRO, LUBIENSKA CRISTINA L.J. ;&nbsp;<strong>LINTZ, ROSA CRISTINA CECCHE<\/strong>&nbsp;; GACHET-BARBOSA, LU\u00cdSA ANDR\u00c9IA ; PIRES, Marta Siviero Guilherme . Assembly of a Wetland on a Laboratory Scale for Post-Treatment of Domestic Wastewater. Advanced Materials Research (Online), v. 905, p. 325-328, 2014.<\/p>\n\n\n\n<p>SANTOS, V\u00c2NIA REGINA FERREIRA ; SILVA, FABIANA MARIA ; RIBEIRO, LUBIENSKA CRISTINA L.J. ; PIRES, Marta Siviero Guilherme ;&nbsp;<strong>LINTZ, ROSA CRISTINA CECCHE<\/strong>&nbsp;; GACHET-BARBOSA, LUISA ANDR\u00c9IA . Contribution from the Use of Alternative Materials in Concrete for Accessibility on Sidewalks. Advanced Materials Research (Online), v. 905, p. 306-309, 2014.<\/p>\n\n\n\n<p><a href=\"http:\/\/lattes.cnpq.br\/8531563804368352\" target=\"_blank\" rel=\"noreferrer noopener\">JACINTHO, Ana Elisabete P. G. A.<\/a>&nbsp;; SILVA, Valdir P. ; REQUENA, JO\u00c3O A. V. ;&nbsp;<strong>LINTZ, ROSA C. C.<\/strong>&nbsp;; GACHET-BARBOSA, LUISA A. ; PIMENTEL, LIA L. . Analysis of composite steel and concrete columns at high temperatures. Fire and Materials, v. 1, p. n\/a-n\/a, 2014.<\/p>\n\n\n\n<p>&nbsp;<strong><a href=\"http:\/\/lattes.cnpq.br\/3986122703645318\" target=\"_blank\" rel=\"noreferrer noopener\">LINTZ, R. C. C.<\/a><\/strong>; Ana Elisabete P.G.A. Jacintho ; PIMENTEL, L. L. ;&nbsp;<a href=\"http:\/\/lattes.cnpq.br\/8929629898766359\" target=\"_blank\" rel=\"noreferrer noopener\">GACHET-BARBOSA, L. A.<\/a>&nbsp;. Estudo do reaproveitamento de res\u00edduos de constru\u00e7\u00e3o em concretos empregados na fabrica\u00e7\u00e3o de blocos. Revista IBRACON de Estruturas e Materiais, v. 5, p. 166-181, 2012.<\/p>\n\n\n\n<p><a href=\"http:\/\/lattes.cnpq.br\/8531563804368352\" target=\"_blank\" rel=\"noreferrer noopener\">JACINTHO, Ana Elisabete P. G. A.<\/a>&nbsp;;&nbsp;<a href=\"http:\/\/lattes.cnpq.br\/2431468701531047\" target=\"_blank\" rel=\"noreferrer noopener\">SILVA, Valdir Pignatta e<\/a>&nbsp;;&nbsp;<a href=\"http:\/\/lattes.cnpq.br\/2449625191630738\" target=\"_blank\" rel=\"noreferrer noopener\">REQUENA, Jo\u00e3o Alberto Venegas<\/a>&nbsp;;&nbsp;<strong><a href=\"http:\/\/lattes.cnpq.br\/3986122703645318\" target=\"_blank\" rel=\"noreferrer noopener\">LINTZ, R. C. C.<\/a><\/strong>&nbsp;; BARBOSA, Lu\u00edsa Andr\u00e9ia Gachet ;&nbsp;<a href=\"http:\/\/lattes.cnpq.br\/5903115211598895\" target=\"_blank\" rel=\"noreferrer noopener\">PIMENTEL, Lia Lorena<\/a>&nbsp;. Pilares mistos curtos de a\u00e7o e concreto sob altas temperaturas. Revista IBRACON de Estruturas e Materiais, v. 5, p. 530-547, 2012.<\/p>\n\n\n\n<p><a href=\"http:\/\/lattes.cnpq.br\/5903115211598895\" target=\"_blank\" rel=\"noreferrer noopener\">PIMENTEL, Lia Lorena<\/a>&nbsp;;&nbsp;<strong><a href=\"http:\/\/lattes.cnpq.br\/3986122703645318\" target=\"_blank\" rel=\"noreferrer noopener\">LINTZ, R. C. C.<\/a><\/strong>&nbsp;;&nbsp;<a href=\"http:\/\/lattes.cnpq.br\/8531563804368352\" target=\"_blank\" rel=\"noreferrer noopener\">JACINTHO, Ana Elisabete P. G. A.<\/a>&nbsp;. Avalia\u00e7\u00e3o do Comportamento de Argamassas com Res\u00edduos de Constru\u00e7\u00e3o e Demoli\u00e7\u00e3o para a Produ\u00e7\u00e3o de Elementos em Argamassa Armada. Saneamento Ambiental, v. XXII, p. 20-25, 2012.<\/p>\n\n\n\n<p>VERZEGNASSI, Emerson ;&nbsp;<strong><a href=\"http:\/\/lattes.cnpq.br\/3986122703645318\" target=\"_blank\" rel=\"noreferrer noopener\">LINTZ, R. C. C.<\/a><\/strong>&nbsp;; BARBOSA, Lu\u00edsa Andr\u00e9ia Gachet ;&nbsp;<a href=\"http:\/\/lattes.cnpq.br\/8531563804368352\" target=\"_blank\" rel=\"noreferrer noopener\">JACINTHO, Ana Elisabete P. G. A.<\/a>&nbsp;. Concreto convencional com adi\u00e7\u00e3o de borracha reciclada de pneus: estudo das propriedades mec\u00e2nicas. Estudos Tecnol\u00f3gicos (Online), v. 7, p. 98-108, 2011.<\/p>\n\n\n\n<p>&nbsp;Seydell, Maria Rachel ;&nbsp;<strong><a href=\"http:\/\/lattes.cnpq.br\/3986122703645318\" target=\"_blank\" rel=\"noreferrer noopener\">LINTZ, R. C. C.<\/a><\/strong>&nbsp;. Propriedades mec\u00e2nicas do concreto com adi\u00e7\u00e3o de borracha de pneus para pavimentos rodovi\u00e1rios. Estudos Tecnol\u00f3gicos (Online), v. 5, p. 363-373, 2010.<\/p>\n\n\n\n<p><strong><a href=\"http:\/\/lattes.cnpq.br\/3986122703645318\" target=\"_blank\" rel=\"noreferrer noopener\">LINTZ, R. C. C.<\/a><\/strong>;&nbsp;<a href=\"http:\/\/lattes.cnpq.br\/8929629898766359\" target=\"_blank\" rel=\"noreferrer noopener\">GACHET-BARBOSA, L. A.<\/a>&nbsp;;&nbsp;<a href=\"http:\/\/lattes.cnpq.br\/1482831130853207\" target=\"_blank\" rel=\"noreferrer noopener\">SEYDELL, M. R. R.<\/a>&nbsp;; JACINTHO, A. E. P. G. . Avalia\u00e7\u00e3o do comportamento de concreto contendo borracha de pneus inserv\u00edveis para utiliza\u00e7\u00e3o em pisos intertravados. Engenharia Civil UM (Braga), v. 37, p. 17-26, 2010.<\/p>\n\n\n\n<p>&nbsp;Ana Elisabete P.G.A. Jacintho ; Renato Sim\u00f5es ;&nbsp;<strong><a href=\"http:\/\/lattes.cnpq.br\/3986122703645318\" target=\"_blank\" rel=\"noreferrer noopener\">LINTZ, R. C. C.<\/a><\/strong>&nbsp;;&nbsp;<a href=\"http:\/\/lattes.cnpq.br\/8929629898766359\" target=\"_blank\" rel=\"noreferrer noopener\">BARBOSA, LUISA A. G.<\/a>&nbsp;;&nbsp;<a href=\"http:\/\/lattes.cnpq.br\/2449625191630738\" target=\"_blank\" rel=\"noreferrer noopener\">Jo\u00e3o A. V. Requena<\/a>&nbsp;. Confinamento em colunas mistas curtas de a\u00e7o e concreto: avalia\u00e7\u00e3o experimental da influ\u00eancia do di\u00e2metro e espessura do tubo. REVISTA CONCRETO &amp; CONSTRU\u00c7\u00d5ES.. Concreto &amp; Contru\u00e7\u00e3o, v. 54, p. 89-100, 2009.<\/p>\n\n\n\n<p>&nbsp;<strong><a href=\"http:\/\/lattes.cnpq.br\/3986122703645318\" target=\"_blank\" rel=\"noreferrer noopener\">LINTZ, R. C. C.<\/a><\/strong>; Seydell, Maria . EVALUATION OF TIRE RUBBER DISPOSAL IN CONCRETE FOR PAVEMENTS. Journal of urban and environmental engineering (UFPB), v. 3, p. 52-57, 2009.<\/p>\n","protected":false},"excerpt":{"rendered":"<p>Apostilas:&nbsp;&#8211; Aspectos Tecnol\u00f3gicos de Materiais de Constru\u00e7\u00e3o: Propriedades dos Materiais, 2019 &#8211; Autores: Rog\u00e9rio Durante, Luisa Andr\u00e9ia Gachet, Rosa C. C. Lintz&nbsp;&#8211; Aspectos Tecnol\u00f3gicos de Materiais de Constru\u00e7\u00e3o: Aglomerantes, 2019 &#8211; Autores: Rog\u00e9rio Durante, Luisa Andr\u00e9ia Gachet, Rosa C. C. Lintz&nbsp;&#8211; Aspectos Tecnol\u00f3gicos de Materiais de Constru\u00e7\u00e3o: Agregados, 2019 &#8211; Autores: Rog\u00e9rio Durante, Luisa Andr\u00e9ia &hellip; <\/p>\n<p class=\"link-more\"><a href=\"https:\/\/wordpress.ft.unicamp.br\/rosacclintz\/publicacoes\/\" class=\"more-link\">Continue lendo<span class=\"screen-reader-text\"> &#8220;Publica\u00e7\u00f5es&#8221;<\/span><\/a><\/p>\n","protected":false},"author":2,"featured_media":0,"parent":0,"menu_order":0,"comment_status":"closed","ping_status":"closed","template":"","meta":{"footnotes":""},"class_list":["post-13","page","type-page","status-publish","hentry"],"yoast_head":"<!-- This site is optimized with the Yoast SEO plugin v27.5 - https:\/\/yoast.com\/product\/yoast-seo-wordpress\/ -->\n<title>Publica\u00e7\u00f5es - Profa. Rosa Cristina Cecche Lintz<\/title>\n<meta name=\"robots\" content=\"index, follow, max-snippet:-1, max-image-preview:large, max-video-preview:-1\" \/>\n<link rel=\"canonical\" href=\"https:\/\/wordpress.ft.unicamp.br\/rosacclintz\/publicacoes\/\" \/>\n<meta property=\"og:locale\" content=\"pt_BR\" \/>\n<meta property=\"og:type\" content=\"article\" \/>\n<meta property=\"og:title\" content=\"Publica\u00e7\u00f5es - Profa. Rosa Cristina Cecche Lintz\" \/>\n<meta property=\"og:description\" content=\"Apostilas:&nbsp;&#8211; Aspectos Tecnol\u00f3gicos de Materiais de Constru\u00e7\u00e3o: Propriedades dos Materiais, 2019 &#8211; Autores: Rog\u00e9rio Durante, Luisa Andr\u00e9ia Gachet, Rosa C. C. Lintz&nbsp;&#8211; Aspectos Tecnol\u00f3gicos de Materiais de Constru\u00e7\u00e3o: Aglomerantes, 2019 &#8211; Autores: Rog\u00e9rio Durante, Luisa Andr\u00e9ia Gachet, Rosa C. C. Lintz&nbsp;&#8211; Aspectos Tecnol\u00f3gicos de Materiais de Constru\u00e7\u00e3o: Agregados, 2019 &#8211; Autores: Rog\u00e9rio Durante, Luisa Andr\u00e9ia &hellip; Continue lendo &quot;Publica\u00e7\u00f5es&quot;\" \/>\n<meta property=\"og:url\" content=\"https:\/\/wordpress.ft.unicamp.br\/rosacclintz\/publicacoes\/\" \/>\n<meta property=\"og:site_name\" content=\"Profa. Rosa Cristina Cecche Lintz\" \/>\n<meta name=\"twitter:card\" content=\"summary_large_image\" \/>\n<meta name=\"twitter:label1\" content=\"Est. tempo de leitura\" \/>\n\t<meta name=\"twitter:data1\" content=\"6 minutos\" \/>\n<script type=\"application\/ld+json\" class=\"yoast-schema-graph\">{\"@context\":\"https:\\\/\\\/schema.org\",\"@graph\":[{\"@type\":\"WebPage\",\"@id\":\"https:\\\/\\\/wordpress.ft.unicamp.br\\\/rosacclintz\\\/publicacoes\\\/\",\"url\":\"https:\\\/\\\/wordpress.ft.unicamp.br\\\/rosacclintz\\\/publicacoes\\\/\",\"name\":\"Publica\u00e7\u00f5es - Profa. Rosa Cristina Cecche Lintz\",\"isPartOf\":{\"@id\":\"https:\\\/\\\/wordpress.ft.unicamp.br\\\/rosacclintz\\\/#website\"},\"datePublished\":\"2020-09-11T20:35:55+00:00\",\"breadcrumb\":{\"@id\":\"https:\\\/\\\/wordpress.ft.unicamp.br\\\/rosacclintz\\\/publicacoes\\\/#breadcrumb\"},\"inLanguage\":\"pt-BR\",\"potentialAction\":[{\"@type\":\"ReadAction\",\"target\":[\"https:\\\/\\\/wordpress.ft.unicamp.br\\\/rosacclintz\\\/publicacoes\\\/\"]}]},{\"@type\":\"BreadcrumbList\",\"@id\":\"https:\\\/\\\/wordpress.ft.unicamp.br\\\/rosacclintz\\\/publicacoes\\\/#breadcrumb\",\"itemListElement\":[{\"@type\":\"ListItem\",\"position\":1,\"name\":\"Home\",\"item\":\"https:\\\/\\\/wordpress.ft.unicamp.br\\\/rosacclintz\\\/\"},{\"@type\":\"ListItem\",\"position\":2,\"name\":\"Publica\u00e7\u00f5es\"}]},{\"@type\":\"WebSite\",\"@id\":\"https:\\\/\\\/wordpress.ft.unicamp.br\\\/rosacclintz\\\/#website\",\"url\":\"https:\\\/\\\/wordpress.ft.unicamp.br\\\/rosacclintz\\\/\",\"name\":\"Profa. Rosa Cristina Cecche Lintz\",\"description\":\"\",\"potentialAction\":[{\"@type\":\"SearchAction\",\"target\":{\"@type\":\"EntryPoint\",\"urlTemplate\":\"https:\\\/\\\/wordpress.ft.unicamp.br\\\/rosacclintz\\\/?s={search_term_string}\"},\"query-input\":{\"@type\":\"PropertyValueSpecification\",\"valueRequired\":true,\"valueName\":\"search_term_string\"}}],\"inLanguage\":\"pt-BR\"}]}<\/script>\n<!-- \/ Yoast SEO plugin. -->","yoast_head_json":{"title":"Publica\u00e7\u00f5es - Profa. Rosa Cristina Cecche Lintz","robots":{"index":"index","follow":"follow","max-snippet":"max-snippet:-1","max-image-preview":"max-image-preview:large","max-video-preview":"max-video-preview:-1"},"canonical":"https:\/\/wordpress.ft.unicamp.br\/rosacclintz\/publicacoes\/","og_locale":"pt_BR","og_type":"article","og_title":"Publica\u00e7\u00f5es - Profa. Rosa Cristina Cecche Lintz","og_description":"Apostilas:&nbsp;&#8211; Aspectos Tecnol\u00f3gicos de Materiais de Constru\u00e7\u00e3o: Propriedades dos Materiais, 2019 &#8211; Autores: Rog\u00e9rio Durante, Luisa Andr\u00e9ia Gachet, Rosa C. C. Lintz&nbsp;&#8211; Aspectos Tecnol\u00f3gicos de Materiais de Constru\u00e7\u00e3o: Aglomerantes, 2019 &#8211; Autores: Rog\u00e9rio Durante, Luisa Andr\u00e9ia Gachet, Rosa C. C. Lintz&nbsp;&#8211; Aspectos Tecnol\u00f3gicos de Materiais de Constru\u00e7\u00e3o: Agregados, 2019 &#8211; Autores: Rog\u00e9rio Durante, Luisa Andr\u00e9ia &hellip; Continue lendo \"Publica\u00e7\u00f5es\"","og_url":"https:\/\/wordpress.ft.unicamp.br\/rosacclintz\/publicacoes\/","og_site_name":"Profa. Rosa Cristina Cecche Lintz","twitter_card":"summary_large_image","twitter_misc":{"Est. tempo de leitura":"6 minutos"},"schema":{"@context":"https:\/\/schema.org","@graph":[{"@type":"WebPage","@id":"https:\/\/wordpress.ft.unicamp.br\/rosacclintz\/publicacoes\/","url":"https:\/\/wordpress.ft.unicamp.br\/rosacclintz\/publicacoes\/","name":"Publica\u00e7\u00f5es - Profa. Rosa Cristina Cecche Lintz","isPartOf":{"@id":"https:\/\/wordpress.ft.unicamp.br\/rosacclintz\/#website"},"datePublished":"2020-09-11T20:35:55+00:00","breadcrumb":{"@id":"https:\/\/wordpress.ft.unicamp.br\/rosacclintz\/publicacoes\/#breadcrumb"},"inLanguage":"pt-BR","potentialAction":[{"@type":"ReadAction","target":["https:\/\/wordpress.ft.unicamp.br\/rosacclintz\/publicacoes\/"]}]},{"@type":"BreadcrumbList","@id":"https:\/\/wordpress.ft.unicamp.br\/rosacclintz\/publicacoes\/#breadcrumb","itemListElement":[{"@type":"ListItem","position":1,"name":"Home","item":"https:\/\/wordpress.ft.unicamp.br\/rosacclintz\/"},{"@type":"ListItem","position":2,"name":"Publica\u00e7\u00f5es"}]},{"@type":"WebSite","@id":"https:\/\/wordpress.ft.unicamp.br\/rosacclintz\/#website","url":"https:\/\/wordpress.ft.unicamp.br\/rosacclintz\/","name":"Profa. Rosa Cristina Cecche Lintz","description":"","potentialAction":[{"@type":"SearchAction","target":{"@type":"EntryPoint","urlTemplate":"https:\/\/wordpress.ft.unicamp.br\/rosacclintz\/?s={search_term_string}"},"query-input":{"@type":"PropertyValueSpecification","valueRequired":true,"valueName":"search_term_string"}}],"inLanguage":"pt-BR"}]}},"_links":{"self":[{"href":"https:\/\/wordpress.ft.unicamp.br\/rosacclintz\/wp-json\/wp\/v2\/pages\/13","targetHints":{"allow":["GET"]}}],"collection":[{"href":"https:\/\/wordpress.ft.unicamp.br\/rosacclintz\/wp-json\/wp\/v2\/pages"}],"about":[{"href":"https:\/\/wordpress.ft.unicamp.br\/rosacclintz\/wp-json\/wp\/v2\/types\/page"}],"author":[{"embeddable":true,"href":"https:\/\/wordpress.ft.unicamp.br\/rosacclintz\/wp-json\/wp\/v2\/users\/2"}],"replies":[{"embeddable":true,"href":"https:\/\/wordpress.ft.unicamp.br\/rosacclintz\/wp-json\/wp\/v2\/comments?post=13"}],"version-history":[{"count":1,"href":"https:\/\/wordpress.ft.unicamp.br\/rosacclintz\/wp-json\/wp\/v2\/pages\/13\/revisions"}],"predecessor-version":[{"id":14,"href":"https:\/\/wordpress.ft.unicamp.br\/rosacclintz\/wp-json\/wp\/v2\/pages\/13\/revisions\/14"}],"wp:attachment":[{"href":"https:\/\/wordpress.ft.unicamp.br\/rosacclintz\/wp-json\/wp\/v2\/media?parent=13"}],"curies":[{"name":"wp","href":"https:\/\/api.w.org\/{rel}","templated":true}]}}