{"id":20,"date":"2020-09-11T20:45:06","date_gmt":"2020-09-11T20:45:06","guid":{"rendered":"http:\/\/wordpress.ft.unicamp.br\/rosacclintz\/?page_id=20"},"modified":"2020-09-11T20:45:06","modified_gmt":"2020-09-11T20:45:06","slug":"formacao","status":"publish","type":"page","link":"https:\/\/wordpress.ft.unicamp.br\/rosacclintz\/","title":{"rendered":"Forma\u00e7\u00e3o"},"content":{"rendered":"\n<p><\/p>\n\n\n\n<p>Livre-doc\u00eancia<br>Universidade Estadual de Campinas, UNICAMP, Brasil. Defesa: 2018.<br><br>Doutorado em Engenharia Mec\u00e2nica<br>Universidade Estadual de Campinas,  UNICAMP,  Brasil. Defesa: 2003.<br><br>Mestrado em CIENCIA E ENGENHARIA DE MATERIAIS.<br>Universidade de S\u00e3o Paulo, USP, Brasil. Defesa: 1997.<br><br>Gradua\u00e7\u00e3o em ENGENHARIA CIVIL.<br>Pontif\u00edcia Universidade Cat\u00f3lica de Campinas, PUC Campinas, Brasil. 1994.<\/p>\n","protected":false},"excerpt":{"rendered":"<p>Livre-doc\u00eanciaUniversidade Estadual de Campinas, UNICAMP, Brasil. Defesa: 2018. Doutorado em Engenharia Mec\u00e2nicaUniversidade Estadual de Campinas, UNICAMP, Brasil. Defesa: 2003. Mestrado em CIENCIA E ENGENHARIA DE MATERIAIS.Universidade de S\u00e3o Paulo, USP, Brasil. Defesa: 1997. Gradua\u00e7\u00e3o em ENGENHARIA CIVIL.Pontif\u00edcia Universidade Cat\u00f3lica de Campinas, PUC Campinas, Brasil. 1994.<\/p>\n","protected":false},"author":2,"featured_media":0,"parent":0,"menu_order":0,"comment_status":"closed","ping_status":"closed","template":"","meta":{"footnotes":""},"class_list":["post-20","page","type-page","status-publish","hentry"],"yoast_head":"<!-- This site is optimized with the Yoast SEO plugin v27.5 - https:\/\/yoast.com\/product\/yoast-seo-wordpress\/ -->\n<title>Forma\u00e7\u00e3o - Profa. Rosa Cristina Cecche Lintz<\/title>\n<meta name=\"robots\" content=\"index, follow, max-snippet:-1, max-image-preview:large, max-video-preview:-1\" \/>\n<link rel=\"canonical\" href=\"https:\/\/wordpress.ft.unicamp.br\/rosacclintz\/\" \/>\n<meta property=\"og:locale\" content=\"pt_BR\" \/>\n<meta property=\"og:type\" content=\"article\" \/>\n<meta property=\"og:title\" content=\"Forma\u00e7\u00e3o - Profa. Rosa Cristina Cecche Lintz\" \/>\n<meta property=\"og:description\" content=\"Livre-doc\u00eanciaUniversidade Estadual de Campinas, UNICAMP, Brasil. Defesa: 2018. Doutorado em Engenharia Mec\u00e2nicaUniversidade Estadual de Campinas, UNICAMP, Brasil. Defesa: 2003. Mestrado em CIENCIA E ENGENHARIA DE MATERIAIS.Universidade de S\u00e3o Paulo, USP, Brasil. Defesa: 1997. Gradua\u00e7\u00e3o em ENGENHARIA CIVIL.Pontif\u00edcia Universidade Cat\u00f3lica de Campinas, PUC Campinas, Brasil. 1994.\" \/>\n<meta property=\"og:url\" content=\"https:\/\/wordpress.ft.unicamp.br\/rosacclintz\/\" \/>\n<meta property=\"og:site_name\" content=\"Profa. Rosa Cristina Cecche Lintz\" \/>\n<meta name=\"twitter:card\" content=\"summary_large_image\" \/>\n<script type=\"application\/ld+json\" class=\"yoast-schema-graph\">{\"@context\":\"https:\\\/\\\/schema.org\",\"@graph\":[{\"@type\":\"WebPage\",\"@id\":\"https:\\\/\\\/wordpress.ft.unicamp.br\\\/rosacclintz\\\/\",\"url\":\"https:\\\/\\\/wordpress.ft.unicamp.br\\\/rosacclintz\\\/\",\"name\":\"Forma\u00e7\u00e3o - Profa. Rosa Cristina Cecche Lintz\",\"isPartOf\":{\"@id\":\"https:\\\/\\\/wordpress.ft.unicamp.br\\\/rosacclintz\\\/#website\"},\"datePublished\":\"2020-09-11T20:45:06+00:00\",\"breadcrumb\":{\"@id\":\"https:\\\/\\\/wordpress.ft.unicamp.br\\\/rosacclintz\\\/#breadcrumb\"},\"inLanguage\":\"pt-BR\",\"potentialAction\":[{\"@type\":\"ReadAction\",\"target\":[\"https:\\\/\\\/wordpress.ft.unicamp.br\\\/rosacclintz\\\/\"]}]},{\"@type\":\"BreadcrumbList\",\"@id\":\"https:\\\/\\\/wordpress.ft.unicamp.br\\\/rosacclintz\\\/#breadcrumb\",\"itemListElement\":[{\"@type\":\"ListItem\",\"position\":1,\"name\":\"Home\",\"item\":\"https:\\\/\\\/wordpress.ft.unicamp.br\\\/rosacclintz\\\/\"},{\"@type\":\"ListItem\",\"position\":2,\"name\":\"Forma\u00e7\u00e3o\"}]},{\"@type\":\"WebSite\",\"@id\":\"https:\\\/\\\/wordpress.ft.unicamp.br\\\/rosacclintz\\\/#website\",\"url\":\"https:\\\/\\\/wordpress.ft.unicamp.br\\\/rosacclintz\\\/\",\"name\":\"Profa. Rosa Cristina Cecche Lintz\",\"description\":\"\",\"potentialAction\":[{\"@type\":\"SearchAction\",\"target\":{\"@type\":\"EntryPoint\",\"urlTemplate\":\"https:\\\/\\\/wordpress.ft.unicamp.br\\\/rosacclintz\\\/?s={search_term_string}\"},\"query-input\":{\"@type\":\"PropertyValueSpecification\",\"valueRequired\":true,\"valueName\":\"search_term_string\"}}],\"inLanguage\":\"pt-BR\"}]}<\/script>\n<!-- \/ Yoast SEO plugin. -->","yoast_head_json":{"title":"Forma\u00e7\u00e3o - Profa. Rosa Cristina Cecche Lintz","robots":{"index":"index","follow":"follow","max-snippet":"max-snippet:-1","max-image-preview":"max-image-preview:large","max-video-preview":"max-video-preview:-1"},"canonical":"https:\/\/wordpress.ft.unicamp.br\/rosacclintz\/","og_locale":"pt_BR","og_type":"article","og_title":"Forma\u00e7\u00e3o - Profa. Rosa Cristina Cecche Lintz","og_description":"Livre-doc\u00eanciaUniversidade Estadual de Campinas, UNICAMP, Brasil. Defesa: 2018. Doutorado em Engenharia Mec\u00e2nicaUniversidade Estadual de Campinas, UNICAMP, Brasil. Defesa: 2003. Mestrado em CIENCIA E ENGENHARIA DE MATERIAIS.Universidade de S\u00e3o Paulo, USP, Brasil. Defesa: 1997. Gradua\u00e7\u00e3o em ENGENHARIA CIVIL.Pontif\u00edcia Universidade Cat\u00f3lica de Campinas, PUC Campinas, Brasil. 1994.","og_url":"https:\/\/wordpress.ft.unicamp.br\/rosacclintz\/","og_site_name":"Profa. Rosa Cristina Cecche Lintz","twitter_card":"summary_large_image","schema":{"@context":"https:\/\/schema.org","@graph":[{"@type":"WebPage","@id":"https:\/\/wordpress.ft.unicamp.br\/rosacclintz\/","url":"https:\/\/wordpress.ft.unicamp.br\/rosacclintz\/","name":"Forma\u00e7\u00e3o - Profa. Rosa Cristina Cecche Lintz","isPartOf":{"@id":"https:\/\/wordpress.ft.unicamp.br\/rosacclintz\/#website"},"datePublished":"2020-09-11T20:45:06+00:00","breadcrumb":{"@id":"https:\/\/wordpress.ft.unicamp.br\/rosacclintz\/#breadcrumb"},"inLanguage":"pt-BR","potentialAction":[{"@type":"ReadAction","target":["https:\/\/wordpress.ft.unicamp.br\/rosacclintz\/"]}]},{"@type":"BreadcrumbList","@id":"https:\/\/wordpress.ft.unicamp.br\/rosacclintz\/#breadcrumb","itemListElement":[{"@type":"ListItem","position":1,"name":"Home","item":"https:\/\/wordpress.ft.unicamp.br\/rosacclintz\/"},{"@type":"ListItem","position":2,"name":"Forma\u00e7\u00e3o"}]},{"@type":"WebSite","@id":"https:\/\/wordpress.ft.unicamp.br\/rosacclintz\/#website","url":"https:\/\/wordpress.ft.unicamp.br\/rosacclintz\/","name":"Profa. Rosa Cristina Cecche Lintz","description":"","potentialAction":[{"@type":"SearchAction","target":{"@type":"EntryPoint","urlTemplate":"https:\/\/wordpress.ft.unicamp.br\/rosacclintz\/?s={search_term_string}"},"query-input":{"@type":"PropertyValueSpecification","valueRequired":true,"valueName":"search_term_string"}}],"inLanguage":"pt-BR"}]}},"_links":{"self":[{"href":"https:\/\/wordpress.ft.unicamp.br\/rosacclintz\/wp-json\/wp\/v2\/pages\/20","targetHints":{"allow":["GET"]}}],"collection":[{"href":"https:\/\/wordpress.ft.unicamp.br\/rosacclintz\/wp-json\/wp\/v2\/pages"}],"about":[{"href":"https:\/\/wordpress.ft.unicamp.br\/rosacclintz\/wp-json\/wp\/v2\/types\/page"}],"author":[{"embeddable":true,"href":"https:\/\/wordpress.ft.unicamp.br\/rosacclintz\/wp-json\/wp\/v2\/users\/2"}],"replies":[{"embeddable":true,"href":"https:\/\/wordpress.ft.unicamp.br\/rosacclintz\/wp-json\/wp\/v2\/comments?post=20"}],"version-history":[{"count":1,"href":"https:\/\/wordpress.ft.unicamp.br\/rosacclintz\/wp-json\/wp\/v2\/pages\/20\/revisions"}],"predecessor-version":[{"id":21,"href":"https:\/\/wordpress.ft.unicamp.br\/rosacclintz\/wp-json\/wp\/v2\/pages\/20\/revisions\/21"}],"wp:attachment":[{"href":"https:\/\/wordpress.ft.unicamp.br\/rosacclintz\/wp-json\/wp\/v2\/media?parent=20"}],"curies":[{"name":"wp","href":"https:\/\/api.w.org\/{rel}","templated":true}]}}