{"id":12,"date":"2018-03-21T12:32:42","date_gmt":"2018-03-21T12:32:42","guid":{"rendered":"http:\/\/wordpress.ft.unicamp.br\/sbpoa\/?page_id=12"},"modified":"2025-10-29T17:49:57","modified_gmt":"2025-10-29T17:49:57","slug":"organizing-committee","status":"publish","type":"page","link":"https:\/\/wordpress.ft.unicamp.br\/sbpoa\/organizing-committee\/","title":{"rendered":"Comiss\u00e3o Organizadora"},"content":{"rendered":"\t\t<div data-elementor-type=\"wp-page\" data-elementor-id=\"12\" class=\"elementor elementor-12\">\n\t\t\t\t\t\t<section class=\"elementor-section elementor-top-section elementor-element elementor-element-4c9c2ac1 elementor-section-boxed elementor-section-height-default elementor-section-height-default\" data-id=\"4c9c2ac1\" data-element_type=\"section\" data-e-type=\"section\">\n\t\t\t\t\t\t<div class=\"elementor-container elementor-column-gap-default\">\n\t\t\t\t\t<div class=\"elementor-column elementor-col-100 elementor-top-column elementor-element elementor-element-3b165d4e\" data-id=\"3b165d4e\" data-element_type=\"column\" data-e-type=\"column\">\n\t\t\t<div class=\"elementor-widget-wrap elementor-element-populated\">\n\t\t\t\t\t\t<div class=\"elementor-element elementor-element-5c772d88 elementor-widget elementor-widget-text-editor\" data-id=\"5c772d88\" data-element_type=\"widget\" data-e-type=\"widget\" data-widget_type=\"text-editor.default\">\n\t\t\t\t<div class=\"elementor-widget-container\">\n\t\t\t\t\t\t\t\t\t<table border=\"1\" width=\"100%\" cellspacing=\"0\" cellpadding=\"7\">\n<tbody>\n<tr valign=\"top\">\n<td style=\"vertical-align: middle; color: #000000; border: solid #000000 1pt;\" width=\"350\">\n<p align=\"center\"><strong>Nome<\/strong><\/p>\n<\/td>\n<td style=\"vertical-align: middle; color: #000000; border: solid #000000 1pt;\">\n<p align=\"center\"><strong>Fun\u00e7\u00e3o<\/strong><\/p>\n<\/td>\n<\/tr>\n<tr valign=\"top\">\n<td style=\"vertical-align: middle; color: #000000; border: solid #000000 1pt;\">\n<p align=\"center\">Renato Falc\u00e3o Dantas\nUNICAMP<\/p>\n<\/td>\n<td style=\"vertical-align: middle; color: #000000; border: solid #000000 1pt;\">\n<p align=\"center\">Coordenador do 1.\u00ba SBPOA e Presidente da Comiss\u00e3o Organizadora<\/p>\n<\/td>\n<\/tr>\n<tr>\n<td style=\"vertical-align: middle; color: #000000; border: solid #000000 1pt;\">\n<p align=\"center\">Carla Sirtori\nUFSM<\/p>\n<\/td>\n<td style=\"vertical-align: middle; color: #000000; border: solid #000000 1pt;\">\n<p align=\"center\">Vice\u2013Coordenadora do 1.\u00ba SBPOA<\/p>\n<\/td>\n<\/tr>\n<tr>\n<td style=\"vertical-align: middle; color: #000000; border: solid #000000 1pt;\">\n<p align=\"center\">Alam Gustavo Trov\u00f3\nUFU<\/p>\n<\/td>\n<td style=\"vertical-align: middle; color: #000000; border: solid #000000 1pt;\">\n<p align=\"center\">Membro da Comiss\u00e3o Organizadora<\/p>\n<\/td>\n<\/tr>\n<tr>\n<td style=\"vertical-align: middle; color: #000000; border: solid #000000 1pt;\">\n<p align=\"center\">Amilcar Machulek Junior\nUFRN<\/p>\n<\/td>\n<td style=\"vertical-align: middle; color: #000000; border: solid #000000 1pt;\">\n<p align=\"center\">Membro da Comiss\u00e3o Organizadora<\/p>\n<\/td>\n<\/tr>\n<tr>\n<td style=\"vertical-align: middle; color: #000000; border: solid #000000 1pt;\">\n<p align=\"center\">Antonio Carlos Silva Costa Teixeira\nUSP<\/p>\n<\/td>\n<td style=\"vertical-align: middle; color: #000000; border: solid #000000 1pt;\">\n<p align=\"center\">Membro da Comiss\u00e3o Organizadora<\/p>\n<\/td>\n<\/tr>\n<tr>\n<td style=\"vertical-align: middle; color: #000000; border: solid #000000 1pt;\">\n<p align=\"center\">Camila Costa de Amorim Amaral\nUFMG<\/p>\n<\/td>\n<td style=\"vertical-align: middle; color: #000000; border: solid #000000 1pt;\">\n<p align=\"center\">Membro da Comiss\u00e3o Organizadora<\/p>\n<\/td>\n<\/tr>\n<tr>\n<td style=\"vertical-align: middle; color: #000000; border: solid #000000 1pt;\">\n<p align=\"center\">C\u00edntia Soares\nUFSC<\/p>\n<\/td>\n<td style=\"vertical-align: middle; color: #000000; border: solid #000000 1pt;\">\n<p align=\"center\">Membro da Comiss\u00e3o Organizadora<\/p>\n<\/td>\n<\/tr>\n<tr>\n<td style=\"vertical-align: middle; color: #000000; border: solid #000000 1pt;\">\n<p align=\"center\">Enrico Mendes Saggioro\nFiocruz<\/p>\n<\/td>\n<td style=\"vertical-align: middle; color: #000000; border: solid #000000 1pt;\">\n<p align=\"center\">Membro da Comiss\u00e3o Organizadora<\/p>\n<\/td>\n<\/tr>\n<tr>\n<td style=\"vertical-align: middle; color: #000000; border: solid #000000 1pt;\">\n<p align=\"center\">Jose Geraldo de Andrade Pacheco Filho\nUFPE<\/p>\n<\/td>\n<td style=\"vertical-align: middle; color: #000000; border: solid #000000 1pt;\">\n<p align=\"center\">Membro da Comiss\u00e3o Organizadora<\/p>\n<\/td>\n<\/tr>\n<tr>\n<td style=\"vertical-align: middle; color: #000000; border: solid #000000 1pt;\">\n<p align=\"center\">Maria Clara Vieira Martins Starling\nUFMG<\/p>\n<\/td>\n<td style=\"vertical-align: middle; color: #000000; border: solid #000000 1pt;\">\n<p align=\"center\">Membro da Comiss\u00e3o Organizadora<\/p>\n<\/td>\n<\/tr>\n<tr>\n<td style=\"vertical-align: middle; color: #000000; border: solid #000000 1pt;\">\n<p align=\"center\">Regina de F\u00e1tima Peralta Muniz Moreira\nUFSC<\/p>\n<\/td>\n<td style=\"vertical-align: middle; color: #000000; border: solid #000000 1pt;\">\n<p align=\"center\">Membro da Comiss\u00e3o Organizadora<\/p>\n<\/td>\n<\/tr>\n<\/tbody>\n<\/table>\n<h4><b>Comiss\u00e3o Organizadora Local<\/b><\/h4>\n<table width=\"100%\" cellspacing=\"0\" cellpadding=\"7\">\n<tbody>\n<tr valign=\"top\">\n<td style=\"vertical-align: middle; color: #000000; border: solid #000000 1pt;\" width=\"350\">\n<p align=\"center\"><strong>Nome<\/strong><\/p>\n<\/td>\n<td style=\"vertical-align: middle; color: #000000; border: solid #000000 1pt;\">\n<p align=\"center\"><strong>Fun\u00e7\u00e3o<\/strong><\/p>\n<\/td>\n<\/tr>\n<tr valign=\"top\">\n<td style=\"vertical-align: middle; color: #000000; border: solid #000000 1pt;\">\n<p align=\"center\">Renato Falc\u00e3o Dantas\nUNICAMP<\/p>\n<\/td>\n<td style=\"vertical-align: middle; color: #000000; border: solid #000000 1pt;\">\n<p align=\"center\">Coordenador do 1.\u00ba SBPOA e Presidente da Comiss\u00e3o Organizadora<\/p>\n<\/td>\n<\/tr>\n<tr>\n<td style=\"vertical-align: middle; color: #000000; border: solid #000000 1pt;\">\n<p align=\"center\">Enelton Fagnani\nUNICAMP<\/p>\n<\/td>\n<td style=\"vertical-align: middle; color: #000000; border: solid #000000 1pt;\">\n<p align=\"center\">Patroc\u00ednio<\/p>\n<\/td>\n<\/tr>\n<tr>\n<td style=\"vertical-align: middle; color: #000000; border: solid #000000 1pt;\">\n<p align=\"center\">Joyce Cristale\nUNICAMP<\/p>\n<\/td>\n<td style=\"vertical-align: middle; color: #000000; border: solid #000000 1pt;\">\n<p align=\"center\">Hotelaria e transportes<\/p>\n<\/td>\n<\/tr>\n<tr>\n<td style=\"vertical-align: middle; color: #000000; border: solid #000000 1pt;\">\n<p align=\"center\">Rodrigo Pereira Cavalcanti\nUNICAMP<\/p>\n<\/td>\n<td style=\"vertical-align: middle; color: #000000; border: solid #000000 1pt;\">\n<p align=\"center\">Divulga\u00e7\u00e3o<\/p>\n<\/td>\n<\/tr>\n<tr>\n<td style=\"vertical-align: middle; color: #000000; border: solid #000000 1pt;\">\n<p align=\"center\">Thiago Pinheiro Rosa\nUNICAMP<\/p>\n<\/td>\n<td style=\"vertical-align: middle; color: #000000; border: solid #000000 1pt;\">\n<p align=\"center\">Financeiro<\/p>\n<\/td>\n<\/tr>\n<tr>\n<td style=\"vertical-align: middle; color: #000000; border: solid #000000 1pt;\">\n<p align=\"center\">Danielle Emanuelle Ap. Ribeiro\nUNICAMP<\/p>\n<\/td>\n<td style=\"vertical-align: middle; color: #000000; border: solid #000000 1pt;\">\n<p align=\"center\">Programa\u00e7\u00e3o Social<\/p>\n<\/td>\n<\/tr>\n<tr>\n<td style=\"vertical-align: middle; color: #000000; border: solid #000000 1pt;\">\n<p align=\"center\">Ricardo Henrique C\u00e2ndido\nUNICAMP<\/p>\n<\/td>\n<td style=\"vertical-align: middle; color: #000000; border: solid #000000 1pt;\">\n<p align=\"center\">P\u00e1gina web<\/p>\n<\/td>\n<\/tr>\n<\/tbody>\n<\/table>\n<h4><b>Comit\u00ea Cient\u00edfico<\/b><\/h4>\n<table width=\"100%\" cellspacing=\"0\" cellpadding=\"7\">\n<tbody>\n<tr valign=\"top\">\n<td style=\"vertical-align: middle; color: #000000; border: solid #000000 1pt;\" width=\"350\">\n<p align=\"center\"><strong>Nome<\/strong><\/p>\n<\/td>\n<td style=\"vertical-align: middle; color: #000000; border: solid #000000 1pt;\">\n<p align=\"center\"><strong>Fun\u00e7\u00e3o<\/strong><\/p>\n<\/td>\n<\/tr>\n<tr>\n<td style=\"vertical-align: middle; color: #000000; border: solid #000000 1pt;\">\n<p align=\"center\">Carla Sirtori\nUFSM<\/p>\n<\/td>\n<td style=\"vertical-align: middle; color: #000000; border: solid #000000 1pt;\">\n<p align=\"center\">Presidente do Comit\u00ea Cient\u00edfico<\/p>\n<\/td>\n<\/tr>\n<tr>\n<td style=\"vertical-align: middle; color: #000000; border: solid #000000 1pt;\">\n<p align=\"center\">Darliana Mello Souza\nUFSM<\/p>\n<\/td>\n<td style=\"vertical-align: middle; color: #000000; border: solid #000000 1pt;\">\n<p align=\"center\">Vice-presidente do Comit\u00ea Cient\u00edfico<\/p>\n<\/td>\n<\/tr>\n<tr>\n<td style=\"vertical-align: middle; color: #000000; border: solid #000000 1pt;\">\n<p align=\"center\">Alam Gustavo Trovo (UFU)<\/p>\n<\/td>\n<td style=\"vertical-align: middle; color: #000000; border: solid #000000 1pt;\">\n<p align=\"center\">Membro do Comit\u00ea Cient\u00edfico<\/p>\n<\/td>\n<\/tr>\n<tr>\n<td style=\"vertical-align: middle; color: #000000; border: solid #000000 1pt;\">\n<p align=\"center\">Camila Amorim (UFMG)<\/p>\n<\/td>\n<td style=\"vertical-align: middle; color: #000000; border: solid #000000 1pt;\">\n<p align=\"center\">Membro do Comit\u00ea Cient\u00edfico<\/p>\n<\/td>\n<\/tr>\n<tr>\n<td style=\"vertical-align: middle; color: #000000; border: solid #000000 1pt;\">\n<p align=\"center\">Cintia Soares (UFSC)<\/p>\n<\/td>\n<td style=\"vertical-align: middle; color: #000000; border: solid #000000 1pt;\">\n<p align=\"center\">Membro do Comit\u00ea Cient\u00edfico<\/p>\n<\/td>\n<\/tr>\n<tr>\n<td style=\"vertical-align: middle; color: #000000; border: solid #000000 1pt;\">\n<p align=\"center\">Elaine R. L. Tiburtius (UEPG)<\/p>\n<\/td>\n<td style=\"vertical-align: middle; color: #000000; border: solid #000000 1pt;\">\n<p align=\"center\">Membro do Comit\u00ea Cient\u00edfico<\/p>\n<\/td>\n<\/tr>\n<tr>\n<td style=\"vertical-align: middle; color: #000000; border: solid #000000 1pt;\">\n<p align=\"center\">Elisama Vieira dos Santos (UFRN)<\/p>\n<\/td>\n<td style=\"vertical-align: middle; color: #000000; border: solid #000000 1pt;\">\n<p align=\"center\">Membro do Comit\u00ea Cient\u00edfico<\/p>\n<\/td>\n<\/tr>\n<tr>\n<td style=\"vertical-align: middle; color: #000000; border: solid #000000 1pt;\">\n<p align=\"center\">Enrico Saggioro (FIOCRUZ)<\/p>\n<\/td>\n<td style=\"vertical-align: middle; color: #000000; border: solid #000000 1pt;\">\n<p align=\"center\">Membro do Comit\u00ea Cient\u00edfico<\/p>\n<\/td>\n<\/tr>\n<tr>\n<td style=\"vertical-align: middle; color: #000000; border: solid #000000 1pt;\">\n<p align=\"center\">Jos\u00e9 Geraldo de Andrade Pacheco Filho (UFPE)<\/p>\n<\/td>\n<td style=\"vertical-align: middle; color: #000000; border: solid #000000 1pt;\">\n<p align=\"center\">Membro do Comit\u00ea Cient\u00edfico<\/p>\n<\/td>\n<\/tr>\n<tr>\n<td style=\"vertical-align: middle; color: #000000; border: solid #000000 1pt;\">\n<p align=\"center\">Marcela Boroski (UNILA)<\/p>\n<\/td>\n<td style=\"vertical-align: middle; color: #000000; border: solid #000000 1pt;\">\n<p align=\"center\">Membro do Comit\u00ea Cient\u00edfico<\/p>\n<\/td>\n<\/tr>\n<tr>\n<td style=\"vertical-align: middle; color: #000000; border: solid #000000 1pt;\">\n<p align=\"center\">Maria Clara Vieira Martins Starling (UFMG)<\/p>\n<\/td>\n<td style=\"vertical-align: middle; color: #000000; border: solid #000000 1pt;\">\n<p align=\"center\">Membro do Comit\u00ea Cient\u00edfico<\/p>\n<\/td>\n<\/tr>\n<tr>\n<td style=\"vertical-align: middle; color: #000000; border: solid #000000 1pt;\">\n<p align=\"center\">Raquel W. Becker (UFSM)<\/p>\n<\/td>\n<td style=\"vertical-align: middle; color: #000000; border: solid #000000 1pt;\">\n<p align=\"center\">Membro do Comit\u00ea Cient\u00edfico<\/p>\n<\/td>\n<\/tr>\n<tr>\n<td style=\"vertical-align: middle; color: #000000; border: solid #000000 1pt;\">\n<p align=\"center\">Regina de Fatima Peralta Muniz Moreira (UFSC)<\/p>\n<\/td>\n<td style=\"vertical-align: middle; color: #000000; border: solid #000000 1pt;\">\n<p align=\"center\">Membro do Comit\u00ea Cient\u00edfico<\/p>\n<\/td>\n<\/tr>\n<\/tbody>\n<\/table>\t\t\t\t\t\t\t\t<\/div>\n\t\t\t\t<\/div>\n\t\t\t\t\t<\/div>\n\t\t<\/div>\n\t\t\t\t\t<\/div>\n\t\t<\/section>\n\t\t\t\t<\/div>\n\t\t","protected":false},"excerpt":{"rendered":"<p>Nome Fun\u00e7\u00e3o Renato Falc\u00e3o Dantas UNICAMP Coordenador do 1.\u00ba SBPOA e Presidente da Comiss\u00e3o Organizadora Carla Sirtori UFSM Vice\u2013Coordenadora do 1.\u00ba SBPOA Alam Gustavo Trov\u00f3 UFU Membro da Comiss\u00e3o Organizadora Amilcar Machulek Junior UFRN Membro da Comiss\u00e3o Organizadora Antonio Carlos&hellip; <\/p>\n","protected":false},"author":1,"featured_media":0,"parent":0,"menu_order":7,"comment_status":"closed","ping_status":"closed","template":"","meta":{"footnotes":""},"class_list":["post-12","page","type-page","status-publish","hentry"],"yoast_head":"<!-- This site is optimized with the Yoast SEO plugin v27.5 - https:\/\/yoast.com\/product\/yoast-seo-wordpress\/ -->\n<title>Comiss\u00e3o Organizadora - I Simp\u00f3sio Brasileiro de Processos Oxidativos Avan\u00e7ados<\/title>\n<meta name=\"robots\" content=\"index, follow, max-snippet:-1, max-image-preview:large, max-video-preview:-1\" \/>\n<link rel=\"canonical\" href=\"https:\/\/wordpress.ft.unicamp.br\/sbpoa\/organizing-committee\/\" \/>\n<meta property=\"og:locale\" content=\"en_US\" \/>\n<meta property=\"og:type\" content=\"article\" \/>\n<meta property=\"og:title\" content=\"Comiss\u00e3o Organizadora - I Simp\u00f3sio Brasileiro de Processos Oxidativos Avan\u00e7ados\" \/>\n<meta property=\"og:description\" content=\"Nome Fun\u00e7\u00e3o Renato Falc\u00e3o Dantas UNICAMP Coordenador do 1.\u00ba SBPOA e Presidente da Comiss\u00e3o Organizadora Carla Sirtori UFSM Vice\u2013Coordenadora do 1.\u00ba SBPOA Alam Gustavo Trov\u00f3 UFU Membro da Comiss\u00e3o Organizadora Amilcar Machulek Junior UFRN Membro da Comiss\u00e3o Organizadora Antonio Carlos&hellip;\" \/>\n<meta property=\"og:url\" content=\"https:\/\/wordpress.ft.unicamp.br\/sbpoa\/organizing-committee\/\" \/>\n<meta property=\"og:site_name\" content=\"I Simp\u00f3sio Brasileiro de Processos Oxidativos Avan\u00e7ados\" \/>\n<meta property=\"article:modified_time\" content=\"2025-10-29T17:49:57+00:00\" \/>\n<meta name=\"twitter:card\" content=\"summary_large_image\" \/>\n<meta name=\"twitter:label1\" content=\"Est. reading time\" \/>\n\t<meta name=\"twitter:data1\" content=\"2 minutes\" \/>\n<script type=\"application\/ld+json\" class=\"yoast-schema-graph\">{\"@context\":\"https:\\\/\\\/schema.org\",\"@graph\":[{\"@type\":\"WebPage\",\"@id\":\"https:\\\/\\\/wordpress.ft.unicamp.br\\\/sbpoa\\\/organizing-committee\\\/\",\"url\":\"https:\\\/\\\/wordpress.ft.unicamp.br\\\/sbpoa\\\/organizing-committee\\\/\",\"name\":\"Comiss\u00e3o Organizadora - I Simp\u00f3sio Brasileiro de Processos Oxidativos Avan\u00e7ados\",\"isPartOf\":{\"@id\":\"https:\\\/\\\/wordpress.ft.unicamp.br\\\/sbpoa\\\/#website\"},\"datePublished\":\"2018-03-21T12:32:42+00:00\",\"dateModified\":\"2025-10-29T17:49:57+00:00\",\"breadcrumb\":{\"@id\":\"https:\\\/\\\/wordpress.ft.unicamp.br\\\/sbpoa\\\/organizing-committee\\\/#breadcrumb\"},\"inLanguage\":\"en-US\",\"potentialAction\":[{\"@type\":\"ReadAction\",\"target\":[\"https:\\\/\\\/wordpress.ft.unicamp.br\\\/sbpoa\\\/organizing-committee\\\/\"]}]},{\"@type\":\"BreadcrumbList\",\"@id\":\"https:\\\/\\\/wordpress.ft.unicamp.br\\\/sbpoa\\\/organizing-committee\\\/#breadcrumb\",\"itemListElement\":[{\"@type\":\"ListItem\",\"position\":1,\"name\":\"Home\",\"item\":\"https:\\\/\\\/wordpress.ft.unicamp.br\\\/sbpoa\\\/\"},{\"@type\":\"ListItem\",\"position\":2,\"name\":\"Comiss\u00e3o Organizadora\"}]},{\"@type\":\"WebSite\",\"@id\":\"https:\\\/\\\/wordpress.ft.unicamp.br\\\/sbpoa\\\/#website\",\"url\":\"https:\\\/\\\/wordpress.ft.unicamp.br\\\/sbpoa\\\/\",\"name\":\"I Simp\u00f3sio Brasileiro de Processos Oxidativos Avan\u00e7ados\",\"description\":\"\",\"potentialAction\":[{\"@type\":\"SearchAction\",\"target\":{\"@type\":\"EntryPoint\",\"urlTemplate\":\"https:\\\/\\\/wordpress.ft.unicamp.br\\\/sbpoa\\\/?s={search_term_string}\"},\"query-input\":{\"@type\":\"PropertyValueSpecification\",\"valueRequired\":true,\"valueName\":\"search_term_string\"}}],\"inLanguage\":\"en-US\"}]}<\/script>\n<!-- \/ Yoast SEO plugin. -->","yoast_head_json":{"title":"Comiss\u00e3o Organizadora - I Simp\u00f3sio Brasileiro de Processos Oxidativos Avan\u00e7ados","robots":{"index":"index","follow":"follow","max-snippet":"max-snippet:-1","max-image-preview":"max-image-preview:large","max-video-preview":"max-video-preview:-1"},"canonical":"https:\/\/wordpress.ft.unicamp.br\/sbpoa\/organizing-committee\/","og_locale":"en_US","og_type":"article","og_title":"Comiss\u00e3o Organizadora - I Simp\u00f3sio Brasileiro de Processos Oxidativos Avan\u00e7ados","og_description":"Nome Fun\u00e7\u00e3o Renato Falc\u00e3o Dantas UNICAMP Coordenador do 1.\u00ba SBPOA e Presidente da Comiss\u00e3o Organizadora Carla Sirtori UFSM Vice\u2013Coordenadora do 1.\u00ba SBPOA Alam Gustavo Trov\u00f3 UFU Membro da Comiss\u00e3o Organizadora Amilcar Machulek Junior UFRN Membro da Comiss\u00e3o Organizadora Antonio Carlos&hellip;","og_url":"https:\/\/wordpress.ft.unicamp.br\/sbpoa\/organizing-committee\/","og_site_name":"I Simp\u00f3sio Brasileiro de Processos Oxidativos Avan\u00e7ados","article_modified_time":"2025-10-29T17:49:57+00:00","twitter_card":"summary_large_image","twitter_misc":{"Est. reading time":"2 minutes"},"schema":{"@context":"https:\/\/schema.org","@graph":[{"@type":"WebPage","@id":"https:\/\/wordpress.ft.unicamp.br\/sbpoa\/organizing-committee\/","url":"https:\/\/wordpress.ft.unicamp.br\/sbpoa\/organizing-committee\/","name":"Comiss\u00e3o Organizadora - I Simp\u00f3sio Brasileiro de Processos Oxidativos Avan\u00e7ados","isPartOf":{"@id":"https:\/\/wordpress.ft.unicamp.br\/sbpoa\/#website"},"datePublished":"2018-03-21T12:32:42+00:00","dateModified":"2025-10-29T17:49:57+00:00","breadcrumb":{"@id":"https:\/\/wordpress.ft.unicamp.br\/sbpoa\/organizing-committee\/#breadcrumb"},"inLanguage":"en-US","potentialAction":[{"@type":"ReadAction","target":["https:\/\/wordpress.ft.unicamp.br\/sbpoa\/organizing-committee\/"]}]},{"@type":"BreadcrumbList","@id":"https:\/\/wordpress.ft.unicamp.br\/sbpoa\/organizing-committee\/#breadcrumb","itemListElement":[{"@type":"ListItem","position":1,"name":"Home","item":"https:\/\/wordpress.ft.unicamp.br\/sbpoa\/"},{"@type":"ListItem","position":2,"name":"Comiss\u00e3o Organizadora"}]},{"@type":"WebSite","@id":"https:\/\/wordpress.ft.unicamp.br\/sbpoa\/#website","url":"https:\/\/wordpress.ft.unicamp.br\/sbpoa\/","name":"I Simp\u00f3sio Brasileiro de Processos Oxidativos Avan\u00e7ados","description":"","potentialAction":[{"@type":"SearchAction","target":{"@type":"EntryPoint","urlTemplate":"https:\/\/wordpress.ft.unicamp.br\/sbpoa\/?s={search_term_string}"},"query-input":{"@type":"PropertyValueSpecification","valueRequired":true,"valueName":"search_term_string"}}],"inLanguage":"en-US"}]}},"_links":{"self":[{"href":"https:\/\/wordpress.ft.unicamp.br\/sbpoa\/wp-json\/wp\/v2\/pages\/12","targetHints":{"allow":["GET"]}}],"collection":[{"href":"https:\/\/wordpress.ft.unicamp.br\/sbpoa\/wp-json\/wp\/v2\/pages"}],"about":[{"href":"https:\/\/wordpress.ft.unicamp.br\/sbpoa\/wp-json\/wp\/v2\/types\/page"}],"author":[{"embeddable":true,"href":"https:\/\/wordpress.ft.unicamp.br\/sbpoa\/wp-json\/wp\/v2\/users\/1"}],"replies":[{"embeddable":true,"href":"https:\/\/wordpress.ft.unicamp.br\/sbpoa\/wp-json\/wp\/v2\/comments?post=12"}],"version-history":[{"count":45,"href":"https:\/\/wordpress.ft.unicamp.br\/sbpoa\/wp-json\/wp\/v2\/pages\/12\/revisions"}],"predecessor-version":[{"id":721,"href":"https:\/\/wordpress.ft.unicamp.br\/sbpoa\/wp-json\/wp\/v2\/pages\/12\/revisions\/721"}],"wp:attachment":[{"href":"https:\/\/wordpress.ft.unicamp.br\/sbpoa\/wp-json\/wp\/v2\/media?parent=12"}],"curies":[{"name":"wp","href":"https:\/\/api.w.org\/{rel}","templated":true}]}}