{"id":14,"date":"2018-03-21T12:33:03","date_gmt":"2018-03-21T12:33:03","guid":{"rendered":"http:\/\/wordpress.ft.unicamp.br\/sbpoa\/?page_id=14"},"modified":"2025-08-15T19:57:08","modified_gmt":"2025-08-15T19:57:08","slug":"key-dates","status":"publish","type":"page","link":"https:\/\/wordpress.ft.unicamp.br\/sbpoa\/key-dates\/","title":{"rendered":"Datas Importantes"},"content":{"rendered":"\t\t<div data-elementor-type=\"wp-page\" data-elementor-id=\"14\" class=\"elementor elementor-14\">\n\t\t\t\t\t\t<section class=\"elementor-section elementor-top-section elementor-element elementor-element-20da381f elementor-section-boxed elementor-section-height-default elementor-section-height-default\" data-id=\"20da381f\" data-element_type=\"section\" data-e-type=\"section\">\n\t\t\t\t\t\t<div class=\"elementor-container elementor-column-gap-default\">\n\t\t\t\t\t<div class=\"elementor-column elementor-col-100 elementor-top-column elementor-element elementor-element-52596c59\" data-id=\"52596c59\" data-element_type=\"column\" data-e-type=\"column\">\n\t\t\t<div class=\"elementor-widget-wrap elementor-element-populated\">\n\t\t\t\t\t\t<div class=\"elementor-element elementor-element-5c42ed60 elementor-widget elementor-widget-text-editor\" data-id=\"5c42ed60\" data-element_type=\"widget\" data-e-type=\"widget\" data-widget_type=\"text-editor.default\">\n\t\t\t\t<div class=\"elementor-widget-container\">\n\t\t\t\t\t\t\t\t\t<table>\n<colgroup>\n<col width=\"434\">\n<col width=\"132\"><\/colgroup>\n<tbody>\n<tr style=\"height: 0pt;\">\n<td style=\"vertical-align: middle; color: #000000; border: solid #000000 0.5pt;\">In\u00edcio dos recebimentos dos resumos*<\/td>\n<td style=\"vertical-align: middle; color: #000000; border: solid #000000 0.5pt;\">30\/04\/2025<\/td>\n<\/tr>\n<tr style=\"height: 0pt;\">\n<td style=\"vertical-align: middle; color: #000000; border: solid #000000 0.5pt;\">Data limite para envio dos resumos<\/td>\n<td style=\"vertical-align: middle; color: #000000; border: solid #000000 0.5pt;\">10\/08\/2025<\/td>\n<\/tr>\n<tr style=\"height: 0pt;\">\n<td style=\"vertical-align: middle; color: #000000; border: solid #000000 0.5pt;\">Data limite para inscri\u00e7\u00e3o com desconto<\/td>\n<td style=\"vertical-align: middle; color: #000000; border: solid #000000 0.5pt;\">15\/08\/2025<\/td>\n<\/tr>\n<tr style=\"height: 0pt;\">\n<td style=\"vertical-align: middle; color: #000000; border: solid #000000 0.5pt;\"><b>Data limite para inscri\u00e7\u00e3o<\/b><\/td>\n<td style=\"vertical-align: middle; color: #000000; border: solid #000000 0.5pt;\"><b>10\/09\/2025<\/b><\/td>\n<\/tr>\n<tr style=\"height: 0pt;\">\n<td style=\"vertical-align: middle; color: #000000; border: solid #000000 0.5pt;\">Realiza\u00e7\u00e3o do 1\u00ba SBPOA<\/td>\n<td style=\"vertical-align: middle; color: #000000; border: solid #000000 0.5pt;\">10 a 12\/11\/2025<\/td>\n<\/tr>\n<\/tbody>\n<\/table>\n<p>*O aceite dos trabalhos ser\u00e1 enviado em at\u00e9 15 dias ap\u00f3s a data de recebimento do resumo.<\/p>\t\t\t\t\t\t\t\t<\/div>\n\t\t\t\t<\/div>\n\t\t\t\t\t<\/div>\n\t\t<\/div>\n\t\t\t\t\t<\/div>\n\t\t<\/section>\n\t\t\t\t<\/div>\n\t\t","protected":false},"excerpt":{"rendered":"<p>In\u00edcio dos recebimentos dos resumos* 30\/04\/2025 Data limite para envio dos resumos 10\/08\/2025 Data limite para inscri\u00e7\u00e3o com desconto 15\/08\/2025 Data limite para inscri\u00e7\u00e3o 10\/09\/2025 Realiza\u00e7\u00e3o do 1\u00ba SBPOA 10 a 12\/11\/2025 *O aceite dos trabalhos ser\u00e1 enviado em at\u00e9&hellip; <\/p>\n","protected":false},"author":1,"featured_media":0,"parent":0,"menu_order":1,"comment_status":"closed","ping_status":"closed","template":"","meta":{"footnotes":""},"class_list":["post-14","page","type-page","status-publish","hentry"],"yoast_head":"<!-- This site is optimized with the Yoast SEO plugin v27.5 - https:\/\/yoast.com\/product\/yoast-seo-wordpress\/ -->\n<title>Datas Importantes - I Simp\u00f3sio Brasileiro de Processos Oxidativos Avan\u00e7ados<\/title>\n<meta name=\"robots\" content=\"index, follow, max-snippet:-1, max-image-preview:large, max-video-preview:-1\" \/>\n<link rel=\"canonical\" href=\"https:\/\/wordpress.ft.unicamp.br\/sbpoa\/key-dates\/\" \/>\n<meta property=\"og:locale\" content=\"en_US\" \/>\n<meta property=\"og:type\" content=\"article\" \/>\n<meta property=\"og:title\" content=\"Datas Importantes - I Simp\u00f3sio Brasileiro de Processos Oxidativos Avan\u00e7ados\" \/>\n<meta property=\"og:description\" content=\"In\u00edcio dos recebimentos dos resumos* 30\/04\/2025 Data limite para envio dos resumos 10\/08\/2025 Data limite para inscri\u00e7\u00e3o com desconto 15\/08\/2025 Data limite para inscri\u00e7\u00e3o 10\/09\/2025 Realiza\u00e7\u00e3o do 1\u00ba SBPOA 10 a 12\/11\/2025 *O aceite dos trabalhos ser\u00e1 enviado em at\u00e9&hellip;\" \/>\n<meta property=\"og:url\" content=\"https:\/\/wordpress.ft.unicamp.br\/sbpoa\/key-dates\/\" \/>\n<meta property=\"og:site_name\" content=\"I Simp\u00f3sio Brasileiro de Processos Oxidativos Avan\u00e7ados\" \/>\n<meta property=\"article:modified_time\" content=\"2025-08-15T19:57:08+00:00\" \/>\n<meta name=\"twitter:card\" content=\"summary_large_image\" \/>\n<meta name=\"twitter:label1\" content=\"Est. reading time\" \/>\n\t<meta name=\"twitter:data1\" content=\"1 minute\" \/>\n<script type=\"application\/ld+json\" class=\"yoast-schema-graph\">{\"@context\":\"https:\\\/\\\/schema.org\",\"@graph\":[{\"@type\":\"WebPage\",\"@id\":\"https:\\\/\\\/wordpress.ft.unicamp.br\\\/sbpoa\\\/key-dates\\\/\",\"url\":\"https:\\\/\\\/wordpress.ft.unicamp.br\\\/sbpoa\\\/key-dates\\\/\",\"name\":\"Datas Importantes - I Simp\u00f3sio Brasileiro de Processos Oxidativos Avan\u00e7ados\",\"isPartOf\":{\"@id\":\"https:\\\/\\\/wordpress.ft.unicamp.br\\\/sbpoa\\\/#website\"},\"datePublished\":\"2018-03-21T12:33:03+00:00\",\"dateModified\":\"2025-08-15T19:57:08+00:00\",\"breadcrumb\":{\"@id\":\"https:\\\/\\\/wordpress.ft.unicamp.br\\\/sbpoa\\\/key-dates\\\/#breadcrumb\"},\"inLanguage\":\"en-US\",\"potentialAction\":[{\"@type\":\"ReadAction\",\"target\":[\"https:\\\/\\\/wordpress.ft.unicamp.br\\\/sbpoa\\\/key-dates\\\/\"]}]},{\"@type\":\"BreadcrumbList\",\"@id\":\"https:\\\/\\\/wordpress.ft.unicamp.br\\\/sbpoa\\\/key-dates\\\/#breadcrumb\",\"itemListElement\":[{\"@type\":\"ListItem\",\"position\":1,\"name\":\"Home\",\"item\":\"https:\\\/\\\/wordpress.ft.unicamp.br\\\/sbpoa\\\/\"},{\"@type\":\"ListItem\",\"position\":2,\"name\":\"Datas Importantes\"}]},{\"@type\":\"WebSite\",\"@id\":\"https:\\\/\\\/wordpress.ft.unicamp.br\\\/sbpoa\\\/#website\",\"url\":\"https:\\\/\\\/wordpress.ft.unicamp.br\\\/sbpoa\\\/\",\"name\":\"I Simp\u00f3sio Brasileiro de Processos Oxidativos Avan\u00e7ados\",\"description\":\"\",\"potentialAction\":[{\"@type\":\"SearchAction\",\"target\":{\"@type\":\"EntryPoint\",\"urlTemplate\":\"https:\\\/\\\/wordpress.ft.unicamp.br\\\/sbpoa\\\/?s={search_term_string}\"},\"query-input\":{\"@type\":\"PropertyValueSpecification\",\"valueRequired\":true,\"valueName\":\"search_term_string\"}}],\"inLanguage\":\"en-US\"}]}<\/script>\n<!-- \/ Yoast SEO plugin. -->","yoast_head_json":{"title":"Datas Importantes - I Simp\u00f3sio Brasileiro de Processos Oxidativos Avan\u00e7ados","robots":{"index":"index","follow":"follow","max-snippet":"max-snippet:-1","max-image-preview":"max-image-preview:large","max-video-preview":"max-video-preview:-1"},"canonical":"https:\/\/wordpress.ft.unicamp.br\/sbpoa\/key-dates\/","og_locale":"en_US","og_type":"article","og_title":"Datas Importantes - I Simp\u00f3sio Brasileiro de Processos Oxidativos Avan\u00e7ados","og_description":"In\u00edcio dos recebimentos dos resumos* 30\/04\/2025 Data limite para envio dos resumos 10\/08\/2025 Data limite para inscri\u00e7\u00e3o com desconto 15\/08\/2025 Data limite para inscri\u00e7\u00e3o 10\/09\/2025 Realiza\u00e7\u00e3o do 1\u00ba SBPOA 10 a 12\/11\/2025 *O aceite dos trabalhos ser\u00e1 enviado em at\u00e9&hellip;","og_url":"https:\/\/wordpress.ft.unicamp.br\/sbpoa\/key-dates\/","og_site_name":"I Simp\u00f3sio Brasileiro de Processos Oxidativos Avan\u00e7ados","article_modified_time":"2025-08-15T19:57:08+00:00","twitter_card":"summary_large_image","twitter_misc":{"Est. reading time":"1 minute"},"schema":{"@context":"https:\/\/schema.org","@graph":[{"@type":"WebPage","@id":"https:\/\/wordpress.ft.unicamp.br\/sbpoa\/key-dates\/","url":"https:\/\/wordpress.ft.unicamp.br\/sbpoa\/key-dates\/","name":"Datas Importantes - I Simp\u00f3sio Brasileiro de Processos Oxidativos Avan\u00e7ados","isPartOf":{"@id":"https:\/\/wordpress.ft.unicamp.br\/sbpoa\/#website"},"datePublished":"2018-03-21T12:33:03+00:00","dateModified":"2025-08-15T19:57:08+00:00","breadcrumb":{"@id":"https:\/\/wordpress.ft.unicamp.br\/sbpoa\/key-dates\/#breadcrumb"},"inLanguage":"en-US","potentialAction":[{"@type":"ReadAction","target":["https:\/\/wordpress.ft.unicamp.br\/sbpoa\/key-dates\/"]}]},{"@type":"BreadcrumbList","@id":"https:\/\/wordpress.ft.unicamp.br\/sbpoa\/key-dates\/#breadcrumb","itemListElement":[{"@type":"ListItem","position":1,"name":"Home","item":"https:\/\/wordpress.ft.unicamp.br\/sbpoa\/"},{"@type":"ListItem","position":2,"name":"Datas Importantes"}]},{"@type":"WebSite","@id":"https:\/\/wordpress.ft.unicamp.br\/sbpoa\/#website","url":"https:\/\/wordpress.ft.unicamp.br\/sbpoa\/","name":"I Simp\u00f3sio Brasileiro de Processos Oxidativos Avan\u00e7ados","description":"","potentialAction":[{"@type":"SearchAction","target":{"@type":"EntryPoint","urlTemplate":"https:\/\/wordpress.ft.unicamp.br\/sbpoa\/?s={search_term_string}"},"query-input":{"@type":"PropertyValueSpecification","valueRequired":true,"valueName":"search_term_string"}}],"inLanguage":"en-US"}]}},"_links":{"self":[{"href":"https:\/\/wordpress.ft.unicamp.br\/sbpoa\/wp-json\/wp\/v2\/pages\/14","targetHints":{"allow":["GET"]}}],"collection":[{"href":"https:\/\/wordpress.ft.unicamp.br\/sbpoa\/wp-json\/wp\/v2\/pages"}],"about":[{"href":"https:\/\/wordpress.ft.unicamp.br\/sbpoa\/wp-json\/wp\/v2\/types\/page"}],"author":[{"embeddable":true,"href":"https:\/\/wordpress.ft.unicamp.br\/sbpoa\/wp-json\/wp\/v2\/users\/1"}],"replies":[{"embeddable":true,"href":"https:\/\/wordpress.ft.unicamp.br\/sbpoa\/wp-json\/wp\/v2\/comments?post=14"}],"version-history":[{"count":63,"href":"https:\/\/wordpress.ft.unicamp.br\/sbpoa\/wp-json\/wp\/v2\/pages\/14\/revisions"}],"predecessor-version":[{"id":658,"href":"https:\/\/wordpress.ft.unicamp.br\/sbpoa\/wp-json\/wp\/v2\/pages\/14\/revisions\/658"}],"wp:attachment":[{"href":"https:\/\/wordpress.ft.unicamp.br\/sbpoa\/wp-json\/wp\/v2\/media?parent=14"}],"curies":[{"name":"wp","href":"https:\/\/api.w.org\/{rel}","templated":true}]}}