{"id":16,"date":"2018-03-21T12:33:17","date_gmt":"2018-03-21T12:33:17","guid":{"rendered":"http:\/\/wordpress.ft.unicamp.br\/sbpoa\/?page_id=16"},"modified":"2025-07-18T19:28:54","modified_gmt":"2025-07-18T19:28:54","slug":"registration","status":"publish","type":"page","link":"https:\/\/wordpress.ft.unicamp.br\/sbpoa\/registration\/","title":{"rendered":"Inscri\u00e7\u00e3o"},"content":{"rendered":"\t\t<div data-elementor-type=\"wp-page\" data-elementor-id=\"16\" class=\"elementor elementor-16\">\n\t\t\t\t\t\t<section class=\"elementor-section elementor-top-section elementor-element elementor-element-270b6f42 elementor-section-boxed elementor-section-height-default elementor-section-height-default\" data-id=\"270b6f42\" data-element_type=\"section\" data-e-type=\"section\">\n\t\t\t\t\t\t<div class=\"elementor-container elementor-column-gap-default\">\n\t\t\t\t\t<div class=\"elementor-column elementor-col-100 elementor-top-column elementor-element elementor-element-3ee67657\" data-id=\"3ee67657\" data-element_type=\"column\" data-e-type=\"column\">\n\t\t\t<div class=\"elementor-widget-wrap elementor-element-populated\">\n\t\t\t\t\t\t<div class=\"elementor-element elementor-element-5526e0d elementor-widget elementor-widget-text-editor\" data-id=\"5526e0d\" data-element_type=\"widget\" data-e-type=\"widget\" data-widget_type=\"text-editor.default\">\n\t\t\t\t<div class=\"elementor-widget-container\">\n\t\t\t\t\t\t\t\t\t<h2>Pre\u00e7os<\/h2><div dir=\"ltr\" style=\"margin-left: 0pt;\" align=\"left\"><table style=\"color: #000000; text-align: center; border: none; border-collapse: collapse;\"><colgroup> <col width=\"250\" \/> <col width=\"150\" \/> <col width=\"132\" \/><\/colgroup><tbody><tr style=\"height: 0pt;\"><td style=\"vertical-align: middle; color: #000000; text-align: center; border: solid #000000 0.5pt;\" rowspan=\"2\">Categoria<\/td><td style=\"vertical-align: middle; color: #000000; text-align: center; border: solid #000000 0.5pt;\" colspan=\"2\">Valor<\/td><\/tr><tr style=\"height: 0pt;\"><td style=\"vertical-align: middle; color: #000000; text-align: center; border: solid #000000 0.5pt;\">At\u00e9 15\/08\/2025<\/td><td style=\"vertical-align: middle; color: #000000; text-align: center; border: solid #000000 0.5pt;\">Depois de 15\/08\/2025<\/td><\/tr><tr style=\"height: 0pt;\"><td style=\"vertical-align: middle; color: #000000; text-align: center; border: solid #000000 0.5pt;\">Professores e Profissionais Membros Associados da ABPOA<\/td><td style=\"vertical-align: middle; color: #000000; text-align: center; border: solid #000000 0.5pt;\">R$ 300,00<\/td><td style=\"vertical-align: middle; color: #000000; text-align: center; border: solid #000000 0.5pt;\">R$ 400,00<\/td><\/tr><tr style=\"height: 0pt;\"><td style=\"vertical-align: middle; color: #000000; text-align: center; border: solid #000000 0.5pt;\">Professores e Profissionais N\u00e3o Associados da ABPOA<\/td><td style=\"vertical-align: middle; color: #000000; text-align: center; border: solid #000000 0.5pt;\">R$ 400,00<\/td><td style=\"vertical-align: middle; color: #000000; text-align: center; border: solid #000000 0.5pt;\">R$ 500,00<\/td><\/tr><tr style=\"height: 0pt;\"><td style=\"vertical-align: middle; color: #000000; text-align: center; border: solid #000000 0.5pt;\">P\u00f3s-Doutorandos Associados da ABPOA<\/td><td style=\"vertical-align: middle; color: #000000; text-align: center; border: solid #000000 0.5pt;\">R$ 250,00<\/td><td style=\"vertical-align: middle; color: #000000; text-align: center; border: solid #000000 0.5pt;\">R$ 350,00<\/td><\/tr><tr style=\"height: 0pt;\"><td style=\"vertical-align: middle; color: #000000; text-align: center; border: solid #000000 0.5pt;\">P\u00f3s-Doutorandos N\u00e3o Associados da ABPOA<\/td><td style=\"vertical-align: middle; color: #000000; text-align: center; border: solid #000000 0.5pt;\">R$ 350,00<\/td><td style=\"vertical-align: middle; color: #000000; text-align: center; border: solid #000000 0.5pt;\">R$ 450,00<\/td><\/tr><tr style=\"height: 0pt;\"><td style=\"vertical-align: middle; color: #000000; text-align: center; border: solid #000000 0.5pt;\">Alunos de P\u00f3s-Gradua\u00e7\u00e3o Associados da ABPOA<\/td><td style=\"vertical-align: middle; color: #000000; text-align: center; border: solid #000000 0.5pt;\">R$ 200,00<\/td><td style=\"vertical-align: middle; color: #000000; text-align: center; border: solid #000000 0.5pt;\">R$ 300,00<\/td><\/tr><tr style=\"height: 0pt;\"><td style=\"vertical-align: middle; color: #000000; text-align: center; border: solid #000000 0.5pt;\">Alunos de P\u00f3s-Gradua\u00e7\u00e3o N\u00e3o Associados da ABPOA<\/td><td style=\"vertical-align: middle; color: #000000; text-align: center; border: solid #000000 0.5pt;\">R$ 300,00<\/td><td style=\"vertical-align: middle; color: #000000; text-align: center; border: solid #000000 0.5pt;\">R$ 400,00<\/td><\/tr><tr style=\"height: 0pt;\"><td style=\"vertical-align: middle; color: #000000; text-align: center; border: solid #000000 0.5pt;\">Alunos de Gradua\u00e7\u00e3o Associados da ABPOA<\/td><td style=\"vertical-align: middle; color: #000000; text-align: center; border: solid #000000 0.5pt;\">R$ 150,00<\/td><td style=\"vertical-align: middle; color: #000000; text-align: center; border: solid #000000 0.5pt;\">R$ 200,00<\/td><\/tr><tr style=\"height: 0pt;\"><td style=\"vertical-align: middle; color: #000000; text-align: center; border: solid #000000 0.5pt;\">Alunos de Gradua\u00e7\u00e3o N\u00e3o Associados da ABPOA<\/td><td style=\"vertical-align: middle; color: #000000; text-align: center; border: solid #000000 0.5pt;\">R$ 250,00<\/td><td style=\"vertical-align: middle; color: #000000; text-align: center; border: solid #000000 0.5pt;\">R$ 300,00<\/td><\/tr><tr style=\"height: 0pt;\"><td style=\"vertical-align: middle; color: #000000; text-align: center; border: solid #000000 0.5pt;\">Participa\u00e7\u00e3o nos Minicursos \u2013 Associados da ABPOA<\/td><td style=\"vertical-align: middle; color: #000000; text-align: center; border: solid #000000 0.5pt;\">R$ 50,00<\/td><td style=\"vertical-align: middle; color: #000000; text-align: center; border: solid #000000 0.5pt;\">R$ 100,00<\/td><\/tr><tr style=\"height: 0pt;\"><td style=\"vertical-align: middle; color: #000000; text-align: center; border: solid #000000 0.5pt;\">Participa\u00e7\u00e3o nos Minicursos \u2013 N\u00e3o Associados da ABPOA<\/td><td style=\"vertical-align: middle; color: #000000; text-align: center; border: solid #000000 0.5pt;\">R$ 100,00<\/td><td style=\"vertical-align: middle; color: #000000; text-align: center; border: solid #000000 0.5pt;\">R$ 200,00<\/td><\/tr><\/tbody><\/table><\/div><p>Obs.: A inscri\u00e7\u00e3o na ABPOA \u00e9 gratuita e pode ser realizada pelo site <a href=\"http:\/\/www.abpoa.org.br\">www.abpoa.org.br<\/a>. A inscri\u00e7\u00e3o no evento d\u00e1 direito \u00e0 participa\u00e7\u00e3o em todas as sess\u00f5es e coffee breaks, mas n\u00e3o inclui refei\u00e7\u00f5es nem minicursos.<\/p><h6><a href=\"https:\/\/eventos.galoa.com.br\/sbpoa25\/registration\/intro\" target=\"_blank\" rel=\"noopener\">Fazer inscri\u00e7\u00e3o No Evento.<\/a><\/h6>\t\t\t\t\t\t\t\t<\/div>\n\t\t\t\t<\/div>\n\t\t\t\t\t<\/div>\n\t\t<\/div>\n\t\t\t\t\t<\/div>\n\t\t<\/section>\n\t\t\t\t<\/div>\n\t\t","protected":false},"excerpt":{"rendered":"<p>Pre\u00e7os Categoria Valor At\u00e9 15\/08\/2025 Depois de 15\/08\/2025 Professores e Profissionais Membros Associados da ABPOA R$ 300,00 R$ 400,00 Professores e Profissionais N\u00e3o Associados da ABPOA R$ 400,00 R$ 500,00 P\u00f3s-Doutorandos Associados da ABPOA R$ 250,00 R$ 350,00 P\u00f3s-Doutorandos N\u00e3o&hellip; <\/p>\n","protected":false},"author":1,"featured_media":0,"parent":0,"menu_order":3,"comment_status":"closed","ping_status":"closed","template":"","meta":{"footnotes":""},"class_list":["post-16","page","type-page","status-publish","hentry"],"yoast_head":"<!-- This site is optimized with the Yoast SEO plugin v27.5 - https:\/\/yoast.com\/product\/yoast-seo-wordpress\/ -->\n<title>Inscri\u00e7\u00e3o - I Simp\u00f3sio Brasileiro de Processos Oxidativos Avan\u00e7ados<\/title>\n<meta name=\"robots\" content=\"index, follow, max-snippet:-1, max-image-preview:large, max-video-preview:-1\" \/>\n<link rel=\"canonical\" href=\"https:\/\/wordpress.ft.unicamp.br\/sbpoa\/registration\/\" \/>\n<meta property=\"og:locale\" content=\"en_US\" \/>\n<meta property=\"og:type\" content=\"article\" \/>\n<meta property=\"og:title\" content=\"Inscri\u00e7\u00e3o - I Simp\u00f3sio Brasileiro de Processos Oxidativos Avan\u00e7ados\" \/>\n<meta property=\"og:description\" content=\"Pre\u00e7os Categoria Valor At\u00e9 15\/08\/2025 Depois de 15\/08\/2025 Professores e Profissionais Membros Associados da ABPOA R$ 300,00 R$ 400,00 Professores e Profissionais N\u00e3o Associados da ABPOA R$ 400,00 R$ 500,00 P\u00f3s-Doutorandos Associados da ABPOA R$ 250,00 R$ 350,00 P\u00f3s-Doutorandos N\u00e3o&hellip;\" \/>\n<meta property=\"og:url\" content=\"https:\/\/wordpress.ft.unicamp.br\/sbpoa\/registration\/\" \/>\n<meta property=\"og:site_name\" content=\"I Simp\u00f3sio Brasileiro de Processos Oxidativos Avan\u00e7ados\" \/>\n<meta property=\"article:modified_time\" content=\"2025-07-18T19:28:54+00:00\" \/>\n<meta name=\"twitter:card\" content=\"summary_large_image\" \/>\n<meta name=\"twitter:label1\" content=\"Est. reading time\" \/>\n\t<meta name=\"twitter:data1\" content=\"1 minute\" \/>\n<script type=\"application\/ld+json\" class=\"yoast-schema-graph\">{\"@context\":\"https:\\\/\\\/schema.org\",\"@graph\":[{\"@type\":\"WebPage\",\"@id\":\"https:\\\/\\\/wordpress.ft.unicamp.br\\\/sbpoa\\\/registration\\\/\",\"url\":\"https:\\\/\\\/wordpress.ft.unicamp.br\\\/sbpoa\\\/registration\\\/\",\"name\":\"Inscri\u00e7\u00e3o - I Simp\u00f3sio Brasileiro de Processos Oxidativos Avan\u00e7ados\",\"isPartOf\":{\"@id\":\"https:\\\/\\\/wordpress.ft.unicamp.br\\\/sbpoa\\\/#website\"},\"datePublished\":\"2018-03-21T12:33:17+00:00\",\"dateModified\":\"2025-07-18T19:28:54+00:00\",\"breadcrumb\":{\"@id\":\"https:\\\/\\\/wordpress.ft.unicamp.br\\\/sbpoa\\\/registration\\\/#breadcrumb\"},\"inLanguage\":\"en-US\",\"potentialAction\":[{\"@type\":\"ReadAction\",\"target\":[\"https:\\\/\\\/wordpress.ft.unicamp.br\\\/sbpoa\\\/registration\\\/\"]}]},{\"@type\":\"BreadcrumbList\",\"@id\":\"https:\\\/\\\/wordpress.ft.unicamp.br\\\/sbpoa\\\/registration\\\/#breadcrumb\",\"itemListElement\":[{\"@type\":\"ListItem\",\"position\":1,\"name\":\"Home\",\"item\":\"https:\\\/\\\/wordpress.ft.unicamp.br\\\/sbpoa\\\/\"},{\"@type\":\"ListItem\",\"position\":2,\"name\":\"Inscri\u00e7\u00e3o\"}]},{\"@type\":\"WebSite\",\"@id\":\"https:\\\/\\\/wordpress.ft.unicamp.br\\\/sbpoa\\\/#website\",\"url\":\"https:\\\/\\\/wordpress.ft.unicamp.br\\\/sbpoa\\\/\",\"name\":\"I Simp\u00f3sio Brasileiro de Processos Oxidativos Avan\u00e7ados\",\"description\":\"\",\"potentialAction\":[{\"@type\":\"SearchAction\",\"target\":{\"@type\":\"EntryPoint\",\"urlTemplate\":\"https:\\\/\\\/wordpress.ft.unicamp.br\\\/sbpoa\\\/?s={search_term_string}\"},\"query-input\":{\"@type\":\"PropertyValueSpecification\",\"valueRequired\":true,\"valueName\":\"search_term_string\"}}],\"inLanguage\":\"en-US\"}]}<\/script>\n<!-- \/ Yoast SEO plugin. -->","yoast_head_json":{"title":"Inscri\u00e7\u00e3o - I Simp\u00f3sio Brasileiro de Processos Oxidativos Avan\u00e7ados","robots":{"index":"index","follow":"follow","max-snippet":"max-snippet:-1","max-image-preview":"max-image-preview:large","max-video-preview":"max-video-preview:-1"},"canonical":"https:\/\/wordpress.ft.unicamp.br\/sbpoa\/registration\/","og_locale":"en_US","og_type":"article","og_title":"Inscri\u00e7\u00e3o - I Simp\u00f3sio Brasileiro de Processos Oxidativos Avan\u00e7ados","og_description":"Pre\u00e7os Categoria Valor At\u00e9 15\/08\/2025 Depois de 15\/08\/2025 Professores e Profissionais Membros Associados da ABPOA R$ 300,00 R$ 400,00 Professores e Profissionais N\u00e3o Associados da ABPOA R$ 400,00 R$ 500,00 P\u00f3s-Doutorandos Associados da ABPOA R$ 250,00 R$ 350,00 P\u00f3s-Doutorandos N\u00e3o&hellip;","og_url":"https:\/\/wordpress.ft.unicamp.br\/sbpoa\/registration\/","og_site_name":"I Simp\u00f3sio Brasileiro de Processos Oxidativos Avan\u00e7ados","article_modified_time":"2025-07-18T19:28:54+00:00","twitter_card":"summary_large_image","twitter_misc":{"Est. reading time":"1 minute"},"schema":{"@context":"https:\/\/schema.org","@graph":[{"@type":"WebPage","@id":"https:\/\/wordpress.ft.unicamp.br\/sbpoa\/registration\/","url":"https:\/\/wordpress.ft.unicamp.br\/sbpoa\/registration\/","name":"Inscri\u00e7\u00e3o - I Simp\u00f3sio Brasileiro de Processos Oxidativos Avan\u00e7ados","isPartOf":{"@id":"https:\/\/wordpress.ft.unicamp.br\/sbpoa\/#website"},"datePublished":"2018-03-21T12:33:17+00:00","dateModified":"2025-07-18T19:28:54+00:00","breadcrumb":{"@id":"https:\/\/wordpress.ft.unicamp.br\/sbpoa\/registration\/#breadcrumb"},"inLanguage":"en-US","potentialAction":[{"@type":"ReadAction","target":["https:\/\/wordpress.ft.unicamp.br\/sbpoa\/registration\/"]}]},{"@type":"BreadcrumbList","@id":"https:\/\/wordpress.ft.unicamp.br\/sbpoa\/registration\/#breadcrumb","itemListElement":[{"@type":"ListItem","position":1,"name":"Home","item":"https:\/\/wordpress.ft.unicamp.br\/sbpoa\/"},{"@type":"ListItem","position":2,"name":"Inscri\u00e7\u00e3o"}]},{"@type":"WebSite","@id":"https:\/\/wordpress.ft.unicamp.br\/sbpoa\/#website","url":"https:\/\/wordpress.ft.unicamp.br\/sbpoa\/","name":"I Simp\u00f3sio Brasileiro de Processos Oxidativos Avan\u00e7ados","description":"","potentialAction":[{"@type":"SearchAction","target":{"@type":"EntryPoint","urlTemplate":"https:\/\/wordpress.ft.unicamp.br\/sbpoa\/?s={search_term_string}"},"query-input":{"@type":"PropertyValueSpecification","valueRequired":true,"valueName":"search_term_string"}}],"inLanguage":"en-US"}]}},"_links":{"self":[{"href":"https:\/\/wordpress.ft.unicamp.br\/sbpoa\/wp-json\/wp\/v2\/pages\/16","targetHints":{"allow":["GET"]}}],"collection":[{"href":"https:\/\/wordpress.ft.unicamp.br\/sbpoa\/wp-json\/wp\/v2\/pages"}],"about":[{"href":"https:\/\/wordpress.ft.unicamp.br\/sbpoa\/wp-json\/wp\/v2\/types\/page"}],"author":[{"embeddable":true,"href":"https:\/\/wordpress.ft.unicamp.br\/sbpoa\/wp-json\/wp\/v2\/users\/1"}],"replies":[{"embeddable":true,"href":"https:\/\/wordpress.ft.unicamp.br\/sbpoa\/wp-json\/wp\/v2\/comments?post=16"}],"version-history":[{"count":43,"href":"https:\/\/wordpress.ft.unicamp.br\/sbpoa\/wp-json\/wp\/v2\/pages\/16\/revisions"}],"predecessor-version":[{"id":647,"href":"https:\/\/wordpress.ft.unicamp.br\/sbpoa\/wp-json\/wp\/v2\/pages\/16\/revisions\/647"}],"wp:attachment":[{"href":"https:\/\/wordpress.ft.unicamp.br\/sbpoa\/wp-json\/wp\/v2\/media?parent=16"}],"curies":[{"name":"wp","href":"https:\/\/api.w.org\/{rel}","templated":true}]}}