{"id":18,"date":"2018-03-21T12:33:38","date_gmt":"2018-03-21T12:33:38","guid":{"rendered":"http:\/\/wordpress.ft.unicamp.br\/sbpoa\/?page_id=18"},"modified":"2025-06-27T20:03:22","modified_gmt":"2025-06-27T20:03:22","slug":"abstract-submission","status":"publish","type":"page","link":"https:\/\/wordpress.ft.unicamp.br\/sbpoa\/abstract-submission\/","title":{"rendered":"Submiss\u00e3o dos Resumos"},"content":{"rendered":"\t\t<div data-elementor-type=\"wp-page\" data-elementor-id=\"18\" class=\"elementor elementor-18\">\n\t\t\t\t\t\t<section class=\"elementor-section elementor-top-section elementor-element elementor-element-504e4f2 elementor-section-boxed elementor-section-height-default elementor-section-height-default\" data-id=\"504e4f2\" data-element_type=\"section\" data-e-type=\"section\">\n\t\t\t\t\t\t<div class=\"elementor-container elementor-column-gap-default\">\n\t\t\t\t\t<div class=\"elementor-column elementor-col-100 elementor-top-column elementor-element elementor-element-a64e135\" data-id=\"a64e135\" data-element_type=\"column\" data-e-type=\"column\">\n\t\t\t<div class=\"elementor-widget-wrap elementor-element-populated\">\n\t\t\t\t\t\t<div class=\"elementor-element elementor-element-01cb80c elementor-widget elementor-widget-text-editor\" data-id=\"01cb80c\" data-element_type=\"widget\" data-e-type=\"widget\" data-widget_type=\"text-editor.default\">\n\t\t\t\t<div class=\"elementor-widget-container\">\n\t\t\t\t\t\t\t\t\t<p>Os resumos devem ser preparados de acordo com o <a href=\"http:\/\/wordpress.ft.unicamp.br\/sbpoa\/wp-content\/uploads\/sites\/90\/2025\/04\/Template_resumo_SBPOA.docx\"><span style=\"font-size: 11pt; font-family: Calibri,sans-serif; color: #000000; background-color: transparent; font-weight: bold; font-style: normal; font-variant: normal; text-decoration: none; vertical-align: baseline; white-space: pre-wrap;\">modelo<\/span><\/a><span style=\"font-size: 11pt; font-family: Calibri,sans-serif; color: #000000; background-color: transparent; font-weight: 400; font-style: normal; font-variant: normal; text-decoration: none; vertical-align: baseline; white-space: pre-wrap;\"> e enviados por meio do formul\u00e1rio: <\/span><\/p>\n<h6 dir=\"ltr\" style=\"line-height: 1.295; margin-top: 0pt; margin-bottom: 8pt;\"><a href=\"https:\/\/eventos.galoa.com.br\/sbpoa25\/submission\" target=\"_blank\">Envio de resumos<\/a><\/h6>\t\t\t\t\t\t\t\t<\/div>\n\t\t\t\t<\/div>\n\t\t\t\t\t<\/div>\n\t\t<\/div>\n\t\t\t\t\t<\/div>\n\t\t<\/section>\n\t\t\t\t<\/div>\n\t\t","protected":false},"excerpt":{"rendered":"<p>Os resumos devem ser preparados de acordo com o modelo e enviados por meio do formul\u00e1rio: Envio de resumos<\/p>\n","protected":false},"author":1,"featured_media":0,"parent":0,"menu_order":3,"comment_status":"closed","ping_status":"closed","template":"","meta":{"footnotes":""},"class_list":["post-18","page","type-page","status-publish","hentry"],"yoast_head":"<!-- This site is optimized with the Yoast SEO plugin v27.5 - https:\/\/yoast.com\/product\/yoast-seo-wordpress\/ -->\n<title>Submiss\u00e3o dos Resumos - I Simp\u00f3sio Brasileiro de Processos Oxidativos Avan\u00e7ados<\/title>\n<meta name=\"robots\" content=\"index, follow, max-snippet:-1, max-image-preview:large, max-video-preview:-1\" \/>\n<link rel=\"canonical\" href=\"https:\/\/wordpress.ft.unicamp.br\/sbpoa\/abstract-submission\/\" \/>\n<meta property=\"og:locale\" content=\"en_US\" \/>\n<meta property=\"og:type\" content=\"article\" \/>\n<meta property=\"og:title\" content=\"Submiss\u00e3o dos Resumos - I Simp\u00f3sio Brasileiro de Processos Oxidativos Avan\u00e7ados\" \/>\n<meta property=\"og:description\" content=\"Os resumos devem ser preparados de acordo com o modelo e enviados por meio do formul\u00e1rio: Envio de resumos\" \/>\n<meta property=\"og:url\" content=\"https:\/\/wordpress.ft.unicamp.br\/sbpoa\/abstract-submission\/\" \/>\n<meta property=\"og:site_name\" content=\"I Simp\u00f3sio Brasileiro de Processos Oxidativos Avan\u00e7ados\" \/>\n<meta property=\"article:modified_time\" content=\"2025-06-27T20:03:22+00:00\" \/>\n<meta name=\"twitter:card\" content=\"summary_large_image\" \/>\n<meta name=\"twitter:label1\" content=\"Est. reading time\" \/>\n\t<meta name=\"twitter:data1\" content=\"1 minute\" \/>\n<script type=\"application\/ld+json\" class=\"yoast-schema-graph\">{\"@context\":\"https:\\\/\\\/schema.org\",\"@graph\":[{\"@type\":\"WebPage\",\"@id\":\"https:\\\/\\\/wordpress.ft.unicamp.br\\\/sbpoa\\\/abstract-submission\\\/\",\"url\":\"https:\\\/\\\/wordpress.ft.unicamp.br\\\/sbpoa\\\/abstract-submission\\\/\",\"name\":\"Submiss\u00e3o dos Resumos - I Simp\u00f3sio Brasileiro de Processos Oxidativos Avan\u00e7ados\",\"isPartOf\":{\"@id\":\"https:\\\/\\\/wordpress.ft.unicamp.br\\\/sbpoa\\\/#website\"},\"datePublished\":\"2018-03-21T12:33:38+00:00\",\"dateModified\":\"2025-06-27T20:03:22+00:00\",\"breadcrumb\":{\"@id\":\"https:\\\/\\\/wordpress.ft.unicamp.br\\\/sbpoa\\\/abstract-submission\\\/#breadcrumb\"},\"inLanguage\":\"en-US\",\"potentialAction\":[{\"@type\":\"ReadAction\",\"target\":[\"https:\\\/\\\/wordpress.ft.unicamp.br\\\/sbpoa\\\/abstract-submission\\\/\"]}]},{\"@type\":\"BreadcrumbList\",\"@id\":\"https:\\\/\\\/wordpress.ft.unicamp.br\\\/sbpoa\\\/abstract-submission\\\/#breadcrumb\",\"itemListElement\":[{\"@type\":\"ListItem\",\"position\":1,\"name\":\"Home\",\"item\":\"https:\\\/\\\/wordpress.ft.unicamp.br\\\/sbpoa\\\/\"},{\"@type\":\"ListItem\",\"position\":2,\"name\":\"Submiss\u00e3o dos Resumos\"}]},{\"@type\":\"WebSite\",\"@id\":\"https:\\\/\\\/wordpress.ft.unicamp.br\\\/sbpoa\\\/#website\",\"url\":\"https:\\\/\\\/wordpress.ft.unicamp.br\\\/sbpoa\\\/\",\"name\":\"I Simp\u00f3sio Brasileiro de Processos Oxidativos Avan\u00e7ados\",\"description\":\"\",\"potentialAction\":[{\"@type\":\"SearchAction\",\"target\":{\"@type\":\"EntryPoint\",\"urlTemplate\":\"https:\\\/\\\/wordpress.ft.unicamp.br\\\/sbpoa\\\/?s={search_term_string}\"},\"query-input\":{\"@type\":\"PropertyValueSpecification\",\"valueRequired\":true,\"valueName\":\"search_term_string\"}}],\"inLanguage\":\"en-US\"}]}<\/script>\n<!-- \/ Yoast SEO plugin. -->","yoast_head_json":{"title":"Submiss\u00e3o dos Resumos - I Simp\u00f3sio Brasileiro de Processos Oxidativos Avan\u00e7ados","robots":{"index":"index","follow":"follow","max-snippet":"max-snippet:-1","max-image-preview":"max-image-preview:large","max-video-preview":"max-video-preview:-1"},"canonical":"https:\/\/wordpress.ft.unicamp.br\/sbpoa\/abstract-submission\/","og_locale":"en_US","og_type":"article","og_title":"Submiss\u00e3o dos Resumos - I Simp\u00f3sio Brasileiro de Processos Oxidativos Avan\u00e7ados","og_description":"Os resumos devem ser preparados de acordo com o modelo e enviados por meio do formul\u00e1rio: Envio de resumos","og_url":"https:\/\/wordpress.ft.unicamp.br\/sbpoa\/abstract-submission\/","og_site_name":"I Simp\u00f3sio Brasileiro de Processos Oxidativos Avan\u00e7ados","article_modified_time":"2025-06-27T20:03:22+00:00","twitter_card":"summary_large_image","twitter_misc":{"Est. reading time":"1 minute"},"schema":{"@context":"https:\/\/schema.org","@graph":[{"@type":"WebPage","@id":"https:\/\/wordpress.ft.unicamp.br\/sbpoa\/abstract-submission\/","url":"https:\/\/wordpress.ft.unicamp.br\/sbpoa\/abstract-submission\/","name":"Submiss\u00e3o dos Resumos - I Simp\u00f3sio Brasileiro de Processos Oxidativos Avan\u00e7ados","isPartOf":{"@id":"https:\/\/wordpress.ft.unicamp.br\/sbpoa\/#website"},"datePublished":"2018-03-21T12:33:38+00:00","dateModified":"2025-06-27T20:03:22+00:00","breadcrumb":{"@id":"https:\/\/wordpress.ft.unicamp.br\/sbpoa\/abstract-submission\/#breadcrumb"},"inLanguage":"en-US","potentialAction":[{"@type":"ReadAction","target":["https:\/\/wordpress.ft.unicamp.br\/sbpoa\/abstract-submission\/"]}]},{"@type":"BreadcrumbList","@id":"https:\/\/wordpress.ft.unicamp.br\/sbpoa\/abstract-submission\/#breadcrumb","itemListElement":[{"@type":"ListItem","position":1,"name":"Home","item":"https:\/\/wordpress.ft.unicamp.br\/sbpoa\/"},{"@type":"ListItem","position":2,"name":"Submiss\u00e3o dos Resumos"}]},{"@type":"WebSite","@id":"https:\/\/wordpress.ft.unicamp.br\/sbpoa\/#website","url":"https:\/\/wordpress.ft.unicamp.br\/sbpoa\/","name":"I Simp\u00f3sio Brasileiro de Processos Oxidativos Avan\u00e7ados","description":"","potentialAction":[{"@type":"SearchAction","target":{"@type":"EntryPoint","urlTemplate":"https:\/\/wordpress.ft.unicamp.br\/sbpoa\/?s={search_term_string}"},"query-input":{"@type":"PropertyValueSpecification","valueRequired":true,"valueName":"search_term_string"}}],"inLanguage":"en-US"}]}},"_links":{"self":[{"href":"https:\/\/wordpress.ft.unicamp.br\/sbpoa\/wp-json\/wp\/v2\/pages\/18","targetHints":{"allow":["GET"]}}],"collection":[{"href":"https:\/\/wordpress.ft.unicamp.br\/sbpoa\/wp-json\/wp\/v2\/pages"}],"about":[{"href":"https:\/\/wordpress.ft.unicamp.br\/sbpoa\/wp-json\/wp\/v2\/types\/page"}],"author":[{"embeddable":true,"href":"https:\/\/wordpress.ft.unicamp.br\/sbpoa\/wp-json\/wp\/v2\/users\/1"}],"replies":[{"embeddable":true,"href":"https:\/\/wordpress.ft.unicamp.br\/sbpoa\/wp-json\/wp\/v2\/comments?post=18"}],"version-history":[{"count":32,"href":"https:\/\/wordpress.ft.unicamp.br\/sbpoa\/wp-json\/wp\/v2\/pages\/18\/revisions"}],"predecessor-version":[{"id":570,"href":"https:\/\/wordpress.ft.unicamp.br\/sbpoa\/wp-json\/wp\/v2\/pages\/18\/revisions\/570"}],"wp:attachment":[{"href":"https:\/\/wordpress.ft.unicamp.br\/sbpoa\/wp-json\/wp\/v2\/media?parent=18"}],"curies":[{"name":"wp","href":"https:\/\/api.w.org\/{rel}","templated":true}]}}