{"id":22,"date":"2018-03-21T12:34:50","date_gmt":"2018-03-21T12:34:50","guid":{"rendered":"http:\/\/wordpress.ft.unicamp.br\/sbpoa\/?page_id=22"},"modified":"2025-07-11T01:24:11","modified_gmt":"2025-07-11T01:24:11","slug":"accommodation","status":"publish","type":"page","link":"https:\/\/wordpress.ft.unicamp.br\/sbpoa\/accommodation\/","title":{"rendered":"Acomoda\u00e7\u00f5es"},"content":{"rendered":"\t\t<div data-elementor-type=\"wp-page\" data-elementor-id=\"22\" class=\"elementor elementor-22\">\n\t\t\t\t\t\t<section class=\"elementor-section elementor-top-section elementor-element elementor-element-1861bcb7 elementor-section-boxed elementor-section-height-default elementor-section-height-default\" data-id=\"1861bcb7\" data-element_type=\"section\" data-e-type=\"section\">\n\t\t\t\t\t\t<div class=\"elementor-container elementor-column-gap-default\">\n\t\t\t\t\t<div class=\"elementor-column elementor-col-100 elementor-top-column elementor-element elementor-element-7e8c5828\" data-id=\"7e8c5828\" data-element_type=\"column\" data-e-type=\"column\">\n\t\t\t<div class=\"elementor-widget-wrap elementor-element-populated\">\n\t\t\t\t\t\t<div class=\"elementor-element elementor-element-15e7e072 elementor-widget elementor-widget-text-editor\" data-id=\"15e7e072\" data-element_type=\"widget\" data-e-type=\"widget\" data-widget_type=\"text-editor.default\">\n\t\t\t\t<div class=\"elementor-widget-container\">\n\t\t\t\t\t\t\t\t\t<p dir=\"ltr\" style=\"line-height: 1.295; margin-top: 0pt; margin-bottom: 8pt;\"><a style=\"text-decoration: none;\" href=\"https:\/\/carltonhoteis.com.br\/hotel-carlton-suites-limeira\/\" target=\"_blank\" rel=\"noopener\">Carlton Plaza Hotel<br><\/a>Localiza\u00e7\u00e3o: Pr\u00f3ximo ao local do evento (Faculdade de Tecnologia \u2013 UNICAMP).<br>Deslocamento em ve\u00edculo: 3 min (1,2 km).<br>Rua Boulevard de la Loi, n\u00ba 601<br>Centreville, Limeira \u2013 SP<br>CEP 13484-247<br>Phone: +55 19 2113-8989 | Whatsapp.: <a href=\"https:\/\/wa.me\/5519989967323\" target=\"_blank\" rel=\"noopener\">+55 19 98996-7323<\/a><br>E-mail: carltonlimeira@carltonhoteis.com.br<br>Site: <a href=\"https:\/\/carltonhoteis.com.br\/hotel-carlton-suites-limeira\/\" target=\"_blank\" rel=\"noopener\">https:\/\/carltonhoteis.com.br\/hotel-carlton-suites-limeira\/<\/a><a href=\"https:\/\/wordpress.ft.unicamp.br\/sbpoa\/tarifas-carlton\/\" target=\"_blank\" rel=\"noopener\"><br>Consulte as tarifas especiais de hospedagem dispon\u00edveis para os participantes do evento.<\/a><\/p>\n<p dir=\"ltr\">\n<\/p><p dir=\"ltr\" style=\"line-height: 1.295; margin-top: 0pt; margin-bottom: 8pt;\">\n<\/p><p dir=\"ltr\" style=\"line-height: 1.295; margin-top: 0pt; margin-bottom: 8pt;\"><a href=\"https:\/\/zaharahotel.com.br\/\" target=\"_blank\" rel=\"noopener\">Hotel ZAHARA<br><\/a>Localiza\u00e7\u00e3o: F\u00e1cil acesso \u00e0 Rodovia Anhanguera.<br>Deslocamento em ve\u00edculo: 12 &#8211; 20 min (8,4 km).<br>Rua Jos\u00e9 Jorge Rodrigues, 469<br>Vila Nova, Limeira \u2013 SP<br>CEP 13486-316<br>Phone: +55 19 3497-0900 | Whatsapp.: <a href=\"https:\/\/wa.me\/551934970900\" target=\"_blank\" rel=\"noopener\">+55 19 3497-0900<br><\/a>E-mail: reservas@hotelzahara.com.br<br>Site: <a href=\"https:\/\/zaharahotel.com.br\/\" target=\"_blank\" rel=\"noopener\">https:\/\/zaharahotel.com.br\/<\/a><a href=\"https:\/\/wordpress.ft.unicamp.br\/sbpoa\/tarifas-zahara\/\" target=\"_blank\" rel=\"noopener\"><br>Consulte as tarifas especiais de hospedagem dispon\u00edveis para os participantes do evento.<\/a><\/p>\n<p dir=\"ltr\">\n<\/p><p dir=\"ltr\" style=\"line-height: 1.295; margin-top: 0pt; margin-bottom: 8pt;\">\n<\/p><p dir=\"ltr\" style=\"line-height: 1.295; margin-top: 0pt; margin-bottom: 8pt;\"><a href=\"https:\/\/limeirasuites.com.br\/\" target=\"_blank\" rel=\"noopener\">Limeira Suites<\/a><br>Localiza\u00e7\u00e3o: Pr\u00f3ximo ao Limeira Shopping.<br>Deslocamento em ve\u00edculo: 9 \u2013 16 min (7,4 km).<br>Rua Miguel Guidote, 1295<br>Parque Egisto Ragazzo, Limeira \u2013 SP<br>CEP 13485-342<br>Phone:+55 19 3404-4488 | Whatsapp.: <a href=\"https:\/\/wa.me\/551934044488\" target=\"_blank\" rel=\"noopener\">+55 19 3404-4488<\/a><br>E-mail: reservas@limeirassuites.com.br<br>Site: <a href=\"https:\/\/limeirasuites.com.br\/\" target=\"_blank\" rel=\"noopener\">https:\/\/limeirasuites.com.br\/<\/a><br><a href=\"https:\/\/wordpress.ft.unicamp.br\/sbpoa\/tarifas-limeira-suites\/\">Consulte as tarifas especiais de hospedagem dispon\u00edveis para os participantes do evento.<\/a><\/p>\n<p dir=\"ltr\">\n<\/p><p dir=\"ltr\" style=\"line-height: 1.295; margin-top: 0pt; margin-bottom: 8pt;\">\n<\/p><p dir=\"ltr\" style=\"line-height: 1.295; margin-top: 0pt; margin-bottom: 8pt;\"><a href=\"https:\/\/www.fenixhoteis.com.br\/room\/f%C3%AAnix-hotel-limeira\" target=\"_blank\" rel=\"noopener\">F\u00eanix Hoteis<br><\/a>Localiza\u00e7\u00e3o: Pr\u00f3ximo ao Limeira Shopping<br>Deslocamento em ve\u00edculo: 10 \u2013 18 min (7,7 km)<br>Av. Ismael Ferreira dos Santos, 620<br>Parque Egisto Ragazzo, Limeira \u2013 SP<br>CEP 13485-344<br>Phone: +55 19 3441-8777 | Whatsapp.: <a href=\"https:\/\/wa.me\/551934418777\" target=\"_blank\" rel=\"noopener\">+55 19 3441-8777<\/a><br>E-mail: reservas.limeira@fenixhoteis.com.br<br>Site: <a href=\"https:\/\/www.fenixhoteis.com.br\/room\/f%C3%AAnix-hotel-limeira\" target=\"_blank\" rel=\"noopener\">https:\/\/www.fenixhoteis.com.br\/room\/f\u00eanix-hotel-limeira<br><\/a><a href=\"https:\/\/wordpress.ft.unicamp.br\/sbpoa\/tarifas-fenix-hoteis\/\" target=\"_blank\">Consulte as tarifas especiais de hospedagem dispon\u00edveis para os participantes do evento.<\/a><\/p>\n<p dir=\"ltr\">\n<\/p><p dir=\"ltr\" style=\"line-height: 1.295; margin-top: 0pt; margin-bottom: 8pt;\"><a href=\"https:\/\/www.nacionalinn.com.br\/hotel\/nacional-inn-limeira\" target=\"_blank\" rel=\"noopener\">Nacional Inn Limeira<br><\/a>Localiza\u00e7\u00e3o: Pr\u00f3ximo \u00e0 Rodovi\u00e1ria de Limeira.<br>Deslocamento em ve\u00edculo: 7 &#8211; 18 min (3,4 km).<br>Rua Bar\u00e3o de Campinas, 224<br>Centro, Limeira \u2013 SP<br>CEP 13480-210<br>Phone: +55 19 3446-5300 | Whatsapp.: <a href=\"https:\/\/wa.me\/551934418777\" target=\"_blank\" rel=\"noopener\">+55 19 3446-5300<\/a><br>Site: <a href=\"https:\/\/www.nacionalinn.com.br\/hotel\/nacional-inn-limeira\" target=\"_blank\" rel=\"noopener\">https:\/\/www.nacionalinn.com.br\/hotel\/nacional-inn-limeira&nbsp;<br><\/a><a href=\"https:\/\/wordpress.ft.unicamp.br\/sbpoa\/tarifas-hotel-nacional-inn\/\" target=\"_blank\">Consulte as tarifas especiais de hospedagem dispon\u00edveis para os participantes do evento.<\/a><a href=\"https:\/\/www.nacionalinn.com.br\/hotel\/nacional-inn-limeira\" target=\"_blank\" rel=\"noopener\"><br><\/a><\/p><h5 dir=\"ltr\">&nbsp;<\/h5><p dir=\"ltr\"><a href=\"https:\/\/wordpress.ft.unicamp.br\/sbpoa\/wp-content\/uploads\/sites\/90\/2025\/07\/MapaHoteis2-1.png\"><img decoding=\"async\" class=\"attachment-large size-large wp-image-498\" src=\"https:\/\/wordpress.ft.unicamp.br\/sbpoa\/wp-content\/uploads\/sites\/90\/2025\/07\/MapaHoteis2-1.png\" alt=\"\"><\/a><\/p>\t\t\t\t\t\t\t\t<\/div>\n\t\t\t\t<\/div>\n\t\t\t\t\t<\/div>\n\t\t<\/div>\n\t\t\t\t\t<\/div>\n\t\t<\/section>\n\t\t\t\t<\/div>\n\t\t","protected":false},"excerpt":{"rendered":"<p>Carlton Plaza HotelLocaliza\u00e7\u00e3o: Pr\u00f3ximo ao local do evento (Faculdade de Tecnologia \u2013 UNICAMP).Deslocamento em ve\u00edculo: 3 min (1,2 km).Rua Boulevard de la Loi, n\u00ba 601Centreville, Limeira \u2013 SPCEP 13484-247Phone: +55 19 2113-8989 | Whatsapp.: +55 19 98996-7323E-mail: carltonlimeira@carltonhoteis.com.brSite: https:\/\/carltonhoteis.com.br\/hotel-carlton-suites-limeira\/Consulte as&hellip; <\/p>\n","protected":false},"author":1,"featured_media":0,"parent":0,"menu_order":8,"comment_status":"closed","ping_status":"closed","template":"","meta":{"footnotes":""},"class_list":["post-22","page","type-page","status-publish","hentry"],"yoast_head":"<!-- This site is optimized with the Yoast SEO plugin v27.5 - https:\/\/yoast.com\/product\/yoast-seo-wordpress\/ -->\n<title>Acomoda\u00e7\u00f5es - I Simp\u00f3sio Brasileiro de Processos Oxidativos Avan\u00e7ados<\/title>\n<meta name=\"robots\" content=\"index, follow, max-snippet:-1, max-image-preview:large, max-video-preview:-1\" \/>\n<link rel=\"canonical\" href=\"https:\/\/wordpress.ft.unicamp.br\/sbpoa\/accommodation\/\" \/>\n<meta property=\"og:locale\" content=\"en_US\" \/>\n<meta property=\"og:type\" content=\"article\" \/>\n<meta property=\"og:title\" content=\"Acomoda\u00e7\u00f5es - I Simp\u00f3sio Brasileiro de Processos Oxidativos Avan\u00e7ados\" \/>\n<meta property=\"og:description\" content=\"Carlton Plaza HotelLocaliza\u00e7\u00e3o: Pr\u00f3ximo ao local do evento (Faculdade de Tecnologia \u2013 UNICAMP).Deslocamento em ve\u00edculo: 3 min (1,2 km).Rua Boulevard de la Loi, n\u00ba 601Centreville, Limeira \u2013 SPCEP 13484-247Phone: +55 19 2113-8989 | Whatsapp.: +55 19 98996-7323E-mail: carltonlimeira@carltonhoteis.com.brSite: https:\/\/carltonhoteis.com.br\/hotel-carlton-suites-limeira\/Consulte as&hellip;\" \/>\n<meta property=\"og:url\" content=\"https:\/\/wordpress.ft.unicamp.br\/sbpoa\/accommodation\/\" \/>\n<meta property=\"og:site_name\" content=\"I Simp\u00f3sio Brasileiro de Processos Oxidativos Avan\u00e7ados\" \/>\n<meta property=\"article:modified_time\" content=\"2025-07-11T01:24:11+00:00\" \/>\n<meta property=\"og:image\" content=\"https:\/\/wordpress.ft.unicamp.br\/sbpoa\/wp-content\/uploads\/sites\/90\/2025\/07\/MapaHoteis2-1.png\" \/>\n\t<meta property=\"og:image:width\" content=\"1\" \/>\n\t<meta property=\"og:image:height\" content=\"1\" \/>\n\t<meta property=\"og:image:type\" content=\"image\/png\" \/>\n<meta name=\"twitter:card\" content=\"summary_large_image\" \/>\n<meta name=\"twitter:label1\" content=\"Est. reading time\" \/>\n\t<meta name=\"twitter:data1\" content=\"2 minutes\" \/>\n<script type=\"application\/ld+json\" class=\"yoast-schema-graph\">{\"@context\":\"https:\\\/\\\/schema.org\",\"@graph\":[{\"@type\":\"WebPage\",\"@id\":\"https:\\\/\\\/wordpress.ft.unicamp.br\\\/sbpoa\\\/accommodation\\\/\",\"url\":\"https:\\\/\\\/wordpress.ft.unicamp.br\\\/sbpoa\\\/accommodation\\\/\",\"name\":\"Acomoda\u00e7\u00f5es - I Simp\u00f3sio Brasileiro de Processos Oxidativos Avan\u00e7ados\",\"isPartOf\":{\"@id\":\"https:\\\/\\\/wordpress.ft.unicamp.br\\\/sbpoa\\\/#website\"},\"primaryImageOfPage\":{\"@id\":\"https:\\\/\\\/wordpress.ft.unicamp.br\\\/sbpoa\\\/accommodation\\\/#primaryimage\"},\"image\":{\"@id\":\"https:\\\/\\\/wordpress.ft.unicamp.br\\\/sbpoa\\\/accommodation\\\/#primaryimage\"},\"thumbnailUrl\":\"https:\\\/\\\/wordpress.ft.unicamp.br\\\/sbpoa\\\/wp-content\\\/uploads\\\/sites\\\/90\\\/2025\\\/07\\\/MapaHoteis2-1.png\",\"datePublished\":\"2018-03-21T12:34:50+00:00\",\"dateModified\":\"2025-07-11T01:24:11+00:00\",\"breadcrumb\":{\"@id\":\"https:\\\/\\\/wordpress.ft.unicamp.br\\\/sbpoa\\\/accommodation\\\/#breadcrumb\"},\"inLanguage\":\"en-US\",\"potentialAction\":[{\"@type\":\"ReadAction\",\"target\":[\"https:\\\/\\\/wordpress.ft.unicamp.br\\\/sbpoa\\\/accommodation\\\/\"]}]},{\"@type\":\"ImageObject\",\"inLanguage\":\"en-US\",\"@id\":\"https:\\\/\\\/wordpress.ft.unicamp.br\\\/sbpoa\\\/accommodation\\\/#primaryimage\",\"url\":\"https:\\\/\\\/wordpress.ft.unicamp.br\\\/sbpoa\\\/wp-content\\\/uploads\\\/sites\\\/90\\\/2025\\\/07\\\/MapaHoteis2-1.png\",\"contentUrl\":\"https:\\\/\\\/wordpress.ft.unicamp.br\\\/sbpoa\\\/wp-content\\\/uploads\\\/sites\\\/90\\\/2025\\\/07\\\/MapaHoteis2-1.png\"},{\"@type\":\"BreadcrumbList\",\"@id\":\"https:\\\/\\\/wordpress.ft.unicamp.br\\\/sbpoa\\\/accommodation\\\/#breadcrumb\",\"itemListElement\":[{\"@type\":\"ListItem\",\"position\":1,\"name\":\"Home\",\"item\":\"https:\\\/\\\/wordpress.ft.unicamp.br\\\/sbpoa\\\/\"},{\"@type\":\"ListItem\",\"position\":2,\"name\":\"Acomoda\u00e7\u00f5es\"}]},{\"@type\":\"WebSite\",\"@id\":\"https:\\\/\\\/wordpress.ft.unicamp.br\\\/sbpoa\\\/#website\",\"url\":\"https:\\\/\\\/wordpress.ft.unicamp.br\\\/sbpoa\\\/\",\"name\":\"I Simp\u00f3sio Brasileiro de Processos Oxidativos Avan\u00e7ados\",\"description\":\"\",\"potentialAction\":[{\"@type\":\"SearchAction\",\"target\":{\"@type\":\"EntryPoint\",\"urlTemplate\":\"https:\\\/\\\/wordpress.ft.unicamp.br\\\/sbpoa\\\/?s={search_term_string}\"},\"query-input\":{\"@type\":\"PropertyValueSpecification\",\"valueRequired\":true,\"valueName\":\"search_term_string\"}}],\"inLanguage\":\"en-US\"}]}<\/script>\n<!-- \/ Yoast SEO plugin. -->","yoast_head_json":{"title":"Acomoda\u00e7\u00f5es - I Simp\u00f3sio Brasileiro de Processos Oxidativos Avan\u00e7ados","robots":{"index":"index","follow":"follow","max-snippet":"max-snippet:-1","max-image-preview":"max-image-preview:large","max-video-preview":"max-video-preview:-1"},"canonical":"https:\/\/wordpress.ft.unicamp.br\/sbpoa\/accommodation\/","og_locale":"en_US","og_type":"article","og_title":"Acomoda\u00e7\u00f5es - I Simp\u00f3sio Brasileiro de Processos Oxidativos Avan\u00e7ados","og_description":"Carlton Plaza HotelLocaliza\u00e7\u00e3o: Pr\u00f3ximo ao local do evento (Faculdade de Tecnologia \u2013 UNICAMP).Deslocamento em ve\u00edculo: 3 min (1,2 km).Rua Boulevard de la Loi, n\u00ba 601Centreville, Limeira \u2013 SPCEP 13484-247Phone: +55 19 2113-8989 | Whatsapp.: +55 19 98996-7323E-mail: carltonlimeira@carltonhoteis.com.brSite: https:\/\/carltonhoteis.com.br\/hotel-carlton-suites-limeira\/Consulte as&hellip;","og_url":"https:\/\/wordpress.ft.unicamp.br\/sbpoa\/accommodation\/","og_site_name":"I Simp\u00f3sio Brasileiro de Processos Oxidativos Avan\u00e7ados","article_modified_time":"2025-07-11T01:24:11+00:00","og_image":[{"url":"https:\/\/wordpress.ft.unicamp.br\/sbpoa\/wp-content\/uploads\/sites\/90\/2025\/07\/MapaHoteis2-1.png","width":1,"height":1,"type":"image\/png"}],"twitter_card":"summary_large_image","twitter_misc":{"Est. reading time":"2 minutes"},"schema":{"@context":"https:\/\/schema.org","@graph":[{"@type":"WebPage","@id":"https:\/\/wordpress.ft.unicamp.br\/sbpoa\/accommodation\/","url":"https:\/\/wordpress.ft.unicamp.br\/sbpoa\/accommodation\/","name":"Acomoda\u00e7\u00f5es - I Simp\u00f3sio Brasileiro de Processos Oxidativos Avan\u00e7ados","isPartOf":{"@id":"https:\/\/wordpress.ft.unicamp.br\/sbpoa\/#website"},"primaryImageOfPage":{"@id":"https:\/\/wordpress.ft.unicamp.br\/sbpoa\/accommodation\/#primaryimage"},"image":{"@id":"https:\/\/wordpress.ft.unicamp.br\/sbpoa\/accommodation\/#primaryimage"},"thumbnailUrl":"https:\/\/wordpress.ft.unicamp.br\/sbpoa\/wp-content\/uploads\/sites\/90\/2025\/07\/MapaHoteis2-1.png","datePublished":"2018-03-21T12:34:50+00:00","dateModified":"2025-07-11T01:24:11+00:00","breadcrumb":{"@id":"https:\/\/wordpress.ft.unicamp.br\/sbpoa\/accommodation\/#breadcrumb"},"inLanguage":"en-US","potentialAction":[{"@type":"ReadAction","target":["https:\/\/wordpress.ft.unicamp.br\/sbpoa\/accommodation\/"]}]},{"@type":"ImageObject","inLanguage":"en-US","@id":"https:\/\/wordpress.ft.unicamp.br\/sbpoa\/accommodation\/#primaryimage","url":"https:\/\/wordpress.ft.unicamp.br\/sbpoa\/wp-content\/uploads\/sites\/90\/2025\/07\/MapaHoteis2-1.png","contentUrl":"https:\/\/wordpress.ft.unicamp.br\/sbpoa\/wp-content\/uploads\/sites\/90\/2025\/07\/MapaHoteis2-1.png"},{"@type":"BreadcrumbList","@id":"https:\/\/wordpress.ft.unicamp.br\/sbpoa\/accommodation\/#breadcrumb","itemListElement":[{"@type":"ListItem","position":1,"name":"Home","item":"https:\/\/wordpress.ft.unicamp.br\/sbpoa\/"},{"@type":"ListItem","position":2,"name":"Acomoda\u00e7\u00f5es"}]},{"@type":"WebSite","@id":"https:\/\/wordpress.ft.unicamp.br\/sbpoa\/#website","url":"https:\/\/wordpress.ft.unicamp.br\/sbpoa\/","name":"I Simp\u00f3sio Brasileiro de Processos Oxidativos Avan\u00e7ados","description":"","potentialAction":[{"@type":"SearchAction","target":{"@type":"EntryPoint","urlTemplate":"https:\/\/wordpress.ft.unicamp.br\/sbpoa\/?s={search_term_string}"},"query-input":{"@type":"PropertyValueSpecification","valueRequired":true,"valueName":"search_term_string"}}],"inLanguage":"en-US"}]}},"_links":{"self":[{"href":"https:\/\/wordpress.ft.unicamp.br\/sbpoa\/wp-json\/wp\/v2\/pages\/22","targetHints":{"allow":["GET"]}}],"collection":[{"href":"https:\/\/wordpress.ft.unicamp.br\/sbpoa\/wp-json\/wp\/v2\/pages"}],"about":[{"href":"https:\/\/wordpress.ft.unicamp.br\/sbpoa\/wp-json\/wp\/v2\/types\/page"}],"author":[{"embeddable":true,"href":"https:\/\/wordpress.ft.unicamp.br\/sbpoa\/wp-json\/wp\/v2\/users\/1"}],"replies":[{"embeddable":true,"href":"https:\/\/wordpress.ft.unicamp.br\/sbpoa\/wp-json\/wp\/v2\/comments?post=22"}],"version-history":[{"count":137,"href":"https:\/\/wordpress.ft.unicamp.br\/sbpoa\/wp-json\/wp\/v2\/pages\/22\/revisions"}],"predecessor-version":[{"id":625,"href":"https:\/\/wordpress.ft.unicamp.br\/sbpoa\/wp-json\/wp\/v2\/pages\/22\/revisions\/625"}],"wp:attachment":[{"href":"https:\/\/wordpress.ft.unicamp.br\/sbpoa\/wp-json\/wp\/v2\/media?parent=22"}],"curies":[{"name":"wp","href":"https:\/\/api.w.org\/{rel}","templated":true}]}}