{"id":527,"date":"2025-07-09T00:10:12","date_gmt":"2025-07-09T00:10:12","guid":{"rendered":"https:\/\/wordpress.ft.unicamp.br\/sbpoa\/?page_id=527"},"modified":"2025-07-09T00:27:07","modified_gmt":"2025-07-09T00:27:07","slug":"tarifas","status":"publish","type":"page","link":"https:\/\/wordpress.ft.unicamp.br\/sbpoa\/tarifas\/","title":{"rendered":"Tarifas"},"content":{"rendered":"\n<p><strong>Hotel Carlton<\/strong><br>Valor (di\u00e1ria c\/ caf\u00e9 da manh\u00e3):<br>Single (1 pessoa): R$ 210,00<br>Duplo (2 pessoas): R$ 230,00<br>Triplo (3 pessoas): R$ 270,00<\/p>\n\n\n\n<p>Para verificar disponibilidade de quartos conforme a tarifa indicada, entrar em contato com o hotel por e-mail (carltonlimeira@carltonhoteis.com.br) e solicitar a tarifa UNICAMP ao realizar a reserva.<\/p>\n\n\n\n<p><\/p>\n\n\n\n<p><strong>Hotel Zahara<\/strong><br>As tarifas do hotel podem ser visualizadas no site conforme a op\u00e7\u00e3o de quarto.<br>Cupom de desconto dispon\u00edvel: 1SBPOA<\/p>\n\n\n\n<p>Para utilizar o cupom de desconto, siga os seguintes passos:<br>1- Acesse: hotelzahara.com.br<br>2- Selecione a data de check-in, check-out e o n\u00famero de h\u00f3spedes.<br>3- Clique em &#8220;Buscar&#8221;.<br>4- Escolha a categoria de quarto desejada e clique em &#8220;Escolher&#8221;.<br>5- Preencha o e-mail e os dados solicitados.<br>6- Na etapa de pagamento, insira o cupom de desconto: 1SBPOA<\/p>\n\n\n\n<p><\/p>\n\n\n\n<p><strong>Hotel Limeira Su\u00edtes<\/strong><br>Valor (di\u00e1ria c\/ caf\u00e9 da manh\u00e3):<br>Single (1 pessoa \u2013 cama de solteiro): R$ 200,00<br>Single (1 pessoa \u2013 cama de casal): R$ 245,00<br>Duplo (2 pessoas): R$ 295,00<br>Triplo (3 pessoas): R$ 350,00<\/p>\n\n\n\n<p>Para verificar disponibilidade de quartos conforme a tarifa indicada, entrar em contato com o hotel por telefone ou WhatsApp (19 3404-4488) e informar que participar\u00e1 do Simp\u00f3sio na UNICAMP.<\/p>\n\n\n\n<p><\/p>\n\n\n\n<p><strong>Hotel Nacional Inn:<\/strong><br>Valor (di\u00e1ria c\/ caf\u00e9 da manh\u00e3):<br>Apartamento Single (1 pessoa): R$ 220,00<br>Apartamento Duplo (2 pessoas): R$ 280,00<br>Apartamento Triplo (3 pessoas): R$ 300,00<\/p>\n\n\n\n<p>Para verificar disponibilidade de quartos conforme a tarifa indicada, entrar em contato com o hotel por telefone ou WhatsApp (19 3446-5300) e informar que participar\u00e1 do Simp\u00f3sio na UNICAMP.<\/p>\n\n\n\n<p><\/p>\n\n\n\n<p><strong>F\u00eanix Hot\u00e9is<\/strong><br>Valores (di\u00e1ria c\/ caf\u00e9 da manh\u00e3)<br>Standard Single (1 pessoa): R$ 210,00<br>Standard Duplo (2 pessoas): R$ 240,00<br>Standard Triplo (3 pessoas): R$ 290,00<\/p>\n\n\n\n<p>Para verificar disponibilidade de quartos conforme a tarifa indicada, entrar em contato com o hotel por e-mail (reservas.limeira@fenixhoteis.com.br), telefone ou WhatsApp (19 3441-8777) e informar que participar\u00e1 do Congresso SBPOA<\/p>\n","protected":false},"excerpt":{"rendered":"<p>Hotel CarltonValor (di\u00e1ria c\/ caf\u00e9 da manh\u00e3):Single (1 pessoa): R$ 210,00Duplo (2 pessoas): R$ 230,00Triplo (3 pessoas): R$ 270,00 Para verificar disponibilidade de quartos conforme a tarifa indicada, entrar em contato com o hotel por e-mail (carltonlimeira@carltonhoteis.com.br) e solicitar a&hellip; <\/p>\n","protected":false},"author":2,"featured_media":0,"parent":0,"menu_order":0,"comment_status":"closed","ping_status":"closed","template":"","meta":{"footnotes":""},"class_list":["post-527","page","type-page","status-publish","hentry"],"yoast_head":"<!-- This site is optimized with the Yoast SEO plugin v27.3 - https:\/\/yoast.com\/product\/yoast-seo-wordpress\/ -->\n<title>Tarifas - I Simp\u00f3sio Brasileiro de Processos Oxidativos Avan\u00e7ados<\/title>\n<meta name=\"robots\" content=\"index, follow, max-snippet:-1, max-image-preview:large, max-video-preview:-1\" \/>\n<link rel=\"canonical\" href=\"https:\/\/wordpress.ft.unicamp.br\/sbpoa\/tarifas\/\" \/>\n<meta property=\"og:locale\" content=\"en_US\" \/>\n<meta property=\"og:type\" content=\"article\" \/>\n<meta property=\"og:title\" content=\"Tarifas - I Simp\u00f3sio Brasileiro de Processos Oxidativos Avan\u00e7ados\" \/>\n<meta property=\"og:description\" content=\"Hotel CarltonValor (di\u00e1ria c\/ caf\u00e9 da manh\u00e3):Single (1 pessoa): R$ 210,00Duplo (2 pessoas): R$ 230,00Triplo (3 pessoas): R$ 270,00 Para verificar disponibilidade de quartos conforme a tarifa indicada, entrar em contato com o hotel por e-mail (carltonlimeira@carltonhoteis.com.br) e solicitar a&hellip;\" \/>\n<meta property=\"og:url\" content=\"https:\/\/wordpress.ft.unicamp.br\/sbpoa\/tarifas\/\" \/>\n<meta property=\"og:site_name\" content=\"I Simp\u00f3sio Brasileiro de Processos Oxidativos Avan\u00e7ados\" \/>\n<meta property=\"article:modified_time\" content=\"2025-07-09T00:27:07+00:00\" \/>\n<meta name=\"twitter:card\" content=\"summary_large_image\" \/>\n<meta name=\"twitter:label1\" content=\"Est. reading time\" \/>\n\t<meta name=\"twitter:data1\" content=\"2 minutes\" \/>\n<script type=\"application\/ld+json\" class=\"yoast-schema-graph\">{\"@context\":\"https:\\\/\\\/schema.org\",\"@graph\":[{\"@type\":\"WebPage\",\"@id\":\"https:\\\/\\\/wordpress.ft.unicamp.br\\\/sbpoa\\\/tarifas\\\/\",\"url\":\"https:\\\/\\\/wordpress.ft.unicamp.br\\\/sbpoa\\\/tarifas\\\/\",\"name\":\"Tarifas - I Simp\u00f3sio Brasileiro de Processos Oxidativos Avan\u00e7ados\",\"isPartOf\":{\"@id\":\"https:\\\/\\\/wordpress.ft.unicamp.br\\\/sbpoa\\\/#website\"},\"datePublished\":\"2025-07-09T00:10:12+00:00\",\"dateModified\":\"2025-07-09T00:27:07+00:00\",\"breadcrumb\":{\"@id\":\"https:\\\/\\\/wordpress.ft.unicamp.br\\\/sbpoa\\\/tarifas\\\/#breadcrumb\"},\"inLanguage\":\"en-US\",\"potentialAction\":[{\"@type\":\"ReadAction\",\"target\":[\"https:\\\/\\\/wordpress.ft.unicamp.br\\\/sbpoa\\\/tarifas\\\/\"]}]},{\"@type\":\"BreadcrumbList\",\"@id\":\"https:\\\/\\\/wordpress.ft.unicamp.br\\\/sbpoa\\\/tarifas\\\/#breadcrumb\",\"itemListElement\":[{\"@type\":\"ListItem\",\"position\":1,\"name\":\"Home\",\"item\":\"https:\\\/\\\/wordpress.ft.unicamp.br\\\/sbpoa\\\/\"},{\"@type\":\"ListItem\",\"position\":2,\"name\":\"Tarifas\"}]},{\"@type\":\"WebSite\",\"@id\":\"https:\\\/\\\/wordpress.ft.unicamp.br\\\/sbpoa\\\/#website\",\"url\":\"https:\\\/\\\/wordpress.ft.unicamp.br\\\/sbpoa\\\/\",\"name\":\"I Simp\u00f3sio Brasileiro de Processos Oxidativos Avan\u00e7ados\",\"description\":\"\",\"potentialAction\":[{\"@type\":\"SearchAction\",\"target\":{\"@type\":\"EntryPoint\",\"urlTemplate\":\"https:\\\/\\\/wordpress.ft.unicamp.br\\\/sbpoa\\\/?s={search_term_string}\"},\"query-input\":{\"@type\":\"PropertyValueSpecification\",\"valueRequired\":true,\"valueName\":\"search_term_string\"}}],\"inLanguage\":\"en-US\"}]}<\/script>\n<!-- \/ Yoast SEO plugin. -->","yoast_head_json":{"title":"Tarifas - I Simp\u00f3sio Brasileiro de Processos Oxidativos Avan\u00e7ados","robots":{"index":"index","follow":"follow","max-snippet":"max-snippet:-1","max-image-preview":"max-image-preview:large","max-video-preview":"max-video-preview:-1"},"canonical":"https:\/\/wordpress.ft.unicamp.br\/sbpoa\/tarifas\/","og_locale":"en_US","og_type":"article","og_title":"Tarifas - I Simp\u00f3sio Brasileiro de Processos Oxidativos Avan\u00e7ados","og_description":"Hotel CarltonValor (di\u00e1ria c\/ caf\u00e9 da manh\u00e3):Single (1 pessoa): R$ 210,00Duplo (2 pessoas): R$ 230,00Triplo (3 pessoas): R$ 270,00 Para verificar disponibilidade de quartos conforme a tarifa indicada, entrar em contato com o hotel por e-mail (carltonlimeira@carltonhoteis.com.br) e solicitar a&hellip;","og_url":"https:\/\/wordpress.ft.unicamp.br\/sbpoa\/tarifas\/","og_site_name":"I Simp\u00f3sio Brasileiro de Processos Oxidativos Avan\u00e7ados","article_modified_time":"2025-07-09T00:27:07+00:00","twitter_card":"summary_large_image","twitter_misc":{"Est. reading time":"2 minutes"},"schema":{"@context":"https:\/\/schema.org","@graph":[{"@type":"WebPage","@id":"https:\/\/wordpress.ft.unicamp.br\/sbpoa\/tarifas\/","url":"https:\/\/wordpress.ft.unicamp.br\/sbpoa\/tarifas\/","name":"Tarifas - I Simp\u00f3sio Brasileiro de Processos Oxidativos Avan\u00e7ados","isPartOf":{"@id":"https:\/\/wordpress.ft.unicamp.br\/sbpoa\/#website"},"datePublished":"2025-07-09T00:10:12+00:00","dateModified":"2025-07-09T00:27:07+00:00","breadcrumb":{"@id":"https:\/\/wordpress.ft.unicamp.br\/sbpoa\/tarifas\/#breadcrumb"},"inLanguage":"en-US","potentialAction":[{"@type":"ReadAction","target":["https:\/\/wordpress.ft.unicamp.br\/sbpoa\/tarifas\/"]}]},{"@type":"BreadcrumbList","@id":"https:\/\/wordpress.ft.unicamp.br\/sbpoa\/tarifas\/#breadcrumb","itemListElement":[{"@type":"ListItem","position":1,"name":"Home","item":"https:\/\/wordpress.ft.unicamp.br\/sbpoa\/"},{"@type":"ListItem","position":2,"name":"Tarifas"}]},{"@type":"WebSite","@id":"https:\/\/wordpress.ft.unicamp.br\/sbpoa\/#website","url":"https:\/\/wordpress.ft.unicamp.br\/sbpoa\/","name":"I Simp\u00f3sio Brasileiro de Processos Oxidativos Avan\u00e7ados","description":"","potentialAction":[{"@type":"SearchAction","target":{"@type":"EntryPoint","urlTemplate":"https:\/\/wordpress.ft.unicamp.br\/sbpoa\/?s={search_term_string}"},"query-input":{"@type":"PropertyValueSpecification","valueRequired":true,"valueName":"search_term_string"}}],"inLanguage":"en-US"}]}},"_links":{"self":[{"href":"https:\/\/wordpress.ft.unicamp.br\/sbpoa\/wp-json\/wp\/v2\/pages\/527","targetHints":{"allow":["GET"]}}],"collection":[{"href":"https:\/\/wordpress.ft.unicamp.br\/sbpoa\/wp-json\/wp\/v2\/pages"}],"about":[{"href":"https:\/\/wordpress.ft.unicamp.br\/sbpoa\/wp-json\/wp\/v2\/types\/page"}],"author":[{"embeddable":true,"href":"https:\/\/wordpress.ft.unicamp.br\/sbpoa\/wp-json\/wp\/v2\/users\/2"}],"replies":[{"embeddable":true,"href":"https:\/\/wordpress.ft.unicamp.br\/sbpoa\/wp-json\/wp\/v2\/comments?post=527"}],"version-history":[{"count":2,"href":"https:\/\/wordpress.ft.unicamp.br\/sbpoa\/wp-json\/wp\/v2\/pages\/527\/revisions"}],"predecessor-version":[{"id":529,"href":"https:\/\/wordpress.ft.unicamp.br\/sbpoa\/wp-json\/wp\/v2\/pages\/527\/revisions\/529"}],"wp:attachment":[{"href":"https:\/\/wordpress.ft.unicamp.br\/sbpoa\/wp-json\/wp\/v2\/media?parent=527"}],"curies":[{"name":"wp","href":"https:\/\/api.w.org\/{rel}","templated":true}]}}