{"id":597,"date":"2025-07-11T01:14:41","date_gmt":"2025-07-11T01:14:41","guid":{"rendered":"https:\/\/wordpress.ft.unicamp.br\/sbpoa\/?page_id=597"},"modified":"2025-07-11T01:22:33","modified_gmt":"2025-07-11T01:22:33","slug":"tarifas-limeira-suites","status":"publish","type":"page","link":"https:\/\/wordpress.ft.unicamp.br\/sbpoa\/tarifas-limeira-suites\/","title":{"rendered":"Tarifas Limeira Su\u00edtes"},"content":{"rendered":"\t\t<div data-elementor-type=\"wp-page\" data-elementor-id=\"597\" class=\"elementor elementor-597\">\n\t\t\t\t\t\t<section class=\"elementor-section elementor-top-section elementor-element elementor-element-de46b2a elementor-section-boxed elementor-section-height-default elementor-section-height-default\" data-id=\"de46b2a\" data-element_type=\"section\" data-e-type=\"section\">\n\t\t\t\t\t\t<div class=\"elementor-container elementor-column-gap-default\">\n\t\t\t\t\t<div class=\"elementor-column elementor-col-100 elementor-top-column elementor-element elementor-element-cac518c\" data-id=\"cac518c\" data-element_type=\"column\" data-e-type=\"column\">\n\t\t\t<div class=\"elementor-widget-wrap elementor-element-populated\">\n\t\t\t\t\t\t<div class=\"elementor-element elementor-element-cd97ed9 elementor-widget elementor-widget-text-editor\" data-id=\"cd97ed9\" data-element_type=\"widget\" data-e-type=\"widget\" data-widget_type=\"text-editor.default\">\n\t\t\t\t<div class=\"elementor-widget-container\">\n\t\t\t\t\t\t\t\t\t<p><strong>Hotel Limeira Su\u00edtes<\/strong><br \/>Valor (di\u00e1ria c\/ caf\u00e9 da manh\u00e3):<br \/>Single (1 pessoa \u2013 cama de solteiro): R$ 200,00<br \/>Single (1 pessoa \u2013 cama de casal): R$ 245,00<br \/>Duplo (2 pessoas): R$ 295,00<br \/>Triplo (3 pessoas): R$ 350,00<\/p><p>Para verificar disponibilidade de quartos conforme a tarifa indicada, entrar em contato com o hotel por telefone ou WhatsApp (19 3404-4488) e informar que participar\u00e1 do Simp\u00f3sio na UNICAMP.<\/p>\t\t\t\t\t\t\t\t<\/div>\n\t\t\t\t<\/div>\n\t\t\t\t\t<\/div>\n\t\t<\/div>\n\t\t\t\t\t<\/div>\n\t\t<\/section>\n\t\t\t\t<\/div>\n\t\t","protected":false},"excerpt":{"rendered":"<p>Hotel Limeira Su\u00edtesValor (di\u00e1ria c\/ caf\u00e9 da manh\u00e3):Single (1 pessoa \u2013 cama de solteiro): R$ 200,00Single (1 pessoa \u2013 cama de casal): R$ 245,00Duplo (2 pessoas): R$ 295,00Triplo (3 pessoas): R$ 350,00 Para verificar disponibilidade de quartos conforme a tarifa&hellip; <\/p>\n","protected":false},"author":2,"featured_media":0,"parent":0,"menu_order":0,"comment_status":"closed","ping_status":"closed","template":"","meta":{"footnotes":""},"class_list":["post-597","page","type-page","status-publish","hentry"],"yoast_head":"<!-- This site is optimized with the Yoast SEO plugin v27.5 - https:\/\/yoast.com\/product\/yoast-seo-wordpress\/ -->\n<title>Tarifas Limeira Su\u00edtes - I Simp\u00f3sio Brasileiro de Processos Oxidativos Avan\u00e7ados<\/title>\n<meta name=\"robots\" content=\"index, follow, max-snippet:-1, max-image-preview:large, max-video-preview:-1\" \/>\n<link rel=\"canonical\" href=\"https:\/\/wordpress.ft.unicamp.br\/sbpoa\/tarifas-limeira-suites\/\" \/>\n<meta property=\"og:locale\" content=\"en_US\" \/>\n<meta property=\"og:type\" content=\"article\" \/>\n<meta property=\"og:title\" content=\"Tarifas Limeira Su\u00edtes - I Simp\u00f3sio Brasileiro de Processos Oxidativos Avan\u00e7ados\" \/>\n<meta property=\"og:description\" content=\"Hotel Limeira Su\u00edtesValor (di\u00e1ria c\/ caf\u00e9 da manh\u00e3):Single (1 pessoa \u2013 cama de solteiro): R$ 200,00Single (1 pessoa \u2013 cama de casal): R$ 245,00Duplo (2 pessoas): R$ 295,00Triplo (3 pessoas): R$ 350,00 Para verificar disponibilidade de quartos conforme a tarifa&hellip;\" \/>\n<meta property=\"og:url\" content=\"https:\/\/wordpress.ft.unicamp.br\/sbpoa\/tarifas-limeira-suites\/\" \/>\n<meta property=\"og:site_name\" content=\"I Simp\u00f3sio Brasileiro de Processos Oxidativos Avan\u00e7ados\" \/>\n<meta property=\"article:modified_time\" content=\"2025-07-11T01:22:33+00:00\" \/>\n<meta name=\"twitter:card\" content=\"summary_large_image\" \/>\n<meta name=\"twitter:label1\" content=\"Est. reading time\" \/>\n\t<meta name=\"twitter:data1\" content=\"1 minute\" \/>\n<script type=\"application\/ld+json\" class=\"yoast-schema-graph\">{\"@context\":\"https:\\\/\\\/schema.org\",\"@graph\":[{\"@type\":\"WebPage\",\"@id\":\"https:\\\/\\\/wordpress.ft.unicamp.br\\\/sbpoa\\\/tarifas-limeira-suites\\\/\",\"url\":\"https:\\\/\\\/wordpress.ft.unicamp.br\\\/sbpoa\\\/tarifas-limeira-suites\\\/\",\"name\":\"Tarifas Limeira Su\u00edtes - I Simp\u00f3sio Brasileiro de Processos Oxidativos Avan\u00e7ados\",\"isPartOf\":{\"@id\":\"https:\\\/\\\/wordpress.ft.unicamp.br\\\/sbpoa\\\/#website\"},\"datePublished\":\"2025-07-11T01:14:41+00:00\",\"dateModified\":\"2025-07-11T01:22:33+00:00\",\"breadcrumb\":{\"@id\":\"https:\\\/\\\/wordpress.ft.unicamp.br\\\/sbpoa\\\/tarifas-limeira-suites\\\/#breadcrumb\"},\"inLanguage\":\"en-US\",\"potentialAction\":[{\"@type\":\"ReadAction\",\"target\":[\"https:\\\/\\\/wordpress.ft.unicamp.br\\\/sbpoa\\\/tarifas-limeira-suites\\\/\"]}]},{\"@type\":\"BreadcrumbList\",\"@id\":\"https:\\\/\\\/wordpress.ft.unicamp.br\\\/sbpoa\\\/tarifas-limeira-suites\\\/#breadcrumb\",\"itemListElement\":[{\"@type\":\"ListItem\",\"position\":1,\"name\":\"Home\",\"item\":\"https:\\\/\\\/wordpress.ft.unicamp.br\\\/sbpoa\\\/\"},{\"@type\":\"ListItem\",\"position\":2,\"name\":\"Tarifas Limeira Su\u00edtes\"}]},{\"@type\":\"WebSite\",\"@id\":\"https:\\\/\\\/wordpress.ft.unicamp.br\\\/sbpoa\\\/#website\",\"url\":\"https:\\\/\\\/wordpress.ft.unicamp.br\\\/sbpoa\\\/\",\"name\":\"I Simp\u00f3sio Brasileiro de Processos Oxidativos Avan\u00e7ados\",\"description\":\"\",\"potentialAction\":[{\"@type\":\"SearchAction\",\"target\":{\"@type\":\"EntryPoint\",\"urlTemplate\":\"https:\\\/\\\/wordpress.ft.unicamp.br\\\/sbpoa\\\/?s={search_term_string}\"},\"query-input\":{\"@type\":\"PropertyValueSpecification\",\"valueRequired\":true,\"valueName\":\"search_term_string\"}}],\"inLanguage\":\"en-US\"}]}<\/script>\n<!-- \/ Yoast SEO plugin. -->","yoast_head_json":{"title":"Tarifas Limeira Su\u00edtes - I Simp\u00f3sio Brasileiro de Processos Oxidativos Avan\u00e7ados","robots":{"index":"index","follow":"follow","max-snippet":"max-snippet:-1","max-image-preview":"max-image-preview:large","max-video-preview":"max-video-preview:-1"},"canonical":"https:\/\/wordpress.ft.unicamp.br\/sbpoa\/tarifas-limeira-suites\/","og_locale":"en_US","og_type":"article","og_title":"Tarifas Limeira Su\u00edtes - I Simp\u00f3sio Brasileiro de Processos Oxidativos Avan\u00e7ados","og_description":"Hotel Limeira Su\u00edtesValor (di\u00e1ria c\/ caf\u00e9 da manh\u00e3):Single (1 pessoa \u2013 cama de solteiro): R$ 200,00Single (1 pessoa \u2013 cama de casal): R$ 245,00Duplo (2 pessoas): R$ 295,00Triplo (3 pessoas): R$ 350,00 Para verificar disponibilidade de quartos conforme a tarifa&hellip;","og_url":"https:\/\/wordpress.ft.unicamp.br\/sbpoa\/tarifas-limeira-suites\/","og_site_name":"I Simp\u00f3sio Brasileiro de Processos Oxidativos Avan\u00e7ados","article_modified_time":"2025-07-11T01:22:33+00:00","twitter_card":"summary_large_image","twitter_misc":{"Est. reading time":"1 minute"},"schema":{"@context":"https:\/\/schema.org","@graph":[{"@type":"WebPage","@id":"https:\/\/wordpress.ft.unicamp.br\/sbpoa\/tarifas-limeira-suites\/","url":"https:\/\/wordpress.ft.unicamp.br\/sbpoa\/tarifas-limeira-suites\/","name":"Tarifas Limeira Su\u00edtes - I Simp\u00f3sio Brasileiro de Processos Oxidativos Avan\u00e7ados","isPartOf":{"@id":"https:\/\/wordpress.ft.unicamp.br\/sbpoa\/#website"},"datePublished":"2025-07-11T01:14:41+00:00","dateModified":"2025-07-11T01:22:33+00:00","breadcrumb":{"@id":"https:\/\/wordpress.ft.unicamp.br\/sbpoa\/tarifas-limeira-suites\/#breadcrumb"},"inLanguage":"en-US","potentialAction":[{"@type":"ReadAction","target":["https:\/\/wordpress.ft.unicamp.br\/sbpoa\/tarifas-limeira-suites\/"]}]},{"@type":"BreadcrumbList","@id":"https:\/\/wordpress.ft.unicamp.br\/sbpoa\/tarifas-limeira-suites\/#breadcrumb","itemListElement":[{"@type":"ListItem","position":1,"name":"Home","item":"https:\/\/wordpress.ft.unicamp.br\/sbpoa\/"},{"@type":"ListItem","position":2,"name":"Tarifas Limeira Su\u00edtes"}]},{"@type":"WebSite","@id":"https:\/\/wordpress.ft.unicamp.br\/sbpoa\/#website","url":"https:\/\/wordpress.ft.unicamp.br\/sbpoa\/","name":"I Simp\u00f3sio Brasileiro de Processos Oxidativos Avan\u00e7ados","description":"","potentialAction":[{"@type":"SearchAction","target":{"@type":"EntryPoint","urlTemplate":"https:\/\/wordpress.ft.unicamp.br\/sbpoa\/?s={search_term_string}"},"query-input":{"@type":"PropertyValueSpecification","valueRequired":true,"valueName":"search_term_string"}}],"inLanguage":"en-US"}]}},"_links":{"self":[{"href":"https:\/\/wordpress.ft.unicamp.br\/sbpoa\/wp-json\/wp\/v2\/pages\/597","targetHints":{"allow":["GET"]}}],"collection":[{"href":"https:\/\/wordpress.ft.unicamp.br\/sbpoa\/wp-json\/wp\/v2\/pages"}],"about":[{"href":"https:\/\/wordpress.ft.unicamp.br\/sbpoa\/wp-json\/wp\/v2\/types\/page"}],"author":[{"embeddable":true,"href":"https:\/\/wordpress.ft.unicamp.br\/sbpoa\/wp-json\/wp\/v2\/users\/2"}],"replies":[{"embeddable":true,"href":"https:\/\/wordpress.ft.unicamp.br\/sbpoa\/wp-json\/wp\/v2\/comments?post=597"}],"version-history":[{"count":5,"href":"https:\/\/wordpress.ft.unicamp.br\/sbpoa\/wp-json\/wp\/v2\/pages\/597\/revisions"}],"predecessor-version":[{"id":615,"href":"https:\/\/wordpress.ft.unicamp.br\/sbpoa\/wp-json\/wp\/v2\/pages\/597\/revisions\/615"}],"wp:attachment":[{"href":"https:\/\/wordpress.ft.unicamp.br\/sbpoa\/wp-json\/wp\/v2\/media?parent=597"}],"curies":[{"name":"wp","href":"https:\/\/api.w.org\/{rel}","templated":true}]}}