{"id":673,"date":"2025-09-01T19:10:47","date_gmt":"2025-09-01T19:10:47","guid":{"rendered":"https:\/\/wordpress.ft.unicamp.br\/sbpoa\/?page_id=673"},"modified":"2025-09-01T20:18:02","modified_gmt":"2025-09-01T20:18:02","slug":"como-chegar","status":"publish","type":"page","link":"https:\/\/wordpress.ft.unicamp.br\/sbpoa\/como-chegar\/","title":{"rendered":"Como chegar?"},"content":{"rendered":"\t\t<div data-elementor-type=\"wp-page\" data-elementor-id=\"673\" class=\"elementor elementor-673\">\n\t\t\t\t\t\t<section class=\"elementor-section elementor-top-section elementor-element elementor-element-da5ff4d elementor-section-boxed elementor-section-height-default elementor-section-height-default\" data-id=\"da5ff4d\" data-element_type=\"section\" data-e-type=\"section\">\n\t\t\t\t\t\t<div class=\"elementor-container elementor-column-gap-default\">\n\t\t\t\t\t<div class=\"elementor-column elementor-col-100 elementor-top-column elementor-element elementor-element-4f71456\" data-id=\"4f71456\" data-element_type=\"column\" data-e-type=\"column\">\n\t\t\t<div class=\"elementor-widget-wrap elementor-element-populated\">\n\t\t\t\t\t\t<div class=\"elementor-element elementor-element-ab8a7d1 elementor-widget__width-initial elementor-widget elementor-widget-text-editor\" data-id=\"ab8a7d1\" data-element_type=\"widget\" data-e-type=\"widget\" data-widget_type=\"text-editor.default\">\n\t\t\t\t<div class=\"elementor-widget-container\">\n\t\t\t\t\t\t\t\t\t<p><\/p>\n<p style=\"line-height: 108%; margin-bottom: 0.28cm\">\n<b>Op\u00e7\u00f5es de transporte p\u00fablico intermunicipal conectando&nbsp;aeroportos e terminais rodovi\u00e1rios a Limeira-SP<\/b><\/p>\n<p style=\"line-height: 108%; margin-bottom: 0.28cm\"><br><b>Lirabus:<\/b><\/p>\n<p style=\"line-height: 108%; margin-bottom: 0.28cm\">Linhas conectando&nbsp;aeroportos (Aeroporto Internacional de Guarulhos Terminal 2, Aeroporto de Congonhas) ao Terminal Rodovi\u00e1rio de Campinas<\/p>\n<p style=\"line-height: 108%; margin-bottom: 0.28cm\">Aeroporto Guarulhos (Terminal 2) <font face=\"Wingdings, serif\">-&gt;&nbsp;<\/font>Rodovi\u00e1ria de Campinas<\/p>\n<p style=\"line-height: 108%; margin-bottom: 0.28cm\">Aeroporto de Congonhas <font face=\"Wingdings, serif\">-&gt;<\/font>&nbsp;Rodovi\u00e1ria de&nbsp;Campinas<\/p>\n<p style=\"line-height: 108%; margin-bottom: 0.28cm\"><font color=\"#0563c1\"><u><a href=\"https:\/\/www.lirabus.com.br\/\">https:\/\/www.lirabus.com.br\/<\/a><\/u><\/font><\/p>\n<p style=\"line-height: 108%; margin-bottom: 0.28cm\"><br><br><\/p>\n<p style=\"line-height: 108%; margin-bottom: 0.28cm\"><b>Airport Bus&nbsp;Service<\/b><\/p>\n<p style=\"line-height: 108%; margin-bottom: 0.28cm\">Linhas conectando aeroportos (Aeroporto Internacional de Guarulhos Terminal 1 e 2, Aeroporto de Congonhas) ao Terminal Rodovi\u00e1rio em S\u00e3o Paulo (Tiet\u00ea e Barra Funda).<\/p>\n<p style=\"line-height: 108%; margin-bottom: 0.28cm\"><font color=\"#0563c1\"><u><a href=\"https:\/\/www.airportbusservice.com.br\/\">https:\/\/www.airportbusservice.com.br\/<\/a><\/u><\/font><\/p>\n<p style=\"line-height: 108%; margin-bottom: 0.28cm\"><br><br><\/p>\n<p style=\"line-height: 108%; margin-bottom: 0.28cm\"><b>Rodovi\u00e1ria de&nbsp;Campinas &lt;-&gt; Rodovi\u00e1ria de Limeira<\/b><\/p>\n<p style=\"line-height: 108%; margin-bottom: 0.28cm\">VB transportes:&nbsp;<font color=\"#0563c1\"><u><a href=\"http:\/\/www.vbtransportes.com.br\/\">www.vbtransportes.com.br<\/a><\/u><\/font><\/p>\n<p style=\"line-height: 108%; margin-bottom: 0.28cm\">Cometa:&nbsp;<font color=\"#0563c1\"><u><a href=\"http:\/\/www.viacaocometa.com.br\/\">www.viacaocometa.com.br\/<\/a><\/u><\/font><\/p>\n<p style=\"line-height: 108%; margin-bottom: 0.28cm\">Guerino&nbsp;Seiscento: <font color=\"#0563c1\"><u><a href=\"https:\/\/guerinoseiscento.com.br\/\">guerinoseiscento.com.br\/<\/a><\/u><\/font><\/p>\n<p style=\"line-height: 108%; margin-bottom: 0.28cm\"><br><br><\/p>\n<p style=\"line-height: 108%; margin-bottom: 0.28cm\"><b>Rodovi\u00e1ria&nbsp;Tiet\u00ea (S\u00e3o Paulo) &lt;-&gt; Rodovi\u00e1ria de Limeira<\/b><\/p>\n<p style=\"line-height: 108%; margin-bottom: 0.28cm\">VB Transportes:&nbsp;<font color=\"#0563c1\"><u><a href=\"http:\/\/www.vbtransportes.com.br\/\">www.vbtransportes.com.br<\/a><\/u><\/font><\/p>\n<p style=\"line-height: 108%; margin-bottom: 0.28cm\">Cometa:&nbsp;<font color=\"#0563c1\"><u><a href=\"http:\/\/www.viacaocometa.com.br\/\">www.viacaocometa.com.br\/<\/a><\/u><\/font><\/p>\n<p style=\"line-height: 108%; margin-bottom: 0.28cm\"><br><\/p><p style=\"line-height: 108%; margin-bottom: 0.28cm\"><br><b>Rodovi\u00e1ria Barra Funda (S\u00e3o Paulo) &lt;-&gt; Rodovi\u00e1ria de Limeira<\/b><\/p>\n<p style=\"line-height: 108%; margin-bottom: 0.28cm\">Guerino&nbsp;Seiscento: <font color=\"#0563c1\"><u><a href=\"https:\/\/guerinoseiscento.com.br\/\">guerinoseiscento.com.br\/<\/a><\/u><\/font><\/p>\n<p><style type=\"text\/css\">p { direction: ltr; margin-bottom: 0.25cm; widows: 2; orphans: 2; text-align: left; line-height: 115%; background: transparent }a:link { color: #0563c1; text-decoration: underline }<\/style>\n<\/p>\t\t\t\t\t\t\t\t<\/div>\n\t\t\t\t<\/div>\n\t\t\t\t\t<\/div>\n\t\t<\/div>\n\t\t\t\t\t<\/div>\n\t\t<\/section>\n\t\t\t\t<\/div>\n\t\t","protected":false},"excerpt":{"rendered":"<p>Op\u00e7\u00f5es de transporte p\u00fablico intermunicipal conectando&nbsp;aeroportos e terminais rodovi\u00e1rios a Limeira-SP Lirabus: Linhas conectando&nbsp;aeroportos (Aeroporto Internacional de Guarulhos Terminal 2, Aeroporto de Congonhas) ao Terminal Rodovi\u00e1rio de Campinas Aeroporto Guarulhos (Terminal 2) -&gt;&nbsp;Rodovi\u00e1ria de Campinas Aeroporto de Congonhas -&gt;&nbsp;Rodovi\u00e1ria de&nbsp;Campinas&hellip; <\/p>\n","protected":false},"author":2,"featured_media":0,"parent":0,"menu_order":0,"comment_status":"closed","ping_status":"closed","template":"","meta":{"footnotes":""},"class_list":["post-673","page","type-page","status-publish","hentry"],"yoast_head":"<!-- This site is optimized with the Yoast SEO plugin v27.3 - https:\/\/yoast.com\/product\/yoast-seo-wordpress\/ -->\n<title>Como chegar? - I Simp\u00f3sio Brasileiro de Processos Oxidativos Avan\u00e7ados<\/title>\n<meta name=\"robots\" content=\"index, follow, max-snippet:-1, max-image-preview:large, max-video-preview:-1\" \/>\n<link rel=\"canonical\" href=\"https:\/\/wordpress.ft.unicamp.br\/sbpoa\/como-chegar\/\" \/>\n<meta property=\"og:locale\" content=\"en_US\" \/>\n<meta property=\"og:type\" content=\"article\" \/>\n<meta property=\"og:title\" content=\"Como chegar? - I Simp\u00f3sio Brasileiro de Processos Oxidativos Avan\u00e7ados\" \/>\n<meta property=\"og:description\" content=\"Op\u00e7\u00f5es de transporte p\u00fablico intermunicipal conectando&nbsp;aeroportos e terminais rodovi\u00e1rios a Limeira-SP Lirabus: Linhas conectando&nbsp;aeroportos (Aeroporto Internacional de Guarulhos Terminal 2, Aeroporto de Congonhas) ao Terminal Rodovi\u00e1rio de Campinas Aeroporto Guarulhos (Terminal 2) -&gt;&nbsp;Rodovi\u00e1ria de Campinas Aeroporto de Congonhas -&gt;&nbsp;Rodovi\u00e1ria de&nbsp;Campinas&hellip;\" \/>\n<meta property=\"og:url\" content=\"https:\/\/wordpress.ft.unicamp.br\/sbpoa\/como-chegar\/\" \/>\n<meta property=\"og:site_name\" content=\"I Simp\u00f3sio Brasileiro de Processos Oxidativos Avan\u00e7ados\" \/>\n<meta property=\"article:modified_time\" content=\"2025-09-01T20:18:02+00:00\" \/>\n<meta name=\"twitter:card\" content=\"summary_large_image\" \/>\n<meta name=\"twitter:label1\" content=\"Est. reading time\" \/>\n\t<meta name=\"twitter:data1\" content=\"1 minute\" \/>\n<script type=\"application\/ld+json\" class=\"yoast-schema-graph\">{\"@context\":\"https:\\\/\\\/schema.org\",\"@graph\":[{\"@type\":\"WebPage\",\"@id\":\"https:\\\/\\\/wordpress.ft.unicamp.br\\\/sbpoa\\\/como-chegar\\\/\",\"url\":\"https:\\\/\\\/wordpress.ft.unicamp.br\\\/sbpoa\\\/como-chegar\\\/\",\"name\":\"Como chegar? - I Simp\u00f3sio Brasileiro de Processos Oxidativos Avan\u00e7ados\",\"isPartOf\":{\"@id\":\"https:\\\/\\\/wordpress.ft.unicamp.br\\\/sbpoa\\\/#website\"},\"datePublished\":\"2025-09-01T19:10:47+00:00\",\"dateModified\":\"2025-09-01T20:18:02+00:00\",\"breadcrumb\":{\"@id\":\"https:\\\/\\\/wordpress.ft.unicamp.br\\\/sbpoa\\\/como-chegar\\\/#breadcrumb\"},\"inLanguage\":\"en-US\",\"potentialAction\":[{\"@type\":\"ReadAction\",\"target\":[\"https:\\\/\\\/wordpress.ft.unicamp.br\\\/sbpoa\\\/como-chegar\\\/\"]}]},{\"@type\":\"BreadcrumbList\",\"@id\":\"https:\\\/\\\/wordpress.ft.unicamp.br\\\/sbpoa\\\/como-chegar\\\/#breadcrumb\",\"itemListElement\":[{\"@type\":\"ListItem\",\"position\":1,\"name\":\"Home\",\"item\":\"https:\\\/\\\/wordpress.ft.unicamp.br\\\/sbpoa\\\/\"},{\"@type\":\"ListItem\",\"position\":2,\"name\":\"Como chegar?\"}]},{\"@type\":\"WebSite\",\"@id\":\"https:\\\/\\\/wordpress.ft.unicamp.br\\\/sbpoa\\\/#website\",\"url\":\"https:\\\/\\\/wordpress.ft.unicamp.br\\\/sbpoa\\\/\",\"name\":\"I Simp\u00f3sio Brasileiro de Processos Oxidativos Avan\u00e7ados\",\"description\":\"\",\"potentialAction\":[{\"@type\":\"SearchAction\",\"target\":{\"@type\":\"EntryPoint\",\"urlTemplate\":\"https:\\\/\\\/wordpress.ft.unicamp.br\\\/sbpoa\\\/?s={search_term_string}\"},\"query-input\":{\"@type\":\"PropertyValueSpecification\",\"valueRequired\":true,\"valueName\":\"search_term_string\"}}],\"inLanguage\":\"en-US\"}]}<\/script>\n<!-- \/ Yoast SEO plugin. -->","yoast_head_json":{"title":"Como chegar? - I Simp\u00f3sio Brasileiro de Processos Oxidativos Avan\u00e7ados","robots":{"index":"index","follow":"follow","max-snippet":"max-snippet:-1","max-image-preview":"max-image-preview:large","max-video-preview":"max-video-preview:-1"},"canonical":"https:\/\/wordpress.ft.unicamp.br\/sbpoa\/como-chegar\/","og_locale":"en_US","og_type":"article","og_title":"Como chegar? - I Simp\u00f3sio Brasileiro de Processos Oxidativos Avan\u00e7ados","og_description":"Op\u00e7\u00f5es de transporte p\u00fablico intermunicipal conectando&nbsp;aeroportos e terminais rodovi\u00e1rios a Limeira-SP Lirabus: Linhas conectando&nbsp;aeroportos (Aeroporto Internacional de Guarulhos Terminal 2, Aeroporto de Congonhas) ao Terminal Rodovi\u00e1rio de Campinas Aeroporto Guarulhos (Terminal 2) -&gt;&nbsp;Rodovi\u00e1ria de Campinas Aeroporto de Congonhas -&gt;&nbsp;Rodovi\u00e1ria de&nbsp;Campinas&hellip;","og_url":"https:\/\/wordpress.ft.unicamp.br\/sbpoa\/como-chegar\/","og_site_name":"I Simp\u00f3sio Brasileiro de Processos Oxidativos Avan\u00e7ados","article_modified_time":"2025-09-01T20:18:02+00:00","twitter_card":"summary_large_image","twitter_misc":{"Est. reading time":"1 minute"},"schema":{"@context":"https:\/\/schema.org","@graph":[{"@type":"WebPage","@id":"https:\/\/wordpress.ft.unicamp.br\/sbpoa\/como-chegar\/","url":"https:\/\/wordpress.ft.unicamp.br\/sbpoa\/como-chegar\/","name":"Como chegar? - I Simp\u00f3sio Brasileiro de Processos Oxidativos Avan\u00e7ados","isPartOf":{"@id":"https:\/\/wordpress.ft.unicamp.br\/sbpoa\/#website"},"datePublished":"2025-09-01T19:10:47+00:00","dateModified":"2025-09-01T20:18:02+00:00","breadcrumb":{"@id":"https:\/\/wordpress.ft.unicamp.br\/sbpoa\/como-chegar\/#breadcrumb"},"inLanguage":"en-US","potentialAction":[{"@type":"ReadAction","target":["https:\/\/wordpress.ft.unicamp.br\/sbpoa\/como-chegar\/"]}]},{"@type":"BreadcrumbList","@id":"https:\/\/wordpress.ft.unicamp.br\/sbpoa\/como-chegar\/#breadcrumb","itemListElement":[{"@type":"ListItem","position":1,"name":"Home","item":"https:\/\/wordpress.ft.unicamp.br\/sbpoa\/"},{"@type":"ListItem","position":2,"name":"Como chegar?"}]},{"@type":"WebSite","@id":"https:\/\/wordpress.ft.unicamp.br\/sbpoa\/#website","url":"https:\/\/wordpress.ft.unicamp.br\/sbpoa\/","name":"I Simp\u00f3sio Brasileiro de Processos Oxidativos Avan\u00e7ados","description":"","potentialAction":[{"@type":"SearchAction","target":{"@type":"EntryPoint","urlTemplate":"https:\/\/wordpress.ft.unicamp.br\/sbpoa\/?s={search_term_string}"},"query-input":{"@type":"PropertyValueSpecification","valueRequired":true,"valueName":"search_term_string"}}],"inLanguage":"en-US"}]}},"_links":{"self":[{"href":"https:\/\/wordpress.ft.unicamp.br\/sbpoa\/wp-json\/wp\/v2\/pages\/673","targetHints":{"allow":["GET"]}}],"collection":[{"href":"https:\/\/wordpress.ft.unicamp.br\/sbpoa\/wp-json\/wp\/v2\/pages"}],"about":[{"href":"https:\/\/wordpress.ft.unicamp.br\/sbpoa\/wp-json\/wp\/v2\/types\/page"}],"author":[{"embeddable":true,"href":"https:\/\/wordpress.ft.unicamp.br\/sbpoa\/wp-json\/wp\/v2\/users\/2"}],"replies":[{"embeddable":true,"href":"https:\/\/wordpress.ft.unicamp.br\/sbpoa\/wp-json\/wp\/v2\/comments?post=673"}],"version-history":[{"count":5,"href":"https:\/\/wordpress.ft.unicamp.br\/sbpoa\/wp-json\/wp\/v2\/pages\/673\/revisions"}],"predecessor-version":[{"id":679,"href":"https:\/\/wordpress.ft.unicamp.br\/sbpoa\/wp-json\/wp\/v2\/pages\/673\/revisions\/679"}],"wp:attachment":[{"href":"https:\/\/wordpress.ft.unicamp.br\/sbpoa\/wp-json\/wp\/v2\/media?parent=673"}],"curies":[{"name":"wp","href":"https:\/\/api.w.org\/{rel}","templated":true}]}}