{"id":8,"date":"2018-03-21T12:32:09","date_gmt":"2018-03-21T12:32:09","guid":{"rendered":"http:\/\/wordpress.ft.unicamp.br\/sbpoa\/?page_id=8"},"modified":"2025-04-29T21:33:40","modified_gmt":"2025-04-29T21:33:40","slug":"home","status":"publish","type":"page","link":"https:\/\/wordpress.ft.unicamp.br\/sbpoa\/","title":{"rendered":"Sobre o evento"},"content":{"rendered":"\t\t<div data-elementor-type=\"wp-page\" data-elementor-id=\"8\" class=\"elementor elementor-8\">\n\t\t\t\t\t\t<section class=\"elementor-section elementor-top-section elementor-element elementor-element-69514560 elementor-section-boxed elementor-section-height-default elementor-section-height-default\" data-id=\"69514560\" data-element_type=\"section\" data-e-type=\"section\">\n\t\t\t\t\t\t<div class=\"elementor-container elementor-column-gap-default\">\n\t\t\t\t\t<div class=\"elementor-column elementor-col-100 elementor-top-column elementor-element elementor-element-56504f85\" data-id=\"56504f85\" data-element_type=\"column\" data-e-type=\"column\">\n\t\t\t<div class=\"elementor-widget-wrap elementor-element-populated\">\n\t\t\t\t\t\t<div class=\"elementor-element elementor-element-2a23f579 elementor-widget elementor-widget-text-editor\" data-id=\"2a23f579\" data-element_type=\"widget\" data-e-type=\"widget\" data-widget_type=\"text-editor.default\">\n\t\t\t\t<div class=\"elementor-widget-container\">\n\t\t\t\t\t\t\t\t\t<p align=\"justify\">O <strong>Simp\u00f3sio Brasileiro de Processos Oxidativos Avan\u00e7ados (SBPOA)<\/strong> foi criado para atender \u00e0 necessidade de um f\u00f3rum nacional dedicado \u00e0s aplica\u00e7\u00f5es dos <strong>Processos Oxidativos Avan\u00e7ados (POAs)<\/strong> na resolu\u00e7\u00e3o de desafios ambientais. Anteriormente, a comunidade cient\u00edfica brasileira da \u00e1rea organizava o <strong>Encontro de Aplica\u00e7\u00f5es Ambientais de Processos Oxidativos Avan\u00e7ados (EPOA)<\/strong>, que posteriormente evoluiu para o <strong>Congresso \u00cdbero-Americano de Processos Oxidativos Avan\u00e7ados (CIPOA)<\/strong> \u2014 hoje, um dos maiores congressos mundiais dedicados aos POAs.<\/p>\n<p align=\"justify\">Com a funda\u00e7\u00e3o da <strong>Associa\u00e7\u00e3o Brasileira de Processos Oxidativos Avan\u00e7ados (ABPOA)<\/strong>, surgiu entre os professores brasileiros a necessidade de um novo evento que promovesse uma intera\u00e7\u00e3o mais direta entre alunos e pesquisadores, ampliando as oportunidades para que estudantes apresentassem seus trabalhos e discutissem problemas e solu\u00e7\u00f5es voltados para a realidade nacional.<\/p>\n<p align=\"justify\">O <strong>SBPOA<\/strong> tem como foco principal a participa\u00e7\u00e3o dos alunos, reconhecendo que, em eventos internacionais, o espa\u00e7o para apresenta\u00e7\u00e3o de trabalhos \u2014 especialmente no formato oral \u2014 \u00e9 muitas vezes limitado para estudantes.<\/p>\n<p >Os temas do SBPOA incluem:<\/p>\n<ul>\n \t<li>POAs aplicados ao tratamento de solos contaminados;<\/li>\n \t<li>POAs aplicados \u00e0 descontamina\u00e7\u00e3o do ar e \u00e0 preven\u00e7\u00e3o da polui\u00e7\u00e3o atmosf\u00e9rica;<\/li>\n \t<li>POAs aplicados ao tratamento de \u00e1gua para consumo humano e \u00e0 descontamina\u00e7\u00e3o de efluentes;<\/li>\n \t<li>POAs como suporte \u00e0s interrela\u00e7\u00f5es entre \u00e1gua, energia, alimentos e seus nexos com o clima e os ecossistemas;<\/li>\n \t<li>POAs fotoqu\u00edmicos e n\u00e3o fotoqu\u00edmicos em fase homog\u00eanea (ozoniza\u00e7\u00e3o em meio alcalino, O\u2083\/HO\u207b; ozoniza\u00e7\u00e3o com per\u00f3xido de hidrog\u00eanio, O\u2083\/H\u2082O\u2082; Fenton [Fe\u00b2\u207a\/H\u2082O\u2082 ou Fe\u00b3\u207a\/H\u2082O\u2082]; eletro-oxida\u00e7\u00e3o; eletro-Fenton; descarga eletrohidr\u00e1ulica \u2013 ultrassom; oxida\u00e7\u00e3o \u00famida);<\/li>\n \t<li>POAs fotoqu\u00edmicos e n\u00e3o fotoqu\u00edmicos em sistemas heterog\u00eaneos (ozoniza\u00e7\u00e3o catal\u00edtica, oxida\u00e7\u00e3o \u00famida catal\u00edtica; eletrocat\u00e1lise, etc.);<\/li>\n \t<li>Modelagem matem\u00e1tica e simula\u00e7\u00e3o num\u00e9rica de POAs;<\/li>\n \t<li>Integra\u00e7\u00e3o de POAs com oxida\u00e7\u00e3o biol\u00f3gica, adsor\u00e7\u00e3o, separa\u00e7\u00e3o por membranas, etc.,<\/li>\n \t<li>Intensifica\u00e7\u00e3o de processos;<\/li>\n \t<li>Aplica\u00e7\u00f5es industriais em larga escala.<\/li>\n<\/ul>\t\t\t\t\t\t\t\t<\/div>\n\t\t\t\t<\/div>\n\t\t\t\t\t<\/div>\n\t\t<\/div>\n\t\t\t\t\t<\/div>\n\t\t<\/section>\n\t\t\t\t<\/div>\n\t\t","protected":false},"excerpt":{"rendered":"<p>O Simp\u00f3sio Brasileiro de Processos Oxidativos Avan\u00e7ados (SBPOA) foi criado para atender \u00e0 necessidade de um f\u00f3rum nacional dedicado \u00e0s aplica\u00e7\u00f5es dos Processos Oxidativos Avan\u00e7ados (POAs) na resolu\u00e7\u00e3o de desafios ambientais. Anteriormente, a comunidade cient\u00edfica brasileira da \u00e1rea organizava o&hellip; <\/p>\n","protected":false},"author":1,"featured_media":0,"parent":0,"menu_order":0,"comment_status":"closed","ping_status":"closed","template":"","meta":{"footnotes":""},"class_list":["post-8","page","type-page","status-publish","hentry"],"yoast_head":"<!-- This site is optimized with the Yoast SEO plugin v27.3 - https:\/\/yoast.com\/product\/yoast-seo-wordpress\/ -->\n<title>Sobre o evento - I Simp\u00f3sio Brasileiro de Processos Oxidativos Avan\u00e7ados<\/title>\n<meta name=\"robots\" content=\"index, follow, max-snippet:-1, max-image-preview:large, max-video-preview:-1\" \/>\n<link rel=\"canonical\" href=\"https:\/\/wordpress.ft.unicamp.br\/sbpoa\/\" \/>\n<meta property=\"og:locale\" content=\"en_US\" \/>\n<meta property=\"og:type\" content=\"article\" \/>\n<meta property=\"og:title\" content=\"Sobre o evento - I Simp\u00f3sio Brasileiro de Processos Oxidativos Avan\u00e7ados\" \/>\n<meta property=\"og:description\" content=\"O Simp\u00f3sio Brasileiro de Processos Oxidativos Avan\u00e7ados (SBPOA) foi criado para atender \u00e0 necessidade de um f\u00f3rum nacional dedicado \u00e0s aplica\u00e7\u00f5es dos Processos Oxidativos Avan\u00e7ados (POAs) na resolu\u00e7\u00e3o de desafios ambientais. Anteriormente, a comunidade cient\u00edfica brasileira da \u00e1rea organizava o&hellip;\" \/>\n<meta property=\"og:url\" content=\"https:\/\/wordpress.ft.unicamp.br\/sbpoa\/\" \/>\n<meta property=\"og:site_name\" content=\"I Simp\u00f3sio Brasileiro de Processos Oxidativos Avan\u00e7ados\" \/>\n<meta property=\"article:modified_time\" content=\"2025-04-29T21:33:40+00:00\" \/>\n<meta name=\"twitter:card\" content=\"summary_large_image\" \/>\n<meta name=\"twitter:label1\" content=\"Est. reading time\" \/>\n\t<meta name=\"twitter:data1\" content=\"2 minutes\" \/>\n<script type=\"application\/ld+json\" class=\"yoast-schema-graph\">{\"@context\":\"https:\\\/\\\/schema.org\",\"@graph\":[{\"@type\":\"WebPage\",\"@id\":\"https:\\\/\\\/wordpress.ft.unicamp.br\\\/sbpoa\\\/\",\"url\":\"https:\\\/\\\/wordpress.ft.unicamp.br\\\/sbpoa\\\/\",\"name\":\"Sobre o evento - I Simp\u00f3sio Brasileiro de Processos Oxidativos Avan\u00e7ados\",\"isPartOf\":{\"@id\":\"https:\\\/\\\/wordpress.ft.unicamp.br\\\/sbpoa\\\/#website\"},\"datePublished\":\"2018-03-21T12:32:09+00:00\",\"dateModified\":\"2025-04-29T21:33:40+00:00\",\"breadcrumb\":{\"@id\":\"https:\\\/\\\/wordpress.ft.unicamp.br\\\/sbpoa\\\/#breadcrumb\"},\"inLanguage\":\"en-US\",\"potentialAction\":[{\"@type\":\"ReadAction\",\"target\":[\"https:\\\/\\\/wordpress.ft.unicamp.br\\\/sbpoa\\\/\"]}]},{\"@type\":\"BreadcrumbList\",\"@id\":\"https:\\\/\\\/wordpress.ft.unicamp.br\\\/sbpoa\\\/#breadcrumb\",\"itemListElement\":[{\"@type\":\"ListItem\",\"position\":1,\"name\":\"Home\",\"item\":\"https:\\\/\\\/wordpress.ft.unicamp.br\\\/sbpoa\\\/\"},{\"@type\":\"ListItem\",\"position\":2,\"name\":\"Sobre o evento\"}]},{\"@type\":\"WebSite\",\"@id\":\"https:\\\/\\\/wordpress.ft.unicamp.br\\\/sbpoa\\\/#website\",\"url\":\"https:\\\/\\\/wordpress.ft.unicamp.br\\\/sbpoa\\\/\",\"name\":\"I Simp\u00f3sio Brasileiro de Processos Oxidativos Avan\u00e7ados\",\"description\":\"\",\"potentialAction\":[{\"@type\":\"SearchAction\",\"target\":{\"@type\":\"EntryPoint\",\"urlTemplate\":\"https:\\\/\\\/wordpress.ft.unicamp.br\\\/sbpoa\\\/?s={search_term_string}\"},\"query-input\":{\"@type\":\"PropertyValueSpecification\",\"valueRequired\":true,\"valueName\":\"search_term_string\"}}],\"inLanguage\":\"en-US\"}]}<\/script>\n<!-- \/ Yoast SEO plugin. -->","yoast_head_json":{"title":"Sobre o evento - I Simp\u00f3sio Brasileiro de Processos Oxidativos Avan\u00e7ados","robots":{"index":"index","follow":"follow","max-snippet":"max-snippet:-1","max-image-preview":"max-image-preview:large","max-video-preview":"max-video-preview:-1"},"canonical":"https:\/\/wordpress.ft.unicamp.br\/sbpoa\/","og_locale":"en_US","og_type":"article","og_title":"Sobre o evento - I Simp\u00f3sio Brasileiro de Processos Oxidativos Avan\u00e7ados","og_description":"O Simp\u00f3sio Brasileiro de Processos Oxidativos Avan\u00e7ados (SBPOA) foi criado para atender \u00e0 necessidade de um f\u00f3rum nacional dedicado \u00e0s aplica\u00e7\u00f5es dos Processos Oxidativos Avan\u00e7ados (POAs) na resolu\u00e7\u00e3o de desafios ambientais. Anteriormente, a comunidade cient\u00edfica brasileira da \u00e1rea organizava o&hellip;","og_url":"https:\/\/wordpress.ft.unicamp.br\/sbpoa\/","og_site_name":"I Simp\u00f3sio Brasileiro de Processos Oxidativos Avan\u00e7ados","article_modified_time":"2025-04-29T21:33:40+00:00","twitter_card":"summary_large_image","twitter_misc":{"Est. reading time":"2 minutes"},"schema":{"@context":"https:\/\/schema.org","@graph":[{"@type":"WebPage","@id":"https:\/\/wordpress.ft.unicamp.br\/sbpoa\/","url":"https:\/\/wordpress.ft.unicamp.br\/sbpoa\/","name":"Sobre o evento - I Simp\u00f3sio Brasileiro de Processos Oxidativos Avan\u00e7ados","isPartOf":{"@id":"https:\/\/wordpress.ft.unicamp.br\/sbpoa\/#website"},"datePublished":"2018-03-21T12:32:09+00:00","dateModified":"2025-04-29T21:33:40+00:00","breadcrumb":{"@id":"https:\/\/wordpress.ft.unicamp.br\/sbpoa\/#breadcrumb"},"inLanguage":"en-US","potentialAction":[{"@type":"ReadAction","target":["https:\/\/wordpress.ft.unicamp.br\/sbpoa\/"]}]},{"@type":"BreadcrumbList","@id":"https:\/\/wordpress.ft.unicamp.br\/sbpoa\/#breadcrumb","itemListElement":[{"@type":"ListItem","position":1,"name":"Home","item":"https:\/\/wordpress.ft.unicamp.br\/sbpoa\/"},{"@type":"ListItem","position":2,"name":"Sobre o evento"}]},{"@type":"WebSite","@id":"https:\/\/wordpress.ft.unicamp.br\/sbpoa\/#website","url":"https:\/\/wordpress.ft.unicamp.br\/sbpoa\/","name":"I Simp\u00f3sio Brasileiro de Processos Oxidativos Avan\u00e7ados","description":"","potentialAction":[{"@type":"SearchAction","target":{"@type":"EntryPoint","urlTemplate":"https:\/\/wordpress.ft.unicamp.br\/sbpoa\/?s={search_term_string}"},"query-input":{"@type":"PropertyValueSpecification","valueRequired":true,"valueName":"search_term_string"}}],"inLanguage":"en-US"}]}},"_links":{"self":[{"href":"https:\/\/wordpress.ft.unicamp.br\/sbpoa\/wp-json\/wp\/v2\/pages\/8","targetHints":{"allow":["GET"]}}],"collection":[{"href":"https:\/\/wordpress.ft.unicamp.br\/sbpoa\/wp-json\/wp\/v2\/pages"}],"about":[{"href":"https:\/\/wordpress.ft.unicamp.br\/sbpoa\/wp-json\/wp\/v2\/types\/page"}],"author":[{"embeddable":true,"href":"https:\/\/wordpress.ft.unicamp.br\/sbpoa\/wp-json\/wp\/v2\/users\/1"}],"replies":[{"embeddable":true,"href":"https:\/\/wordpress.ft.unicamp.br\/sbpoa\/wp-json\/wp\/v2\/comments?post=8"}],"version-history":[{"count":42,"href":"https:\/\/wordpress.ft.unicamp.br\/sbpoa\/wp-json\/wp\/v2\/pages\/8\/revisions"}],"predecessor-version":[{"id":354,"href":"https:\/\/wordpress.ft.unicamp.br\/sbpoa\/wp-json\/wp\/v2\/pages\/8\/revisions\/354"}],"wp:attachment":[{"href":"https:\/\/wordpress.ft.unicamp.br\/sbpoa\/wp-json\/wp\/v2\/media?parent=8"}],"curies":[{"name":"wp","href":"https:\/\/api.w.org\/{rel}","templated":true}]}}