{"id":11,"date":"2014-03-11T20:08:38","date_gmt":"2014-03-11T20:08:38","guid":{"rendered":"http:\/\/www.ft.unicamp.br\/seis\/?page_id=11"},"modified":"2019-03-21T12:34:36","modified_gmt":"2019-03-21T12:34:36","slug":"projetos","status":"publish","type":"page","link":"https:\/\/wordpress.ft.unicamp.br\/seis\/projetos\/","title":{"rendered":"Projetos"},"content":{"rendered":"<p><strong>1) PROJETO ADVANCE (\u201c<em>Addressing Verification and Validation Challenges in Future Cyber-Physical Systems<\/em>\u201d )<\/strong><\/p>\n<p>The research project has started this year with the participation of researchers from Laboratory SEIS, working on the challenges of future cyber-physical systems. <a href=\"https:\/\/wordpress.ft.unicamp.br\/seis\/wp-content\/uploads\/sites\/12\/2019\/03\/ADVANCE-Kick.pdf\">See more<\/a><\/p>\n<p style=\"text-align: justify;\"><strong>2) DEsign, Verification and VAlidation of large scale, dynamic Service SystEmS &#8211; DEVASSES<\/strong><\/p>\n<p style=\"text-align: justify;\">O projeto DEVASSES tem como objetivo avancar no estado da arte do projeto e entrega de sistemas dinamicos de larga escala baseado em servicos. Visa desenvolver metodos e ferrametas tanto para o periodo de projeto quanto de execucao de sistemas criticos.<\/p>\n<p style=\"text-align: justify;\"><strong>Institui\u00e7\u00f5es envolvidas no projeto:<br \/>\n<\/strong>Universidade de Coimbra<br \/>\nUniversidade Estadual de Campinas<br \/>\nUniversidade de Floren\u00e7a<br \/>\nUniversidade Federal de Alagoas<\/p>\n<p style=\"text-align: justify;\"><strong>3) Classifica\u00e7\u00e3o de Falhas de Redes M\u00f3veis em Ambiente de Nuvem<\/strong><\/p>\n<p style=\"text-align: justify;\">A comunica\u00e7\u00e3o entre os diversos servidores em uma nuvem deve ser confi\u00e1vel (ou seja, resiliente a perdas e atrasos de mensagens), robusta (com modo de defeito conhecido e seguro) e necessariamente escal\u00e1vel. Al\u00e9m desses desafios, o uso da comunica\u00e7\u00e3o m\u00f3vel \u00e9 hoje uma realidade e tem substitu\u00eddo, com algumas vantagens, a cabeada. A proposta do projeto \u00e9, de maneira experimental, caracterizar o modelo de falhas e o comportamento da rede m\u00f3vel em ambiente de nuvem. Como resultado esperado, o projeto trar\u00e1 contribui\u00e7\u00f5es para caracterizar as falhas caracter\u00edsticas desse ambiente, o modelo de defeitos e o melhor entendimento do ambiente em presen\u00e7a de falhas. Esse resultado poder\u00e1 retroalimentar a t\u00e9cnica de inje\u00e7\u00e3o de falhas, uma vez que a emula\u00e7\u00e3o poder\u00e1 ser feita de maneira mais realista podendo melhorar a acur\u00e1cia da emula\u00e7\u00e3o de futuros experimentos com base na t\u00e9cnica.<\/p>\n<div style=\"text-align: justify;\"><\/div>\n<div style=\"text-align: justify;\"><strong>4) Colabora\u00e7\u00e3o Europa-Brazil de Pesquisa em Big Data centrado em aplica\u00e7\u00f5es na Cloud &#8211; EUBRA-BIGSEA<\/strong><\/div>\n<div style=\"text-align: justify;\"><\/div>\n<div style=\"text-align: justify;\">O projeto EUBRA-BIGSEA \u00e9 um projeto de coopera\u00e7\u00e3o entre o Brasil e a Europa que tem dura\u00e7\u00e3o de 24 meses, iniciado em 01 de Janeiro de 2016. Tem como objetivo o desenvolvimento de um framework para aplica\u00e7\u00f5es distribu\u00eddas de Big Data. Modelos de dados m\u00faltiplos ser\u00e3o utilizados (isto \u00e9, data streams, multidimensional data, etc.) e mecanismos que possam assegurar a seguran\u00e7a e privacidade sobre uma camada de QoS-aware para o provisionamento inteligente e r\u00e1pido de recursos em um ambiente baseado em nuvem.<\/div>\n<div style=\"text-align: justify;\"><strong>Fomento:\u00a0<\/strong><\/div>\n<div style=\"text-align: justify;\">European Commission Information Society and Media &#8211; grant agreement n. 690116<\/div>\n<div style=\"text-align: justify;\">Minist\u00e9rio de Ci\u00eancia, Tecnologia e Inova\u00e7\u00e3o &#8211; MCT<\/div>\n<div style=\"text-align: justify;\">Rede Nacional de Ensino e Pesquisa &#8211; RNP<\/div>\n<div style=\"text-align: justify;\"><strong>Institui\u00e7\u00f5es Envolvidas no Projeto<\/strong><\/div>\n<div style=\"text-align: justify;\">Universidade Estadual de Campinas &#8211; UNICAMP\/BR<\/div>\n<div style=\"text-align: justify;\">Universidade Federal de Minas Gerais &#8211; UFMG\/BR<\/div>\n<div style=\"text-align: justify;\">Universidade Federal de Campina Grande &#8211; UFCG\/BR<\/div>\n<div style=\"text-align: justify;\">Universidade Tecnol\u00f3gica Federal do Paran\u00e1 &#8211; UTFPR\/BR<\/div>\n<div style=\"text-align: justify;\">IBM Research &#8211; IBM\/BR<\/div>\n<div style=\"text-align: justify;\">Universitat Polit\u00e8cnica de Val\u00e8ncia &#8211; UPV\/ES<\/div>\n<div style=\"text-align: justify;\">Universidade de Coimbra &#8211; UC\/PT<\/div>\n<div style=\"text-align: justify;\">Instituto Politecnico di Milano &#8211; POLIMI\/IT<\/div>\n<div style=\"text-align: justify;\">Barcelona Supercomputing Center &#8211; BSC\/ES<\/div>\n<div style=\"text-align: justify;\">Euro-Mediterranean Center on Climate Change &#8211; CMCC<\/div>\n<div style=\"text-align: justify;\">TRUST-IT Services Ltd. &#8211; TRUST-IT\/UK e IT<\/div>\n","protected":false},"excerpt":{"rendered":"<p>1) PROJETO ADVANCE (\u201cAddressing Verification and Validation Challenges in Future Cyber-Physical Systems\u201d ) The research project has started this year with the participation of researchers from Laboratory SEIS, working on <a class=\"more-link\" href=\"https:\/\/wordpress.ft.unicamp.br\/seis\/projetos\/\">Saiba Mais \u2192<\/a><\/p>\n","protected":false},"author":1,"featured_media":0,"parent":0,"menu_order":0,"comment_status":"closed","ping_status":"open","template":"","meta":{"footnotes":""},"class_list":["post-11","page","type-page","status-publish","hentry"],"yoast_head":"<!-- This site is optimized with the Yoast SEO plugin v27.5 - https:\/\/yoast.com\/product\/yoast-seo-wordpress\/ -->\n<title>Projetos - Laborat\u00f3rio de Sistemas de Informa\u00e7\u00e3o e Engenharia de Sofware<\/title>\n<meta name=\"robots\" content=\"index, follow, max-snippet:-1, max-image-preview:large, max-video-preview:-1\" \/>\n<link rel=\"canonical\" href=\"https:\/\/wordpress.ft.unicamp.br\/seis\/projetos\/\" \/>\n<meta property=\"og:locale\" content=\"pt_BR\" \/>\n<meta property=\"og:type\" content=\"article\" \/>\n<meta property=\"og:title\" content=\"Projetos - Laborat\u00f3rio de Sistemas de Informa\u00e7\u00e3o e Engenharia de Sofware\" \/>\n<meta property=\"og:description\" content=\"1) PROJETO ADVANCE (\u201cAddressing Verification and Validation Challenges in Future Cyber-Physical Systems\u201d ) The research project has started this year with the participation of researchers from Laboratory SEIS, working on Saiba Mais \u2192\" \/>\n<meta property=\"og:url\" content=\"https:\/\/wordpress.ft.unicamp.br\/seis\/projetos\/\" \/>\n<meta property=\"og:site_name\" content=\"Laborat\u00f3rio de Sistemas de Informa\u00e7\u00e3o e Engenharia de Sofware\" \/>\n<meta property=\"article:modified_time\" content=\"2019-03-21T12:34:36+00:00\" \/>\n<meta name=\"twitter:card\" content=\"summary_large_image\" \/>\n<meta name=\"twitter:label1\" content=\"Est. tempo de leitura\" \/>\n\t<meta name=\"twitter:data1\" content=\"2 minutos\" \/>\n<script type=\"application\/ld+json\" class=\"yoast-schema-graph\">{\"@context\":\"https:\\\/\\\/schema.org\",\"@graph\":[{\"@type\":\"WebPage\",\"@id\":\"https:\\\/\\\/wordpress.ft.unicamp.br\\\/seis\\\/projetos\\\/\",\"url\":\"https:\\\/\\\/wordpress.ft.unicamp.br\\\/seis\\\/projetos\\\/\",\"name\":\"Projetos - Laborat\u00f3rio de Sistemas de Informa\u00e7\u00e3o e Engenharia de Sofware\",\"isPartOf\":{\"@id\":\"https:\\\/\\\/wordpress.ft.unicamp.br\\\/seis\\\/#website\"},\"datePublished\":\"2014-03-11T20:08:38+00:00\",\"dateModified\":\"2019-03-21T12:34:36+00:00\",\"breadcrumb\":{\"@id\":\"https:\\\/\\\/wordpress.ft.unicamp.br\\\/seis\\\/projetos\\\/#breadcrumb\"},\"inLanguage\":\"pt-BR\",\"potentialAction\":[{\"@type\":\"ReadAction\",\"target\":[\"https:\\\/\\\/wordpress.ft.unicamp.br\\\/seis\\\/projetos\\\/\"]}]},{\"@type\":\"BreadcrumbList\",\"@id\":\"https:\\\/\\\/wordpress.ft.unicamp.br\\\/seis\\\/projetos\\\/#breadcrumb\",\"itemListElement\":[{\"@type\":\"ListItem\",\"position\":1,\"name\":\"Home\",\"item\":\"https:\\\/\\\/wordpress.ft.unicamp.br\\\/seis\\\/\"},{\"@type\":\"ListItem\",\"position\":2,\"name\":\"Projetos\"}]},{\"@type\":\"WebSite\",\"@id\":\"https:\\\/\\\/wordpress.ft.unicamp.br\\\/seis\\\/#website\",\"url\":\"https:\\\/\\\/wordpress.ft.unicamp.br\\\/seis\\\/\",\"name\":\"Laborat\u00f3rio de Sistemas de Informa\u00e7\u00e3o e Engenharia de Sofware\",\"description\":\"Software Engineering and Information Systems Laboratory\",\"potentialAction\":[{\"@type\":\"SearchAction\",\"target\":{\"@type\":\"EntryPoint\",\"urlTemplate\":\"https:\\\/\\\/wordpress.ft.unicamp.br\\\/seis\\\/?s={search_term_string}\"},\"query-input\":{\"@type\":\"PropertyValueSpecification\",\"valueRequired\":true,\"valueName\":\"search_term_string\"}}],\"inLanguage\":\"pt-BR\"}]}<\/script>\n<!-- \/ Yoast SEO plugin. -->","yoast_head_json":{"title":"Projetos - Laborat\u00f3rio de Sistemas de Informa\u00e7\u00e3o e Engenharia de Sofware","robots":{"index":"index","follow":"follow","max-snippet":"max-snippet:-1","max-image-preview":"max-image-preview:large","max-video-preview":"max-video-preview:-1"},"canonical":"https:\/\/wordpress.ft.unicamp.br\/seis\/projetos\/","og_locale":"pt_BR","og_type":"article","og_title":"Projetos - Laborat\u00f3rio de Sistemas de Informa\u00e7\u00e3o e Engenharia de Sofware","og_description":"1) PROJETO ADVANCE (\u201cAddressing Verification and Validation Challenges in Future Cyber-Physical Systems\u201d ) The research project has started this year with the participation of researchers from Laboratory SEIS, working on Saiba Mais \u2192","og_url":"https:\/\/wordpress.ft.unicamp.br\/seis\/projetos\/","og_site_name":"Laborat\u00f3rio de Sistemas de Informa\u00e7\u00e3o e Engenharia de Sofware","article_modified_time":"2019-03-21T12:34:36+00:00","twitter_card":"summary_large_image","twitter_misc":{"Est. tempo de leitura":"2 minutos"},"schema":{"@context":"https:\/\/schema.org","@graph":[{"@type":"WebPage","@id":"https:\/\/wordpress.ft.unicamp.br\/seis\/projetos\/","url":"https:\/\/wordpress.ft.unicamp.br\/seis\/projetos\/","name":"Projetos - Laborat\u00f3rio de Sistemas de Informa\u00e7\u00e3o e Engenharia de Sofware","isPartOf":{"@id":"https:\/\/wordpress.ft.unicamp.br\/seis\/#website"},"datePublished":"2014-03-11T20:08:38+00:00","dateModified":"2019-03-21T12:34:36+00:00","breadcrumb":{"@id":"https:\/\/wordpress.ft.unicamp.br\/seis\/projetos\/#breadcrumb"},"inLanguage":"pt-BR","potentialAction":[{"@type":"ReadAction","target":["https:\/\/wordpress.ft.unicamp.br\/seis\/projetos\/"]}]},{"@type":"BreadcrumbList","@id":"https:\/\/wordpress.ft.unicamp.br\/seis\/projetos\/#breadcrumb","itemListElement":[{"@type":"ListItem","position":1,"name":"Home","item":"https:\/\/wordpress.ft.unicamp.br\/seis\/"},{"@type":"ListItem","position":2,"name":"Projetos"}]},{"@type":"WebSite","@id":"https:\/\/wordpress.ft.unicamp.br\/seis\/#website","url":"https:\/\/wordpress.ft.unicamp.br\/seis\/","name":"Laborat\u00f3rio de Sistemas de Informa\u00e7\u00e3o e Engenharia de Sofware","description":"Software Engineering and Information Systems Laboratory","potentialAction":[{"@type":"SearchAction","target":{"@type":"EntryPoint","urlTemplate":"https:\/\/wordpress.ft.unicamp.br\/seis\/?s={search_term_string}"},"query-input":{"@type":"PropertyValueSpecification","valueRequired":true,"valueName":"search_term_string"}}],"inLanguage":"pt-BR"}]}},"_links":{"self":[{"href":"https:\/\/wordpress.ft.unicamp.br\/seis\/wp-json\/wp\/v2\/pages\/11","targetHints":{"allow":["GET"]}}],"collection":[{"href":"https:\/\/wordpress.ft.unicamp.br\/seis\/wp-json\/wp\/v2\/pages"}],"about":[{"href":"https:\/\/wordpress.ft.unicamp.br\/seis\/wp-json\/wp\/v2\/types\/page"}],"author":[{"embeddable":true,"href":"https:\/\/wordpress.ft.unicamp.br\/seis\/wp-json\/wp\/v2\/users\/1"}],"replies":[{"embeddable":true,"href":"https:\/\/wordpress.ft.unicamp.br\/seis\/wp-json\/wp\/v2\/comments?post=11"}],"version-history":[{"count":3,"href":"https:\/\/wordpress.ft.unicamp.br\/seis\/wp-json\/wp\/v2\/pages\/11\/revisions"}],"predecessor-version":[{"id":94,"href":"https:\/\/wordpress.ft.unicamp.br\/seis\/wp-json\/wp\/v2\/pages\/11\/revisions\/94"}],"wp:attachment":[{"href":"https:\/\/wordpress.ft.unicamp.br\/seis\/wp-json\/wp\/v2\/media?parent=11"}],"curies":[{"name":"wp","href":"https:\/\/api.w.org\/{rel}","templated":true}]}}