{"id":6,"date":"2014-03-11T19:17:45","date_gmt":"2014-03-11T19:17:45","guid":{"rendered":"http:\/\/www.ft.unicamp.br\/seis\/?page_id=2"},"modified":"2021-02-04T13:25:13","modified_gmt":"2021-02-04T13:25:13","slug":"pagina-exemplo","status":"publish","type":"page","link":"https:\/\/wordpress.ft.unicamp.br\/seis\/","title":{"rendered":"Home"},"content":{"rendered":"<p>O laborat\u00f3rio SEIS &#8211; Laborat\u00f3rio de Sistemas de Informa\u00e7\u00e3o e Engenharia de Software &#8211; tem como objetivo o desenvolvimento de pesquisa na \u00e1rea de Sistemas de Informa\u00e7\u00e3o, promovendo a aglutina\u00e7\u00e3o de temas relacionados a qualidade, acessibilidade, seguran\u00e7a, integridade e recupera\u00e7\u00e3o de dados, visualiza\u00e7\u00e3o de informa\u00e7\u00e3o em sistemas cr\u00edticos e ub\u00edquos.<\/p>\n","protected":false},"excerpt":{"rendered":"<p>O laborat\u00f3rio SEIS &#8211; Laborat\u00f3rio de Sistemas de Informa\u00e7\u00e3o e Engenharia de Software &#8211; tem como objetivo o desenvolvimento de pesquisa na \u00e1rea de Sistemas de Informa\u00e7\u00e3o, promovendo a aglutina\u00e7\u00e3o <a class=\"more-link\" href=\"https:\/\/wordpress.ft.unicamp.br\/seis\/\">Saiba Mais \u2192<\/a><\/p>\n","protected":false},"author":1,"featured_media":0,"parent":0,"menu_order":0,"comment_status":"closed","ping_status":"closed","template":"","meta":{"footnotes":""},"class_list":["post-6","page","type-page","status-publish","hentry"],"yoast_head":"<!-- This site is optimized with the Yoast SEO plugin v27.3 - https:\/\/yoast.com\/product\/yoast-seo-wordpress\/ -->\n<title>Home - Laborat\u00f3rio de Sistemas de Informa\u00e7\u00e3o e Engenharia de Sofware<\/title>\n<meta name=\"robots\" content=\"index, follow, max-snippet:-1, max-image-preview:large, max-video-preview:-1\" \/>\n<link rel=\"canonical\" href=\"https:\/\/wordpress.ft.unicamp.br\/seis\/\" \/>\n<meta property=\"og:locale\" content=\"pt_BR\" \/>\n<meta property=\"og:type\" content=\"article\" \/>\n<meta property=\"og:title\" content=\"Home - Laborat\u00f3rio de Sistemas de Informa\u00e7\u00e3o e Engenharia de Sofware\" \/>\n<meta property=\"og:description\" content=\"O laborat\u00f3rio SEIS &#8211; Laborat\u00f3rio de Sistemas de Informa\u00e7\u00e3o e Engenharia de Software &#8211; tem como objetivo o desenvolvimento de pesquisa na \u00e1rea de Sistemas de Informa\u00e7\u00e3o, promovendo a aglutina\u00e7\u00e3o Saiba Mais \u2192\" \/>\n<meta property=\"og:url\" content=\"https:\/\/wordpress.ft.unicamp.br\/seis\/\" \/>\n<meta property=\"og:site_name\" content=\"Laborat\u00f3rio de Sistemas de Informa\u00e7\u00e3o e Engenharia de Sofware\" \/>\n<meta property=\"article:modified_time\" content=\"2021-02-04T13:25:13+00:00\" \/>\n<meta name=\"twitter:card\" content=\"summary_large_image\" \/>\n<script type=\"application\/ld+json\" class=\"yoast-schema-graph\">{\"@context\":\"https:\\\/\\\/schema.org\",\"@graph\":[{\"@type\":\"WebPage\",\"@id\":\"https:\\\/\\\/wordpress.ft.unicamp.br\\\/seis\\\/\",\"url\":\"https:\\\/\\\/wordpress.ft.unicamp.br\\\/seis\\\/\",\"name\":\"Home - Laborat\u00f3rio de Sistemas de Informa\u00e7\u00e3o e Engenharia de Sofware\",\"isPartOf\":{\"@id\":\"https:\\\/\\\/wordpress.ft.unicamp.br\\\/seis\\\/#website\"},\"datePublished\":\"2014-03-11T19:17:45+00:00\",\"dateModified\":\"2021-02-04T13:25:13+00:00\",\"breadcrumb\":{\"@id\":\"https:\\\/\\\/wordpress.ft.unicamp.br\\\/seis\\\/#breadcrumb\"},\"inLanguage\":\"pt-BR\",\"potentialAction\":[{\"@type\":\"ReadAction\",\"target\":[\"https:\\\/\\\/wordpress.ft.unicamp.br\\\/seis\\\/\"]}]},{\"@type\":\"BreadcrumbList\",\"@id\":\"https:\\\/\\\/wordpress.ft.unicamp.br\\\/seis\\\/#breadcrumb\",\"itemListElement\":[{\"@type\":\"ListItem\",\"position\":1,\"name\":\"Home\",\"item\":\"https:\\\/\\\/wordpress.ft.unicamp.br\\\/seis\\\/\"},{\"@type\":\"ListItem\",\"position\":2,\"name\":\"Home\"}]},{\"@type\":\"WebSite\",\"@id\":\"https:\\\/\\\/wordpress.ft.unicamp.br\\\/seis\\\/#website\",\"url\":\"https:\\\/\\\/wordpress.ft.unicamp.br\\\/seis\\\/\",\"name\":\"Laborat\u00f3rio de Sistemas de Informa\u00e7\u00e3o e Engenharia de Sofware\",\"description\":\"Software Engineering and Information Systems Laboratory\",\"potentialAction\":[{\"@type\":\"SearchAction\",\"target\":{\"@type\":\"EntryPoint\",\"urlTemplate\":\"https:\\\/\\\/wordpress.ft.unicamp.br\\\/seis\\\/?s={search_term_string}\"},\"query-input\":{\"@type\":\"PropertyValueSpecification\",\"valueRequired\":true,\"valueName\":\"search_term_string\"}}],\"inLanguage\":\"pt-BR\"}]}<\/script>\n<!-- \/ Yoast SEO plugin. -->","yoast_head_json":{"title":"Home - Laborat\u00f3rio de Sistemas de Informa\u00e7\u00e3o e Engenharia de Sofware","robots":{"index":"index","follow":"follow","max-snippet":"max-snippet:-1","max-image-preview":"max-image-preview:large","max-video-preview":"max-video-preview:-1"},"canonical":"https:\/\/wordpress.ft.unicamp.br\/seis\/","og_locale":"pt_BR","og_type":"article","og_title":"Home - Laborat\u00f3rio de Sistemas de Informa\u00e7\u00e3o e Engenharia de Sofware","og_description":"O laborat\u00f3rio SEIS &#8211; Laborat\u00f3rio de Sistemas de Informa\u00e7\u00e3o e Engenharia de Software &#8211; tem como objetivo o desenvolvimento de pesquisa na \u00e1rea de Sistemas de Informa\u00e7\u00e3o, promovendo a aglutina\u00e7\u00e3o Saiba Mais \u2192","og_url":"https:\/\/wordpress.ft.unicamp.br\/seis\/","og_site_name":"Laborat\u00f3rio de Sistemas de Informa\u00e7\u00e3o e Engenharia de Sofware","article_modified_time":"2021-02-04T13:25:13+00:00","twitter_card":"summary_large_image","schema":{"@context":"https:\/\/schema.org","@graph":[{"@type":"WebPage","@id":"https:\/\/wordpress.ft.unicamp.br\/seis\/","url":"https:\/\/wordpress.ft.unicamp.br\/seis\/","name":"Home - Laborat\u00f3rio de Sistemas de Informa\u00e7\u00e3o e Engenharia de Sofware","isPartOf":{"@id":"https:\/\/wordpress.ft.unicamp.br\/seis\/#website"},"datePublished":"2014-03-11T19:17:45+00:00","dateModified":"2021-02-04T13:25:13+00:00","breadcrumb":{"@id":"https:\/\/wordpress.ft.unicamp.br\/seis\/#breadcrumb"},"inLanguage":"pt-BR","potentialAction":[{"@type":"ReadAction","target":["https:\/\/wordpress.ft.unicamp.br\/seis\/"]}]},{"@type":"BreadcrumbList","@id":"https:\/\/wordpress.ft.unicamp.br\/seis\/#breadcrumb","itemListElement":[{"@type":"ListItem","position":1,"name":"Home","item":"https:\/\/wordpress.ft.unicamp.br\/seis\/"},{"@type":"ListItem","position":2,"name":"Home"}]},{"@type":"WebSite","@id":"https:\/\/wordpress.ft.unicamp.br\/seis\/#website","url":"https:\/\/wordpress.ft.unicamp.br\/seis\/","name":"Laborat\u00f3rio de Sistemas de Informa\u00e7\u00e3o e Engenharia de Sofware","description":"Software Engineering and Information Systems Laboratory","potentialAction":[{"@type":"SearchAction","target":{"@type":"EntryPoint","urlTemplate":"https:\/\/wordpress.ft.unicamp.br\/seis\/?s={search_term_string}"},"query-input":{"@type":"PropertyValueSpecification","valueRequired":true,"valueName":"search_term_string"}}],"inLanguage":"pt-BR"}]}},"_links":{"self":[{"href":"https:\/\/wordpress.ft.unicamp.br\/seis\/wp-json\/wp\/v2\/pages\/6","targetHints":{"allow":["GET"]}}],"collection":[{"href":"https:\/\/wordpress.ft.unicamp.br\/seis\/wp-json\/wp\/v2\/pages"}],"about":[{"href":"https:\/\/wordpress.ft.unicamp.br\/seis\/wp-json\/wp\/v2\/types\/page"}],"author":[{"embeddable":true,"href":"https:\/\/wordpress.ft.unicamp.br\/seis\/wp-json\/wp\/v2\/users\/1"}],"replies":[{"embeddable":true,"href":"https:\/\/wordpress.ft.unicamp.br\/seis\/wp-json\/wp\/v2\/comments?post=6"}],"version-history":[{"count":6,"href":"https:\/\/wordpress.ft.unicamp.br\/seis\/wp-json\/wp\/v2\/pages\/6\/revisions"}],"predecessor-version":[{"id":95,"href":"https:\/\/wordpress.ft.unicamp.br\/seis\/wp-json\/wp\/v2\/pages\/6\/revisions\/95"}],"wp:attachment":[{"href":"https:\/\/wordpress.ft.unicamp.br\/seis\/wp-json\/wp\/v2\/media?parent=6"}],"curies":[{"name":"wp","href":"https:\/\/api.w.org\/{rel}","templated":true}]}}