{"id":14,"date":"2015-03-09T18:08:41","date_gmt":"2015-03-09T18:08:41","guid":{"rendered":"http:\/\/www.ft.unicamp.br\/telecom\/?page_id=14"},"modified":"2023-11-11T02:21:13","modified_gmt":"2023-11-11T02:21:13","slug":"lab-rf","status":"publish","type":"page","link":"https:\/\/wordpress.ft.unicamp.br\/telecom\/lab-rf\/","title":{"rendered":"Lab. RF"},"content":{"rendered":"\t\t<div data-elementor-type=\"wp-page\" data-elementor-id=\"14\" class=\"elementor elementor-14\">\n\t\t\t\t\t\t<section class=\"elementor-section elementor-top-section elementor-element elementor-element-e680241 elementor-section-boxed elementor-section-height-default elementor-section-height-default\" data-id=\"e680241\" data-element_type=\"section\" data-e-type=\"section\">\n\t\t\t\t\t\t<div class=\"elementor-container elementor-column-gap-default\">\n\t\t\t\t\t<div class=\"elementor-column elementor-col-100 elementor-top-column elementor-element elementor-element-bf6dd0d\" data-id=\"bf6dd0d\" data-element_type=\"column\" data-e-type=\"column\">\n\t\t\t<div class=\"elementor-widget-wrap elementor-element-populated\">\n\t\t\t\t\t\t<div class=\"elementor-element elementor-element-b769e28 elementor-widget elementor-widget-spacer\" data-id=\"b769e28\" data-element_type=\"widget\" data-e-type=\"widget\" data-widget_type=\"spacer.default\">\n\t\t\t\t\t\t\t<div class=\"elementor-spacer\">\n\t\t\t<div class=\"elementor-spacer-inner\"><\/div>\n\t\t<\/div>\n\t\t\t\t\t\t<\/div>\n\t\t\t\t\t<\/div>\n\t\t<\/div>\n\t\t\t\t\t<\/div>\n\t\t<\/section>\n\t\t\t\t<section class=\"elementor-section elementor-top-section elementor-element elementor-element-7776503f elementor-section-full_width elementor-section-stretched elementor-section-height-default elementor-section-height-default\" data-id=\"7776503f\" data-element_type=\"section\" data-e-type=\"section\" data-settings=\"{&quot;stretch_section&quot;:&quot;section-stretched&quot;}\">\n\t\t\t\t\t\t<div class=\"elementor-container elementor-column-gap-default\">\n\t\t\t\t\t<div class=\"elementor-column elementor-col-33 elementor-top-column elementor-element elementor-element-4c168c66 elementor-hidden-mobile\" data-id=\"4c168c66\" data-element_type=\"column\" data-e-type=\"column\">\n\t\t\t<div class=\"elementor-widget-wrap elementor-element-populated\">\n\t\t\t\t\t\t<div class=\"elementor-element elementor-element-10497ec5 elementor-grid-1 elementor-widget__width-initial elementor-shape-rounded e-grid-align-center elementor-widget elementor-widget-social-icons\" data-id=\"10497ec5\" data-element_type=\"widget\" data-e-type=\"widget\" data-widget_type=\"social-icons.default\">\n\t\t\t\t\t\t\t<div class=\"elementor-social-icons-wrapper elementor-grid\" role=\"list\">\n\t\t\t\t\t\t\t<span class=\"elementor-grid-item\" role=\"listitem\">\n\t\t\t\t\t<a class=\"elementor-icon elementor-social-icon elementor-social-icon-facebook elementor-repeater-item-0c934e7\" target=\"_blank\">\n\t\t\t\t\t\t<span class=\"elementor-screen-only\">Facebook<\/span>\n\t\t\t\t\t\t<svg aria-hidden=\"true\" class=\"e-font-icon-svg e-fab-facebook\" viewBox=\"0 0 512 512\" xmlns=\"http:\/\/www.w3.org\/2000\/svg\"><path d=\"M504 256C504 119 393 8 256 8S8 119 8 256c0 123.78 90.69 226.38 209.25 245V327.69h-63V256h63v-54.64c0-62.15 37-96.48 93.67-96.48 27.14 0 55.52 4.84 55.52 4.84v61h-31.28c-30.8 0-40.41 19.12-40.41 38.73V256h68.78l-11 71.69h-57.78V501C413.31 482.38 504 379.78 504 256z\"><\/path><\/svg>\t\t\t\t\t<\/a>\n\t\t\t\t<\/span>\n\t\t\t\t\t\t\t<span class=\"elementor-grid-item\" role=\"listitem\">\n\t\t\t\t\t<a class=\"elementor-icon elementor-social-icon elementor-social-icon-twitter elementor-repeater-item-d259c4e\" target=\"_blank\">\n\t\t\t\t\t\t<span class=\"elementor-screen-only\">Twitter<\/span>\n\t\t\t\t\t\t<svg aria-hidden=\"true\" class=\"e-font-icon-svg e-fab-twitter\" viewBox=\"0 0 512 512\" xmlns=\"http:\/\/www.w3.org\/2000\/svg\"><path d=\"M459.37 151.716c.325 4.548.325 9.097.325 13.645 0 138.72-105.583 298.558-298.558 298.558-59.452 0-114.68-17.219-161.137-47.106 8.447.974 16.568 1.299 25.34 1.299 49.055 0 94.213-16.568 130.274-44.832-46.132-.975-84.792-31.188-98.112-72.772 6.498.974 12.995 1.624 19.818 1.624 9.421 0 18.843-1.3 27.614-3.573-48.081-9.747-84.143-51.98-84.143-102.985v-1.299c13.969 7.797 30.214 12.67 47.431 13.319-28.264-18.843-46.781-51.005-46.781-87.391 0-19.492 5.197-37.36 14.294-52.954 51.655 63.675 129.3 105.258 216.365 109.807-1.624-7.797-2.599-15.918-2.599-24.04 0-57.828 46.782-104.934 104.934-104.934 30.213 0 57.502 12.67 76.67 33.137 23.715-4.548 46.456-13.32 66.599-25.34-7.798 24.366-24.366 44.833-46.132 57.827 21.117-2.273 41.584-8.122 60.426-16.243-14.292 20.791-32.161 39.308-52.628 54.253z\"><\/path><\/svg>\t\t\t\t\t<\/a>\n\t\t\t\t<\/span>\n\t\t\t\t\t\t\t<span class=\"elementor-grid-item\" role=\"listitem\">\n\t\t\t\t\t<a class=\"elementor-icon elementor-social-icon elementor-social-icon-linkedin elementor-repeater-item-c84294d\" target=\"_blank\">\n\t\t\t\t\t\t<span class=\"elementor-screen-only\">Linkedin<\/span>\n\t\t\t\t\t\t<svg aria-hidden=\"true\" class=\"e-font-icon-svg e-fab-linkedin\" viewBox=\"0 0 448 512\" xmlns=\"http:\/\/www.w3.org\/2000\/svg\"><path d=\"M416 32H31.9C14.3 32 0 46.5 0 64.3v383.4C0 465.5 14.3 480 31.9 480H416c17.6 0 32-14.5 32-32.3V64.3c0-17.8-14.4-32.3-32-32.3zM135.4 416H69V202.2h66.5V416zm-33.2-243c-21.3 0-38.5-17.3-38.5-38.5S80.9 96 102.2 96c21.2 0 38.5 17.3 38.5 38.5 0 21.3-17.2 38.5-38.5 38.5zm282.1 243h-66.4V312c0-24.8-.5-56.7-34.5-56.7-34.6 0-39.9 27-39.9 54.9V416h-66.4V202.2h63.7v29.2h.9c8.9-16.8 30.6-34.5 62.9-34.5 67.2 0 79.7 44.3 79.7 101.9V416z\"><\/path><\/svg>\t\t\t\t\t<\/a>\n\t\t\t\t<\/span>\n\t\t\t\t\t\t\t<span class=\"elementor-grid-item\" role=\"listitem\">\n\t\t\t\t\t<a class=\"elementor-icon elementor-social-icon elementor-social-icon-envelope elementor-repeater-item-ea8fe69\" target=\"_blank\">\n\t\t\t\t\t\t<span class=\"elementor-screen-only\">Envelope<\/span>\n\t\t\t\t\t\t<svg aria-hidden=\"true\" class=\"e-font-icon-svg e-fas-envelope\" viewBox=\"0 0 512 512\" xmlns=\"http:\/\/www.w3.org\/2000\/svg\"><path d=\"M502.3 190.8c3.9-3.1 9.7-.2 9.7 4.7V400c0 26.5-21.5 48-48 48H48c-26.5 0-48-21.5-48-48V195.6c0-5 5.7-7.8 9.7-4.7 22.4 17.4 52.1 39.5 154.1 113.6 21.1 15.4 56.7 47.8 92.2 47.6 35.7.3 72-32.8 92.3-47.6 102-74.1 131.6-96.3 154-113.7zM256 320c23.2.4 56.6-29.2 73.4-41.4 132.7-96.3 142.8-104.7 173.4-128.7 5.8-4.5 9.2-11.5 9.2-18.9v-19c0-26.5-21.5-48-48-48H48C21.5 64 0 85.5 0 112v19c0 7.4 3.4 14.3 9.2 18.9 30.6 23.9 40.7 32.4 173.4 128.7 16.8 12.2 50.2 41.8 73.4 41.4z\"><\/path><\/svg>\t\t\t\t\t<\/a>\n\t\t\t\t<\/span>\n\t\t\t\t\t<\/div>\n\t\t\t\t\t\t<\/div>\n\t\t\t\t\t<\/div>\n\t\t<\/div>\n\t\t\t\t<div class=\"elementor-column elementor-col-33 elementor-top-column elementor-element elementor-element-7cfc4462\" data-id=\"7cfc4462\" data-element_type=\"column\" data-e-type=\"column\">\n\t\t\t<div class=\"elementor-widget-wrap elementor-element-populated\">\n\t\t\t\t\t\t<div class=\"elementor-element elementor-element-60429328 elementor-widget elementor-widget-text-editor\" data-id=\"60429328\" data-element_type=\"widget\" data-e-type=\"widget\" data-widget_type=\"text-editor.default\">\n\t\t\t\t\t\t\t\t\t<p>LRF\u202f- Laborat\u00f3rio de Radiofrequ\u00eancia<\/p><p>Realiza pesquisas e desenvolvimento na \u00e1rea de Eletr\u00f4nica de RF e Microondas. Pesquisas em desenvolvimento ,Pesquisa em desenvolvimento e caracteriza\u00e7\u00e3o de dispositivos passivos de RF e microondas. Pesquisa, desenvolvimento e caracteriza\u00e7\u00e3o de dispositivos ativos de RF e microondas. Pesquisa aplicada ao sensoriamento remoto: RADARES, RFID, Redes de Sensores Sem Fio Equipamentos: Analisador Vetorial de Redes Anritsu modelo MS4644B at\u00e9 40 GHz Gerador de RF Anritsu modelo MG3694C at\u00e9 40 GHz Gerador de Vetorial de Sinais Agilent\u00a0 modelo N5182A de 100 KHz at\u00e9 3 GHz Gerador de Fun\u00e7\u00f5es Arbitrarias Agilent modelo 81160A\u00a0 at\u00e9 330 ou 500 MHz dependendo do tipo de fun\u00e7\u00e3o Analisador Vetorial de Redes Agilent\u00a0 modelo E5062A de 300 KHz at\u00e9 3 GHz Analisador de Espectro Rhode &amp;Schwarz de 9 KHz at\u00e9 3 GHz Integrantes Coordenador: Prof.\u00a0 Dr. Leonardo Lorenzo Bravo Roger Ms. Gilberto de Tadeu Santos Souza Ms. Weila Pfeifer Inicia\u00e7\u00e3o Cientifica: Maria da Gl\u00f3ria Lembe Sambo Inicia\u00e7\u00e3o Cientifica: Simone de C\u00e1ssia Santos Inicia\u00e7\u00e3o Cientifica: Rodrigo da Silva Albano Aluno: Jo\u00e3o Baptista Buanga Muy<\/p>\t\t\t\t\t\t\t\t<\/div>\n\t\t\t\t<section class=\"elementor-section elementor-inner-section elementor-element elementor-element-e60fdb8 elementor-section-boxed elementor-section-height-default elementor-section-height-default\" data-id=\"e60fdb8\" data-element_type=\"section\" data-e-type=\"section\">\n\t\t\t\t\t\t<div class=\"elementor-container elementor-column-gap-default\">\n\t\t\t\t\t<div class=\"elementor-column elementor-col-50 elementor-inner-column elementor-element elementor-element-263bfcc\" data-id=\"263bfcc\" data-element_type=\"column\" data-e-type=\"column\">\n\t\t\t<div class=\"elementor-widget-wrap elementor-element-populated\">\n\t\t\t\t\t\t<div class=\"elementor-element elementor-element-a24238c elementor-widget elementor-widget-image\" data-id=\"a24238c\" data-element_type=\"widget\" data-e-type=\"widget\" data-widget_type=\"image.default\">\n\t\t\t\t\t\t\t\t\t\t\t\t\t\t\t<img fetchpriority=\"high\" decoding=\"async\" width=\"960\" height=\"540\" src=\"https:\/\/wordpress.ft.unicamp.br\/telecom\/wp-content\/uploads\/sites\/24\/2015\/03\/11124066_869384276437243_715356453_n.jpg\" class=\"attachment-large size-large wp-image-92\" alt=\"\" srcset=\"https:\/\/wordpress.ft.unicamp.br\/telecom\/wp-content\/uploads\/sites\/24\/2015\/03\/11124066_869384276437243_715356453_n.jpg 960w, https:\/\/wordpress.ft.unicamp.br\/telecom\/wp-content\/uploads\/sites\/24\/2015\/03\/11124066_869384276437243_715356453_n-300x169.jpg 300w, https:\/\/wordpress.ft.unicamp.br\/telecom\/wp-content\/uploads\/sites\/24\/2015\/03\/11124066_869384276437243_715356453_n-768x432.jpg 768w\" sizes=\"(max-width: 960px) 100vw, 960px\" \/>\t\t\t\t\t\t\t\t\t\t\t\t\t\t\t<\/div>\n\t\t\t\t\t<\/div>\n\t\t<\/div>\n\t\t\t\t<div class=\"elementor-column elementor-col-50 elementor-inner-column elementor-element elementor-element-cc8fe63\" data-id=\"cc8fe63\" data-element_type=\"column\" data-e-type=\"column\">\n\t\t\t<div class=\"elementor-widget-wrap elementor-element-populated\">\n\t\t\t\t\t\t<div class=\"elementor-element elementor-element-c06743c elementor-widget elementor-widget-image\" data-id=\"c06743c\" data-element_type=\"widget\" data-e-type=\"widget\" data-widget_type=\"image.default\">\n\t\t\t\t\t\t\t\t\t\t\t\t\t\t\t<img decoding=\"async\" width=\"960\" height=\"540\" src=\"https:\/\/wordpress.ft.unicamp.br\/telecom\/wp-content\/uploads\/sites\/24\/2015\/03\/11146119_869384279770576_1376432336_n.jpg\" class=\"attachment-large size-large wp-image-93\" alt=\"\" srcset=\"https:\/\/wordpress.ft.unicamp.br\/telecom\/wp-content\/uploads\/sites\/24\/2015\/03\/11146119_869384279770576_1376432336_n.jpg 960w, https:\/\/wordpress.ft.unicamp.br\/telecom\/wp-content\/uploads\/sites\/24\/2015\/03\/11146119_869384279770576_1376432336_n-300x169.jpg 300w, https:\/\/wordpress.ft.unicamp.br\/telecom\/wp-content\/uploads\/sites\/24\/2015\/03\/11146119_869384279770576_1376432336_n-768x432.jpg 768w\" sizes=\"(max-width: 960px) 100vw, 960px\" \/>\t\t\t\t\t\t\t\t\t\t\t\t\t\t\t<\/div>\n\t\t\t\t\t<\/div>\n\t\t<\/div>\n\t\t\t\t\t<\/div>\n\t\t<\/section>\n\t\t\t\t\t<\/div>\n\t\t<\/div>\n\t\t\t\t<div class=\"elementor-column elementor-col-33 elementor-top-column elementor-element elementor-element-48a80f4e elementor-hidden-mobile\" data-id=\"48a80f4e\" data-element_type=\"column\" data-e-type=\"column\">\n\t\t\t<div class=\"elementor-widget-wrap elementor-element-populated\">\n\t\t\t\t\t\t\t<\/div>\n\t\t<\/div>\n\t\t\t\t\t<\/div>\n\t\t<\/section>\n\t\t\t\t<\/div>\n\t\t","protected":false},"excerpt":{"rendered":"<p>Facebook Twitter Linkedin Envelope LRF\u202f- Laborat\u00f3rio de Radiofrequ\u00eancia Realiza pesquisas e desenvolvimento na \u00e1rea de Eletr\u00f4nica de RF e Microondas. Pesquisas em desenvolvimento ,Pesquisa em desenvolvimento e caracteriza\u00e7\u00e3o de dispositivos passivos de RF e microondas. Pesquisa, desenvolvimento e caracteriza\u00e7\u00e3o de dispositivos ativos de RF e microondas. Pesquisa aplicada ao sensoriamento remoto: RADARES, RFID, Redes de &hellip;<\/p>\n<p class=\"read-more\"> <a class=\"\" href=\"https:\/\/wordpress.ft.unicamp.br\/telecom\/lab-rf\/\"> <span class=\"screen-reader-text\">Lab. RF<\/span> Read More &raquo;<\/a><\/p>\n","protected":false},"author":1,"featured_media":0,"parent":0,"menu_order":0,"comment_status":"closed","ping_status":"closed","template":"","meta":{"site-sidebar-layout":"default","site-content-layout":"default","ast-global-header-display":"","ast-banner-title-visibility":"","ast-main-header-display":"","ast-hfb-above-header-display":"","ast-hfb-below-header-display":"","ast-hfb-mobile-header-display":"","site-post-title":"","ast-breadcrumbs-content":"","ast-featured-img":"","footer-sml-layout":"","theme-transparent-header-meta":"","adv-header-id-meta":"","stick-header-meta":"","header-above-stick-meta":"","header-main-stick-meta":"","header-below-stick-meta":"","footnotes":""},"class_list":["post-14","page","type-page","status-publish","hentry"],"yoast_head":"<!-- This site is optimized with the Yoast SEO plugin v27.3 - https:\/\/yoast.com\/product\/yoast-seo-wordpress\/ -->\n<title>Lab. RF - Engenharia de Telecomunica\u00e7\u00f5es<\/title>\n<meta name=\"robots\" content=\"index, follow, max-snippet:-1, max-image-preview:large, max-video-preview:-1\" \/>\n<link rel=\"canonical\" href=\"https:\/\/wordpress.ft.unicamp.br\/telecom\/lab-rf\/\" \/>\n<meta property=\"og:locale\" content=\"pt_BR\" \/>\n<meta property=\"og:type\" content=\"article\" \/>\n<meta property=\"og:title\" content=\"Lab. RF - Engenharia de Telecomunica\u00e7\u00f5es\" \/>\n<meta property=\"og:description\" content=\"Facebook Twitter Linkedin Envelope LRF\u202f- Laborat\u00f3rio de Radiofrequ\u00eancia Realiza pesquisas e desenvolvimento na \u00e1rea de Eletr\u00f4nica de RF e Microondas. Pesquisas em desenvolvimento ,Pesquisa em desenvolvimento e caracteriza\u00e7\u00e3o de dispositivos passivos de RF e microondas. Pesquisa, desenvolvimento e caracteriza\u00e7\u00e3o de dispositivos ativos de RF e microondas. Pesquisa aplicada ao sensoriamento remoto: RADARES, RFID, Redes de &hellip; Lab. RF Read More &raquo;\" \/>\n<meta property=\"og:url\" content=\"https:\/\/wordpress.ft.unicamp.br\/telecom\/lab-rf\/\" \/>\n<meta property=\"og:site_name\" content=\"Engenharia de Telecomunica\u00e7\u00f5es\" \/>\n<meta property=\"article:modified_time\" content=\"2023-11-11T02:21:13+00:00\" \/>\n<meta property=\"og:image\" content=\"http:\/\/wordpress.ft.unicamp.br\/telecom\/wp-content\/uploads\/sites\/24\/2015\/03\/11124066_869384276437243_715356453_n.jpg\" \/>\n<meta name=\"twitter:card\" content=\"summary_large_image\" \/>\n<meta name=\"twitter:label1\" content=\"Est. tempo de leitura\" \/>\n\t<meta name=\"twitter:data1\" content=\"2 minutos\" \/>\n<script type=\"application\/ld+json\" class=\"yoast-schema-graph\">{\"@context\":\"https:\\\/\\\/schema.org\",\"@graph\":[{\"@type\":\"WebPage\",\"@id\":\"https:\\\/\\\/wordpress.ft.unicamp.br\\\/telecom\\\/lab-rf\\\/\",\"url\":\"https:\\\/\\\/wordpress.ft.unicamp.br\\\/telecom\\\/lab-rf\\\/\",\"name\":\"Lab. RF - Engenharia de Telecomunica\u00e7\u00f5es\",\"isPartOf\":{\"@id\":\"https:\\\/\\\/wordpress.ft.unicamp.br\\\/telecom\\\/#website\"},\"primaryImageOfPage\":{\"@id\":\"https:\\\/\\\/wordpress.ft.unicamp.br\\\/telecom\\\/lab-rf\\\/#primaryimage\"},\"image\":{\"@id\":\"https:\\\/\\\/wordpress.ft.unicamp.br\\\/telecom\\\/lab-rf\\\/#primaryimage\"},\"thumbnailUrl\":\"http:\\\/\\\/wordpress.ft.unicamp.br\\\/telecom\\\/wp-content\\\/uploads\\\/sites\\\/24\\\/2015\\\/03\\\/11124066_869384276437243_715356453_n.jpg\",\"datePublished\":\"2015-03-09T18:08:41+00:00\",\"dateModified\":\"2023-11-11T02:21:13+00:00\",\"breadcrumb\":{\"@id\":\"https:\\\/\\\/wordpress.ft.unicamp.br\\\/telecom\\\/lab-rf\\\/#breadcrumb\"},\"inLanguage\":\"pt-BR\",\"potentialAction\":[{\"@type\":\"ReadAction\",\"target\":[\"https:\\\/\\\/wordpress.ft.unicamp.br\\\/telecom\\\/lab-rf\\\/\"]}]},{\"@type\":\"ImageObject\",\"inLanguage\":\"pt-BR\",\"@id\":\"https:\\\/\\\/wordpress.ft.unicamp.br\\\/telecom\\\/lab-rf\\\/#primaryimage\",\"url\":\"http:\\\/\\\/wordpress.ft.unicamp.br\\\/telecom\\\/wp-content\\\/uploads\\\/sites\\\/24\\\/2015\\\/03\\\/11124066_869384276437243_715356453_n.jpg\",\"contentUrl\":\"http:\\\/\\\/wordpress.ft.unicamp.br\\\/telecom\\\/wp-content\\\/uploads\\\/sites\\\/24\\\/2015\\\/03\\\/11124066_869384276437243_715356453_n.jpg\"},{\"@type\":\"BreadcrumbList\",\"@id\":\"https:\\\/\\\/wordpress.ft.unicamp.br\\\/telecom\\\/lab-rf\\\/#breadcrumb\",\"itemListElement\":[{\"@type\":\"ListItem\",\"position\":1,\"name\":\"Home\",\"item\":\"https:\\\/\\\/wordpress.ft.unicamp.br\\\/telecom\\\/\"},{\"@type\":\"ListItem\",\"position\":2,\"name\":\"Lab. RF\"}]},{\"@type\":\"WebSite\",\"@id\":\"https:\\\/\\\/wordpress.ft.unicamp.br\\\/telecom\\\/#website\",\"url\":\"https:\\\/\\\/wordpress.ft.unicamp.br\\\/telecom\\\/\",\"name\":\"Engenharia de Telecomunica\u00e7\u00f5es\",\"description\":\"\",\"publisher\":{\"@id\":\"https:\\\/\\\/wordpress.ft.unicamp.br\\\/telecom\\\/#organization\"},\"potentialAction\":[{\"@type\":\"SearchAction\",\"target\":{\"@type\":\"EntryPoint\",\"urlTemplate\":\"https:\\\/\\\/wordpress.ft.unicamp.br\\\/telecom\\\/?s={search_term_string}\"},\"query-input\":{\"@type\":\"PropertyValueSpecification\",\"valueRequired\":true,\"valueName\":\"search_term_string\"}}],\"inLanguage\":\"pt-BR\"},{\"@type\":\"Organization\",\"@id\":\"https:\\\/\\\/wordpress.ft.unicamp.br\\\/telecom\\\/#organization\",\"name\":\"Engenharia de Telecomunica\u00e7\u00f5es\",\"url\":\"https:\\\/\\\/wordpress.ft.unicamp.br\\\/telecom\\\/\",\"logo\":{\"@type\":\"ImageObject\",\"inLanguage\":\"pt-BR\",\"@id\":\"https:\\\/\\\/wordpress.ft.unicamp.br\\\/telecom\\\/#\\\/schema\\\/logo\\\/image\\\/\",\"url\":\"https:\\\/\\\/wordpress.ft.unicamp.br\\\/telecom\\\/wp-content\\\/uploads\\\/sites\\\/24\\\/2025\\\/05\\\/cropped-logo_ft_recortada.png\",\"contentUrl\":\"https:\\\/\\\/wordpress.ft.unicamp.br\\\/telecom\\\/wp-content\\\/uploads\\\/sites\\\/24\\\/2025\\\/05\\\/cropped-logo_ft_recortada.png\",\"width\":200,\"height\":171,\"caption\":\"Engenharia de Telecomunica\u00e7\u00f5es\"},\"image\":{\"@id\":\"https:\\\/\\\/wordpress.ft.unicamp.br\\\/telecom\\\/#\\\/schema\\\/logo\\\/image\\\/\"}}]}<\/script>\n<!-- \/ Yoast SEO plugin. -->","yoast_head_json":{"title":"Lab. RF - Engenharia de Telecomunica\u00e7\u00f5es","robots":{"index":"index","follow":"follow","max-snippet":"max-snippet:-1","max-image-preview":"max-image-preview:large","max-video-preview":"max-video-preview:-1"},"canonical":"https:\/\/wordpress.ft.unicamp.br\/telecom\/lab-rf\/","og_locale":"pt_BR","og_type":"article","og_title":"Lab. RF - Engenharia de Telecomunica\u00e7\u00f5es","og_description":"Facebook Twitter Linkedin Envelope LRF\u202f- Laborat\u00f3rio de Radiofrequ\u00eancia Realiza pesquisas e desenvolvimento na \u00e1rea de Eletr\u00f4nica de RF e Microondas. Pesquisas em desenvolvimento ,Pesquisa em desenvolvimento e caracteriza\u00e7\u00e3o de dispositivos passivos de RF e microondas. Pesquisa, desenvolvimento e caracteriza\u00e7\u00e3o de dispositivos ativos de RF e microondas. Pesquisa aplicada ao sensoriamento remoto: RADARES, RFID, Redes de &hellip; Lab. RF Read More &raquo;","og_url":"https:\/\/wordpress.ft.unicamp.br\/telecom\/lab-rf\/","og_site_name":"Engenharia de Telecomunica\u00e7\u00f5es","article_modified_time":"2023-11-11T02:21:13+00:00","og_image":[{"url":"http:\/\/wordpress.ft.unicamp.br\/telecom\/wp-content\/uploads\/sites\/24\/2015\/03\/11124066_869384276437243_715356453_n.jpg","type":"","width":"","height":""}],"twitter_card":"summary_large_image","twitter_misc":{"Est. tempo de leitura":"2 minutos"},"schema":{"@context":"https:\/\/schema.org","@graph":[{"@type":"WebPage","@id":"https:\/\/wordpress.ft.unicamp.br\/telecom\/lab-rf\/","url":"https:\/\/wordpress.ft.unicamp.br\/telecom\/lab-rf\/","name":"Lab. RF - Engenharia de Telecomunica\u00e7\u00f5es","isPartOf":{"@id":"https:\/\/wordpress.ft.unicamp.br\/telecom\/#website"},"primaryImageOfPage":{"@id":"https:\/\/wordpress.ft.unicamp.br\/telecom\/lab-rf\/#primaryimage"},"image":{"@id":"https:\/\/wordpress.ft.unicamp.br\/telecom\/lab-rf\/#primaryimage"},"thumbnailUrl":"http:\/\/wordpress.ft.unicamp.br\/telecom\/wp-content\/uploads\/sites\/24\/2015\/03\/11124066_869384276437243_715356453_n.jpg","datePublished":"2015-03-09T18:08:41+00:00","dateModified":"2023-11-11T02:21:13+00:00","breadcrumb":{"@id":"https:\/\/wordpress.ft.unicamp.br\/telecom\/lab-rf\/#breadcrumb"},"inLanguage":"pt-BR","potentialAction":[{"@type":"ReadAction","target":["https:\/\/wordpress.ft.unicamp.br\/telecom\/lab-rf\/"]}]},{"@type":"ImageObject","inLanguage":"pt-BR","@id":"https:\/\/wordpress.ft.unicamp.br\/telecom\/lab-rf\/#primaryimage","url":"http:\/\/wordpress.ft.unicamp.br\/telecom\/wp-content\/uploads\/sites\/24\/2015\/03\/11124066_869384276437243_715356453_n.jpg","contentUrl":"http:\/\/wordpress.ft.unicamp.br\/telecom\/wp-content\/uploads\/sites\/24\/2015\/03\/11124066_869384276437243_715356453_n.jpg"},{"@type":"BreadcrumbList","@id":"https:\/\/wordpress.ft.unicamp.br\/telecom\/lab-rf\/#breadcrumb","itemListElement":[{"@type":"ListItem","position":1,"name":"Home","item":"https:\/\/wordpress.ft.unicamp.br\/telecom\/"},{"@type":"ListItem","position":2,"name":"Lab. RF"}]},{"@type":"WebSite","@id":"https:\/\/wordpress.ft.unicamp.br\/telecom\/#website","url":"https:\/\/wordpress.ft.unicamp.br\/telecom\/","name":"Engenharia de Telecomunica\u00e7\u00f5es","description":"","publisher":{"@id":"https:\/\/wordpress.ft.unicamp.br\/telecom\/#organization"},"potentialAction":[{"@type":"SearchAction","target":{"@type":"EntryPoint","urlTemplate":"https:\/\/wordpress.ft.unicamp.br\/telecom\/?s={search_term_string}"},"query-input":{"@type":"PropertyValueSpecification","valueRequired":true,"valueName":"search_term_string"}}],"inLanguage":"pt-BR"},{"@type":"Organization","@id":"https:\/\/wordpress.ft.unicamp.br\/telecom\/#organization","name":"Engenharia de Telecomunica\u00e7\u00f5es","url":"https:\/\/wordpress.ft.unicamp.br\/telecom\/","logo":{"@type":"ImageObject","inLanguage":"pt-BR","@id":"https:\/\/wordpress.ft.unicamp.br\/telecom\/#\/schema\/logo\/image\/","url":"https:\/\/wordpress.ft.unicamp.br\/telecom\/wp-content\/uploads\/sites\/24\/2025\/05\/cropped-logo_ft_recortada.png","contentUrl":"https:\/\/wordpress.ft.unicamp.br\/telecom\/wp-content\/uploads\/sites\/24\/2025\/05\/cropped-logo_ft_recortada.png","width":200,"height":171,"caption":"Engenharia de Telecomunica\u00e7\u00f5es"},"image":{"@id":"https:\/\/wordpress.ft.unicamp.br\/telecom\/#\/schema\/logo\/image\/"}}]}},"_links":{"self":[{"href":"https:\/\/wordpress.ft.unicamp.br\/telecom\/wp-json\/wp\/v2\/pages\/14","targetHints":{"allow":["GET"]}}],"collection":[{"href":"https:\/\/wordpress.ft.unicamp.br\/telecom\/wp-json\/wp\/v2\/pages"}],"about":[{"href":"https:\/\/wordpress.ft.unicamp.br\/telecom\/wp-json\/wp\/v2\/types\/page"}],"author":[{"embeddable":true,"href":"https:\/\/wordpress.ft.unicamp.br\/telecom\/wp-json\/wp\/v2\/users\/1"}],"replies":[{"embeddable":true,"href":"https:\/\/wordpress.ft.unicamp.br\/telecom\/wp-json\/wp\/v2\/comments?post=14"}],"version-history":[{"count":10,"href":"https:\/\/wordpress.ft.unicamp.br\/telecom\/wp-json\/wp\/v2\/pages\/14\/revisions"}],"predecessor-version":[{"id":673,"href":"https:\/\/wordpress.ft.unicamp.br\/telecom\/wp-json\/wp\/v2\/pages\/14\/revisions\/673"}],"wp:attachment":[{"href":"https:\/\/wordpress.ft.unicamp.br\/telecom\/wp-json\/wp\/v2\/media?parent=14"}],"curies":[{"name":"wp","href":"https:\/\/api.w.org\/{rel}","templated":true}]}}