{"id":530,"date":"2023-10-31T06:41:53","date_gmt":"2023-10-31T06:41:53","guid":{"rendered":"https:\/\/wordpress.ft.unicamp.br\/telecom\/?page_id=530"},"modified":"2023-11-09T19:10:04","modified_gmt":"2023-11-09T19:10:04","slug":"blog","status":"publish","type":"page","link":"https:\/\/wordpress.ft.unicamp.br\/telecom\/blog\/","title":{"rendered":"Not\u00edcias"},"content":{"rendered":"\t\t<div data-elementor-type=\"wp-page\" data-elementor-id=\"530\" class=\"elementor elementor-530\">\n\t\t\t\t\t\t<section class=\"elementor-section elementor-top-section elementor-element elementor-element-21e9c45 elementor-section-boxed elementor-section-height-default elementor-section-height-default\" data-id=\"21e9c45\" data-element_type=\"section\" data-e-type=\"section\">\n\t\t\t\t\t\t<div class=\"elementor-container elementor-column-gap-default\">\n\t\t\t\t\t<div class=\"elementor-column elementor-col-100 elementor-top-column elementor-element elementor-element-49a5aee\" data-id=\"49a5aee\" data-element_type=\"column\" data-e-type=\"column\">\n\t\t\t<div class=\"elementor-widget-wrap elementor-element-populated\">\n\t\t\t\t\t\t<div class=\"elementor-element elementor-element-58b3a96 elementor-widget elementor-widget-spacer\" data-id=\"58b3a96\" data-element_type=\"widget\" data-e-type=\"widget\" data-widget_type=\"spacer.default\">\n\t\t\t\t\t\t\t<div class=\"elementor-spacer\">\n\t\t\t<div class=\"elementor-spacer-inner\"><\/div>\n\t\t<\/div>\n\t\t\t\t\t\t<\/div>\n\t\t\t\t\t<\/div>\n\t\t<\/div>\n\t\t\t\t\t<\/div>\n\t\t<\/section>\n\t\t\t\t<section class=\"elementor-section elementor-top-section elementor-element elementor-element-2162e8b elementor-section-full_width elementor-section-height-default elementor-section-height-default\" data-id=\"2162e8b\" data-element_type=\"section\" data-e-type=\"section\">\n\t\t\t\t\t\t<div class=\"elementor-container elementor-column-gap-default\">\n\t\t\t\t\t<div class=\"elementor-column elementor-col-100 elementor-top-column elementor-element elementor-element-c7f459c\" data-id=\"c7f459c\" data-element_type=\"column\" data-e-type=\"column\">\n\t\t\t<div class=\"elementor-widget-wrap elementor-element-populated\">\n\t\t\t\t\t\t<div class=\"elementor-element elementor-element-b96227e elementor-grid-eael-col-5 elementor-grid-tablet-eael-col-2 elementor-grid-mobile-eael-col-1 elementor-widget elementor-widget-eael-post-grid\" data-id=\"b96227e\" data-element_type=\"widget\" data-e-type=\"widget\" data-settings=\"{&quot;eael_post_grid_columns&quot;:&quot;eael-col-5&quot;,&quot;_animation&quot;:&quot;none&quot;,&quot;eael_post_grid_columns_tablet&quot;:&quot;eael-col-2&quot;,&quot;eael_post_grid_columns_mobile&quot;:&quot;eael-col-1&quot;}\" data-widget_type=\"eael-post-grid.default\">\n\t\t\t\t\t<div id=\"eael-post-grid-b96227e\" class=\"eael-post-grid-container\">\n            <div class=\"eael-post-grid eael-post-appender eael-post-appender-b96227e eael-post-grid-style-one\" data-layout-mode=\"grid\"><article class=\"eael-grid-post  eael-post-grid-column eael-pg-post-549 category-noticias\" data-id=\"549\">\n        <div class=\"eael-grid-post-holder\">\n            <div class=\"eael-grid-post-holder-inner\"><div class=\"eael-entry-media\"><div class=\"eael-entry-overlay slide-up\"><i class=\"\" aria-hidden=\"true\"><\/i><a href=\"https:\/\/wordpress.ft.unicamp.br\/telecom\/alunos-bolsistas-ganham-premio-no-congresso-sae\/\"><\/a><\/div><div class=\"eael-entry-thumbnail eael-image-ratio\">\n                <img fetchpriority=\"high\" decoding=\"async\" width=\"768\" height=\"1024\" src=\"https:\/\/wordpress.ft.unicamp.br\/telecom\/wp-content\/uploads\/sites\/24\/2023\/11\/WhatsApp-Image-2023-10-31-at-19.28.17_a641b4fd-768x1024.jpg\" class=\"attachment-large size-large wp-image-551\" alt=\"\" \/>\n            <\/div>\n        <\/div><div class=\"eael-entry-wrapper\"><header class=\"eael-entry-header\"><h6 class=\"eael-entry-title\"><a class=\"eael-grid-post-link\" href=\"https:\/\/wordpress.ft.unicamp.br\/telecom\/alunos-bolsistas-ganham-premio-no-congresso-sae\/\" title=\"Alunos bolsistas ganham pr\u00e9mio no congresso SAE\">Alunos bolsistas ganham pr\u00e9mio no congresso SAE<\/a><\/h6><\/header><div class=\"eael-entry-content\">\n                        <div class=\"eael-grid-post-excerpt\"><p>Os alunos Jo\u00e3o Vithor da Silva Barbosa e Jos\u00e9 Leonardo Cardoso de...<\/p><a href=\"https:\/\/wordpress.ft.unicamp.br\/telecom\/alunos-bolsistas-ganham-premio-no-congresso-sae\/\" class=\"eael-post-elements-readmore-btn\">Ler mais<\/a><\/div>\n                    <\/div><\/div><\/div>\n        <\/div>\n    <\/article><\/div>\n            <div class=\"clearfix\"><\/div>\n        <\/div>\t\t\t\t<\/div>\n\t\t\t\t\t<\/div>\n\t\t<\/div>\n\t\t\t\t\t<\/div>\n\t\t<\/section>\n\t\t\t\t<\/div>\n\t\t","protected":false},"excerpt":{"rendered":"<p>\/*! elementor &#8211; v3.17.0 &#8211; 08-11-2023 *\/ .elementor-column .elementor-spacer-inner{height:var(&#8211;spacer-size)}.e-con{&#8211;container-widget-width:100%}.e-con-inner&gt;.elementor-widget-spacer,.e-con&gt;.elementor-widget-spacer{width:var(&#8211;container-widget-width,var(&#8211;spacer-size));&#8211;align-self:var(&#8211;container-widget-align-self,initial);&#8211;flex-shrink:0}.e-con-inner&gt;.elementor-widget-spacer&gt;.elementor-widget-container,.e-con&gt;.elementor-widget-spacer&gt;.elementor-widget-container{height:100%;width:100%}.e-con-inner&gt;.elementor-widget-spacer&gt;.elementor-widget-container&gt;.elementor-spacer,.e-con&gt;.elementor-widget-spacer&gt;.elementor-widget-container&gt;.elementor-spacer{height:100%}.e-con-inner&gt;.elementor-widget-spacer&gt;.elementor-widget-container&gt;.elementor-spacer&gt;.elementor-spacer-inner,.e-con&gt;.elementor-widget-spacer&gt;.elementor-widget-container&gt;.elementor-spacer&gt;.elementor-spacer-inner{height:var(&#8211;container-widget-height,var(&#8211;spacer-size))}.e-con-inner&gt;.elementor-widget-spacer.elementor-widget-empty,.e-con&gt;.elementor-widget-spacer.elementor-widget-empty{position:relative;min-height:22px;min-width:22px}.e-con-inner&gt;.elementor-widget-spacer.elementor-widget-empty .elementor-widget-empty-icon,.e-con&gt;.elementor-widget-spacer.elementor-widget-empty .elementor-widget-empty-icon{position:absolute;top:0;bottom:0;left:0;right:0;margin:auto;padding:0;width:22px;height:22px} Alunos bolsistas ganham pr\u00e9mio no congresso SAE Os alunos Jo\u00e3o Vithor da Silva Barbosa e Jos\u00e9 Leonardo Cardoso de&#8230; Ler mais<\/p>\n","protected":false},"author":110,"featured_media":0,"parent":0,"menu_order":0,"comment_status":"closed","ping_status":"closed","template":"","meta":{"site-sidebar-layout":"no-sidebar","site-content-layout":"page-builder","ast-global-header-display":"","ast-banner-title-visibility":"","ast-main-header-display":"","ast-hfb-above-header-display":"","ast-hfb-below-header-display":"","ast-hfb-mobile-header-display":"","site-post-title":"","ast-breadcrumbs-content":"","ast-featured-img":"disabled","footer-sml-layout":"","theme-transparent-header-meta":"","adv-header-id-meta":"","stick-header-meta":"","header-above-stick-meta":"","header-main-stick-meta":"","header-below-stick-meta":"","footnotes":""},"class_list":["post-530","page","type-page","status-publish","hentry"],"yoast_head":"<!-- This site is optimized with the Yoast SEO plugin v27.3 - https:\/\/yoast.com\/product\/yoast-seo-wordpress\/ -->\n<title>Not\u00edcias - Engenharia de Telecomunica\u00e7\u00f5es<\/title>\n<meta name=\"robots\" content=\"index, follow, max-snippet:-1, max-image-preview:large, max-video-preview:-1\" \/>\n<link rel=\"canonical\" href=\"https:\/\/wordpress.ft.unicamp.br\/telecom\/blog\/\" \/>\n<meta property=\"og:locale\" content=\"pt_BR\" \/>\n<meta property=\"og:type\" content=\"article\" \/>\n<meta property=\"og:title\" content=\"Not\u00edcias - Engenharia de Telecomunica\u00e7\u00f5es\" \/>\n<meta property=\"og:description\" content=\"\/*! elementor &#8211; v3.17.0 &#8211; 08-11-2023 *\/ .elementor-column .elementor-spacer-inner{height:var(&#8211;spacer-size)}.e-con{&#8211;container-widget-width:100%}.e-con-inner&gt;.elementor-widget-spacer,.e-con&gt;.elementor-widget-spacer{width:var(&#8211;container-widget-width,var(&#8211;spacer-size));&#8211;align-self:var(&#8211;container-widget-align-self,initial);&#8211;flex-shrink:0}.e-con-inner&gt;.elementor-widget-spacer&gt;.elementor-widget-container,.e-con&gt;.elementor-widget-spacer&gt;.elementor-widget-container{height:100%;width:100%}.e-con-inner&gt;.elementor-widget-spacer&gt;.elementor-widget-container&gt;.elementor-spacer,.e-con&gt;.elementor-widget-spacer&gt;.elementor-widget-container&gt;.elementor-spacer{height:100%}.e-con-inner&gt;.elementor-widget-spacer&gt;.elementor-widget-container&gt;.elementor-spacer&gt;.elementor-spacer-inner,.e-con&gt;.elementor-widget-spacer&gt;.elementor-widget-container&gt;.elementor-spacer&gt;.elementor-spacer-inner{height:var(&#8211;container-widget-height,var(&#8211;spacer-size))}.e-con-inner&gt;.elementor-widget-spacer.elementor-widget-empty,.e-con&gt;.elementor-widget-spacer.elementor-widget-empty{position:relative;min-height:22px;min-width:22px}.e-con-inner&gt;.elementor-widget-spacer.elementor-widget-empty .elementor-widget-empty-icon,.e-con&gt;.elementor-widget-spacer.elementor-widget-empty .elementor-widget-empty-icon{position:absolute;top:0;bottom:0;left:0;right:0;margin:auto;padding:0;width:22px;height:22px} Alunos bolsistas ganham pr\u00e9mio no congresso SAE Os alunos Jo\u00e3o Vithor da Silva Barbosa e Jos\u00e9 Leonardo Cardoso de&#8230; Ler mais\" \/>\n<meta property=\"og:url\" content=\"https:\/\/wordpress.ft.unicamp.br\/telecom\/blog\/\" \/>\n<meta property=\"og:site_name\" content=\"Engenharia de Telecomunica\u00e7\u00f5es\" \/>\n<meta property=\"article:modified_time\" content=\"2023-11-09T19:10:04+00:00\" \/>\n<meta property=\"og:image\" content=\"http:\/\/wordpress.ft.unicamp.br\/telecom\/wp-content\/uploads\/sites\/24\/2023\/11\/WhatsApp-Image-2023-10-31-at-19.28.17_a641b4fd-768x1024.jpg\" \/>\n<meta name=\"twitter:card\" content=\"summary_large_image\" \/>\n<meta name=\"twitter:label1\" content=\"Est. tempo de leitura\" \/>\n\t<meta name=\"twitter:data1\" content=\"1 minuto\" \/>\n<script type=\"application\/ld+json\" class=\"yoast-schema-graph\">{\"@context\":\"https:\\\/\\\/schema.org\",\"@graph\":[{\"@type\":\"WebPage\",\"@id\":\"https:\\\/\\\/wordpress.ft.unicamp.br\\\/telecom\\\/blog\\\/\",\"url\":\"https:\\\/\\\/wordpress.ft.unicamp.br\\\/telecom\\\/blog\\\/\",\"name\":\"Not\u00edcias - Engenharia de Telecomunica\u00e7\u00f5es\",\"isPartOf\":{\"@id\":\"https:\\\/\\\/wordpress.ft.unicamp.br\\\/telecom\\\/#website\"},\"primaryImageOfPage\":{\"@id\":\"https:\\\/\\\/wordpress.ft.unicamp.br\\\/telecom\\\/blog\\\/#primaryimage\"},\"image\":{\"@id\":\"https:\\\/\\\/wordpress.ft.unicamp.br\\\/telecom\\\/blog\\\/#primaryimage\"},\"thumbnailUrl\":\"http:\\\/\\\/wordpress.ft.unicamp.br\\\/telecom\\\/wp-content\\\/uploads\\\/sites\\\/24\\\/2023\\\/11\\\/WhatsApp-Image-2023-10-31-at-19.28.17_a641b4fd-768x1024.jpg\",\"datePublished\":\"2023-10-31T06:41:53+00:00\",\"dateModified\":\"2023-11-09T19:10:04+00:00\",\"breadcrumb\":{\"@id\":\"https:\\\/\\\/wordpress.ft.unicamp.br\\\/telecom\\\/blog\\\/#breadcrumb\"},\"inLanguage\":\"pt-BR\",\"potentialAction\":[{\"@type\":\"ReadAction\",\"target\":[\"https:\\\/\\\/wordpress.ft.unicamp.br\\\/telecom\\\/blog\\\/\"]}]},{\"@type\":\"ImageObject\",\"inLanguage\":\"pt-BR\",\"@id\":\"https:\\\/\\\/wordpress.ft.unicamp.br\\\/telecom\\\/blog\\\/#primaryimage\",\"url\":\"https:\\\/\\\/wordpress.ft.unicamp.br\\\/telecom\\\/wp-content\\\/uploads\\\/sites\\\/24\\\/2023\\\/11\\\/WhatsApp-Image-2023-10-31-at-19.28.17_a641b4fd-e1699538526576.jpg\",\"contentUrl\":\"https:\\\/\\\/wordpress.ft.unicamp.br\\\/telecom\\\/wp-content\\\/uploads\\\/sites\\\/24\\\/2023\\\/11\\\/WhatsApp-Image-2023-10-31-at-19.28.17_a641b4fd-e1699538526576.jpg\",\"width\":225,\"height\":300},{\"@type\":\"BreadcrumbList\",\"@id\":\"https:\\\/\\\/wordpress.ft.unicamp.br\\\/telecom\\\/blog\\\/#breadcrumb\",\"itemListElement\":[{\"@type\":\"ListItem\",\"position\":1,\"name\":\"Home\",\"item\":\"https:\\\/\\\/wordpress.ft.unicamp.br\\\/telecom\\\/\"},{\"@type\":\"ListItem\",\"position\":2,\"name\":\"Not\u00edcias\"}]},{\"@type\":\"WebSite\",\"@id\":\"https:\\\/\\\/wordpress.ft.unicamp.br\\\/telecom\\\/#website\",\"url\":\"https:\\\/\\\/wordpress.ft.unicamp.br\\\/telecom\\\/\",\"name\":\"Engenharia de Telecomunica\u00e7\u00f5es\",\"description\":\"\",\"publisher\":{\"@id\":\"https:\\\/\\\/wordpress.ft.unicamp.br\\\/telecom\\\/#organization\"},\"potentialAction\":[{\"@type\":\"SearchAction\",\"target\":{\"@type\":\"EntryPoint\",\"urlTemplate\":\"https:\\\/\\\/wordpress.ft.unicamp.br\\\/telecom\\\/?s={search_term_string}\"},\"query-input\":{\"@type\":\"PropertyValueSpecification\",\"valueRequired\":true,\"valueName\":\"search_term_string\"}}],\"inLanguage\":\"pt-BR\"},{\"@type\":\"Organization\",\"@id\":\"https:\\\/\\\/wordpress.ft.unicamp.br\\\/telecom\\\/#organization\",\"name\":\"Engenharia de Telecomunica\u00e7\u00f5es\",\"url\":\"https:\\\/\\\/wordpress.ft.unicamp.br\\\/telecom\\\/\",\"logo\":{\"@type\":\"ImageObject\",\"inLanguage\":\"pt-BR\",\"@id\":\"https:\\\/\\\/wordpress.ft.unicamp.br\\\/telecom\\\/#\\\/schema\\\/logo\\\/image\\\/\",\"url\":\"https:\\\/\\\/wordpress.ft.unicamp.br\\\/telecom\\\/wp-content\\\/uploads\\\/sites\\\/24\\\/2025\\\/05\\\/cropped-logo_ft_recortada.png\",\"contentUrl\":\"https:\\\/\\\/wordpress.ft.unicamp.br\\\/telecom\\\/wp-content\\\/uploads\\\/sites\\\/24\\\/2025\\\/05\\\/cropped-logo_ft_recortada.png\",\"width\":200,\"height\":171,\"caption\":\"Engenharia de Telecomunica\u00e7\u00f5es\"},\"image\":{\"@id\":\"https:\\\/\\\/wordpress.ft.unicamp.br\\\/telecom\\\/#\\\/schema\\\/logo\\\/image\\\/\"}}]}<\/script>\n<!-- \/ Yoast SEO plugin. -->","yoast_head_json":{"title":"Not\u00edcias - Engenharia de Telecomunica\u00e7\u00f5es","robots":{"index":"index","follow":"follow","max-snippet":"max-snippet:-1","max-image-preview":"max-image-preview:large","max-video-preview":"max-video-preview:-1"},"canonical":"https:\/\/wordpress.ft.unicamp.br\/telecom\/blog\/","og_locale":"pt_BR","og_type":"article","og_title":"Not\u00edcias - Engenharia de Telecomunica\u00e7\u00f5es","og_description":"\/*! elementor &#8211; v3.17.0 &#8211; 08-11-2023 *\/ .elementor-column .elementor-spacer-inner{height:var(&#8211;spacer-size)}.e-con{&#8211;container-widget-width:100%}.e-con-inner&gt;.elementor-widget-spacer,.e-con&gt;.elementor-widget-spacer{width:var(&#8211;container-widget-width,var(&#8211;spacer-size));&#8211;align-self:var(&#8211;container-widget-align-self,initial);&#8211;flex-shrink:0}.e-con-inner&gt;.elementor-widget-spacer&gt;.elementor-widget-container,.e-con&gt;.elementor-widget-spacer&gt;.elementor-widget-container{height:100%;width:100%}.e-con-inner&gt;.elementor-widget-spacer&gt;.elementor-widget-container&gt;.elementor-spacer,.e-con&gt;.elementor-widget-spacer&gt;.elementor-widget-container&gt;.elementor-spacer{height:100%}.e-con-inner&gt;.elementor-widget-spacer&gt;.elementor-widget-container&gt;.elementor-spacer&gt;.elementor-spacer-inner,.e-con&gt;.elementor-widget-spacer&gt;.elementor-widget-container&gt;.elementor-spacer&gt;.elementor-spacer-inner{height:var(&#8211;container-widget-height,var(&#8211;spacer-size))}.e-con-inner&gt;.elementor-widget-spacer.elementor-widget-empty,.e-con&gt;.elementor-widget-spacer.elementor-widget-empty{position:relative;min-height:22px;min-width:22px}.e-con-inner&gt;.elementor-widget-spacer.elementor-widget-empty .elementor-widget-empty-icon,.e-con&gt;.elementor-widget-spacer.elementor-widget-empty .elementor-widget-empty-icon{position:absolute;top:0;bottom:0;left:0;right:0;margin:auto;padding:0;width:22px;height:22px} Alunos bolsistas ganham pr\u00e9mio no congresso SAE Os alunos Jo\u00e3o Vithor da Silva Barbosa e Jos\u00e9 Leonardo Cardoso de&#8230; Ler mais","og_url":"https:\/\/wordpress.ft.unicamp.br\/telecom\/blog\/","og_site_name":"Engenharia de Telecomunica\u00e7\u00f5es","article_modified_time":"2023-11-09T19:10:04+00:00","og_image":[{"url":"http:\/\/wordpress.ft.unicamp.br\/telecom\/wp-content\/uploads\/sites\/24\/2023\/11\/WhatsApp-Image-2023-10-31-at-19.28.17_a641b4fd-768x1024.jpg","type":"","width":"","height":""}],"twitter_card":"summary_large_image","twitter_misc":{"Est. tempo de leitura":"1 minuto"},"schema":{"@context":"https:\/\/schema.org","@graph":[{"@type":"WebPage","@id":"https:\/\/wordpress.ft.unicamp.br\/telecom\/blog\/","url":"https:\/\/wordpress.ft.unicamp.br\/telecom\/blog\/","name":"Not\u00edcias - Engenharia de Telecomunica\u00e7\u00f5es","isPartOf":{"@id":"https:\/\/wordpress.ft.unicamp.br\/telecom\/#website"},"primaryImageOfPage":{"@id":"https:\/\/wordpress.ft.unicamp.br\/telecom\/blog\/#primaryimage"},"image":{"@id":"https:\/\/wordpress.ft.unicamp.br\/telecom\/blog\/#primaryimage"},"thumbnailUrl":"http:\/\/wordpress.ft.unicamp.br\/telecom\/wp-content\/uploads\/sites\/24\/2023\/11\/WhatsApp-Image-2023-10-31-at-19.28.17_a641b4fd-768x1024.jpg","datePublished":"2023-10-31T06:41:53+00:00","dateModified":"2023-11-09T19:10:04+00:00","breadcrumb":{"@id":"https:\/\/wordpress.ft.unicamp.br\/telecom\/blog\/#breadcrumb"},"inLanguage":"pt-BR","potentialAction":[{"@type":"ReadAction","target":["https:\/\/wordpress.ft.unicamp.br\/telecom\/blog\/"]}]},{"@type":"ImageObject","inLanguage":"pt-BR","@id":"https:\/\/wordpress.ft.unicamp.br\/telecom\/blog\/#primaryimage","url":"https:\/\/wordpress.ft.unicamp.br\/telecom\/wp-content\/uploads\/sites\/24\/2023\/11\/WhatsApp-Image-2023-10-31-at-19.28.17_a641b4fd-e1699538526576.jpg","contentUrl":"https:\/\/wordpress.ft.unicamp.br\/telecom\/wp-content\/uploads\/sites\/24\/2023\/11\/WhatsApp-Image-2023-10-31-at-19.28.17_a641b4fd-e1699538526576.jpg","width":225,"height":300},{"@type":"BreadcrumbList","@id":"https:\/\/wordpress.ft.unicamp.br\/telecom\/blog\/#breadcrumb","itemListElement":[{"@type":"ListItem","position":1,"name":"Home","item":"https:\/\/wordpress.ft.unicamp.br\/telecom\/"},{"@type":"ListItem","position":2,"name":"Not\u00edcias"}]},{"@type":"WebSite","@id":"https:\/\/wordpress.ft.unicamp.br\/telecom\/#website","url":"https:\/\/wordpress.ft.unicamp.br\/telecom\/","name":"Engenharia de Telecomunica\u00e7\u00f5es","description":"","publisher":{"@id":"https:\/\/wordpress.ft.unicamp.br\/telecom\/#organization"},"potentialAction":[{"@type":"SearchAction","target":{"@type":"EntryPoint","urlTemplate":"https:\/\/wordpress.ft.unicamp.br\/telecom\/?s={search_term_string}"},"query-input":{"@type":"PropertyValueSpecification","valueRequired":true,"valueName":"search_term_string"}}],"inLanguage":"pt-BR"},{"@type":"Organization","@id":"https:\/\/wordpress.ft.unicamp.br\/telecom\/#organization","name":"Engenharia de Telecomunica\u00e7\u00f5es","url":"https:\/\/wordpress.ft.unicamp.br\/telecom\/","logo":{"@type":"ImageObject","inLanguage":"pt-BR","@id":"https:\/\/wordpress.ft.unicamp.br\/telecom\/#\/schema\/logo\/image\/","url":"https:\/\/wordpress.ft.unicamp.br\/telecom\/wp-content\/uploads\/sites\/24\/2025\/05\/cropped-logo_ft_recortada.png","contentUrl":"https:\/\/wordpress.ft.unicamp.br\/telecom\/wp-content\/uploads\/sites\/24\/2025\/05\/cropped-logo_ft_recortada.png","width":200,"height":171,"caption":"Engenharia de Telecomunica\u00e7\u00f5es"},"image":{"@id":"https:\/\/wordpress.ft.unicamp.br\/telecom\/#\/schema\/logo\/image\/"}}]}},"_links":{"self":[{"href":"https:\/\/wordpress.ft.unicamp.br\/telecom\/wp-json\/wp\/v2\/pages\/530","targetHints":{"allow":["GET"]}}],"collection":[{"href":"https:\/\/wordpress.ft.unicamp.br\/telecom\/wp-json\/wp\/v2\/pages"}],"about":[{"href":"https:\/\/wordpress.ft.unicamp.br\/telecom\/wp-json\/wp\/v2\/types\/page"}],"author":[{"embeddable":true,"href":"https:\/\/wordpress.ft.unicamp.br\/telecom\/wp-json\/wp\/v2\/users\/110"}],"replies":[{"embeddable":true,"href":"https:\/\/wordpress.ft.unicamp.br\/telecom\/wp-json\/wp\/v2\/comments?post=530"}],"version-history":[{"count":18,"href":"https:\/\/wordpress.ft.unicamp.br\/telecom\/wp-json\/wp\/v2\/pages\/530\/revisions"}],"predecessor-version":[{"id":644,"href":"https:\/\/wordpress.ft.unicamp.br\/telecom\/wp-json\/wp\/v2\/pages\/530\/revisions\/644"}],"wp:attachment":[{"href":"https:\/\/wordpress.ft.unicamp.br\/telecom\/wp-json\/wp\/v2\/media?parent=530"}],"curies":[{"name":"wp","href":"https:\/\/api.w.org\/{rel}","templated":true}]}}