{"id":587,"date":"2019-05-21T23:00:14","date_gmt":"2019-05-21T23:00:14","guid":{"rendered":"http:\/\/wordpress.ft.unicamp.br\/vitor\/?page_id=587"},"modified":"2019-07-03T18:59:27","modified_gmt":"2019-07-03T18:59:27","slug":"institucional-in-portuguese","status":"publish","type":"page","link":"https:\/\/wordpress.ft.unicamp.br\/vitor\/institucional-in-portuguese\/","title":{"rendered":"Institucional (in Portuguese)"},"content":{"rendered":"\n<p>Apresento aqui propostas elaboradas para melhorar diferentes setores da Faculdade de Tecnologia. Algumas dessas propostas foram apresentadas para a coordena\u00e7\u00e3o\/dire\u00e7\u00e3o da FT.<\/p>\n\n\n\n<ol class=\"wp-block-list\"><li><a href=\"http:\/\/wordpress.ft.unicamp.br\/vitor\/wp-content\/uploads\/sites\/30\/2019\/07\/proposta-coleta-producao-intelectual-FT.pdf\">Proposta de coleta autom\u00e1tica da produ\u00e7\u00e3o intelectual da FT<\/a><a href=\"http:\/\/wordpress.ft.unicamp.br\/vitor\/wp-content\/uploads\/sites\/30\/2019\/07\/BR-13484332-WoS-2014-2018.bib_.pdf\"> <\/a>(Julho\/2019)<\/li><li><a href=\"https:\/\/wordpress.ft.unicamp.br\/vitor\/wp-content\/uploads\/sites\/30\/2019\/05\/proposta-revisao-pesquisa.pdf\">Proposta de procedimento de avalia\u00e7\u00e3o pr\u00e9-submiss\u00e3o de projetos e artigos cient\u00edficos<\/a><strong><a href=\"https:\/\/wordpress.ft.unicamp.br\/vitor\/wp-content\/uploads\/sites\/30\/2019\/05\/proposta-revisao-pesquisa.pdf\"> <\/a><\/strong> (fev\/2019)<\/li><li><a href=\"https:\/\/wordpress.ft.unicamp.br\/vitor\/wp-content\/uploads\/sites\/30\/2019\/05\/proposta-visualizacao-recursos-FT.pdf\">Proposta de visualiza\u00e7\u00e3o do fluxo de uso dos recursos da FT para compor o portal da transpar\u00eancia<\/a> (Mar\/2019)<\/li><li><a href=\"https:\/\/wordpress.ft.unicamp.br\/vitor\/wp-content\/uploads\/sites\/30\/2019\/05\/sistema-gerenciamento-parque-equipamentos.pdf\">Proposta de Sistema para Gerenciamento do Parque de Equipamentos de Pesquisa (SiGPEP)<\/a> (Mar\/2019)<\/li><li><a href=\"https:\/\/wordpress.ft.unicamp.br\/vitor\/wp-content\/uploads\/sites\/30\/2019\/05\/proposta-edital-CGU-atualizado-2-05.pdf\">Proposta de implanta\u00e7\u00e3o de novas estrat\u00e9gias de Ensino de disciplinas de F\u00edsica e Matem\u00e1tica na Gradua\u00e7\u00e3o da Faculdade de Tecnologia<\/a> (Maio\/2019) <\/li><li><a href=\"http:\/\/wordpress.ft.unicamp.br\/vitor\/wp-content\/uploads\/sites\/30\/2019\/06\/relatorio-gestao-vitor-2013-2015.pdf\">Relat\u00f3rio de Gest\u00e3o &#8211; Coordena\u00e7\u00e3o de P\u00f3s-gradua\u00e7\u00e3o da FT<\/a> (Junho\/2015)<\/li><\/ol>\n\n\n\n<p><\/p>\n","protected":false},"excerpt":{"rendered":"<p>Apresento aqui propostas elaboradas para melhorar diferentes setores da Faculdade de Tecnologia. Algumas dessas propostas foram apresentadas para a coordena\u00e7\u00e3o\/dire\u00e7\u00e3o da FT. Proposta de coleta autom\u00e1tica da produ\u00e7\u00e3o intelectual da &hellip; <a class=\"readmore\" href=\"https:\/\/wordpress.ft.unicamp.br\/vitor\/institucional-in-portuguese\/\">Continue Reading &rarr;<\/a><\/p>\n","protected":false},"author":15,"featured_media":0,"parent":0,"menu_order":0,"comment_status":"closed","ping_status":"closed","template":"","meta":{"footnotes":""},"class_list":["post-587","page","type-page","status-publish","hentry"],"yoast_head":"<!-- This site is optimized with the Yoast SEO plugin v27.3 - https:\/\/yoast.com\/product\/yoast-seo-wordpress\/ -->\n<title>Institucional (in Portuguese) - Prof. Vitor R. Coluci<\/title>\n<meta name=\"robots\" content=\"index, follow, max-snippet:-1, max-image-preview:large, max-video-preview:-1\" \/>\n<link rel=\"canonical\" href=\"https:\/\/wordpress.ft.unicamp.br\/vitor\/institucional-in-portuguese\/\" \/>\n<meta property=\"og:locale\" content=\"en_US\" \/>\n<meta property=\"og:type\" content=\"article\" \/>\n<meta property=\"og:title\" content=\"Institucional (in Portuguese) - Prof. Vitor R. Coluci\" \/>\n<meta property=\"og:description\" content=\"Apresento aqui propostas elaboradas para melhorar diferentes setores da Faculdade de Tecnologia. Algumas dessas propostas foram apresentadas para a coordena\u00e7\u00e3o\/dire\u00e7\u00e3o da FT. Proposta de coleta autom\u00e1tica da produ\u00e7\u00e3o intelectual da &hellip; Continue Reading &rarr;\" \/>\n<meta property=\"og:url\" content=\"https:\/\/wordpress.ft.unicamp.br\/vitor\/institucional-in-portuguese\/\" \/>\n<meta property=\"og:site_name\" content=\"Prof. Vitor R. Coluci\" \/>\n<meta property=\"article:modified_time\" content=\"2019-07-03T18:59:27+00:00\" \/>\n<meta name=\"twitter:card\" content=\"summary_large_image\" \/>\n<meta name=\"twitter:label1\" content=\"Est. reading time\" \/>\n\t<meta name=\"twitter:data1\" content=\"1 minute\" \/>\n<script type=\"application\/ld+json\" class=\"yoast-schema-graph\">{\"@context\":\"https:\\\/\\\/schema.org\",\"@graph\":[{\"@type\":\"WebPage\",\"@id\":\"https:\\\/\\\/wordpress.ft.unicamp.br\\\/vitor\\\/institucional-in-portuguese\\\/\",\"url\":\"https:\\\/\\\/wordpress.ft.unicamp.br\\\/vitor\\\/institucional-in-portuguese\\\/\",\"name\":\"Institucional (in Portuguese) - Prof. Vitor R. Coluci\",\"isPartOf\":{\"@id\":\"https:\\\/\\\/wordpress.ft.unicamp.br\\\/vitor\\\/#website\"},\"datePublished\":\"2019-05-21T23:00:14+00:00\",\"dateModified\":\"2019-07-03T18:59:27+00:00\",\"breadcrumb\":{\"@id\":\"https:\\\/\\\/wordpress.ft.unicamp.br\\\/vitor\\\/institucional-in-portuguese\\\/#breadcrumb\"},\"inLanguage\":\"en-US\",\"potentialAction\":[{\"@type\":\"ReadAction\",\"target\":[\"https:\\\/\\\/wordpress.ft.unicamp.br\\\/vitor\\\/institucional-in-portuguese\\\/\"]}]},{\"@type\":\"BreadcrumbList\",\"@id\":\"https:\\\/\\\/wordpress.ft.unicamp.br\\\/vitor\\\/institucional-in-portuguese\\\/#breadcrumb\",\"itemListElement\":[{\"@type\":\"ListItem\",\"position\":1,\"name\":\"Home\",\"item\":\"https:\\\/\\\/wordpress.ft.unicamp.br\\\/vitor\\\/\"},{\"@type\":\"ListItem\",\"position\":2,\"name\":\"Institucional (in Portuguese)\"}]},{\"@type\":\"WebSite\",\"@id\":\"https:\\\/\\\/wordpress.ft.unicamp.br\\\/vitor\\\/#website\",\"url\":\"https:\\\/\\\/wordpress.ft.unicamp.br\\\/vitor\\\/\",\"name\":\"Prof. Vitor R. Coluci\",\"description\":\"\",\"potentialAction\":[{\"@type\":\"SearchAction\",\"target\":{\"@type\":\"EntryPoint\",\"urlTemplate\":\"https:\\\/\\\/wordpress.ft.unicamp.br\\\/vitor\\\/?s={search_term_string}\"},\"query-input\":{\"@type\":\"PropertyValueSpecification\",\"valueRequired\":true,\"valueName\":\"search_term_string\"}}],\"inLanguage\":\"en-US\"}]}<\/script>\n<!-- \/ Yoast SEO plugin. -->","yoast_head_json":{"title":"Institucional (in Portuguese) - Prof. Vitor R. Coluci","robots":{"index":"index","follow":"follow","max-snippet":"max-snippet:-1","max-image-preview":"max-image-preview:large","max-video-preview":"max-video-preview:-1"},"canonical":"https:\/\/wordpress.ft.unicamp.br\/vitor\/institucional-in-portuguese\/","og_locale":"en_US","og_type":"article","og_title":"Institucional (in Portuguese) - Prof. Vitor R. Coluci","og_description":"Apresento aqui propostas elaboradas para melhorar diferentes setores da Faculdade de Tecnologia. Algumas dessas propostas foram apresentadas para a coordena\u00e7\u00e3o\/dire\u00e7\u00e3o da FT. Proposta de coleta autom\u00e1tica da produ\u00e7\u00e3o intelectual da &hellip; Continue Reading &rarr;","og_url":"https:\/\/wordpress.ft.unicamp.br\/vitor\/institucional-in-portuguese\/","og_site_name":"Prof. Vitor R. Coluci","article_modified_time":"2019-07-03T18:59:27+00:00","twitter_card":"summary_large_image","twitter_misc":{"Est. reading time":"1 minute"},"schema":{"@context":"https:\/\/schema.org","@graph":[{"@type":"WebPage","@id":"https:\/\/wordpress.ft.unicamp.br\/vitor\/institucional-in-portuguese\/","url":"https:\/\/wordpress.ft.unicamp.br\/vitor\/institucional-in-portuguese\/","name":"Institucional (in Portuguese) - Prof. Vitor R. Coluci","isPartOf":{"@id":"https:\/\/wordpress.ft.unicamp.br\/vitor\/#website"},"datePublished":"2019-05-21T23:00:14+00:00","dateModified":"2019-07-03T18:59:27+00:00","breadcrumb":{"@id":"https:\/\/wordpress.ft.unicamp.br\/vitor\/institucional-in-portuguese\/#breadcrumb"},"inLanguage":"en-US","potentialAction":[{"@type":"ReadAction","target":["https:\/\/wordpress.ft.unicamp.br\/vitor\/institucional-in-portuguese\/"]}]},{"@type":"BreadcrumbList","@id":"https:\/\/wordpress.ft.unicamp.br\/vitor\/institucional-in-portuguese\/#breadcrumb","itemListElement":[{"@type":"ListItem","position":1,"name":"Home","item":"https:\/\/wordpress.ft.unicamp.br\/vitor\/"},{"@type":"ListItem","position":2,"name":"Institucional (in Portuguese)"}]},{"@type":"WebSite","@id":"https:\/\/wordpress.ft.unicamp.br\/vitor\/#website","url":"https:\/\/wordpress.ft.unicamp.br\/vitor\/","name":"Prof. Vitor R. Coluci","description":"","potentialAction":[{"@type":"SearchAction","target":{"@type":"EntryPoint","urlTemplate":"https:\/\/wordpress.ft.unicamp.br\/vitor\/?s={search_term_string}"},"query-input":{"@type":"PropertyValueSpecification","valueRequired":true,"valueName":"search_term_string"}}],"inLanguage":"en-US"}]}},"_links":{"self":[{"href":"https:\/\/wordpress.ft.unicamp.br\/vitor\/wp-json\/wp\/v2\/pages\/587","targetHints":{"allow":["GET"]}}],"collection":[{"href":"https:\/\/wordpress.ft.unicamp.br\/vitor\/wp-json\/wp\/v2\/pages"}],"about":[{"href":"https:\/\/wordpress.ft.unicamp.br\/vitor\/wp-json\/wp\/v2\/types\/page"}],"author":[{"embeddable":true,"href":"https:\/\/wordpress.ft.unicamp.br\/vitor\/wp-json\/wp\/v2\/users\/15"}],"replies":[{"embeddable":true,"href":"https:\/\/wordpress.ft.unicamp.br\/vitor\/wp-json\/wp\/v2\/comments?post=587"}],"version-history":[{"count":13,"href":"https:\/\/wordpress.ft.unicamp.br\/vitor\/wp-json\/wp\/v2\/pages\/587\/revisions"}],"predecessor-version":[{"id":612,"href":"https:\/\/wordpress.ft.unicamp.br\/vitor\/wp-json\/wp\/v2\/pages\/587\/revisions\/612"}],"wp:attachment":[{"href":"https:\/\/wordpress.ft.unicamp.br\/vitor\/wp-json\/wp\/v2\/media?parent=587"}],"curies":[{"name":"wp","href":"https:\/\/api.w.org\/{rel}","templated":true}]}}