{"id":46,"date":"2017-09-27T16:21:32","date_gmt":"2017-09-27T16:21:32","guid":{"rendered":"http:\/\/wordpress.ft.unicamp.br\/workshopensino\/?page_id=46"},"modified":"2018-11-08T08:23:23","modified_gmt":"2018-11-08T08:23:23","slug":"para-refletir-e-usar","status":"publish","type":"page","link":"https:\/\/wordpress.ft.unicamp.br\/workshopensino\/home\/para-refletir-e-usar\/","title":{"rendered":"Para refletir e usar"},"content":{"rendered":"<p>Apresentamos aqui v\u00eddeos, artigos, ferramentas, etc que podem levar a reflex\u00f5es e a\u00e7\u00f5es concretas sobre o processo de Ensino<\/p>\n<ol>\n<li><a href=\"https:\/\/www.ted.com\/talks\/ken_robinson_says_schools_kill_creativity\">Do schools kill creativity?<\/a>, Sir Ken Robinson (2006)\u00a0<span class=\"s1\"><strong>V\u00eddeo<\/strong><\/span><\/li>\n<li><a href=\"https:\/\/www.ted.com\/talks\/ken_robinson_how_to_escape_education_s_death_valley\">How to escape education&#8217;s death valley<\/a>, Sir Ken Robinson (2013)\u00a0<span class=\"s1\"><strong>V\u00eddeo<\/strong><\/span><\/li>\n<li><a href=\"https:\/\/www.ted.com\/talks\/sir_ken_robinson_bring_on_the_revolution\">Bring on the learning revolution!<\/a>, Sir Ken Robinson (2010)\u00a0<span class=\"s1\"><strong>V\u00eddeo<\/strong><\/span><\/li>\n<li><a href=\"https:\/\/www.ted.com\/talks\/carol_dweck_the_power_of_believing_that_you_can_improve\">The power of believing that you can improve<\/a>, Carol Dwek (2014)\u00a0<span class=\"s1\"><strong>V\u00eddeo<\/strong><\/span><\/li>\n<li><a href=\"https:\/\/www.ted.com\/talks\/dan_meyer_math_curriculum_makeover\">Math class needs a makeover<\/a>, Dan Meyer (2010)\u00a0<span class=\"s1\"><strong>V\u00eddeo<\/strong><\/span><\/li>\n<li><a href=\"https:\/\/www.socrative.com\/\">Socrative<\/a>\u00a0<span class=\"s1\" style=\"color: #ff0000\"><strong>Ferramenta<\/strong><\/span><\/li>\n<li><span class=\"NLM_article-title hlFld-title\"><span class=\"NLM_article-title hlFld-title\"><a href=\"http:\/\/www.tandfonline.com\/doi\/abs\/10.3109\/0142159X.2011.613498?journalCode=imte20\">Twelve tips for facilitating Millennials\u2019 learning<\/a>, Roberts, Newman, Schwartstein (2012)\u00a0<span class=\"s1\" style=\"color: #0000ff\"><strong>Artigo<\/strong><\/span><\/span><\/span><\/li>\n<li><a href=\"https:\/\/www.youtube.com\/watch?v=Z9orbxoRofI\">Peer Instruction for Active Learning<\/a> &#8211; Eric Mazur\u00a0<span class=\"s1\"><strong>V\u00eddeo<\/strong><\/span><\/li>\n<li><a href=\"http:\/\/dx.doi.org\/10.1119\/1.1973488\">Experiments in Teaching Captives<\/a>, H. R. Crane (1966) <span style=\"color: #0000ff\"><strong>Artigo<\/strong><\/span><\/li>\n<li><a href=\"http:\/\/www.cortezeditora.com.br\/conversa-com-professores-do-fundamental-a-pos-graduacao-1566.aspx\/p\">Conversa com professores &#8211; do fundamental \u00e0 p\u00f3s-gradua\u00e7\u00e3o<\/a> de Newton Cesar Balzan <strong>Livro<\/strong>.\u00a0 Algumas passagens: (i) pag. 207 o que realmente importa para o professor &#8220;desafiar continuamente os estudantes atrav\u00e9s de situa\u00e7\u00f5es-problemas, aprofundar conte\u00fados e esclarecer d\u00favidas&#8221; (ii) Cap. IX, 15 caracter\u00edsticas mais desej\u00e1veis e as mais indesej\u00e1veis no professor universit\u00e1rio, identificadas por Maria J. Gr\u00edgoli em sua tese de doutorado (PUC\/SP 1990); (iii) Cap. IV, excelente discuss\u00e3o sobre did\u00e1tica abordando, pro exemplo, a aula expositiva, trabalho em grupo, semin\u00e1rios, PBL, projetos e avalia\u00e7\u00e3o.\n<p class=\"p5\">\n<\/li>\n<li>\n<p class=\"p1\">Webinar sobre aulas de c\u00e1lculo, com aprendizagem ativa: <a href=\"http:\/\/geneducacao.com.br\/webinar\/index-zero-reprovacao.html\">http:\/\/geneducacao.com.br\/webinar\/index-zero-reprovacao.html<\/a><\/p>\n<\/li>\n<\/ol>\n","protected":false},"excerpt":{"rendered":"<p>Apresentamos aqui v\u00eddeos, artigos, ferramentas, etc que podem levar a reflex\u00f5es e a\u00e7\u00f5es concretas sobre o processo de Ensino Do schools kill creativity?, Sir Ken Robinson (2006)\u00a0V\u00eddeo How to escape education&#8217;s death valley, Sir Ken Robinson (2013)\u00a0V\u00eddeo Bring on the &hellip; <a href=\"https:\/\/wordpress.ft.unicamp.br\/workshopensino\/home\/para-refletir-e-usar\/\">Continue lendo <span class=\"meta-nav\">&rarr;<\/span><\/a><\/p>\n","protected":false},"author":15,"featured_media":0,"parent":6,"menu_order":0,"comment_status":"closed","ping_status":"closed","template":"showcase.php","meta":{"footnotes":""},"class_list":["post-46","page","type-page","status-publish","hentry"],"yoast_head":"<!-- This site is optimized with the Yoast SEO plugin v27.3 - https:\/\/yoast.com\/product\/yoast-seo-wordpress\/ -->\n<title>Para refletir e usar - V Workshop de Pr\u00e1ticas de Ensino da FT<\/title>\n<meta name=\"robots\" content=\"index, follow, max-snippet:-1, max-image-preview:large, max-video-preview:-1\" \/>\n<link rel=\"canonical\" href=\"https:\/\/wordpress.ft.unicamp.br\/workshopensino\/home\/para-refletir-e-usar\/\" \/>\n<meta property=\"og:locale\" content=\"pt_BR\" \/>\n<meta property=\"og:type\" content=\"article\" \/>\n<meta property=\"og:title\" content=\"Para refletir e usar - V Workshop de Pr\u00e1ticas de Ensino da FT\" \/>\n<meta property=\"og:description\" content=\"Apresentamos aqui v\u00eddeos, artigos, ferramentas, etc que podem levar a reflex\u00f5es e a\u00e7\u00f5es concretas sobre o processo de Ensino Do schools kill creativity?, Sir Ken Robinson (2006)\u00a0V\u00eddeo How to escape education&#8217;s death valley, Sir Ken Robinson (2013)\u00a0V\u00eddeo Bring on the &hellip; Continue lendo &rarr;\" \/>\n<meta property=\"og:url\" content=\"https:\/\/wordpress.ft.unicamp.br\/workshopensino\/home\/para-refletir-e-usar\/\" \/>\n<meta property=\"og:site_name\" content=\"V Workshop de Pr\u00e1ticas de Ensino da FT\" \/>\n<meta property=\"article:modified_time\" content=\"2018-11-08T08:23:23+00:00\" \/>\n<meta name=\"twitter:card\" content=\"summary_large_image\" \/>\n<meta name=\"twitter:label1\" content=\"Est. tempo de leitura\" \/>\n\t<meta name=\"twitter:data1\" content=\"1 minuto\" \/>\n<script type=\"application\/ld+json\" class=\"yoast-schema-graph\">{\"@context\":\"https:\\\/\\\/schema.org\",\"@graph\":[{\"@type\":\"WebPage\",\"@id\":\"https:\\\/\\\/wordpress.ft.unicamp.br\\\/workshopensino\\\/home\\\/para-refletir-e-usar\\\/\",\"url\":\"https:\\\/\\\/wordpress.ft.unicamp.br\\\/workshopensino\\\/home\\\/para-refletir-e-usar\\\/\",\"name\":\"Para refletir e usar - V Workshop de Pr\u00e1ticas de Ensino da FT\",\"isPartOf\":{\"@id\":\"https:\\\/\\\/wordpress.ft.unicamp.br\\\/workshopensino\\\/#website\"},\"datePublished\":\"2017-09-27T16:21:32+00:00\",\"dateModified\":\"2018-11-08T08:23:23+00:00\",\"breadcrumb\":{\"@id\":\"https:\\\/\\\/wordpress.ft.unicamp.br\\\/workshopensino\\\/home\\\/para-refletir-e-usar\\\/#breadcrumb\"},\"inLanguage\":\"pt-BR\",\"potentialAction\":[{\"@type\":\"ReadAction\",\"target\":[\"https:\\\/\\\/wordpress.ft.unicamp.br\\\/workshopensino\\\/home\\\/para-refletir-e-usar\\\/\"]}]},{\"@type\":\"BreadcrumbList\",\"@id\":\"https:\\\/\\\/wordpress.ft.unicamp.br\\\/workshopensino\\\/home\\\/para-refletir-e-usar\\\/#breadcrumb\",\"itemListElement\":[{\"@type\":\"ListItem\",\"position\":1,\"name\":\"Home\",\"item\":\"https:\\\/\\\/wordpress.ft.unicamp.br\\\/workshopensino\\\/\"},{\"@type\":\"ListItem\",\"position\":2,\"name\":\"Home\",\"item\":\"https:\\\/\\\/wordpress.ft.unicamp.br\\\/workshopensino\\\/\"},{\"@type\":\"ListItem\",\"position\":3,\"name\":\"Para refletir e usar\"}]},{\"@type\":\"WebSite\",\"@id\":\"https:\\\/\\\/wordpress.ft.unicamp.br\\\/workshopensino\\\/#website\",\"url\":\"https:\\\/\\\/wordpress.ft.unicamp.br\\\/workshopensino\\\/\",\"name\":\"V Workshop de Pr\u00e1ticas de Ensino da FT\",\"description\":\"17\\\/12\\\/2021 (sexta-feira) 9h-17h\",\"potentialAction\":[{\"@type\":\"SearchAction\",\"target\":{\"@type\":\"EntryPoint\",\"urlTemplate\":\"https:\\\/\\\/wordpress.ft.unicamp.br\\\/workshopensino\\\/?s={search_term_string}\"},\"query-input\":{\"@type\":\"PropertyValueSpecification\",\"valueRequired\":true,\"valueName\":\"search_term_string\"}}],\"inLanguage\":\"pt-BR\"}]}<\/script>\n<!-- \/ Yoast SEO plugin. -->","yoast_head_json":{"title":"Para refletir e usar - V Workshop de Pr\u00e1ticas de Ensino da FT","robots":{"index":"index","follow":"follow","max-snippet":"max-snippet:-1","max-image-preview":"max-image-preview:large","max-video-preview":"max-video-preview:-1"},"canonical":"https:\/\/wordpress.ft.unicamp.br\/workshopensino\/home\/para-refletir-e-usar\/","og_locale":"pt_BR","og_type":"article","og_title":"Para refletir e usar - V Workshop de Pr\u00e1ticas de Ensino da FT","og_description":"Apresentamos aqui v\u00eddeos, artigos, ferramentas, etc que podem levar a reflex\u00f5es e a\u00e7\u00f5es concretas sobre o processo de Ensino Do schools kill creativity?, Sir Ken Robinson (2006)\u00a0V\u00eddeo How to escape education&#8217;s death valley, Sir Ken Robinson (2013)\u00a0V\u00eddeo Bring on the &hellip; Continue lendo &rarr;","og_url":"https:\/\/wordpress.ft.unicamp.br\/workshopensino\/home\/para-refletir-e-usar\/","og_site_name":"V Workshop de Pr\u00e1ticas de Ensino da FT","article_modified_time":"2018-11-08T08:23:23+00:00","twitter_card":"summary_large_image","twitter_misc":{"Est. tempo de leitura":"1 minuto"},"schema":{"@context":"https:\/\/schema.org","@graph":[{"@type":"WebPage","@id":"https:\/\/wordpress.ft.unicamp.br\/workshopensino\/home\/para-refletir-e-usar\/","url":"https:\/\/wordpress.ft.unicamp.br\/workshopensino\/home\/para-refletir-e-usar\/","name":"Para refletir e usar - V Workshop de Pr\u00e1ticas de Ensino da FT","isPartOf":{"@id":"https:\/\/wordpress.ft.unicamp.br\/workshopensino\/#website"},"datePublished":"2017-09-27T16:21:32+00:00","dateModified":"2018-11-08T08:23:23+00:00","breadcrumb":{"@id":"https:\/\/wordpress.ft.unicamp.br\/workshopensino\/home\/para-refletir-e-usar\/#breadcrumb"},"inLanguage":"pt-BR","potentialAction":[{"@type":"ReadAction","target":["https:\/\/wordpress.ft.unicamp.br\/workshopensino\/home\/para-refletir-e-usar\/"]}]},{"@type":"BreadcrumbList","@id":"https:\/\/wordpress.ft.unicamp.br\/workshopensino\/home\/para-refletir-e-usar\/#breadcrumb","itemListElement":[{"@type":"ListItem","position":1,"name":"Home","item":"https:\/\/wordpress.ft.unicamp.br\/workshopensino\/"},{"@type":"ListItem","position":2,"name":"Home","item":"https:\/\/wordpress.ft.unicamp.br\/workshopensino\/"},{"@type":"ListItem","position":3,"name":"Para refletir e usar"}]},{"@type":"WebSite","@id":"https:\/\/wordpress.ft.unicamp.br\/workshopensino\/#website","url":"https:\/\/wordpress.ft.unicamp.br\/workshopensino\/","name":"V Workshop de Pr\u00e1ticas de Ensino da FT","description":"17\/12\/2021 (sexta-feira) 9h-17h","potentialAction":[{"@type":"SearchAction","target":{"@type":"EntryPoint","urlTemplate":"https:\/\/wordpress.ft.unicamp.br\/workshopensino\/?s={search_term_string}"},"query-input":{"@type":"PropertyValueSpecification","valueRequired":true,"valueName":"search_term_string"}}],"inLanguage":"pt-BR"}]}},"_links":{"self":[{"href":"https:\/\/wordpress.ft.unicamp.br\/workshopensino\/wp-json\/wp\/v2\/pages\/46","targetHints":{"allow":["GET"]}}],"collection":[{"href":"https:\/\/wordpress.ft.unicamp.br\/workshopensino\/wp-json\/wp\/v2\/pages"}],"about":[{"href":"https:\/\/wordpress.ft.unicamp.br\/workshopensino\/wp-json\/wp\/v2\/types\/page"}],"author":[{"embeddable":true,"href":"https:\/\/wordpress.ft.unicamp.br\/workshopensino\/wp-json\/wp\/v2\/users\/15"}],"replies":[{"embeddable":true,"href":"https:\/\/wordpress.ft.unicamp.br\/workshopensino\/wp-json\/wp\/v2\/comments?post=46"}],"version-history":[{"count":12,"href":"https:\/\/wordpress.ft.unicamp.br\/workshopensino\/wp-json\/wp\/v2\/pages\/46\/revisions"}],"predecessor-version":[{"id":111,"href":"https:\/\/wordpress.ft.unicamp.br\/workshopensino\/wp-json\/wp\/v2\/pages\/46\/revisions\/111"}],"up":[{"embeddable":true,"href":"https:\/\/wordpress.ft.unicamp.br\/workshopensino\/wp-json\/wp\/v2\/pages\/6"}],"wp:attachment":[{"href":"https:\/\/wordpress.ft.unicamp.br\/workshopensino\/wp-json\/wp\/v2\/media?parent=46"}],"curies":[{"name":"wp","href":"https:\/\/api.w.org\/{rel}","templated":true}]}}