{"id":102,"date":"2017-08-29T16:37:26","date_gmt":"2017-08-29T16:37:26","guid":{"rendered":"http:\/\/wordpress.ft.unicamp.br\/workshoppos\/?page_id=102"},"modified":"2017-08-31T13:46:30","modified_gmt":"2017-08-31T13:46:30","slug":"endereco-de-contato","status":"publish","type":"page","link":"https:\/\/wordpress.ft.unicamp.br\/workshoppos\/endereco-de-contato\/","title":{"rendered":"Endere\u00e7o de Contato"},"content":{"rendered":"<p>R. Paschoal Marmo, 1888 &#8211; Jd. Nova It\u00e1lia<\/p>\n<p>CEP: 13484-332 &#8211; Limeira, SP<\/p>\n<p>E-mail:\u00a0<a href=\"mailto:workshop.pos.ft@gmail.com\">workshop.pos.ft@gmail.com<\/a><\/p>\n","protected":false},"excerpt":{"rendered":"<p>R. Paschoal Marmo, 1888 &#8211; Jd. Nova It\u00e1lia CEP: 13484-332 &#8211; Limeira, SP E-mail:\u00a0workshop.pos.ft@gmail.com<\/p>\n","protected":false},"author":24,"featured_media":0,"parent":0,"menu_order":0,"comment_status":"closed","ping_status":"closed","template":"","meta":{"footnotes":""},"class_list":["post-102","page","type-page","status-publish","hentry"],"yoast_head":"<!-- This site is optimized with the Yoast SEO plugin v27.3 - https:\/\/yoast.com\/product\/yoast-seo-wordpress\/ -->\n<title>Endere\u00e7o de Contato - WORKSHOP DA P\u00d3S-GRADUA\u00c7\u00c3O EM TECNOLOGIA<\/title>\n<meta name=\"robots\" content=\"index, follow, max-snippet:-1, max-image-preview:large, max-video-preview:-1\" \/>\n<link rel=\"canonical\" href=\"https:\/\/wordpress.ft.unicamp.br\/workshoppos\/endereco-de-contato\/\" \/>\n<meta property=\"og:locale\" content=\"pt_BR\" \/>\n<meta property=\"og:type\" content=\"article\" \/>\n<meta property=\"og:title\" content=\"Endere\u00e7o de Contato - WORKSHOP DA P\u00d3S-GRADUA\u00c7\u00c3O EM TECNOLOGIA\" \/>\n<meta property=\"og:description\" content=\"R. Paschoal Marmo, 1888 &#8211; Jd. Nova It\u00e1lia CEP: 13484-332 &#8211; Limeira, SP E-mail:\u00a0workshop.pos.ft@gmail.com\" \/>\n<meta property=\"og:url\" content=\"https:\/\/wordpress.ft.unicamp.br\/workshoppos\/endereco-de-contato\/\" \/>\n<meta property=\"og:site_name\" content=\"WORKSHOP DA P\u00d3S-GRADUA\u00c7\u00c3O EM TECNOLOGIA\" \/>\n<meta property=\"article:modified_time\" content=\"2017-08-31T13:46:30+00:00\" \/>\n<meta name=\"twitter:card\" content=\"summary_large_image\" \/>\n<script type=\"application\/ld+json\" class=\"yoast-schema-graph\">{\"@context\":\"https:\\\/\\\/schema.org\",\"@graph\":[{\"@type\":\"WebPage\",\"@id\":\"https:\\\/\\\/wordpress.ft.unicamp.br\\\/workshoppos\\\/endereco-de-contato\\\/\",\"url\":\"https:\\\/\\\/wordpress.ft.unicamp.br\\\/workshoppos\\\/endereco-de-contato\\\/\",\"name\":\"Endere\u00e7o de Contato - WORKSHOP DA P\u00d3S-GRADUA\u00c7\u00c3O EM TECNOLOGIA\",\"isPartOf\":{\"@id\":\"https:\\\/\\\/wordpress.ft.unicamp.br\\\/workshoppos\\\/#website\"},\"datePublished\":\"2017-08-29T16:37:26+00:00\",\"dateModified\":\"2017-08-31T13:46:30+00:00\",\"breadcrumb\":{\"@id\":\"https:\\\/\\\/wordpress.ft.unicamp.br\\\/workshoppos\\\/endereco-de-contato\\\/#breadcrumb\"},\"inLanguage\":\"pt-BR\",\"potentialAction\":[{\"@type\":\"ReadAction\",\"target\":[\"https:\\\/\\\/wordpress.ft.unicamp.br\\\/workshoppos\\\/endereco-de-contato\\\/\"]}]},{\"@type\":\"BreadcrumbList\",\"@id\":\"https:\\\/\\\/wordpress.ft.unicamp.br\\\/workshoppos\\\/endereco-de-contato\\\/#breadcrumb\",\"itemListElement\":[{\"@type\":\"ListItem\",\"position\":1,\"name\":\"Home\",\"item\":\"https:\\\/\\\/wordpress.ft.unicamp.br\\\/workshoppos\\\/\"},{\"@type\":\"ListItem\",\"position\":2,\"name\":\"Endere\u00e7o de Contato\"}]},{\"@type\":\"WebSite\",\"@id\":\"https:\\\/\\\/wordpress.ft.unicamp.br\\\/workshoppos\\\/#website\",\"url\":\"https:\\\/\\\/wordpress.ft.unicamp.br\\\/workshoppos\\\/\",\"name\":\"WORKSHOP DA P\u00d3S-GRADUA\u00c7\u00c3O EM TECNOLOGIA\",\"description\":\"\",\"publisher\":{\"@id\":\"https:\\\/\\\/wordpress.ft.unicamp.br\\\/workshoppos\\\/#organization\"},\"potentialAction\":[{\"@type\":\"SearchAction\",\"target\":{\"@type\":\"EntryPoint\",\"urlTemplate\":\"https:\\\/\\\/wordpress.ft.unicamp.br\\\/workshoppos\\\/?s={search_term_string}\"},\"query-input\":{\"@type\":\"PropertyValueSpecification\",\"valueRequired\":true,\"valueName\":\"search_term_string\"}}],\"inLanguage\":\"pt-BR\"},{\"@type\":\"Organization\",\"@id\":\"https:\\\/\\\/wordpress.ft.unicamp.br\\\/workshoppos\\\/#organization\",\"name\":\"WORKSHOP DA P\u00d3S-GRADUA\u00c7\u00c3O EM TECNOLOGIA\",\"url\":\"https:\\\/\\\/wordpress.ft.unicamp.br\\\/workshoppos\\\/\",\"logo\":{\"@type\":\"ImageObject\",\"inLanguage\":\"pt-BR\",\"@id\":\"https:\\\/\\\/wordpress.ft.unicamp.br\\\/workshoppos\\\/#\\\/schema\\\/logo\\\/image\\\/\",\"url\":\"https:\\\/\\\/wordpress.ft.unicamp.br\\\/workshoppos\\\/wp-content\\\/uploads\\\/sites\\\/34\\\/2024\\\/06\\\/cropped-ppgt_logo-1.png\",\"contentUrl\":\"https:\\\/\\\/wordpress.ft.unicamp.br\\\/workshoppos\\\/wp-content\\\/uploads\\\/sites\\\/34\\\/2024\\\/06\\\/cropped-ppgt_logo-1.png\",\"width\":1200,\"height\":682,\"caption\":\"WORKSHOP DA P\u00d3S-GRADUA\u00c7\u00c3O EM TECNOLOGIA\"},\"image\":{\"@id\":\"https:\\\/\\\/wordpress.ft.unicamp.br\\\/workshoppos\\\/#\\\/schema\\\/logo\\\/image\\\/\"}}]}<\/script>\n<!-- \/ Yoast SEO plugin. -->","yoast_head_json":{"title":"Endere\u00e7o de Contato - WORKSHOP DA P\u00d3S-GRADUA\u00c7\u00c3O EM TECNOLOGIA","robots":{"index":"index","follow":"follow","max-snippet":"max-snippet:-1","max-image-preview":"max-image-preview:large","max-video-preview":"max-video-preview:-1"},"canonical":"https:\/\/wordpress.ft.unicamp.br\/workshoppos\/endereco-de-contato\/","og_locale":"pt_BR","og_type":"article","og_title":"Endere\u00e7o de Contato - WORKSHOP DA P\u00d3S-GRADUA\u00c7\u00c3O EM TECNOLOGIA","og_description":"R. Paschoal Marmo, 1888 &#8211; Jd. Nova It\u00e1lia CEP: 13484-332 &#8211; Limeira, SP E-mail:\u00a0workshop.pos.ft@gmail.com","og_url":"https:\/\/wordpress.ft.unicamp.br\/workshoppos\/endereco-de-contato\/","og_site_name":"WORKSHOP DA P\u00d3S-GRADUA\u00c7\u00c3O EM TECNOLOGIA","article_modified_time":"2017-08-31T13:46:30+00:00","twitter_card":"summary_large_image","schema":{"@context":"https:\/\/schema.org","@graph":[{"@type":"WebPage","@id":"https:\/\/wordpress.ft.unicamp.br\/workshoppos\/endereco-de-contato\/","url":"https:\/\/wordpress.ft.unicamp.br\/workshoppos\/endereco-de-contato\/","name":"Endere\u00e7o de Contato - WORKSHOP DA P\u00d3S-GRADUA\u00c7\u00c3O EM TECNOLOGIA","isPartOf":{"@id":"https:\/\/wordpress.ft.unicamp.br\/workshoppos\/#website"},"datePublished":"2017-08-29T16:37:26+00:00","dateModified":"2017-08-31T13:46:30+00:00","breadcrumb":{"@id":"https:\/\/wordpress.ft.unicamp.br\/workshoppos\/endereco-de-contato\/#breadcrumb"},"inLanguage":"pt-BR","potentialAction":[{"@type":"ReadAction","target":["https:\/\/wordpress.ft.unicamp.br\/workshoppos\/endereco-de-contato\/"]}]},{"@type":"BreadcrumbList","@id":"https:\/\/wordpress.ft.unicamp.br\/workshoppos\/endereco-de-contato\/#breadcrumb","itemListElement":[{"@type":"ListItem","position":1,"name":"Home","item":"https:\/\/wordpress.ft.unicamp.br\/workshoppos\/"},{"@type":"ListItem","position":2,"name":"Endere\u00e7o de Contato"}]},{"@type":"WebSite","@id":"https:\/\/wordpress.ft.unicamp.br\/workshoppos\/#website","url":"https:\/\/wordpress.ft.unicamp.br\/workshoppos\/","name":"WORKSHOP DA P\u00d3S-GRADUA\u00c7\u00c3O EM TECNOLOGIA","description":"","publisher":{"@id":"https:\/\/wordpress.ft.unicamp.br\/workshoppos\/#organization"},"potentialAction":[{"@type":"SearchAction","target":{"@type":"EntryPoint","urlTemplate":"https:\/\/wordpress.ft.unicamp.br\/workshoppos\/?s={search_term_string}"},"query-input":{"@type":"PropertyValueSpecification","valueRequired":true,"valueName":"search_term_string"}}],"inLanguage":"pt-BR"},{"@type":"Organization","@id":"https:\/\/wordpress.ft.unicamp.br\/workshoppos\/#organization","name":"WORKSHOP DA P\u00d3S-GRADUA\u00c7\u00c3O EM TECNOLOGIA","url":"https:\/\/wordpress.ft.unicamp.br\/workshoppos\/","logo":{"@type":"ImageObject","inLanguage":"pt-BR","@id":"https:\/\/wordpress.ft.unicamp.br\/workshoppos\/#\/schema\/logo\/image\/","url":"https:\/\/wordpress.ft.unicamp.br\/workshoppos\/wp-content\/uploads\/sites\/34\/2024\/06\/cropped-ppgt_logo-1.png","contentUrl":"https:\/\/wordpress.ft.unicamp.br\/workshoppos\/wp-content\/uploads\/sites\/34\/2024\/06\/cropped-ppgt_logo-1.png","width":1200,"height":682,"caption":"WORKSHOP DA P\u00d3S-GRADUA\u00c7\u00c3O EM TECNOLOGIA"},"image":{"@id":"https:\/\/wordpress.ft.unicamp.br\/workshoppos\/#\/schema\/logo\/image\/"}}]}},"_links":{"self":[{"href":"https:\/\/wordpress.ft.unicamp.br\/workshoppos\/wp-json\/wp\/v2\/pages\/102","targetHints":{"allow":["GET"]}}],"collection":[{"href":"https:\/\/wordpress.ft.unicamp.br\/workshoppos\/wp-json\/wp\/v2\/pages"}],"about":[{"href":"https:\/\/wordpress.ft.unicamp.br\/workshoppos\/wp-json\/wp\/v2\/types\/page"}],"author":[{"embeddable":true,"href":"https:\/\/wordpress.ft.unicamp.br\/workshoppos\/wp-json\/wp\/v2\/users\/24"}],"replies":[{"embeddable":true,"href":"https:\/\/wordpress.ft.unicamp.br\/workshoppos\/wp-json\/wp\/v2\/comments?post=102"}],"version-history":[{"count":1,"href":"https:\/\/wordpress.ft.unicamp.br\/workshoppos\/wp-json\/wp\/v2\/pages\/102\/revisions"}],"predecessor-version":[{"id":106,"href":"https:\/\/wordpress.ft.unicamp.br\/workshoppos\/wp-json\/wp\/v2\/pages\/102\/revisions\/106"}],"wp:attachment":[{"href":"https:\/\/wordpress.ft.unicamp.br\/workshoppos\/wp-json\/wp\/v2\/media?parent=102"}],"curies":[{"name":"wp","href":"https:\/\/api.w.org\/{rel}","templated":true}]}}