{"id":12,"date":"2017-08-29T09:32:45","date_gmt":"2017-08-29T09:32:45","guid":{"rendered":"http:\/\/wordpress.ft.unicamp.br\/workshoppos\/?page_id=12"},"modified":"2021-08-13T20:02:05","modified_gmt":"2021-08-13T20:02:05","slug":"home","status":"publish","type":"page","link":"https:\/\/wordpress.ft.unicamp.br\/workshoppos\/","title":{"rendered":"In\u00edcio"},"content":{"rendered":"<p><img fetchpriority=\"high\" decoding=\"async\" class=\"alignnone size-large wp-image-398\" src=\"http:\/\/wordpress.ft.unicamp.br\/workshoppos\/wp-content\/uploads\/sites\/34\/2018\/09\/workshopFT-1-1024x430.jpg\" alt=\"\" width=\"790\" height=\"332\" srcset=\"https:\/\/wordpress.ft.unicamp.br\/workshoppos\/wp-content\/uploads\/sites\/34\/2018\/09\/workshopFT-1-1024x430.jpg 1024w, https:\/\/wordpress.ft.unicamp.br\/workshoppos\/wp-content\/uploads\/sites\/34\/2018\/09\/workshopFT-1-300x126.jpg 300w, https:\/\/wordpress.ft.unicamp.br\/workshoppos\/wp-content\/uploads\/sites\/34\/2018\/09\/workshopFT-1-768x322.jpg 768w\" sizes=\"(max-width: 790px) 100vw, 790px\" \/><\/p>\n<p style=\"text-align: left\">O Programa de P\u00f3s-gradua\u00e7\u00e3o da Faculdade de Tecnologia (PPGT\/Unicamp), composto pelos cursos de Mestrado e Doutorado em Tecnologia, foi criado para atender as necessidades de pesquisa e inova\u00e7\u00e3o de car\u00e1ter interdisciplinar na \u00e1rea de tecnologia no pa\u00eds, especificamente nas \u00e1reas de: Ambiente, Ci\u00eancias dos Materiais e Sistemas de Informa\u00e7\u00e3o e Comunica\u00e7\u00e3o.<\/p>\n<p style=\"text-align: left\">Desde 2009, o\u00a0<strong>Workshop da P\u00f3s-gradua\u00e7\u00e3o da FT<\/strong> \u00e9 organizado em colabora\u00e7\u00e3o entre membros do corpo docente do Programa de P\u00f3s-gradua\u00e7\u00e3o da FT, colaboradores da institui\u00e7\u00e3o e uma comiss\u00e3o de discentes. O objetivo principal do evento \u00e9 oferecer um espa\u00e7o para que os alunos de P\u00f3s-gradua\u00e7\u00e3o possam expor seus resultados e, conhecer as outras pesquisas que est\u00e3o sendo desenvolvidas pelos diversos grupos da FT. Para alcan\u00e7ar tal proposta a comiss\u00e3o organizadora promove palestras e minicursos que abordam diversos assuntos relacionados \u00e0 Tecnologia, com foco em tr\u00eas \u00e1reas de concentra\u00e7\u00e3o: Ci\u00eancias dos Materiais, Sistemas de Informa\u00e7\u00e3o e Comunica\u00e7\u00e3o e Ambiente.<\/p>\n<p style=\"text-align: left\">Entre os anos de 2009 a 2016, apresenta\u00e7\u00e3o das pesquisas realizadas pelos mestrandos e doutorandos da FT para a comunidade acad\u00eamica da FT e de outras institui\u00e7\u00f5es interessadas ocorreu por meio de sess\u00f5es de p\u00f4steres. Nas tr\u00eas \u00faltimas edi\u00e7\u00f5es, o Workshop contou com a publica\u00e7\u00e3o dos resumos dos trabalhos apresentados em um anais eletr\u00f4nico (ISSN 2527-256X) e, na \u00faltima edi\u00e7\u00e3o, apresenta\u00e7\u00f5es orais foram inclu\u00eddas na programa\u00e7\u00e3o.<\/p>\n<p style=\"text-align: left\"><strong>O principal objetivo da realiza\u00e7\u00e3o do Workshop \u00e9 permitir a divulga\u00e7\u00e3o cient\u00edfica entre os alunos e docentes do Programa de P\u00f3s-Gradua\u00e7\u00e3o da FT.<\/strong><\/p>\n","protected":false},"excerpt":{"rendered":"<p>O Programa de P\u00f3s-gradua\u00e7\u00e3o da Faculdade de Tecnologia (PPGT\/Unicamp), composto pelos cursos de Mestrado e Doutorado em Tecnologia, foi criado para atender as necessidades de pesquisa e inova\u00e7\u00e3o de car\u00e1ter interdisciplinar na \u00e1rea de tecnologia no pa\u00eds, especificamente nas \u00e1reas de: Ambiente, Ci\u00eancias dos Materiais e Sistemas de Informa\u00e7\u00e3o e Comunica\u00e7\u00e3o. Desde 2009, o\u00a0Workshop da <a href=\"https:\/\/wordpress.ft.unicamp.br\/workshoppos\/\" rel=\"nofollow\"><span class=\"sr-only\">Leia mais sobreIn\u00edcio<\/span>[&hellip;]<\/a><\/p>\n","protected":false},"author":24,"featured_media":0,"parent":0,"menu_order":0,"comment_status":"closed","ping_status":"closed","template":"","meta":{"footnotes":""},"class_list":["post-12","page","type-page","status-publish","hentry"],"yoast_head":"<!-- This site is optimized with the Yoast SEO plugin v27.5 - https:\/\/yoast.com\/product\/yoast-seo-wordpress\/ -->\n<title>In\u00edcio - WORKSHOP DA P\u00d3S-GRADUA\u00c7\u00c3O EM TECNOLOGIA<\/title>\n<meta name=\"robots\" content=\"index, follow, max-snippet:-1, max-image-preview:large, max-video-preview:-1\" \/>\n<link rel=\"canonical\" href=\"https:\/\/wordpress.ft.unicamp.br\/workshoppos\/\" \/>\n<meta property=\"og:locale\" content=\"pt_BR\" \/>\n<meta property=\"og:type\" content=\"article\" \/>\n<meta property=\"og:title\" content=\"In\u00edcio - WORKSHOP DA P\u00d3S-GRADUA\u00c7\u00c3O EM TECNOLOGIA\" \/>\n<meta property=\"og:description\" content=\"O Programa de P\u00f3s-gradua\u00e7\u00e3o da Faculdade de Tecnologia (PPGT\/Unicamp), composto pelos cursos de Mestrado e Doutorado em Tecnologia, foi criado para atender as necessidades de pesquisa e inova\u00e7\u00e3o de car\u00e1ter interdisciplinar na \u00e1rea de tecnologia no pa\u00eds, especificamente nas \u00e1reas de: Ambiente, Ci\u00eancias dos Materiais e Sistemas de Informa\u00e7\u00e3o e Comunica\u00e7\u00e3o. Desde 2009, o\u00a0Workshop da Leia mais sobreIn\u00edcio[&hellip;]\" \/>\n<meta property=\"og:url\" content=\"https:\/\/wordpress.ft.unicamp.br\/workshoppos\/\" \/>\n<meta property=\"og:site_name\" content=\"WORKSHOP DA P\u00d3S-GRADUA\u00c7\u00c3O EM TECNOLOGIA\" \/>\n<meta property=\"article:modified_time\" content=\"2021-08-13T20:02:05+00:00\" \/>\n<meta property=\"og:image\" content=\"http:\/\/wordpress.ft.unicamp.br\/workshoppos\/wp-content\/uploads\/sites\/34\/2018\/09\/workshopFT-1-1024x430.jpg\" \/>\n<meta name=\"twitter:card\" content=\"summary_large_image\" \/>\n<meta name=\"twitter:label1\" content=\"Est. tempo de leitura\" \/>\n\t<meta name=\"twitter:data1\" content=\"2 minutos\" \/>\n<script type=\"application\/ld+json\" class=\"yoast-schema-graph\">{\"@context\":\"https:\\\/\\\/schema.org\",\"@graph\":[{\"@type\":\"WebPage\",\"@id\":\"https:\\\/\\\/wordpress.ft.unicamp.br\\\/workshoppos\\\/\",\"url\":\"https:\\\/\\\/wordpress.ft.unicamp.br\\\/workshoppos\\\/\",\"name\":\"In\u00edcio - WORKSHOP DA P\u00d3S-GRADUA\u00c7\u00c3O EM TECNOLOGIA\",\"isPartOf\":{\"@id\":\"https:\\\/\\\/wordpress.ft.unicamp.br\\\/workshoppos\\\/#website\"},\"primaryImageOfPage\":{\"@id\":\"https:\\\/\\\/wordpress.ft.unicamp.br\\\/workshoppos\\\/#primaryimage\"},\"image\":{\"@id\":\"https:\\\/\\\/wordpress.ft.unicamp.br\\\/workshoppos\\\/#primaryimage\"},\"thumbnailUrl\":\"http:\\\/\\\/wordpress.ft.unicamp.br\\\/workshoppos\\\/wp-content\\\/uploads\\\/sites\\\/34\\\/2018\\\/09\\\/workshopFT-1-1024x430.jpg\",\"datePublished\":\"2017-08-29T09:32:45+00:00\",\"dateModified\":\"2021-08-13T20:02:05+00:00\",\"breadcrumb\":{\"@id\":\"https:\\\/\\\/wordpress.ft.unicamp.br\\\/workshoppos\\\/#breadcrumb\"},\"inLanguage\":\"pt-BR\",\"potentialAction\":[{\"@type\":\"ReadAction\",\"target\":[\"https:\\\/\\\/wordpress.ft.unicamp.br\\\/workshoppos\\\/\"]}]},{\"@type\":\"ImageObject\",\"inLanguage\":\"pt-BR\",\"@id\":\"https:\\\/\\\/wordpress.ft.unicamp.br\\\/workshoppos\\\/#primaryimage\",\"url\":\"http:\\\/\\\/wordpress.ft.unicamp.br\\\/workshoppos\\\/wp-content\\\/uploads\\\/sites\\\/34\\\/2018\\\/09\\\/workshopFT-1-1024x430.jpg\",\"contentUrl\":\"http:\\\/\\\/wordpress.ft.unicamp.br\\\/workshoppos\\\/wp-content\\\/uploads\\\/sites\\\/34\\\/2018\\\/09\\\/workshopFT-1-1024x430.jpg\"},{\"@type\":\"BreadcrumbList\",\"@id\":\"https:\\\/\\\/wordpress.ft.unicamp.br\\\/workshoppos\\\/#breadcrumb\",\"itemListElement\":[{\"@type\":\"ListItem\",\"position\":1,\"name\":\"Home\",\"item\":\"https:\\\/\\\/wordpress.ft.unicamp.br\\\/workshoppos\\\/\"},{\"@type\":\"ListItem\",\"position\":2,\"name\":\"In\u00edcio\"}]},{\"@type\":\"WebSite\",\"@id\":\"https:\\\/\\\/wordpress.ft.unicamp.br\\\/workshoppos\\\/#website\",\"url\":\"https:\\\/\\\/wordpress.ft.unicamp.br\\\/workshoppos\\\/\",\"name\":\"WORKSHOP DA P\u00d3S-GRADUA\u00c7\u00c3O EM TECNOLOGIA\",\"description\":\"\",\"publisher\":{\"@id\":\"https:\\\/\\\/wordpress.ft.unicamp.br\\\/workshoppos\\\/#organization\"},\"potentialAction\":[{\"@type\":\"SearchAction\",\"target\":{\"@type\":\"EntryPoint\",\"urlTemplate\":\"https:\\\/\\\/wordpress.ft.unicamp.br\\\/workshoppos\\\/?s={search_term_string}\"},\"query-input\":{\"@type\":\"PropertyValueSpecification\",\"valueRequired\":true,\"valueName\":\"search_term_string\"}}],\"inLanguage\":\"pt-BR\"},{\"@type\":\"Organization\",\"@id\":\"https:\\\/\\\/wordpress.ft.unicamp.br\\\/workshoppos\\\/#organization\",\"name\":\"WORKSHOP DA P\u00d3S-GRADUA\u00c7\u00c3O EM TECNOLOGIA\",\"url\":\"https:\\\/\\\/wordpress.ft.unicamp.br\\\/workshoppos\\\/\",\"logo\":{\"@type\":\"ImageObject\",\"inLanguage\":\"pt-BR\",\"@id\":\"https:\\\/\\\/wordpress.ft.unicamp.br\\\/workshoppos\\\/#\\\/schema\\\/logo\\\/image\\\/\",\"url\":\"https:\\\/\\\/wordpress.ft.unicamp.br\\\/workshoppos\\\/wp-content\\\/uploads\\\/sites\\\/34\\\/2024\\\/06\\\/cropped-ppgt_logo-1.png\",\"contentUrl\":\"https:\\\/\\\/wordpress.ft.unicamp.br\\\/workshoppos\\\/wp-content\\\/uploads\\\/sites\\\/34\\\/2024\\\/06\\\/cropped-ppgt_logo-1.png\",\"width\":1200,\"height\":682,\"caption\":\"WORKSHOP DA P\u00d3S-GRADUA\u00c7\u00c3O EM TECNOLOGIA\"},\"image\":{\"@id\":\"https:\\\/\\\/wordpress.ft.unicamp.br\\\/workshoppos\\\/#\\\/schema\\\/logo\\\/image\\\/\"}}]}<\/script>\n<!-- \/ Yoast SEO plugin. -->","yoast_head_json":{"title":"In\u00edcio - WORKSHOP DA P\u00d3S-GRADUA\u00c7\u00c3O EM TECNOLOGIA","robots":{"index":"index","follow":"follow","max-snippet":"max-snippet:-1","max-image-preview":"max-image-preview:large","max-video-preview":"max-video-preview:-1"},"canonical":"https:\/\/wordpress.ft.unicamp.br\/workshoppos\/","og_locale":"pt_BR","og_type":"article","og_title":"In\u00edcio - WORKSHOP DA P\u00d3S-GRADUA\u00c7\u00c3O EM TECNOLOGIA","og_description":"O Programa de P\u00f3s-gradua\u00e7\u00e3o da Faculdade de Tecnologia (PPGT\/Unicamp), composto pelos cursos de Mestrado e Doutorado em Tecnologia, foi criado para atender as necessidades de pesquisa e inova\u00e7\u00e3o de car\u00e1ter interdisciplinar na \u00e1rea de tecnologia no pa\u00eds, especificamente nas \u00e1reas de: Ambiente, Ci\u00eancias dos Materiais e Sistemas de Informa\u00e7\u00e3o e Comunica\u00e7\u00e3o. Desde 2009, o\u00a0Workshop da Leia mais sobreIn\u00edcio[&hellip;]","og_url":"https:\/\/wordpress.ft.unicamp.br\/workshoppos\/","og_site_name":"WORKSHOP DA P\u00d3S-GRADUA\u00c7\u00c3O EM TECNOLOGIA","article_modified_time":"2021-08-13T20:02:05+00:00","og_image":[{"url":"http:\/\/wordpress.ft.unicamp.br\/workshoppos\/wp-content\/uploads\/sites\/34\/2018\/09\/workshopFT-1-1024x430.jpg","type":"","width":"","height":""}],"twitter_card":"summary_large_image","twitter_misc":{"Est. tempo de leitura":"2 minutos"},"schema":{"@context":"https:\/\/schema.org","@graph":[{"@type":"WebPage","@id":"https:\/\/wordpress.ft.unicamp.br\/workshoppos\/","url":"https:\/\/wordpress.ft.unicamp.br\/workshoppos\/","name":"In\u00edcio - WORKSHOP DA P\u00d3S-GRADUA\u00c7\u00c3O EM TECNOLOGIA","isPartOf":{"@id":"https:\/\/wordpress.ft.unicamp.br\/workshoppos\/#website"},"primaryImageOfPage":{"@id":"https:\/\/wordpress.ft.unicamp.br\/workshoppos\/#primaryimage"},"image":{"@id":"https:\/\/wordpress.ft.unicamp.br\/workshoppos\/#primaryimage"},"thumbnailUrl":"http:\/\/wordpress.ft.unicamp.br\/workshoppos\/wp-content\/uploads\/sites\/34\/2018\/09\/workshopFT-1-1024x430.jpg","datePublished":"2017-08-29T09:32:45+00:00","dateModified":"2021-08-13T20:02:05+00:00","breadcrumb":{"@id":"https:\/\/wordpress.ft.unicamp.br\/workshoppos\/#breadcrumb"},"inLanguage":"pt-BR","potentialAction":[{"@type":"ReadAction","target":["https:\/\/wordpress.ft.unicamp.br\/workshoppos\/"]}]},{"@type":"ImageObject","inLanguage":"pt-BR","@id":"https:\/\/wordpress.ft.unicamp.br\/workshoppos\/#primaryimage","url":"http:\/\/wordpress.ft.unicamp.br\/workshoppos\/wp-content\/uploads\/sites\/34\/2018\/09\/workshopFT-1-1024x430.jpg","contentUrl":"http:\/\/wordpress.ft.unicamp.br\/workshoppos\/wp-content\/uploads\/sites\/34\/2018\/09\/workshopFT-1-1024x430.jpg"},{"@type":"BreadcrumbList","@id":"https:\/\/wordpress.ft.unicamp.br\/workshoppos\/#breadcrumb","itemListElement":[{"@type":"ListItem","position":1,"name":"Home","item":"https:\/\/wordpress.ft.unicamp.br\/workshoppos\/"},{"@type":"ListItem","position":2,"name":"In\u00edcio"}]},{"@type":"WebSite","@id":"https:\/\/wordpress.ft.unicamp.br\/workshoppos\/#website","url":"https:\/\/wordpress.ft.unicamp.br\/workshoppos\/","name":"WORKSHOP DA P\u00d3S-GRADUA\u00c7\u00c3O EM TECNOLOGIA","description":"","publisher":{"@id":"https:\/\/wordpress.ft.unicamp.br\/workshoppos\/#organization"},"potentialAction":[{"@type":"SearchAction","target":{"@type":"EntryPoint","urlTemplate":"https:\/\/wordpress.ft.unicamp.br\/workshoppos\/?s={search_term_string}"},"query-input":{"@type":"PropertyValueSpecification","valueRequired":true,"valueName":"search_term_string"}}],"inLanguage":"pt-BR"},{"@type":"Organization","@id":"https:\/\/wordpress.ft.unicamp.br\/workshoppos\/#organization","name":"WORKSHOP DA P\u00d3S-GRADUA\u00c7\u00c3O EM TECNOLOGIA","url":"https:\/\/wordpress.ft.unicamp.br\/workshoppos\/","logo":{"@type":"ImageObject","inLanguage":"pt-BR","@id":"https:\/\/wordpress.ft.unicamp.br\/workshoppos\/#\/schema\/logo\/image\/","url":"https:\/\/wordpress.ft.unicamp.br\/workshoppos\/wp-content\/uploads\/sites\/34\/2024\/06\/cropped-ppgt_logo-1.png","contentUrl":"https:\/\/wordpress.ft.unicamp.br\/workshoppos\/wp-content\/uploads\/sites\/34\/2024\/06\/cropped-ppgt_logo-1.png","width":1200,"height":682,"caption":"WORKSHOP DA P\u00d3S-GRADUA\u00c7\u00c3O EM TECNOLOGIA"},"image":{"@id":"https:\/\/wordpress.ft.unicamp.br\/workshoppos\/#\/schema\/logo\/image\/"}}]}},"_links":{"self":[{"href":"https:\/\/wordpress.ft.unicamp.br\/workshoppos\/wp-json\/wp\/v2\/pages\/12","targetHints":{"allow":["GET"]}}],"collection":[{"href":"https:\/\/wordpress.ft.unicamp.br\/workshoppos\/wp-json\/wp\/v2\/pages"}],"about":[{"href":"https:\/\/wordpress.ft.unicamp.br\/workshoppos\/wp-json\/wp\/v2\/types\/page"}],"author":[{"embeddable":true,"href":"https:\/\/wordpress.ft.unicamp.br\/workshoppos\/wp-json\/wp\/v2\/users\/24"}],"replies":[{"embeddable":true,"href":"https:\/\/wordpress.ft.unicamp.br\/workshoppos\/wp-json\/wp\/v2\/comments?post=12"}],"version-history":[{"count":11,"href":"https:\/\/wordpress.ft.unicamp.br\/workshoppos\/wp-json\/wp\/v2\/pages\/12\/revisions"}],"predecessor-version":[{"id":568,"href":"https:\/\/wordpress.ft.unicamp.br\/workshoppos\/wp-json\/wp\/v2\/pages\/12\/revisions\/568"}],"wp:attachment":[{"href":"https:\/\/wordpress.ft.unicamp.br\/workshoppos\/wp-json\/wp\/v2\/media?parent=12"}],"curies":[{"name":"wp","href":"https:\/\/api.w.org\/{rel}","templated":true}]}}