{"id":35,"date":"2017-08-29T16:11:01","date_gmt":"2017-08-29T16:11:01","guid":{"rendered":"http:\/\/wordpress.ft.unicamp.br\/workshoppos\/?page_id=35"},"modified":"2024-08-26T16:55:24","modified_gmt":"2024-08-26T13:55:24","slug":"expediente","status":"publish","type":"page","link":"https:\/\/wordpress.ft.unicamp.br\/workshoppos\/expediente\/","title":{"rendered":"Expediente"},"content":{"rendered":"<p><strong>Workshop da P\u00f3s-Gradua\u00e7\u00e3o da Faculdade de Tecnologia<\/strong><\/p>\n<p class=\"rtejustify\"><strong>Corpo editorial<\/strong><\/p>\n<p class=\"rtejustify\"><em>Coordena\u00e7\u00e3o da P\u00f3s-gradua\u00e7\u00e3o da FT<\/em><\/p>\n<ul>\n<li class=\"rtejustify\">Prof. Dr. Enelton Fagnani<\/li>\n<\/ul>\n<p class=\"rtejustify\"><em>Secretaria da P\u00f3s-gradua\u00e7\u00e3o da FT<\/em><\/p>\n<ul>\n<li class=\"rtejustify\">Danielle Emanuelle Aparecida Ribeiro<\/li>\n<li>Elaine Boim<\/li>\n<\/ul>\n<p><em>Docentes<\/em><\/p>\n<ul>\n<li>Prof. Dr. Celmar Guimar\u00e3es da Silva<\/li>\n<li>Profa. Dra. Laura Maria Canno Ferreira Fais<\/li>\n<li>Profa. Dra. Rosa Cristina Cecche Lintz<\/li>\n<\/ul>\n<p class=\"rtejustify\"><em>Discentes<\/em><\/p>\n<ul>\n<li>Dra. Jacqueline Aparecida Malvestiti<\/li>\n<li>Dr. Rodrigo Pereira Cavalcante<\/li>\n<li>Augusto Carlos Gomes da Silva<\/li>\n<li>Emerson Vin\u00edcius Martins Fiaros<\/li>\n<li>Iure Bernardino de Sousa<\/li>\n<li>Juvenal Domingos J\u00fanior<\/li>\n<li>Luana Esteter de Almeida<\/li>\n<li>Maria Vit\u00f3ria Rap\u00f4so Rodrigues<\/li>\n<li>Nat\u00e1lia Gabriele Camparotto<\/li>\n<li>T\u00e1cio Mendes dos Santos Felix<\/li>\n<\/ul>\n<p class=\"rtejustify\"><em>Biblioteca<\/em><\/p>\n<ul>\n<li class=\"rtejustify\">Felipe de Souza Bueno<\/li>\n<\/ul>\n<p class=\"rtejustify\"><strong>Periodicidade da publica\u00e7\u00e3o<\/strong><\/p>\n<p class=\"rtejustify\">Anual<\/p>\n<p>ISSN 2527-256X<\/p>\n<p><strong>Idiomas aceitos<\/strong><\/p>\n<p>Portugu\u00eas, Ingl\u00eas e Espanhol<\/p>\n<p class=\"rtejustify\"><strong>Autor\u00a0corporativo respons\u00e1vel pela publica\u00e7\u00e3o<\/strong><\/p>\n<p>Universidade Estadual de Campinas (UNICAMP)<\/p>\n<p class=\"rtejustify\">Faculdade de Tecnologia<\/p>\n<p class=\"rtejustify\">Paschoal Marmo, 1888 &#8211; Jd. Nova It\u00e1lia<br \/>\nCEP: 13484-332 &#8211; Limeira, SP<\/p>\n<p class=\"rtejustify\">Telefone: (19) 2113-3332<\/p>\n<p class=\"rtejustify\">E-mail:\u00a0<a href=\"mailto:posgrad@ft.unicamp.br\">posgrad@ft.unicamp.br<\/a><\/p>\n","protected":false},"excerpt":{"rendered":"<p>Workshop da P\u00f3s-Gradua\u00e7\u00e3o da Faculdade de Tecnologia Corpo editorial Coordena\u00e7\u00e3o da P\u00f3s-gradua\u00e7\u00e3o da FT Prof. Dr. Enelton Fagnani Secretaria da P\u00f3s-gradua\u00e7\u00e3o da FT Danielle Emanuelle Aparecida Ribeiro Elaine Boim Docentes Prof. Dr. Celmar Guimar\u00e3es da Silva Profa. Dra. Laura Maria Canno Ferreira Fais Profa. Dra. Rosa Cristina Cecche Lintz Discentes Dra. Jacqueline Aparecida Malvestiti Dr. <a href=\"https:\/\/wordpress.ft.unicamp.br\/workshoppos\/expediente\/\" rel=\"nofollow\"><span class=\"sr-only\">Leia mais sobreExpediente<\/span>[&hellip;]<\/a><\/p>\n","protected":false},"author":24,"featured_media":0,"parent":0,"menu_order":0,"comment_status":"closed","ping_status":"closed","template":"","meta":{"footnotes":""},"class_list":["post-35","page","type-page","status-publish","hentry"],"yoast_head":"<!-- This site is optimized with the Yoast SEO plugin v27.5 - https:\/\/yoast.com\/product\/yoast-seo-wordpress\/ -->\n<title>Expediente - WORKSHOP DA P\u00d3S-GRADUA\u00c7\u00c3O EM TECNOLOGIA<\/title>\n<meta name=\"robots\" content=\"index, follow, max-snippet:-1, max-image-preview:large, max-video-preview:-1\" \/>\n<link rel=\"canonical\" href=\"https:\/\/wordpress.ft.unicamp.br\/workshoppos\/expediente\/\" \/>\n<meta property=\"og:locale\" content=\"pt_BR\" \/>\n<meta property=\"og:type\" content=\"article\" \/>\n<meta property=\"og:title\" content=\"Expediente - WORKSHOP DA P\u00d3S-GRADUA\u00c7\u00c3O EM TECNOLOGIA\" \/>\n<meta property=\"og:description\" content=\"Workshop da P\u00f3s-Gradua\u00e7\u00e3o da Faculdade de Tecnologia Corpo editorial Coordena\u00e7\u00e3o da P\u00f3s-gradua\u00e7\u00e3o da FT Prof. Dr. Enelton Fagnani Secretaria da P\u00f3s-gradua\u00e7\u00e3o da FT Danielle Emanuelle Aparecida Ribeiro Elaine Boim Docentes Prof. Dr. Celmar Guimar\u00e3es da Silva Profa. Dra. Laura Maria Canno Ferreira Fais Profa. Dra. Rosa Cristina Cecche Lintz Discentes Dra. Jacqueline Aparecida Malvestiti Dr. Leia mais sobreExpediente[&hellip;]\" \/>\n<meta property=\"og:url\" content=\"https:\/\/wordpress.ft.unicamp.br\/workshoppos\/expediente\/\" \/>\n<meta property=\"og:site_name\" content=\"WORKSHOP DA P\u00d3S-GRADUA\u00c7\u00c3O EM TECNOLOGIA\" \/>\n<meta property=\"article:modified_time\" content=\"2024-08-26T13:55:24+00:00\" \/>\n<meta name=\"twitter:card\" content=\"summary_large_image\" \/>\n<meta name=\"twitter:label1\" content=\"Est. tempo de leitura\" \/>\n\t<meta name=\"twitter:data1\" content=\"1 minuto\" \/>\n<script type=\"application\/ld+json\" class=\"yoast-schema-graph\">{\"@context\":\"https:\\\/\\\/schema.org\",\"@graph\":[{\"@type\":\"WebPage\",\"@id\":\"https:\\\/\\\/wordpress.ft.unicamp.br\\\/workshoppos\\\/expediente\\\/\",\"url\":\"https:\\\/\\\/wordpress.ft.unicamp.br\\\/workshoppos\\\/expediente\\\/\",\"name\":\"Expediente - WORKSHOP DA P\u00d3S-GRADUA\u00c7\u00c3O EM TECNOLOGIA\",\"isPartOf\":{\"@id\":\"https:\\\/\\\/wordpress.ft.unicamp.br\\\/workshoppos\\\/#website\"},\"datePublished\":\"2017-08-29T16:11:01+00:00\",\"dateModified\":\"2024-08-26T13:55:24+00:00\",\"breadcrumb\":{\"@id\":\"https:\\\/\\\/wordpress.ft.unicamp.br\\\/workshoppos\\\/expediente\\\/#breadcrumb\"},\"inLanguage\":\"pt-BR\",\"potentialAction\":[{\"@type\":\"ReadAction\",\"target\":[\"https:\\\/\\\/wordpress.ft.unicamp.br\\\/workshoppos\\\/expediente\\\/\"]}]},{\"@type\":\"BreadcrumbList\",\"@id\":\"https:\\\/\\\/wordpress.ft.unicamp.br\\\/workshoppos\\\/expediente\\\/#breadcrumb\",\"itemListElement\":[{\"@type\":\"ListItem\",\"position\":1,\"name\":\"Home\",\"item\":\"https:\\\/\\\/wordpress.ft.unicamp.br\\\/workshoppos\\\/\"},{\"@type\":\"ListItem\",\"position\":2,\"name\":\"Expediente\"}]},{\"@type\":\"WebSite\",\"@id\":\"https:\\\/\\\/wordpress.ft.unicamp.br\\\/workshoppos\\\/#website\",\"url\":\"https:\\\/\\\/wordpress.ft.unicamp.br\\\/workshoppos\\\/\",\"name\":\"WORKSHOP DA P\u00d3S-GRADUA\u00c7\u00c3O EM TECNOLOGIA\",\"description\":\"\",\"publisher\":{\"@id\":\"https:\\\/\\\/wordpress.ft.unicamp.br\\\/workshoppos\\\/#organization\"},\"potentialAction\":[{\"@type\":\"SearchAction\",\"target\":{\"@type\":\"EntryPoint\",\"urlTemplate\":\"https:\\\/\\\/wordpress.ft.unicamp.br\\\/workshoppos\\\/?s={search_term_string}\"},\"query-input\":{\"@type\":\"PropertyValueSpecification\",\"valueRequired\":true,\"valueName\":\"search_term_string\"}}],\"inLanguage\":\"pt-BR\"},{\"@type\":\"Organization\",\"@id\":\"https:\\\/\\\/wordpress.ft.unicamp.br\\\/workshoppos\\\/#organization\",\"name\":\"WORKSHOP DA P\u00d3S-GRADUA\u00c7\u00c3O EM TECNOLOGIA\",\"url\":\"https:\\\/\\\/wordpress.ft.unicamp.br\\\/workshoppos\\\/\",\"logo\":{\"@type\":\"ImageObject\",\"inLanguage\":\"pt-BR\",\"@id\":\"https:\\\/\\\/wordpress.ft.unicamp.br\\\/workshoppos\\\/#\\\/schema\\\/logo\\\/image\\\/\",\"url\":\"https:\\\/\\\/wordpress.ft.unicamp.br\\\/workshoppos\\\/wp-content\\\/uploads\\\/sites\\\/34\\\/2024\\\/06\\\/cropped-ppgt_logo-1.png\",\"contentUrl\":\"https:\\\/\\\/wordpress.ft.unicamp.br\\\/workshoppos\\\/wp-content\\\/uploads\\\/sites\\\/34\\\/2024\\\/06\\\/cropped-ppgt_logo-1.png\",\"width\":1200,\"height\":682,\"caption\":\"WORKSHOP DA P\u00d3S-GRADUA\u00c7\u00c3O EM TECNOLOGIA\"},\"image\":{\"@id\":\"https:\\\/\\\/wordpress.ft.unicamp.br\\\/workshoppos\\\/#\\\/schema\\\/logo\\\/image\\\/\"}}]}<\/script>\n<!-- \/ Yoast SEO plugin. -->","yoast_head_json":{"title":"Expediente - WORKSHOP DA P\u00d3S-GRADUA\u00c7\u00c3O EM TECNOLOGIA","robots":{"index":"index","follow":"follow","max-snippet":"max-snippet:-1","max-image-preview":"max-image-preview:large","max-video-preview":"max-video-preview:-1"},"canonical":"https:\/\/wordpress.ft.unicamp.br\/workshoppos\/expediente\/","og_locale":"pt_BR","og_type":"article","og_title":"Expediente - WORKSHOP DA P\u00d3S-GRADUA\u00c7\u00c3O EM TECNOLOGIA","og_description":"Workshop da P\u00f3s-Gradua\u00e7\u00e3o da Faculdade de Tecnologia Corpo editorial Coordena\u00e7\u00e3o da P\u00f3s-gradua\u00e7\u00e3o da FT Prof. Dr. Enelton Fagnani Secretaria da P\u00f3s-gradua\u00e7\u00e3o da FT Danielle Emanuelle Aparecida Ribeiro Elaine Boim Docentes Prof. Dr. Celmar Guimar\u00e3es da Silva Profa. Dra. Laura Maria Canno Ferreira Fais Profa. Dra. Rosa Cristina Cecche Lintz Discentes Dra. Jacqueline Aparecida Malvestiti Dr. Leia mais sobreExpediente[&hellip;]","og_url":"https:\/\/wordpress.ft.unicamp.br\/workshoppos\/expediente\/","og_site_name":"WORKSHOP DA P\u00d3S-GRADUA\u00c7\u00c3O EM TECNOLOGIA","article_modified_time":"2024-08-26T13:55:24+00:00","twitter_card":"summary_large_image","twitter_misc":{"Est. tempo de leitura":"1 minuto"},"schema":{"@context":"https:\/\/schema.org","@graph":[{"@type":"WebPage","@id":"https:\/\/wordpress.ft.unicamp.br\/workshoppos\/expediente\/","url":"https:\/\/wordpress.ft.unicamp.br\/workshoppos\/expediente\/","name":"Expediente - WORKSHOP DA P\u00d3S-GRADUA\u00c7\u00c3O EM TECNOLOGIA","isPartOf":{"@id":"https:\/\/wordpress.ft.unicamp.br\/workshoppos\/#website"},"datePublished":"2017-08-29T16:11:01+00:00","dateModified":"2024-08-26T13:55:24+00:00","breadcrumb":{"@id":"https:\/\/wordpress.ft.unicamp.br\/workshoppos\/expediente\/#breadcrumb"},"inLanguage":"pt-BR","potentialAction":[{"@type":"ReadAction","target":["https:\/\/wordpress.ft.unicamp.br\/workshoppos\/expediente\/"]}]},{"@type":"BreadcrumbList","@id":"https:\/\/wordpress.ft.unicamp.br\/workshoppos\/expediente\/#breadcrumb","itemListElement":[{"@type":"ListItem","position":1,"name":"Home","item":"https:\/\/wordpress.ft.unicamp.br\/workshoppos\/"},{"@type":"ListItem","position":2,"name":"Expediente"}]},{"@type":"WebSite","@id":"https:\/\/wordpress.ft.unicamp.br\/workshoppos\/#website","url":"https:\/\/wordpress.ft.unicamp.br\/workshoppos\/","name":"WORKSHOP DA P\u00d3S-GRADUA\u00c7\u00c3O EM TECNOLOGIA","description":"","publisher":{"@id":"https:\/\/wordpress.ft.unicamp.br\/workshoppos\/#organization"},"potentialAction":[{"@type":"SearchAction","target":{"@type":"EntryPoint","urlTemplate":"https:\/\/wordpress.ft.unicamp.br\/workshoppos\/?s={search_term_string}"},"query-input":{"@type":"PropertyValueSpecification","valueRequired":true,"valueName":"search_term_string"}}],"inLanguage":"pt-BR"},{"@type":"Organization","@id":"https:\/\/wordpress.ft.unicamp.br\/workshoppos\/#organization","name":"WORKSHOP DA P\u00d3S-GRADUA\u00c7\u00c3O EM TECNOLOGIA","url":"https:\/\/wordpress.ft.unicamp.br\/workshoppos\/","logo":{"@type":"ImageObject","inLanguage":"pt-BR","@id":"https:\/\/wordpress.ft.unicamp.br\/workshoppos\/#\/schema\/logo\/image\/","url":"https:\/\/wordpress.ft.unicamp.br\/workshoppos\/wp-content\/uploads\/sites\/34\/2024\/06\/cropped-ppgt_logo-1.png","contentUrl":"https:\/\/wordpress.ft.unicamp.br\/workshoppos\/wp-content\/uploads\/sites\/34\/2024\/06\/cropped-ppgt_logo-1.png","width":1200,"height":682,"caption":"WORKSHOP DA P\u00d3S-GRADUA\u00c7\u00c3O EM TECNOLOGIA"},"image":{"@id":"https:\/\/wordpress.ft.unicamp.br\/workshoppos\/#\/schema\/logo\/image\/"}}]}},"_links":{"self":[{"href":"https:\/\/wordpress.ft.unicamp.br\/workshoppos\/wp-json\/wp\/v2\/pages\/35","targetHints":{"allow":["GET"]}}],"collection":[{"href":"https:\/\/wordpress.ft.unicamp.br\/workshoppos\/wp-json\/wp\/v2\/pages"}],"about":[{"href":"https:\/\/wordpress.ft.unicamp.br\/workshoppos\/wp-json\/wp\/v2\/types\/page"}],"author":[{"embeddable":true,"href":"https:\/\/wordpress.ft.unicamp.br\/workshoppos\/wp-json\/wp\/v2\/users\/24"}],"replies":[{"embeddable":true,"href":"https:\/\/wordpress.ft.unicamp.br\/workshoppos\/wp-json\/wp\/v2\/comments?post=35"}],"version-history":[{"count":14,"href":"https:\/\/wordpress.ft.unicamp.br\/workshoppos\/wp-json\/wp\/v2\/pages\/35\/revisions"}],"predecessor-version":[{"id":619,"href":"https:\/\/wordpress.ft.unicamp.br\/workshoppos\/wp-json\/wp\/v2\/pages\/35\/revisions\/619"}],"wp:attachment":[{"href":"https:\/\/wordpress.ft.unicamp.br\/workshoppos\/wp-json\/wp\/v2\/media?parent=35"}],"curies":[{"name":"wp","href":"https:\/\/api.w.org\/{rel}","templated":true}]}}