{"id":536,"date":"2021-08-13T19:14:53","date_gmt":"2021-08-13T19:14:53","guid":{"rendered":"https:\/\/wordpress.ft.unicamp.br\/workshoppos\/?page_id=536"},"modified":"2024-06-28T21:07:00","modified_gmt":"2024-06-28T18:07:00","slug":"edicao-2021","status":"publish","type":"page","link":"https:\/\/wordpress.ft.unicamp.br\/workshoppos\/edicoes-anteriores\/edicao-2021\/","title":{"rendered":"Edi\u00e7\u00e3o 2021"},"content":{"rendered":"\n<p>Enquanto isso, acompanhe as nossas redes sociais (@workshoppgt e @ppgt.unicamp) pra se informar de tuuudo, n\u00e3o perder nenhuma data importante e ainda acompanhar a divulga\u00e7\u00e3o dos trabalhos que ser\u00e3o apresentados!<\/p>\n\n\n\n<p><strong>ATEN\u00c7\u00c3O \u00c0S DATAS:<br><\/strong><br>Inscri\u00e7\u00f5es para participantes e ouvintes: de 27\/08 \u00e0 10\/09<br>Envios dos resumos, v\u00eddeos e p\u00f4steres: 10\/09 \u00e0 24\/09<br><br>Esse ano vamos manter o mesmo esquema do ano passado, em que foram enviados resumos simples e com um v\u00eddeo de AT\u00c9 3 minutos no formato de <em>Elevator pitch. <\/em>Para doutorandos, tamb\u00e9m \u00e9 requisitado um p\u00f4ster sobre o resumo.\u00a0<\/p>\n\n\n\n<p><\/p>\n\n\n\n<p>ANAIS DO XIII WORKSHOP DA P\u00d3S-GRADUA\u00c7\u00c3O DA FT\/UNICAMP<\/p>\n\n\n\n<div data-wp-interactive=\"core\/file\" class=\"wp-block-file\"><object data-wp-bind--hidden=\"!state.hasPdfPreview\" hidden class=\"wp-block-file__embed\" data=\"https:\/\/wordpress.ft.unicamp.br\/workshoppos\/wp-content\/uploads\/sites\/34\/2022\/02\/Anais_XIII-Workshop-da-Pos-graduacao-da-FT.pdf\" type=\"application\/pdf\" style=\"width:100%;height:600px\" aria-label=\"Incorporado de Incorporado de Anais_XIII-Workshop-da-Pos-graduacao-da-FT..\"><\/object><a id=\"wp-block-file--media-12e8269a-8122-4640-9833-d46fcf97652f\" href=\"https:\/\/wordpress.ft.unicamp.br\/workshoppos\/wp-content\/uploads\/sites\/34\/2022\/02\/Anais_XIII-Workshop-da-Pos-graduacao-da-FT.pdf\">Anais_XIII-Workshop-da-Pos-graduacao-da-FT<\/a><a href=\"https:\/\/wordpress.ft.unicamp.br\/workshoppos\/wp-content\/uploads\/sites\/34\/2022\/02\/Anais_XIII-Workshop-da-Pos-graduacao-da-FT.pdf\" class=\"wp-block-file__button\" download aria-describedby=\"wp-block-file--media-12e8269a-8122-4640-9833-d46fcf97652f\">Baixar<\/a><\/div>\n","protected":false},"excerpt":{"rendered":"<p>Enquanto isso, acompanhe as nossas redes sociais (@workshoppgt e @ppgt.unicamp) pra se informar de tuuudo, n\u00e3o perder nenhuma data importante e ainda acompanhar a divulga\u00e7\u00e3o dos trabalhos que ser\u00e3o apresentados! ATEN\u00c7\u00c3O \u00c0S DATAS:Inscri\u00e7\u00f5es para participantes e ouvintes: de 27\/08 \u00e0 10\/09Envios dos resumos, v\u00eddeos e p\u00f4steres: 10\/09 \u00e0 24\/09 Esse ano vamos manter o mesmo <a href=\"https:\/\/wordpress.ft.unicamp.br\/workshoppos\/edicoes-anteriores\/edicao-2021\/\" rel=\"nofollow\"><span class=\"sr-only\">Leia mais sobreEdi\u00e7\u00e3o 2021<\/span>[&hellip;]<\/a><\/p>\n","protected":false},"author":24,"featured_media":0,"parent":57,"menu_order":60,"comment_status":"closed","ping_status":"closed","template":"","meta":{"footnotes":""},"class_list":["post-536","page","type-page","status-publish","hentry"],"yoast_head":"<!-- This site is optimized with the Yoast SEO plugin v27.3 - https:\/\/yoast.com\/product\/yoast-seo-wordpress\/ -->\n<title>Edi\u00e7\u00e3o 2021 - WORKSHOP DA P\u00d3S-GRADUA\u00c7\u00c3O EM TECNOLOGIA<\/title>\n<meta name=\"robots\" content=\"index, follow, max-snippet:-1, max-image-preview:large, max-video-preview:-1\" \/>\n<link rel=\"canonical\" href=\"https:\/\/wordpress.ft.unicamp.br\/workshoppos\/edicoes-anteriores\/edicao-2021\/\" \/>\n<meta property=\"og:locale\" content=\"pt_BR\" \/>\n<meta property=\"og:type\" content=\"article\" \/>\n<meta property=\"og:title\" content=\"Edi\u00e7\u00e3o 2021 - WORKSHOP DA P\u00d3S-GRADUA\u00c7\u00c3O EM TECNOLOGIA\" \/>\n<meta property=\"og:description\" content=\"Enquanto isso, acompanhe as nossas redes sociais (@workshoppgt e @ppgt.unicamp) pra se informar de tuuudo, n\u00e3o perder nenhuma data importante e ainda acompanhar a divulga\u00e7\u00e3o dos trabalhos que ser\u00e3o apresentados! ATEN\u00c7\u00c3O \u00c0S DATAS:Inscri\u00e7\u00f5es para participantes e ouvintes: de 27\/08 \u00e0 10\/09Envios dos resumos, v\u00eddeos e p\u00f4steres: 10\/09 \u00e0 24\/09 Esse ano vamos manter o mesmo Leia mais sobreEdi\u00e7\u00e3o 2021[&hellip;]\" \/>\n<meta property=\"og:url\" content=\"https:\/\/wordpress.ft.unicamp.br\/workshoppos\/edicoes-anteriores\/edicao-2021\/\" \/>\n<meta property=\"og:site_name\" content=\"WORKSHOP DA P\u00d3S-GRADUA\u00c7\u00c3O EM TECNOLOGIA\" \/>\n<meta property=\"article:modified_time\" content=\"2024-06-28T18:07:00+00:00\" \/>\n<meta name=\"twitter:card\" content=\"summary_large_image\" \/>\n<meta name=\"twitter:label1\" content=\"Est. tempo de leitura\" \/>\n\t<meta name=\"twitter:data1\" content=\"1 minuto\" \/>\n<script type=\"application\/ld+json\" class=\"yoast-schema-graph\">{\"@context\":\"https:\\\/\\\/schema.org\",\"@graph\":[{\"@type\":\"WebPage\",\"@id\":\"https:\\\/\\\/wordpress.ft.unicamp.br\\\/workshoppos\\\/edicoes-anteriores\\\/edicao-2021\\\/\",\"url\":\"https:\\\/\\\/wordpress.ft.unicamp.br\\\/workshoppos\\\/edicoes-anteriores\\\/edicao-2021\\\/\",\"name\":\"Edi\u00e7\u00e3o 2021 - WORKSHOP DA P\u00d3S-GRADUA\u00c7\u00c3O EM TECNOLOGIA\",\"isPartOf\":{\"@id\":\"https:\\\/\\\/wordpress.ft.unicamp.br\\\/workshoppos\\\/#website\"},\"datePublished\":\"2021-08-13T19:14:53+00:00\",\"dateModified\":\"2024-06-28T18:07:00+00:00\",\"breadcrumb\":{\"@id\":\"https:\\\/\\\/wordpress.ft.unicamp.br\\\/workshoppos\\\/edicoes-anteriores\\\/edicao-2021\\\/#breadcrumb\"},\"inLanguage\":\"pt-BR\",\"potentialAction\":[{\"@type\":\"ReadAction\",\"target\":[\"https:\\\/\\\/wordpress.ft.unicamp.br\\\/workshoppos\\\/edicoes-anteriores\\\/edicao-2021\\\/\"]}]},{\"@type\":\"BreadcrumbList\",\"@id\":\"https:\\\/\\\/wordpress.ft.unicamp.br\\\/workshoppos\\\/edicoes-anteriores\\\/edicao-2021\\\/#breadcrumb\",\"itemListElement\":[{\"@type\":\"ListItem\",\"position\":1,\"name\":\"Home\",\"item\":\"https:\\\/\\\/wordpress.ft.unicamp.br\\\/workshoppos\\\/\"},{\"@type\":\"ListItem\",\"position\":2,\"name\":\"Edi\u00e7\u00f5es Anteriores\",\"item\":\"https:\\\/\\\/wordpress.ft.unicamp.br\\\/workshoppos\\\/edicoes-anteriores\\\/\"},{\"@type\":\"ListItem\",\"position\":3,\"name\":\"Edi\u00e7\u00e3o 2021\"}]},{\"@type\":\"WebSite\",\"@id\":\"https:\\\/\\\/wordpress.ft.unicamp.br\\\/workshoppos\\\/#website\",\"url\":\"https:\\\/\\\/wordpress.ft.unicamp.br\\\/workshoppos\\\/\",\"name\":\"WORKSHOP DA P\u00d3S-GRADUA\u00c7\u00c3O EM TECNOLOGIA\",\"description\":\"\",\"publisher\":{\"@id\":\"https:\\\/\\\/wordpress.ft.unicamp.br\\\/workshoppos\\\/#organization\"},\"potentialAction\":[{\"@type\":\"SearchAction\",\"target\":{\"@type\":\"EntryPoint\",\"urlTemplate\":\"https:\\\/\\\/wordpress.ft.unicamp.br\\\/workshoppos\\\/?s={search_term_string}\"},\"query-input\":{\"@type\":\"PropertyValueSpecification\",\"valueRequired\":true,\"valueName\":\"search_term_string\"}}],\"inLanguage\":\"pt-BR\"},{\"@type\":\"Organization\",\"@id\":\"https:\\\/\\\/wordpress.ft.unicamp.br\\\/workshoppos\\\/#organization\",\"name\":\"WORKSHOP DA P\u00d3S-GRADUA\u00c7\u00c3O EM TECNOLOGIA\",\"url\":\"https:\\\/\\\/wordpress.ft.unicamp.br\\\/workshoppos\\\/\",\"logo\":{\"@type\":\"ImageObject\",\"inLanguage\":\"pt-BR\",\"@id\":\"https:\\\/\\\/wordpress.ft.unicamp.br\\\/workshoppos\\\/#\\\/schema\\\/logo\\\/image\\\/\",\"url\":\"https:\\\/\\\/wordpress.ft.unicamp.br\\\/workshoppos\\\/wp-content\\\/uploads\\\/sites\\\/34\\\/2024\\\/06\\\/cropped-ppgt_logo-1.png\",\"contentUrl\":\"https:\\\/\\\/wordpress.ft.unicamp.br\\\/workshoppos\\\/wp-content\\\/uploads\\\/sites\\\/34\\\/2024\\\/06\\\/cropped-ppgt_logo-1.png\",\"width\":1200,\"height\":682,\"caption\":\"WORKSHOP DA P\u00d3S-GRADUA\u00c7\u00c3O EM TECNOLOGIA\"},\"image\":{\"@id\":\"https:\\\/\\\/wordpress.ft.unicamp.br\\\/workshoppos\\\/#\\\/schema\\\/logo\\\/image\\\/\"}}]}<\/script>\n<!-- \/ Yoast SEO plugin. -->","yoast_head_json":{"title":"Edi\u00e7\u00e3o 2021 - WORKSHOP DA P\u00d3S-GRADUA\u00c7\u00c3O EM TECNOLOGIA","robots":{"index":"index","follow":"follow","max-snippet":"max-snippet:-1","max-image-preview":"max-image-preview:large","max-video-preview":"max-video-preview:-1"},"canonical":"https:\/\/wordpress.ft.unicamp.br\/workshoppos\/edicoes-anteriores\/edicao-2021\/","og_locale":"pt_BR","og_type":"article","og_title":"Edi\u00e7\u00e3o 2021 - WORKSHOP DA P\u00d3S-GRADUA\u00c7\u00c3O EM TECNOLOGIA","og_description":"Enquanto isso, acompanhe as nossas redes sociais (@workshoppgt e @ppgt.unicamp) pra se informar de tuuudo, n\u00e3o perder nenhuma data importante e ainda acompanhar a divulga\u00e7\u00e3o dos trabalhos que ser\u00e3o apresentados! ATEN\u00c7\u00c3O \u00c0S DATAS:Inscri\u00e7\u00f5es para participantes e ouvintes: de 27\/08 \u00e0 10\/09Envios dos resumos, v\u00eddeos e p\u00f4steres: 10\/09 \u00e0 24\/09 Esse ano vamos manter o mesmo Leia mais sobreEdi\u00e7\u00e3o 2021[&hellip;]","og_url":"https:\/\/wordpress.ft.unicamp.br\/workshoppos\/edicoes-anteriores\/edicao-2021\/","og_site_name":"WORKSHOP DA P\u00d3S-GRADUA\u00c7\u00c3O EM TECNOLOGIA","article_modified_time":"2024-06-28T18:07:00+00:00","twitter_card":"summary_large_image","twitter_misc":{"Est. tempo de leitura":"1 minuto"},"schema":{"@context":"https:\/\/schema.org","@graph":[{"@type":"WebPage","@id":"https:\/\/wordpress.ft.unicamp.br\/workshoppos\/edicoes-anteriores\/edicao-2021\/","url":"https:\/\/wordpress.ft.unicamp.br\/workshoppos\/edicoes-anteriores\/edicao-2021\/","name":"Edi\u00e7\u00e3o 2021 - WORKSHOP DA P\u00d3S-GRADUA\u00c7\u00c3O EM TECNOLOGIA","isPartOf":{"@id":"https:\/\/wordpress.ft.unicamp.br\/workshoppos\/#website"},"datePublished":"2021-08-13T19:14:53+00:00","dateModified":"2024-06-28T18:07:00+00:00","breadcrumb":{"@id":"https:\/\/wordpress.ft.unicamp.br\/workshoppos\/edicoes-anteriores\/edicao-2021\/#breadcrumb"},"inLanguage":"pt-BR","potentialAction":[{"@type":"ReadAction","target":["https:\/\/wordpress.ft.unicamp.br\/workshoppos\/edicoes-anteriores\/edicao-2021\/"]}]},{"@type":"BreadcrumbList","@id":"https:\/\/wordpress.ft.unicamp.br\/workshoppos\/edicoes-anteriores\/edicao-2021\/#breadcrumb","itemListElement":[{"@type":"ListItem","position":1,"name":"Home","item":"https:\/\/wordpress.ft.unicamp.br\/workshoppos\/"},{"@type":"ListItem","position":2,"name":"Edi\u00e7\u00f5es Anteriores","item":"https:\/\/wordpress.ft.unicamp.br\/workshoppos\/edicoes-anteriores\/"},{"@type":"ListItem","position":3,"name":"Edi\u00e7\u00e3o 2021"}]},{"@type":"WebSite","@id":"https:\/\/wordpress.ft.unicamp.br\/workshoppos\/#website","url":"https:\/\/wordpress.ft.unicamp.br\/workshoppos\/","name":"WORKSHOP DA P\u00d3S-GRADUA\u00c7\u00c3O EM TECNOLOGIA","description":"","publisher":{"@id":"https:\/\/wordpress.ft.unicamp.br\/workshoppos\/#organization"},"potentialAction":[{"@type":"SearchAction","target":{"@type":"EntryPoint","urlTemplate":"https:\/\/wordpress.ft.unicamp.br\/workshoppos\/?s={search_term_string}"},"query-input":{"@type":"PropertyValueSpecification","valueRequired":true,"valueName":"search_term_string"}}],"inLanguage":"pt-BR"},{"@type":"Organization","@id":"https:\/\/wordpress.ft.unicamp.br\/workshoppos\/#organization","name":"WORKSHOP DA P\u00d3S-GRADUA\u00c7\u00c3O EM TECNOLOGIA","url":"https:\/\/wordpress.ft.unicamp.br\/workshoppos\/","logo":{"@type":"ImageObject","inLanguage":"pt-BR","@id":"https:\/\/wordpress.ft.unicamp.br\/workshoppos\/#\/schema\/logo\/image\/","url":"https:\/\/wordpress.ft.unicamp.br\/workshoppos\/wp-content\/uploads\/sites\/34\/2024\/06\/cropped-ppgt_logo-1.png","contentUrl":"https:\/\/wordpress.ft.unicamp.br\/workshoppos\/wp-content\/uploads\/sites\/34\/2024\/06\/cropped-ppgt_logo-1.png","width":1200,"height":682,"caption":"WORKSHOP DA P\u00d3S-GRADUA\u00c7\u00c3O EM TECNOLOGIA"},"image":{"@id":"https:\/\/wordpress.ft.unicamp.br\/workshoppos\/#\/schema\/logo\/image\/"}}]}},"_links":{"self":[{"href":"https:\/\/wordpress.ft.unicamp.br\/workshoppos\/wp-json\/wp\/v2\/pages\/536","targetHints":{"allow":["GET"]}}],"collection":[{"href":"https:\/\/wordpress.ft.unicamp.br\/workshoppos\/wp-json\/wp\/v2\/pages"}],"about":[{"href":"https:\/\/wordpress.ft.unicamp.br\/workshoppos\/wp-json\/wp\/v2\/types\/page"}],"author":[{"embeddable":true,"href":"https:\/\/wordpress.ft.unicamp.br\/workshoppos\/wp-json\/wp\/v2\/users\/24"}],"replies":[{"embeddable":true,"href":"https:\/\/wordpress.ft.unicamp.br\/workshoppos\/wp-json\/wp\/v2\/comments?post=536"}],"version-history":[{"count":3,"href":"https:\/\/wordpress.ft.unicamp.br\/workshoppos\/wp-json\/wp\/v2\/pages\/536\/revisions"}],"predecessor-version":[{"id":576,"href":"https:\/\/wordpress.ft.unicamp.br\/workshoppos\/wp-json\/wp\/v2\/pages\/536\/revisions\/576"}],"up":[{"embeddable":true,"href":"https:\/\/wordpress.ft.unicamp.br\/workshoppos\/wp-json\/wp\/v2\/pages\/57"}],"wp:attachment":[{"href":"https:\/\/wordpress.ft.unicamp.br\/workshoppos\/wp-json\/wp\/v2\/media?parent=536"}],"curies":[{"name":"wp","href":"https:\/\/api.w.org\/{rel}","templated":true}]}}