{"id":57,"date":"2017-08-29T16:21:28","date_gmt":"2017-08-29T16:21:28","guid":{"rendered":"http:\/\/wordpress.ft.unicamp.br\/workshoppos\/?page_id=57"},"modified":"2019-09-13T15:42:44","modified_gmt":"2019-09-13T15:42:44","slug":"edicoes-anteriores","status":"publish","type":"page","link":"https:\/\/wordpress.ft.unicamp.br\/workshoppos\/edicoes-anteriores\/","title":{"rendered":"Edi\u00e7\u00f5es Anteriores"},"content":{"rendered":"<p>Nas duas \u00faltimas edi\u00e7\u00f5es, o Workshop contou com a publica\u00e7\u00e3o dos resumos dos trabalhos apresentados em um anais eletr\u00f4nico (ISSN 2527-256X) e, na \u00faltima edi\u00e7\u00e3o, apresenta\u00e7\u00f5es orais foram inclu\u00eddas na programa\u00e7\u00e3o<\/p>\n<p class=\"rtejustify\"><strong>Periodicidade da publica\u00e7\u00e3o<\/strong><\/p>\n<p class=\"rtejustify\">Anual<\/p>\n<p><strong>Idiomas aceitos<\/strong><\/p>\n<p>Portugu\u00eas, Ingl\u00eas e Espanhol<\/p>\n<p class=\"rtejustify\"><strong>Autor\u00a0corporativo respons\u00e1vel pela publica\u00e7\u00e3o<\/strong><\/p>\n<p>Universidade Estadual de Campinas (UNICAMP)<\/p>\n<p class=\"rtejustify\">Faculdade de Tecnologia<\/p>\n<p class=\"rtejustify\">Paschoal Marmo, 1888 \u2013 Jd. Nova It\u00e1lia<br \/>\nCEP: 13484-332 \u2013 Limeira, SP<\/p>\n<p class=\"rtejustify\">Telefone: (19) 2113-3344<\/p>\n<p class=\"rtejustify\">E-mail:\u00a0<a href=\"mailto:posgrad@ft.unicamp.br\" data-slimstat=\"5\">posgrad@ft.unicamp.br<\/a><\/p>\n","protected":false},"excerpt":{"rendered":"<p>Nas duas \u00faltimas edi\u00e7\u00f5es, o Workshop contou com a publica\u00e7\u00e3o dos resumos dos trabalhos apresentados em um anais eletr\u00f4nico (ISSN 2527-256X) e, na \u00faltima edi\u00e7\u00e3o, apresenta\u00e7\u00f5es orais foram inclu\u00eddas na programa\u00e7\u00e3o Periodicidade da publica\u00e7\u00e3o Anual Idiomas aceitos Portugu\u00eas, Ingl\u00eas e Espanhol Autor\u00a0corporativo respons\u00e1vel pela publica\u00e7\u00e3o Universidade Estadual de Campinas (UNICAMP) Faculdade de Tecnologia Paschoal Marmo, <a href=\"https:\/\/wordpress.ft.unicamp.br\/workshoppos\/edicoes-anteriores\/\" rel=\"nofollow\"><span class=\"sr-only\">Leia mais sobreEdi\u00e7\u00f5es Anteriores<\/span>[&hellip;]<\/a><\/p>\n","protected":false},"author":24,"featured_media":0,"parent":0,"menu_order":0,"comment_status":"closed","ping_status":"closed","template":"","meta":{"footnotes":""},"class_list":["post-57","page","type-page","status-publish","hentry"],"yoast_head":"<!-- This site is optimized with the Yoast SEO plugin v27.5 - https:\/\/yoast.com\/product\/yoast-seo-wordpress\/ -->\n<title>Edi\u00e7\u00f5es Anteriores - WORKSHOP DA P\u00d3S-GRADUA\u00c7\u00c3O EM TECNOLOGIA<\/title>\n<meta name=\"robots\" content=\"index, follow, max-snippet:-1, max-image-preview:large, max-video-preview:-1\" \/>\n<link rel=\"canonical\" href=\"https:\/\/wordpress.ft.unicamp.br\/workshoppos\/edicoes-anteriores\/\" \/>\n<meta property=\"og:locale\" content=\"pt_BR\" \/>\n<meta property=\"og:type\" content=\"article\" \/>\n<meta property=\"og:title\" content=\"Edi\u00e7\u00f5es Anteriores - WORKSHOP DA P\u00d3S-GRADUA\u00c7\u00c3O EM TECNOLOGIA\" \/>\n<meta property=\"og:description\" content=\"Nas duas \u00faltimas edi\u00e7\u00f5es, o Workshop contou com a publica\u00e7\u00e3o dos resumos dos trabalhos apresentados em um anais eletr\u00f4nico (ISSN 2527-256X) e, na \u00faltima edi\u00e7\u00e3o, apresenta\u00e7\u00f5es orais foram inclu\u00eddas na programa\u00e7\u00e3o Periodicidade da publica\u00e7\u00e3o Anual Idiomas aceitos Portugu\u00eas, Ingl\u00eas e Espanhol Autor\u00a0corporativo respons\u00e1vel pela publica\u00e7\u00e3o Universidade Estadual de Campinas (UNICAMP) Faculdade de Tecnologia Paschoal Marmo, Leia mais sobreEdi\u00e7\u00f5es Anteriores[&hellip;]\" \/>\n<meta property=\"og:url\" content=\"https:\/\/wordpress.ft.unicamp.br\/workshoppos\/edicoes-anteriores\/\" \/>\n<meta property=\"og:site_name\" content=\"WORKSHOP DA P\u00d3S-GRADUA\u00c7\u00c3O EM TECNOLOGIA\" \/>\n<meta property=\"article:modified_time\" content=\"2019-09-13T15:42:44+00:00\" \/>\n<meta name=\"twitter:card\" content=\"summary_large_image\" \/>\n<script type=\"application\/ld+json\" class=\"yoast-schema-graph\">{\"@context\":\"https:\\\/\\\/schema.org\",\"@graph\":[{\"@type\":\"WebPage\",\"@id\":\"https:\\\/\\\/wordpress.ft.unicamp.br\\\/workshoppos\\\/edicoes-anteriores\\\/\",\"url\":\"https:\\\/\\\/wordpress.ft.unicamp.br\\\/workshoppos\\\/edicoes-anteriores\\\/\",\"name\":\"Edi\u00e7\u00f5es Anteriores - WORKSHOP DA P\u00d3S-GRADUA\u00c7\u00c3O EM TECNOLOGIA\",\"isPartOf\":{\"@id\":\"https:\\\/\\\/wordpress.ft.unicamp.br\\\/workshoppos\\\/#website\"},\"datePublished\":\"2017-08-29T16:21:28+00:00\",\"dateModified\":\"2019-09-13T15:42:44+00:00\",\"breadcrumb\":{\"@id\":\"https:\\\/\\\/wordpress.ft.unicamp.br\\\/workshoppos\\\/edicoes-anteriores\\\/#breadcrumb\"},\"inLanguage\":\"pt-BR\",\"potentialAction\":[{\"@type\":\"ReadAction\",\"target\":[\"https:\\\/\\\/wordpress.ft.unicamp.br\\\/workshoppos\\\/edicoes-anteriores\\\/\"]}]},{\"@type\":\"BreadcrumbList\",\"@id\":\"https:\\\/\\\/wordpress.ft.unicamp.br\\\/workshoppos\\\/edicoes-anteriores\\\/#breadcrumb\",\"itemListElement\":[{\"@type\":\"ListItem\",\"position\":1,\"name\":\"Home\",\"item\":\"https:\\\/\\\/wordpress.ft.unicamp.br\\\/workshoppos\\\/\"},{\"@type\":\"ListItem\",\"position\":2,\"name\":\"Edi\u00e7\u00f5es Anteriores\"}]},{\"@type\":\"WebSite\",\"@id\":\"https:\\\/\\\/wordpress.ft.unicamp.br\\\/workshoppos\\\/#website\",\"url\":\"https:\\\/\\\/wordpress.ft.unicamp.br\\\/workshoppos\\\/\",\"name\":\"WORKSHOP DA P\u00d3S-GRADUA\u00c7\u00c3O EM TECNOLOGIA\",\"description\":\"\",\"publisher\":{\"@id\":\"https:\\\/\\\/wordpress.ft.unicamp.br\\\/workshoppos\\\/#organization\"},\"potentialAction\":[{\"@type\":\"SearchAction\",\"target\":{\"@type\":\"EntryPoint\",\"urlTemplate\":\"https:\\\/\\\/wordpress.ft.unicamp.br\\\/workshoppos\\\/?s={search_term_string}\"},\"query-input\":{\"@type\":\"PropertyValueSpecification\",\"valueRequired\":true,\"valueName\":\"search_term_string\"}}],\"inLanguage\":\"pt-BR\"},{\"@type\":\"Organization\",\"@id\":\"https:\\\/\\\/wordpress.ft.unicamp.br\\\/workshoppos\\\/#organization\",\"name\":\"WORKSHOP DA P\u00d3S-GRADUA\u00c7\u00c3O EM TECNOLOGIA\",\"url\":\"https:\\\/\\\/wordpress.ft.unicamp.br\\\/workshoppos\\\/\",\"logo\":{\"@type\":\"ImageObject\",\"inLanguage\":\"pt-BR\",\"@id\":\"https:\\\/\\\/wordpress.ft.unicamp.br\\\/workshoppos\\\/#\\\/schema\\\/logo\\\/image\\\/\",\"url\":\"https:\\\/\\\/wordpress.ft.unicamp.br\\\/workshoppos\\\/wp-content\\\/uploads\\\/sites\\\/34\\\/2024\\\/06\\\/cropped-ppgt_logo-1.png\",\"contentUrl\":\"https:\\\/\\\/wordpress.ft.unicamp.br\\\/workshoppos\\\/wp-content\\\/uploads\\\/sites\\\/34\\\/2024\\\/06\\\/cropped-ppgt_logo-1.png\",\"width\":1200,\"height\":682,\"caption\":\"WORKSHOP DA P\u00d3S-GRADUA\u00c7\u00c3O EM TECNOLOGIA\"},\"image\":{\"@id\":\"https:\\\/\\\/wordpress.ft.unicamp.br\\\/workshoppos\\\/#\\\/schema\\\/logo\\\/image\\\/\"}}]}<\/script>\n<!-- \/ Yoast SEO plugin. -->","yoast_head_json":{"title":"Edi\u00e7\u00f5es Anteriores - WORKSHOP DA P\u00d3S-GRADUA\u00c7\u00c3O EM TECNOLOGIA","robots":{"index":"index","follow":"follow","max-snippet":"max-snippet:-1","max-image-preview":"max-image-preview:large","max-video-preview":"max-video-preview:-1"},"canonical":"https:\/\/wordpress.ft.unicamp.br\/workshoppos\/edicoes-anteriores\/","og_locale":"pt_BR","og_type":"article","og_title":"Edi\u00e7\u00f5es Anteriores - WORKSHOP DA P\u00d3S-GRADUA\u00c7\u00c3O EM TECNOLOGIA","og_description":"Nas duas \u00faltimas edi\u00e7\u00f5es, o Workshop contou com a publica\u00e7\u00e3o dos resumos dos trabalhos apresentados em um anais eletr\u00f4nico (ISSN 2527-256X) e, na \u00faltima edi\u00e7\u00e3o, apresenta\u00e7\u00f5es orais foram inclu\u00eddas na programa\u00e7\u00e3o Periodicidade da publica\u00e7\u00e3o Anual Idiomas aceitos Portugu\u00eas, Ingl\u00eas e Espanhol Autor\u00a0corporativo respons\u00e1vel pela publica\u00e7\u00e3o Universidade Estadual de Campinas (UNICAMP) Faculdade de Tecnologia Paschoal Marmo, Leia mais sobreEdi\u00e7\u00f5es Anteriores[&hellip;]","og_url":"https:\/\/wordpress.ft.unicamp.br\/workshoppos\/edicoes-anteriores\/","og_site_name":"WORKSHOP DA P\u00d3S-GRADUA\u00c7\u00c3O EM TECNOLOGIA","article_modified_time":"2019-09-13T15:42:44+00:00","twitter_card":"summary_large_image","schema":{"@context":"https:\/\/schema.org","@graph":[{"@type":"WebPage","@id":"https:\/\/wordpress.ft.unicamp.br\/workshoppos\/edicoes-anteriores\/","url":"https:\/\/wordpress.ft.unicamp.br\/workshoppos\/edicoes-anteriores\/","name":"Edi\u00e7\u00f5es Anteriores - WORKSHOP DA P\u00d3S-GRADUA\u00c7\u00c3O EM TECNOLOGIA","isPartOf":{"@id":"https:\/\/wordpress.ft.unicamp.br\/workshoppos\/#website"},"datePublished":"2017-08-29T16:21:28+00:00","dateModified":"2019-09-13T15:42:44+00:00","breadcrumb":{"@id":"https:\/\/wordpress.ft.unicamp.br\/workshoppos\/edicoes-anteriores\/#breadcrumb"},"inLanguage":"pt-BR","potentialAction":[{"@type":"ReadAction","target":["https:\/\/wordpress.ft.unicamp.br\/workshoppos\/edicoes-anteriores\/"]}]},{"@type":"BreadcrumbList","@id":"https:\/\/wordpress.ft.unicamp.br\/workshoppos\/edicoes-anteriores\/#breadcrumb","itemListElement":[{"@type":"ListItem","position":1,"name":"Home","item":"https:\/\/wordpress.ft.unicamp.br\/workshoppos\/"},{"@type":"ListItem","position":2,"name":"Edi\u00e7\u00f5es Anteriores"}]},{"@type":"WebSite","@id":"https:\/\/wordpress.ft.unicamp.br\/workshoppos\/#website","url":"https:\/\/wordpress.ft.unicamp.br\/workshoppos\/","name":"WORKSHOP DA P\u00d3S-GRADUA\u00c7\u00c3O EM TECNOLOGIA","description":"","publisher":{"@id":"https:\/\/wordpress.ft.unicamp.br\/workshoppos\/#organization"},"potentialAction":[{"@type":"SearchAction","target":{"@type":"EntryPoint","urlTemplate":"https:\/\/wordpress.ft.unicamp.br\/workshoppos\/?s={search_term_string}"},"query-input":{"@type":"PropertyValueSpecification","valueRequired":true,"valueName":"search_term_string"}}],"inLanguage":"pt-BR"},{"@type":"Organization","@id":"https:\/\/wordpress.ft.unicamp.br\/workshoppos\/#organization","name":"WORKSHOP DA P\u00d3S-GRADUA\u00c7\u00c3O EM TECNOLOGIA","url":"https:\/\/wordpress.ft.unicamp.br\/workshoppos\/","logo":{"@type":"ImageObject","inLanguage":"pt-BR","@id":"https:\/\/wordpress.ft.unicamp.br\/workshoppos\/#\/schema\/logo\/image\/","url":"https:\/\/wordpress.ft.unicamp.br\/workshoppos\/wp-content\/uploads\/sites\/34\/2024\/06\/cropped-ppgt_logo-1.png","contentUrl":"https:\/\/wordpress.ft.unicamp.br\/workshoppos\/wp-content\/uploads\/sites\/34\/2024\/06\/cropped-ppgt_logo-1.png","width":1200,"height":682,"caption":"WORKSHOP DA P\u00d3S-GRADUA\u00c7\u00c3O EM TECNOLOGIA"},"image":{"@id":"https:\/\/wordpress.ft.unicamp.br\/workshoppos\/#\/schema\/logo\/image\/"}}]}},"_links":{"self":[{"href":"https:\/\/wordpress.ft.unicamp.br\/workshoppos\/wp-json\/wp\/v2\/pages\/57","targetHints":{"allow":["GET"]}}],"collection":[{"href":"https:\/\/wordpress.ft.unicamp.br\/workshoppos\/wp-json\/wp\/v2\/pages"}],"about":[{"href":"https:\/\/wordpress.ft.unicamp.br\/workshoppos\/wp-json\/wp\/v2\/types\/page"}],"author":[{"embeddable":true,"href":"https:\/\/wordpress.ft.unicamp.br\/workshoppos\/wp-json\/wp\/v2\/users\/24"}],"replies":[{"embeddable":true,"href":"https:\/\/wordpress.ft.unicamp.br\/workshoppos\/wp-json\/wp\/v2\/comments?post=57"}],"version-history":[{"count":5,"href":"https:\/\/wordpress.ft.unicamp.br\/workshoppos\/wp-json\/wp\/v2\/pages\/57\/revisions"}],"predecessor-version":[{"id":474,"href":"https:\/\/wordpress.ft.unicamp.br\/workshoppos\/wp-json\/wp\/v2\/pages\/57\/revisions\/474"}],"wp:attachment":[{"href":"https:\/\/wordpress.ft.unicamp.br\/workshoppos\/wp-json\/wp\/v2\/media?parent=57"}],"curies":[{"name":"wp","href":"https:\/\/api.w.org\/{rel}","templated":true}]}}